{"id":16350,"date":"2018-01-03T11:56:03","date_gmt":"2018-01-03T13:56:03","guid":{"rendered":"http:\/\/35.194.95.18\/wp-admin\/?post_type=product&#038;p=16350"},"modified":"2025-02-07T16:00:09","modified_gmt":"2025-02-07T19:00:09","slug":"zoovit-b12","status":"publish","type":"product","link":"https:\/\/vetsul.com\/index.php\/product\/zoovit-b12\/","title":{"rendered":"Zoovit B12"},"content":{"rendered":"<p>VITAMINA B12<\/p>\n<p>USO VETERIN\u00c1RIO<\/p>\n<p>SOLU\u00c7\u00c3O INJET\u00c1VEL<\/p>\n<p>F\u00d3RMULA:<\/p>\n<p>Cada 100mL cont\u00e9m:<\/p>\n<p>Cianocobalamina (Vit B12) 20.000mcg &#8230;&#8230;&#8230;&#8230;&#8230;&#8230;&#8230;&#8230;&#8230;&#8230;&#8230;&#8230;&#8230;&#8230;&#8230;&#8230;&#8230;&#8230;&#8230;&#8230;&#8230;&#8230;&#8230;&#8230;&#8230;&#8230;&#8230;&#8230;&#8230; 0,20g<\/p>\n<p>Ve\u00edculo q.s.p &#8230;&#8230;&#8230;&#8230;&#8230;&#8230;&#8230;&#8230;&#8230;&#8230;&#8230;&#8230;&#8230;&#8230;&#8230;&#8230;&#8230;&#8230;&#8230;&#8230;&#8230;&#8230;&#8230;&#8230;&#8230;&#8230;&#8230;&#8230;&#8230;&#8230;&#8230;&#8230;&#8230;&#8230;&#8230;&#8230;&#8230;&#8230;&#8230;&#8230;&#8230;&#8230;&#8230;&#8230;. 100,0mL<\/p>\n<p>\u201cO PRODUTO N\u00c3O REQUER PER\u00cdODO DE CAR\u00caNCIA PARA O ABATE DE BOVINOS,<\/p>\n<p>EQUINOS, OVINOS, CAPRINOS E SU\u00cdNOS TRATADOS. \u201d<\/p>\n<p>\u201cO PRODUTO N\u00c3O REQUER PER\u00cdODO DE CAR\u00caNCIA PARA O CONSUMO DE LEITE DOS<\/p>\n<p>BOVINOS, OVINOS E CAPRINOS TRATADOS.\u201d<\/p>\n<p>A vitamina B12 participa de quase todos os processos metab\u00f3licos do organismo<\/p>\n<p>animal, sendo essencial onde ocorre s\u00edntese proteica ou de \u00e1cidos nucl\u00e9icos para o<\/p>\n<p>desenvolvimento do sistema hematopoi\u00e9tico (Sistema Circulat\u00f3rio).<\/p>\n<p>INDICA\u00c7\u00d5ES:<\/p>\n<p>ZOOVIT B12 destina-se a Bovinos, Equinos, Ovinos, Caprinos e Su\u00ednos,<\/p>\n<p>acometidos de anemia megalobl\u00e1stica, avitaminose do complexo B, insufici\u00eancia<\/p>\n<p>hep\u00e1tica e anorexia (falta de apetite). Medica\u00e7\u00e3o coadjuvante no tratamento de<\/p>\n<p>nevralgias, artrites e neuropatias.<\/p>\n<p>Animais de corrida, salto ou de tra\u00e7\u00e3o, que trabalham sob condi\u00e7\u00f5es de \u201cstress\u201d,<\/p>\n<p>decorrentes da hiperatividade muscular, respondem bem ao tratamento com ZOOVIT<\/p>\n<p>B12.<\/p>\n<p>MODO DE USAR E POSOLOGIA:<\/p>\n<p>Administrar diariamente, por via subcut\u00e2nea ou intramuscular, nas seguintes<\/p>\n<p>dosagens:<\/p>\n<p><img decoding=\"async\" style=\"width: 364px;\" src=\"data:image\/png;base64,iVBORw0KGgoAAAANSUhEUgAAAWwAAABOCAYAAAAEjCwwAAAgAElEQVR4Ae3dB5heVbU38EMIINKlV6VIR+mBhB56L1KC9EvuB0hRipT7ISIo+FxApFwg1BB6kyKigPTeQWrooBQpSugI5D6\/ZdbcMyfvJPNOZiaTmbOe553Tdl177f9ae+09e0\/29ddfjy5qqjlQcyA4MNlkk8V19Oi6W3S2SCRvpVvzt3nu4l\/\/zz\/\/vPjHP\/7RfOw6Rs2BXsaBb33rW8VUU00Vtfr444+LDz\/8sJfVcOJVZ\/rppy+mmWaalgJ88MEHxaefftryXN+MmwMzzjhjMfXUUxf9\/\/WvfxXvvffeuEPXX2sO9HIOsF6mm266FsAGJnW\/6LxGn3LKKVsB9kcffVT885\/\/7LwMenlK3\/zmNwOw+\/XyetbVqzlQc6DmQK\/hQA3YvaYp64rUHKg50Ns5UAN2b2\/hun41B2oO9BoO1IDda5qyrkjNgZoDvZ0D\/SekgiYN3n777UhihhlmKGafffaivHTHxMLf\/va3on\/\/\/sV3vvOdYvLJJ4+wX3\/9dfHmm28Wvs8xxxyFuFaq\/P3vf4+JiXnmmSdmkF977bUIL968887bMiH05ZdfFq+88krx1VdfxfdMIx6Koiin793cc89dTDvttPk5lhS98cYbkf8ss8xSzDzzzPHNipkXX3yxePnll4tPPvmkMLO94IILRtnVoaaaA1UOpNx6P64+UI7Xr1+\/CGtVCtnOPmOS89133w0511+SyPurr75auKYsv\/\/++8U777xTmMybf\/75M2hchfvrX\/9akOe26Bvf+Ebx7W9\/Oz4L99JLL0Wf0ifJ\/UILLRTfy3JvKZ7J2JEjR0ZY+cw000zFwgsvHOVSr64iq0reeuutQrnnm2++Fp7p63j2\/PPPx3dlmGuuuYpFF1006oG36od\/CLaYwCuT+Hgv7TnnnLOAO4kt5XDu8QMWuUrziy++iDgmrLMdR40aFfhmVYyyKBPewbfnnnsurtrdt8UWWyzKWc2nrecOo5AK3XDDDcWtt94aaWvgfffdNyqdmQG+k08+OYRq9913L5Zeeun4JO4111xTPPbYY8Wuu+5arLzyysXDDz9cXHbZZcWSSy4Z6QD0448\/PsJbarXXXntF5bzQcCeddFLx2WefxfdMIx6KosCwYcOGBdMwcdNNNy023HDDFoZi3tVXX108\/vjjxZZbblmsv\/76AdCXXnpp8cADD0QDCyOupTSrrbZasdVWW0UjZR71teYAOf79739f3HXXXdEhF1hggeLAAw9sJScMgFNPPbUVs3Rg4ADott5664LRQNYefPDB4qqrrgpAOPzww1viANEzzzyzANJ777138b3vfa945JFHor8AmCOPPLIlrBv9YsSIEcXrr7\/e6n35gSFy8MEHB+iT+6eeemosuV9hhRVC7oERopyGDx9ePPPMM4XVZUhdGEMbbbRRMXjw4BajLD524h\/lO\/\/884M3hxxySOSD\/\/fcc09gCePRMwKmjDi8hSdA\/ayzziqA\/vbbb1+svvrqLSXz7Yorrgh+eg8LTjvttDaXdFLK2tgyu3POOScM1pVWWqnYcccdiymmmCLSffbZZyM\/ee+5557RtrDmoosuijbMcgJtCnjo0KGhSFoKNY6bDqtEQqQQMldpGpo1XSagp2Gtab322mvjmt9pZ9\/ERa6evUcZ1zt50aDeIXl551s5jfhYFKH5lEV46RHuBPcMU82f8tDxKAfCN2TIkFAktPNNN90UVkXGra81B3CAYQBIyCBZA85Gbimnwrj3HSADSSDNyiNXAPrss89ukc1qHyhzOWU90x5XWEDAel5kkUXix6IUH9jkO1YiaxlYMZaAzVprrRVyD7ikf8cddxSXX355Sx\/3\/Je\/\/CUUzOabb15st912xfe\/\/\/3oiwywHG2Xy91Z99X64sPTTz9dXHLJJQGC3\/3ud4sf\/OAHoWDUTf8HqKxgytF31vCjjz7agjHKxrp+4YUXoo7qQgElr41ykl95pZSNalBiCKXBcs62yTZPLINVDEQjInngG0PR6IQ1rw3Urz3UIQtbgQgnE59gyBgj\/AzPVLpKGMcaB4bNEEEigLTWBhtsEPeGZN6zfmnNMmHSQw89FA2wyiqrRDzDQ9aGRtNxGpFGw7Rlllmm2GyzzSIfDcd6YNHrnDXVHChzgMzohGSeFcqAAX4Ao0r6CEtKOEaOuEaBZFm\/GThwYDVKh58BFEsyAYRSuP\/++4vlllsuAE3C+gHwZczoR7vsskuAib6rfIbqyieeEaZ+DlykqV+xRKVhdHzllVfGmmpuxO4i\/fz666+PkfGyyy4b5U+3p\/KeccYZAeh\/+tOfCqP7FVdcsbj33nvD3ckaN6pB2sEzS1cd0\/r1DU9mnXXWsarEggf+SeIAXQoZL6uUbjPlA9RcIUh45WMkSqMRblbT6hBgYxbB1HgAbrbZZgthZaVqyGRcZkaAWLi33HJLgbmNmJBhq1cCLn0uEkNCaQN\/71SwCtieDdn4jzScst53333RKbht2gJsHQrRlgRPOWlVwyrUHmZGwPpPn+BA9gFKfvnll48hMgAka5tsskkrtwiGkDtGRv4WX3zxcBHeeeed0Xc6E7DlBVSSUnYZPvJHyk3BqIeh+1JLLRVGim\/ikn8AZjSrXpRS\/qfiH\/7whzBihGEEcQegzCceuvgPnzMcYO2uvfbagQvZt\/ng11hjjVCGDD39WTm5MYAzaxhgA8n0Eqi\/kUj5v1ulV62Td5lPVhFIK8ttt90W+Jfv8wr\/\/AA3dwsXCp4rUxqR2qY9NLYp3I5YTHxDQQVdYoklWpjBEjUZmJo9k9LYGleBr7vuulZaLMO0dVVRQMvCpeFZNBrLxENZKDM+14nvtJgw\/OYYzIoZlwVAA\/N70Zz82KyLww47rDj99NNjeFVtuMyvvvZNDjAeWMfkUx9gkTImyCcZHB+RJ1YdEqe7CVADLwSYq33Jc058cnUoLxAEhlycFM0pp5xSHHrooeEvx48qkHVlneTHCIRB1cUO8tX\/Wa4MOCCsnYAybGJYAmt4xFMA9OFTtY+bGzBnUP7xo4tbJl4DgEuRcbFUyaKGQYMGBX+4asxT\/PKXvyx+9rOfFbfffnsEby\/vmgZsFWbBYoQJD\/44vjGaQkW4I6r+GAzhZqDBDMGeeOKJsUC9Wsl8xkR+P0Rb0vh8b6mZMpwrsJU\/MjEjX8MOs\/E6hcapKpOMz2Lff\/\/9QygJgTrIx0ji2GOPjbgZtr72bQ5kHwB4wI7sADIjMt+4EdqSszLnyLaOCjxRe62schodvSffOa9D3hsBRlrj+pXv\/LcHHHBAjCh809+BId\/2cccdF32sPfXuaJnL8bLsQDnLWf5O4SQ\/8Vf5uYTwnBsEWOeVQQnLqjwwzyCf8o+btEomZ42YGLLcQ1X8kyf822233VrcZcrEwL3wwguLc889d6w41Tzy+f\/GTflmPFcZsUCRxjJ7jXLCwRDDhIThRxJGsCbWWWedmNE1s07jtZe4UGgpDKbBNBLtr2OUidYF6vJTDtY+5hE4V+U2FKk2TAqZPHbaaadi2223DaUE\/AG2BuNrslKlppoD5InhQW50fCsQUPYB37bZZpuxlo+VOSeudFwZFihXY5TDddU9MEsXh36jHOV+4TnnbYTzjBho+gEr2yhbH2SAMYhM2m+xxRYTXOTMK8tULlcmnm5X5TByrvLOe\/xF8EIaRur6OAyBE08++WTgArcupVUlhhplXCVppZL1DSCbSORqMZHcSIHgNyvbz8Q0fLr77rvjXhyr2HLEVc2v\/NwUYGMgq8LsLOJ60NgomZvfTUaUSYHXXHPNEPRxLTcqx8l7jUNQDGVUFtOBeHkYJ3\/l0lAYaklhkm9IAxFCI4Iy0aTAXNr83oZTGpE7BRPNlFdXwJTj1\/d9iwM5WlNrnV8\/SCJ7LC1+3wEDBuTrsa6sUyM+lJOUKc+MC4BQfibDgCBBdqwEm3whbS5AxIWj3yQIeqcOXD5I3\/MdwOg\/fMbmfNSPdclNYGhvEUJnkLzNBciLkWf0gifZj+Wh\/ysvsFZ+wIr3SDiArF97n2DOSGSwWfzgB7vwk0sr45bL712j9+UweQ8zLIqwWobiKhMsgl1G+quuumpgClyBh0b1FAtru0sAW8aGBRI340m7IEzi1+IrZpnyCVcJ403IsMobDS2q4T1jGA1p6CltgkyAvCuTSrOGEdDNNd+eWchmcXUsoF5VJoQhl+YIa3mQ9KWZQE1J1FRzgJxT\/ACMTJLnHHrjjokn1hPLs9wHADQAImuAhKxKB3AmsJMx8k5OpcHnigAnEGOJJ\/hkS0i3OvHuG\/djI0sv48mH31Z5TZj5n4r11lsvLE19gJ9VOfRZfUl\/\/fOf\/xzvpCusshtlJ1BXDaHMq9kr3loBgk\/+AYb7Uz\/Ee6Cn7MrF7anfmhfjx9YeyEj85ptvjvDcIGk9i2eCmAuHaxWpW1uLINStijPitKU011133TD8LJAoEzDm39Z2cDPLyXCFMeQnFz2U4zW6b8rCJhzpDlFxVigmlIllQbvlhEb5m7CYjEmGAe0hlSEghjPulYFfutxJpENoNBRBpcWESdJJADWFQnNnB8nvGtRQhSbUmDQ2wTDcZXXLnzasqeaAeQ2GA2Jd6gNptCR3gK3hcdnyZpUfccQR0V8ADzkGeNY+AyTEj8oPrv8wanLSD6ACTH2n2rG5YfwjR5mka6KM5TguAhwsWOAIUCgRqyeMGqRL7k2osVL1IYYOd6Yfww0AASPhWbu+V\/FgXPm39U0dLRiAJdxNwJh7E59hhzz8Nt5443ivj55wwgkRR5r4BexhgPpl+4gjXemJ4xmgp0uqWp5jjjlmrPqIg98JuuU4cMQ\/2FkJon2TTEgLT0mceOKJLeVMly3\/d46yMk5b16YAm8ah6Vm4FoArfJkIHiYBa4WjBTV2WfPSWBhNgA1n0petssKm75vQeQacyPDNpIf85SFvYYWRhvw8G5pUK6\/BgDQgZuX4KZO4AF5avtN2rAhArXzKIF9DQJ2lppoDrFkWIBkzvE4wSM6wCE1iAXYyCcjIWZnIFdBg9Pil8aEPWCJn4oqspluPfOtvRrRAFGV\/Kaeb99LPcN5lP6xahsIZxus3ltxSMNwEAAzAsKKNEvQPZbRkF3AzegA60BOWYtGngWFnEIxQV5a+\/6HAB\/1UP8zyyEff5E9nYVNyAFBZhRXOfzgnnmS5fMNzdaBwKEhxkrQnpYW\/jUhYfENGRPiRMuAbnKC4jIoyb1drurWrupALJA\/hjejL7RUf2\/gz2ahRo0bTSO0hhUtnuwzKFRWf5eC7qwb23bMKZSUbhROWRvLLsJmXNORVTltawrE6Mi9XcTJ8tT6Znvfie\/aTt1+WS2dkMehwGGq4lKBeTbN+7j0cIDdAKv24FHZOIpZrWZajZvpAOQ33ZI4My7dMKefAM10dOjxwKPeh7C\/luOX77CPe6YPKnX2rHM69PMm7UaorYKdkAGe1fNJhuOkjDBz80kcahS3nY\/RQdisC4kaj8IyjTABbG7CWxWW8qUOV8IKi8VNegMsgy35dDp84IY6w+FSuo+\/jc9dmnMS6shyIL+3ktzJk+tJVRgahd+rj16ic5TK7ZyCoU1OAXU2kfq450Fs4oAO1B7B7S327ux7NAnZ3l6+n55eAPba66uklr8tXc6DmQM2BPsqBGrD7aMPX1a45UHNg0uNADdiTXpvVJa45UHOgj3KgBuw+2vB1tWsO1ByY9DjQ36xmzmJOesWvS1xzoHM4UO0Ddb\/oHL62lUrN37Y40\/g9fqH+U0w5ZTHjmK1FGwet39Yc6BscKC+bs\/a57hed1+5TVfYOmmbaaYt+7dxStPNKMemmlP\/c059l0Wht46RbtbrkNQc6xoGyla1P1P2iY3xsFKvMW99r\/jbiUtvvkn+1D7ttHtVfag7UHKg50KM40NS\/pqcfZXw1SG0wvnBtfS\/nM6FptZVHZ7\/vjjJ3Rx6dzZc6vZoDNQc6jwNNAbb9Dc4fPjxybwSkNl1ae511JngSEzDddOON8f\/4++y7b+fVtgtT8i+nZ5x+erHFllu2nO7e2dnd4Gimt98udthhhzY3rOnsPOv0up4DqYirfSrfZwmq3\/N9e6+Z3oSm09786nCdz4GmAPujDz+MTcsdFTTTmE2ZykWaeczBluV3Hb2fZdZZi89LB112NJ3uimdfBTsCDl577S7LctbZZiv6N9jDpcsyrBPucg7Yc8LezE5VKm9aBlzffeed4oEHHyw+HDWq+M7888dOdePbs2NcBb79tttin4uulNFx5d+d3\/DPhlD2RimTTbfas+90OY576dnsyv4u2qo8QV0N25XPTQG2gtjoZNPNNosdycZVsNwkxkYxtku0kZLNT3K2E8CpdG58giHxzqY4k08eu5MtteSSkYW0xBXebn1+dtqy8QxrwU98m7GM+uCD4rPPP\/\/392mmaZmJ9t0mMoRfWtPPMENs6jSuiSWbuFBSH370UWyII8\/xNZR81Fk+ZsLFKeeRaX708cfBEzupJQ\/U3305j6w7vttaUvq+53v38vvEBvRjeJL5CauudidU9+RZ+bv3vn\/15ZfFdNNPP16ejKvN62\/NcYAs3H3XXcVp\/\/M\/xUEHHdQC2NrN+aXHHnPMvzc+mmWW2Bh\/pZVXLvbYY4+GezS3J+e77r47+lhfAGybuJ34m99E3+1fWo0Cu+yO1yxpEzt52ufcSTT60sSgpgG7PYUEEtdee23x++uuCwGh1TbZdNPi\/vvuK360994BNqefdlqxxpprtuxNDTiOP+642EJxhRVXDJcIDfmT\/feP\/W0vveSSYpFFF433druyo5jjvFZZddUokt3NRpx\/fpxooyMAc3v5rr\/BBiHgb77xRhysa89sYAcoHWW27nrrtQLUrB\/NfM3VV8dG6O4B5uprrBFHP1W3qcw4rs88\/XRx0UUXFe+9+24AMhdJbvZuO1knUtx8002h+aW58sCBxZAhQ6K8w844o5hn3nmjXDlsdQzTdddeW+yy667Fww89VLz51luxVeNrr74aJ+EsudRSwWegq054MnDQoCiSnc4uuOCC4rFHH40640nWmWKwgbr9hl968cX4ble4LbfaqlhzjTWKyUunbpfrV99POAd0foBy45\/+VFx99dXRR8qpMjyuveaaaM+DfvrT2KbzoQcfLE499dTiyUGDimWXWy4Ud8b5\/LPPiq9Hj45thilj8u8dw4dFngo6w\/eFq3269bfDDz+8mHuuuVqqPGXl4BMf8Eub6BNp\/MEIhHfZF+PFmPXQcT8R\/jQN2CpiO1ZCVSaVsk+29au0EIC1p+0yyy4bG5FfMGJEVBxz\/ByPtPQyy7QkgWHAdPkVVoh3tnrMfWMBpoMTbHn5wx\/+MCzByy+7LI4mEp6VacN3wLPbf\/xHMeccc8SpN06Z+eY00xSDBw+OEzT4mR0iytq\/8cYbA\/CUIY9KysIoi+\/OcaSNv7vwwnHihTpN0b9\/8cMddmjdiBmxKGJfYee7LbjQQnGk0oUXXBB7dNvP+A82ir\/++hihOE3k1VdeKS67\/PJi9NdfF0P\/8z9jm0q+eydXUAp4fc\/dd8eIwtaKeMLyUj7C6OxA21w63PMbU09dXHbppcWll15aLLHkktFR8YSiGjp0aDH7HHMUD9x\/fzF8+PBQDoNWWaX43VVXhXW+\/wEHRHg+cmnYo7e6h3OpivXtBHJAuzIuKOPthgwpzhw2rFWKlK9vm22+eWwV6uNyyy8f+8HrW\/pUtj2lzwDgPlxpwIBizbXWitNjKGnfNt5kkzico6+BNvcFA8T++DAAPpXBN\/fztr3pHbffHlu9kvsBK60Uc2eO+RJn0MCBBaOop1DTgG3YftaZZ4YwlCtBkx962GEB2nxlAGnrbbYJrRWHGvzjH7FpeDlOs\/esv4EDBwYjgfhvTzwxXBbKRED33mefYpVVVonvCyy4YIDZrbfcEgILrO1rzc9u\/94dd9qpWP6ZZxoObVg\/jk5iGa+2+uqRnob\/9JNPYuRgtABAG5HDNDfYcMMQDtt1vvjCC8Vdd94Zhy4YkjphhCKjzW2eTnldfPHFxVY\/+EEIi5GJyV3uD\/sFO0bKnIGyV8lIZvvtt4\/ODMS5b4YNGxbW21tvvlk8P3Jk8MTJKITPARMEmTJaccCASH\/aaaYJUMCTnXbeOTaBn1jDvWr9evMz94b+wdjQn8qkHbn95p1nnpbXwJeP2yb9ZGbkc8+FQcEfq0\/87Y03wih57PHHi9lmnTVGqnffc09x3rnnxiS4PaL7Er085vAIboxXXn453IWwwQETgNtI+PwRI4pvzTRTyD+F56QYJwXpf4xPBuR9995b\/OqYY+I0oJ7Av6YBmw96z732igqVKwAQuD6AiDPNuA9SqxNK58c55aGjJN\/ZSwdt0p4sFf5q+VEYJgOUAwnviCTHDAF3lgdL5rBDD419j1m8tClru0omFt75+99jMiiPRBMmfOAffhhA1xZgL77EEi31NtqYf4EFAji5cfjXCQywRsq66GKLxUbtXDqOQYvT4O+7L3z4Lzz\/fHTcRkexZfy5x3RqafFBT9avXwyxrSYx\/KM0kifypQiuuPLKaCdtdPZZZxX\/\/7\/+K04LCZ4MGBC8jALWf7qEA9pBm6I8pKCc0ZdjNsCfuqKkjbrMfVDOiKGy+9ChMZ8knaefeqqYvF+\/4v\/tsUfItYnKXxx5ZBwC0JcAG39efuWV4pVXX40RP2OE8cJw2utHP2pxw77\/3nvFVltuGW5RHgPuEwcNH\/mLX4RydI7kQQceGBa3\/bx7AjUN2ECYtQkIGpFTIlCCdYZp5DvKb66YzHJoi4BOAo8weQ+0vx4Tj7CWiQ8vhZsVMsfssxf3P\/BAWK0s2Ztuuil85M5UK5M0xeMu+U6pnroJ5VM9V68ct1rvPE8ky1H1DWd4bhFpswIceQTgHWaMz3PNPXc5i1b3Gd\/L5EnyssozYZInvsmLkpXPk3\/5S\/jXuYEOPuSQlnMGW2VWP3QrB7I928rUnEQqZAaKZ8eTpRFi9CSNqvuyrfR6y3vyv\/5668XIdKWVVgpvgEl5cwCXX355GEPqas7n+0svHd+NYOaac85iummnDXyjVPUNfZLB11OoNcJ1QqlU0PIzw5AEKQDIv1wlgpRhWJ9cER0h\/lmKgn83CfjLk49qyimmCM35yaefhgvBYai0qfy5UqpE8LkFaGaTllwcrgstuGBY9TpHW\/TGmNOdfTfacBQSH\/kM008fHclQDT+Qupv4w7MZZpwxOhf\/pLqw7LlDTMAaPTRLym7iid87eexquDej45P69YtDifHAvMDPjzwyXFr49siY0+ebzbMO3zkcABYUcRUoPv7kkwCUBHJhhE3yvvxcVI4fy3C9\/YovXE6rr756WNh4YgWVEaX+maMaIF3uy\/jHsEz+uuZ9T+FZ04Ct0\/OvAdjqD+BiDkax2m5xoO3774dbwknLSd+YaqrQbma++VT9LrvssnFa2Bm30RUg8pNfcskl4YPir77t1lsLEwf8tybkLJ8695xzwi\/1xeefF4QfcAK2KtG8TlO2ykUarF2+rTPOOCMmAcfViE6fNmFkuHXDDTcEQLLuLSOUJv\/xvffeG3x56skniysuv7xg4Wc5DF0XXmSRWCXABWMiZFz5VcuezywtI6GLLrwwyoAn1vvig5UpLP0yT+TFCgHYc\/SQ4V\/Wpa9d02DQL5Io\/9dfey2svlagnAHqawsH8IrxZmK+FY0eHYqwPCpt9X0SeGjaJYIZJxx\/\/FiTjurKh+w\/EwEU4Tr3vPMCRAmYCZM87JdvzoTeiBEjwn\/qO59eKz9RRbs1Aq18ZwholYX1rEcfdVRYpCYRBq68cljGNKlJvZNPOqk46he\/CK3L\/2c4RBNXSXlMcAJqyw+lD9CsnDAxV9bK5bjKA3xNhlJsLGUz\/Wb4pekecCon\/7Y0+ax33mWXFn6mWwSPKZtWK1ia4IlOb8UMvz2eKLPy+G\/UDTfYIPJTx1NPOaU4agzP\/vXFFzHXYL6hponHAQaDCek\/33xzDN+NEh995JFYWeWU85T7jpSQXDZyPQKxCUm3I2Xpqjj61UknnVQst+yyLRO7ZJ\/BwpBpa\/6pq8rTmek2Bdgm0H568MFt5k\/QAA5wGrL99rHCwoSgGVdrqhOwCcdagwcXJui4DPiEAfpzzz4b1h3BYaWbBEPi7\/fjH8fStMwcuP\/4xz8Oy1R4DfGzI44IzeofSQAdCzPB1QoJwPTqGM1rJt2a57bcDTrJvvvtF8v5uBX4tvgLDa0aCbZJUMpKPtwn6s0nxv+MJ0iaVrKosyWK6j3ffPOFQsg0XQHmIYceGssTKZskK0xYDdKb79vfjn+2wPMkaf1or71CsUhHWfAE342K8MwvebLYYosVRx99dPHa669HuiZ1lbctnmQ+9bVrOaDNrUQ67r\/\/u\/ivww4LGWcxWn9tXiVlpSOl4Cb85dFHt4pq61NuMf2sN5DJ2VVXWSWWuHI5zjnXXLEqRL878KCDWuS\/I3XlTvnd7343VhqDBg0KDOtIms3EaQqwAQzruT0EVACcHxo5cmSraEDdkqTyv4mW12WzPJOA0oABA\/IxrnzMVnkkEWLvrAxpRL7b37i9exwLzwrmavEbH7HCV1xxxQiGT1nvcrxM02oQv7aIwFXrKyyllERBcG2UieWQ69i9T54sOeY\/Rsth87stBhptM1ANWz93DQcoR8s8gUqSdltggQVC2T74wAPFqA8\/LDbcaKNQ5KlMF1t88ZbJRfH0N0tQZ5l55kymmH666WLNP+MEGXHON++8Ld\/zxp74mW6+m5Sv+Idftre48447Aqy5+YxkGTG+6yvu\/V9FEiwyMvcduRrp6M\/ICJth+ewzz8Rz+Y9lzN1Bk3362WejDf27mm655Zbwpx53\/PGxoL2r86vTrznQLAesyU3gMiKxJUFXExeFH3BIoMg8vUeNvme89Mfmczmd6ruc7M70y9dyvPL7zrpndE1TWqb4zw8+GLTl4yQAABDeSURBVGtStbPyynTUn\/tHvRmIZbePd75RdMn3XE0jrHficwFn3IyT6Zev0sm2KL\/vrHsLBRiF\/6deOivlNtKx\/tdwnPVYU82BmgP\/5sC4gDKBJK9lnlXjVZ+Frb7rSkApl62n3Ks\/IG1EeFHlRzWs+Ok+lAbg9puY1Lg2XVAi\/lu\/mmoO1ByoOVBzoGMcaHpZX8eyqWPVHKg5UHOg5sCEcqAG7AnlYB2\/5kDNgZoD3cSB\/sWYSY9uyq\/OpuZAzYGaAzGhZ1KvpuY40N9MqV3oaqo50Jc5YIKp\/A8lVgxU\/zW8L\/NnQute3W3SfxvXuNN+rvo\/EPRvwO5Bm5u0vwp1yJoDnccBgF1e9mY5l3\/Vr6lzOGAvnTL5T+NaIZY5Mu77NCb6EdSaag7UHKg50J0cqHGnOW4nv+pJx+b4VoeuOVBzoObARONAh9Zh538QpZmeC8pTC7S3NtLJiQdxm43f3nx6crjkQV+qf1+sc0+Wwbpskw4HmgZsvr0HH3wwzm3MfWVnnnnmwkbh\/puxvFnR+Nhg+8g777wz9uAo75Mxvni96bstaW3Dah+SRvuP9Ka6Zl2eeOKJ2Ad8nXXWaflX8PxWX2sO1BxomwNNAbZJGftDX3nllbH1p13lvHP2mdO5gc9qq6021r98NsreLLzz1hw42pcPfGVt2oEvRyuNeNXb3lH69YRT61bVj15++eWWzfXzq\/8OLm+Elu\/bc7XLpNPDHUtX\/hfr9sTtDWH0KUYlXLJKxYZpHf3Xcv3ULqD2mIFX1X9j7y5+NQXYOpo9ZR0t5TRxhVYRWws6euf2228PILdfCAEsD\/Orw2Df7YFtS8fcXyTjAHN72totr8oYYcwwC+O7Bii7UnwX19V3+wWUv4+Pscqpoe2fK2+CXt5zIPPHCxsFGVFk+uIiV\/G9FybjJw+EUUbp27faQbrqkd\/Fcy8MKqcRL4qipYzSrn4XN+ugfH5ZhoxfvTbLt2oe+JR8kJb7fJZXuW7a3da5KT++CZtlVh\/fqvG1O7631e7jkotqfXvaM3l24j2QLYOrQy86CtjOM3WghtOVymn2tLp3RXkA9RVXXFE8\/fTTgRX6l508t9566zg8pSN5OrGewfqTn\/xkom1g1xRg61isQQCbmkqnIgzrr79+7PMMHHQqAG7Lwdx2EPg4q9BWpSxzJ4I\/9thjLftZ27eWxe2b\/WZ9p8m22mqrOBgBg2k47oNHHnkkwMwpLRtvvHHkoRwOsr3qqqtiK1ed32ZTTjF3qEC587fVWIBGmZxraL9qdVl++eWLTTbZJEDROyfnPPPMMyEEds+ivAYPHhzfHTJMm+MRVw9+AadNN900tn4lRE6coe0d9smVNGTIkKi3dHRM50wCcXv3OrVHGjqtNPDds2O+lEMY7WD71M022yyESB0efvjhqIPDEgAfcFSH8t7ZZR6ol7ZRL3yztefmm28eW9824ps8lE1Z8Vz72w6WDODJ9ddfH2Vdc801W\/j+9ttvF3\/84x8LbhB7hTv9W5mArNOGKH3nbPpmm1ztivcUDeUnL\/zFW5bSuuuuG3n6zuohM45UI3tO7fGdLI1PUZX5MDHv1VE7kAcWcRIZbETkoNw2nlH1nfbsa4QX11xzTciDfsHdCl94BhgDDKSOyAWlamSYvJ4YfG0KsAkPYdLxCJjjq2yaz+IBPn5IJ3z00UcDcBOwCQ7fpQ6tI+lkgGXlMSe+ADMgpiM7FUVegBPwH3jggZGuI8Acv6XT65SAe9iwYcXee+8d+0sDigQCIMLiv+iii2Kjf518fOQYsOHDhxc29ndYAPAAFEAP8J9\/\/vkBUIAJ+CkL4HRQAv+9TeZpYIcnEBR1UgcgsuOOOwbPgI66OXEnST1of4ANjF988cXYq9c+yYbJt912WyifNdZYI\/JwVBllZJQDwCgBwLnnnntGniwL+\/jKI4GSEgCQVUGlYM4777woG5DEN2XE1wMOOGCs0zkIq7bFC20LGM1F2D5XWbbddtsADYpV22pvAP\/444\/HMWsUj9OoWX94SlaAP7eaeRAuNaM41iZ+kKmrr746ZEOb2LOY1aTM2oUyE176TmMB9sqv3Y3eWp3YkwzvgVftp4\/YJz0Vaxl8GTDkwjzHHXfcEa4ObYxf5I6BQM70LUZCtZ17YJW7rEhkykiFwZAuWvtY64\/33HNPyLrMGTRwAS5RlvbHxlPv9UkAzdgp79nfZYVuZ8JNATYhyA7JGgYUOqSKsrAISlsWQXvKo2Pr0NJBrEdakZ8bsOjktKMJOsIs3AknnBCgSouyOHVSQKEzuwfC7SmTzgJsNc5OO+0U9QJOgJFCoqCUx5Aqy6dxnebCT5gk36FDh8bIQXzWNG0P5JF3rEnChHTUKgHXnXfeOeJSBPKgiBClxtKWh44tPfU8+eSTA+zlzwpgnQJU34FegkA5L9+cBPTuu+8W++23X9TVd\/GOOeaYAFIgWQYOoAAw1F0ZWSzSAZQUBQDXPhQZgGH9i6NTUPZtHc9EfigUeRlZHXfccVEu5THJ7ZuRDBkE0tqDUkhFSYGngiALRkpkc1Ig\/HvppZeiXfGJQiJzFBjjQZ0pRUfq4R+\/tneUGh4DbIBEDtV7n332aWWlTwo86MwyMjrwAOETIlfpFfCMb5Q6uU2rmSFKzoC6foufDBEGY09R\/E0BtkoDk1133TWsO50dILI0CQoQAugdJcDKYk+AADQ6O43J2sVwFkg2goahAW+++eaIw+LnEiH8wEFn5moAKuMjLhtaGcDo6MrgB3yS9t133wAKVq\/GBKIAV4dLUj7lzvg6nKE+S3f22WePYCzyrGNeM74rJUFgfNNx3Ssfja9uwJKgZR6sLh3ZsI8ykP8pp5wSvFQf4C3P5Fs5L3WgDAlvWaC5n4CEupXLSLjVnTWLr1kGIM8tIY57bhUnvxs5CK9slFajMiiP8PlNXdyrM8tH+3NrZflcte3ZZ58d8kEGzjnnnOKwww6LdvfsZCR8m1SIUiYjjAbgC4SdS6g\/UZrICMYoy0gInX766TGy4FPFP7JI0ZHPslslAvehP2Sy2ufJs5EqOdKnyDVDhawayaLf\/OY3YVwZseu3+Pnzn\/88XIWTJGDrOCwboK1TATM\/QMLa8QOQwKFKGFQGtup3zxidnTafWd2sX8CtEViQZfIsXeEAArAj9IY0rFEWswZIsCzHLd9n+RKsy9\/cKwPg5eJwjwcasQxmwlUFBbgII05SNU6+z2vG8Sysn\/rhs3QotnIa7ikvPNIuFAsrGA+4ifin8WaLLbYYi39AUZnVJQFRvp4bHY2mHBmnXAbtoO3IiPesQwBudMS3zMLn4ijHyfq6VtvdO3VVJ\/WtjpLyWRiWNauTC4x1yiI31NXu48qznP\/EvscvIGukgRfamjuQvOWILg2UbCcjEQrSiEIcCgqf9dGa\/s0B\/ZpBcuaZZ4bsG8GnrJF7\/HYll4xF8stjQJ7JlJ\/4PYVao994SqUz8G0eccQRAYDZ+XQeVpzhgw6agK1zJ+l4E1JxHVB8fiigJG+NwQIDssrASgE0AAvj+VpZjoaZa6+9dptgoYw6gYZjDSq3RpU+0GMd0sz82dtss000ss7BD88lUybHrYkvPfGVV+dT5gkldZQOywBQpbJi9co3ecQ1xH9NOPnjuGQoL75\/YcrEGldvVlt+U37uJ5ZetnHGEVY4I57kk2+sEUCeowtWLncW3ht9sbQpuWYJAGlL6QOobHejIWVhLfGJk4E99tgjeG3kN3z48ABunTABrtm8uyu8OpGvMmlrxpCVCdobqQfQTh64+mX98rmcTl++1\/\/ICbCmxLhJUsbxhfyUDTT8w\/cE9J7Iz6b+Nd2wC0jQ+kBCh8UUYMwnpIJ8ia46J4AXzlCO1WPipKPET6vzWqYEBIGDCToTTHyaOrVJSVYJpYFY1cqrUyPAKZwyV0nj6TTAhZtH+kCChWqIqR46BveDRlUnEz3AQrpJymQSjYAop1GHcqQSy3AdvXIFcEGZsJUHJWYuAXHHcJmYlFQGdeDvBqIEEy\/KpJ0WXnjhUDzmJCggcbSVNORTJbw0XLz33ntjolB47cr\/pzPkSEb7A2nuKkN9k2Hya5YoYLzTDoBLfnjOOEjL08iHf1d7aVvADtiUtSN5NlvGCQ2vzOpWNmi8079QAvKE5tOX4uOffnviiSeG3JtAT9mclPnQugePpyY6oZUJgBEzdEhAx98G5FixmEJD8aWahDrqqKOi8xA67ooyVTtT9VnYfOfkYkP6iy++OCbE+HBZw4aDJrp0Tlcd91e\/+lWLJaqz821LB8Cy+Fhiyl0m380o8+medtpp0ekBEZAzucayBXwm99QRuLFylYMVS0AQy9uqBkDFbybd3XbbLQATgGd9qnmXn6v35TiGzkDZKg3lANrKYlWKuiojv5yRBRBWLuUzmdLIp8sCtVqDIqQE8BHApu+7nLdyaVt8BprJi1TEJmszD+FWWGGF8GNTcqz1MpXTLd9nmHxH0Wh3FvOvf\/3rOMFau1vSmS4e5aFgjj322BjCqi\/ljldpLWW6PfFKjoxcKRo8JHMUkzkAStB7fawjpP3zV42fPK6+7w3PRplnnXVWuMR22GGHFrmc1OvWFGATfj5qQGGoxqombPw8QM0wOK0BEyWsYmEIHXDnyxQXAWATV+IiQmlYDjCSgM9GG20UYEm4WNLStF6YhQugWMUJvqw46YwcOTKATF7yTRBh\/XMdtCWowBe4St+Qn3UK\/LKMVlIAfACpbCxNbhjWNz5kPXbZZZeoK0tcfGERhceXrNxJAAkf8h2fWvIww+Q75cYfSwQNl+XNkuT75KvXPtLT6bkF+DeVgeUNNBuBl7wAnjSMDoyWKFZ8lXYj0naUXuaBb\/isnslbV2lS8NJTriTvyYSyIe2u3ZLUUbvjSaZz0EEHhcVv9MS1g6\/C+c7n6Lt2Y6Uqh\/Io16RA2oCxQwmTa0qU4eC33XbbhRx2tB6Anyuv3K+khT+N5ig6mk9PikeGueOMpk3QG+kn4TVjpKPEQDIK15fLpM0S28rvO\/t+slGjRo3W8Zslw7UcsgGCRmDQbJpdHZ5lpiGtV+6K8lpmxfq1DCjBqKvrVKffORwA\/JRadkRzI0Ya3UUUPoOGi8+IhVI0mUpxAhngzfXjH2uMLljNJlkpWUs8ETDhElQPo0VuMSO9RsSgovS7iyjtNFzkyQLOkVlnl0E\/N+KivLVrmRhvVtUwZmDB7rvv3gK05nqMHL1jrHB1\/va3vw1D1JJS\/Oaaa4QdRrhWJnUVGaHG3F1HAburCtaV6bKONQStW23IzsjXf+wBbP6yGrA7g6Pdl8bEBmw1BcI5L6Q8gDopDSTvfCuHzbkJ7wB\/xs04mUb52t1GVncCNqClvPCjSngDtPFGGCO\/5LNn771LHhvx4C\/cYLH7NSKj\/LZGpI3CN\/suAbspl0izmfS08IZCGsKvK8iEYHk9cVfkUafZezlALhM8qrWsAmyjsN4leItfjVNNs7c+40GOlNqqI95Uw1TdRvjJLZoElNP9mu+6+9qnAFsjdSVZcVFTzYGaAzUHuooDXYtgXVXqOt2aAzUHag70QQ7UgN0HG72ucs2BmgOTJgdqwJ40260udc2BmgN9kAPhw+Zcr6nmQF\/mQKM+0OhdX+ZRZ9e95m\/zHJ3sq6++Gp3\/9NF89DpGzYHewwErNHJiWp+wxKumzuEAvpZXwNT8bY6vKZuTjW60WLG5tOrQNQdqDtQcqDnQDRyofdjdwOQ6i5oDNQdqDnQGB2rA7gwu1mnUHKg5UHOgGzjwv7spUqIZcDC2AAAAAElFTkSuQmCC\" data-filename=\"image.png\" \/><\/p>\n<p>Ou a crit\u00e9rio do M\u00e9dico Veterin\u00e1rio.<\/p>\n<p>APRESENTA\u00c7\u00c3O:<\/p>\n<p>Frasco contendo 10mL.<\/p>\n<p>Conservar em local seco e fresco, ao abrigo da luz solar, fora do alcance de crian\u00e7as e<\/p>\n<p>animais dom\u00e9sticos.<\/p>\n<p>Licenciado no Minist\u00e9rio da Agricultura sob n\u00ba 2.200\/67 em 11\/05\/1967<\/p>\n","protected":false},"excerpt":{"rendered":"<p>VITAMINA B12 USO VETERIN\u00c1RIO SOLU\u00c7\u00c3O INJET\u00c1VEL F\u00d3RMULA: Cada 100mL cont\u00e9m: Cianocobalamina (Vit B12) 20.000mcg &#8230;&#8230;&#8230;&#8230;&#8230;&#8230;&#8230;&#8230;&#8230;&#8230;&#8230;&#8230;&#8230;&#8230;&#8230;&#8230;&#8230;&#8230;&#8230;&#8230;&#8230;&#8230;&#8230;&#8230;&#8230;&#8230;&#8230;&#8230;&#8230; 0,20g Ve\u00edculo q.s.p &#8230;&#8230;&#8230;&#8230;&#8230;&#8230;&#8230;&#8230;&#8230;&#8230;&#8230;&#8230;&#8230;&#8230;&#8230;&#8230;&#8230;&#8230;&#8230;&#8230;&#8230;&#8230;&#8230;&#8230;&#8230;&#8230;&#8230;&#8230;&#8230;&#8230;&#8230;&#8230;&#8230;&#8230;&#8230;&#8230;&#8230;&#8230;&#8230;&#8230;&#8230;&#8230;&#8230;&#8230;. 100,0mL \u201cO PRODUTO<\/p>\n","protected":false},"featured_media":16351,"template":"","meta":{"_acf_changed":false},"product_brand":[958],"product_cat":[173,178,182],"product_tag":[993],"class_list":{"0":"post-16350","1":"product","2":"type-product","3":"status-publish","4":"has-post-thumbnail","6":"product_brand-biofarm","7":"product_cat-suplementos-e-vitaminas","8":"product_cat-suplementos-e-vitaminas-2","9":"product_cat-suplementos-e-vitaminas-3","10":"product_tag-biofarm","12":"first","13":"instock","14":"purchasable","15":"product-type-simple"},"acf":[],"_links":{"self":[{"href":"https:\/\/vetsul.com\/index.php\/wp-json\/wp\/v2\/product\/16350","targetHints":{"allow":["GET"]}}],"collection":[{"href":"https:\/\/vetsul.com\/index.php\/wp-json\/wp\/v2\/product"}],"about":[{"href":"https:\/\/vetsul.com\/index.php\/wp-json\/wp\/v2\/types\/product"}],"wp:featuredmedia":[{"embeddable":true,"href":"https:\/\/vetsul.com\/index.php\/wp-json\/wp\/v2\/media\/16351"}],"wp:attachment":[{"href":"https:\/\/vetsul.com\/index.php\/wp-json\/wp\/v2\/media?parent=16350"}],"wp:term":[{"taxonomy":"product_brand","embeddable":true,"href":"https:\/\/vetsul.com\/index.php\/wp-json\/wp\/v2\/product_brand?post=16350"},{"taxonomy":"product_cat","embeddable":true,"href":"https:\/\/vetsul.com\/index.php\/wp-json\/wp\/v2\/product_cat?post=16350"},{"taxonomy":"product_tag","embeddable":true,"href":"https:\/\/vetsul.com\/index.php\/wp-json\/wp\/v2\/product_tag?post=16350"}],"curies":[{"name":"wp","href":"https:\/\/api.w.org\/{rel}","templated":true}]}}