{"id":16346,"date":"2018-01-03T11:45:31","date_gmt":"2018-01-03T13:45:31","guid":{"rendered":"http:\/\/35.194.95.18\/wp-admin\/?post_type=product&#038;p=16346"},"modified":"2025-08-08T17:41:00","modified_gmt":"2025-08-08T20:41:00","slug":"arsenatrol-20ml-caixa-com-3-ampolas","status":"publish","type":"product","link":"https:\/\/vetsul.com\/index.php\/product\/arsenatrol-20ml-caixa-com-3-ampolas\/","title":{"rendered":"ARSENATROL 20ML &#8211; CAIXA COM 3 AMPOLAS"},"content":{"rendered":"<p>T\u00f4nico geral na convalescen\u00e7a de doen\u00e7as infecciosas dos equ\u00eddeos.<\/p>\n<p>F\u00f3rmula:<\/p>\n<p>Cada 100 mL cont\u00e9m:<\/p>\n<p>Citrato de ferro amoniacal &#8230;&#8230;&#8230;. 1,5 g<\/p>\n<p>Metil arseniato de s\u00f3dio &#8230;&#8230;&#8230;&#8230; 0,85 g<\/p>\n<p>\u00c1gua bidestilada q.s.p. &#8230;&#8230;&#8230;&#8230;.. 100 mL<\/p>\n<p>Indica\u00e7\u00f5es:<\/p>\n<p>T\u00f4nico geral na convalescen\u00e7a de doen\u00e7as infecciosas dos equ\u00eddeos.<\/p>\n<p>Nas anemias ferroprivas em consequ\u00eancia de parasitoses e infec\u00e7\u00f5es. Na inapet\u00eancia(Falta de apetite).<\/p>\n<p>Em cavalos de esporte e de trabalho como estimulante na forma\u00e7\u00e3o dos gl\u00f3bulos vermelhos.<\/p>\n<p>Posologia e modo de uso:<\/p>\n<p>Aplicar lentamente por via endovenosa ou pela via intramuscular profunda nas seguintes doses em intervalo de 3 dias:<\/p>\n<table border=\"1\" cellpadding=\"0\" style=\"margin: 0px;padding: 0px;border: 0px;font-family: Roboto, sans-serif;font-size: 12px;text-align: justify;width: 337px\">\n<tbody style=\"margin: 0px;padding: 0px;border: 0px\">\n<tr style=\"margin: 0px;padding: 0px;border: 0px\">\n<td style=\"margin: 0px;border: 0px\">\n<p style=\"margin-bottom: 15px;padding: 0px;border: 0px;font-size: 12px\">Doses<\/p>\n<\/td>\n<td style=\"margin: 0px;border: 0px\">\n<p style=\"margin-bottom: 15px;padding: 0px;border: 0px;font-size: 12px\">1\u00aa<\/p>\n<\/td>\n<td style=\"margin: 0px;border: 0px\">\n<p style=\"margin-bottom: 15px;padding: 0px;border: 0px;font-size: 12px\">2\u00aa<\/p>\n<\/td>\n<td style=\"margin: 0px;border: 0px\">\n<p style=\"margin-bottom: 15px;padding: 0px;border: 0px;font-size: 12px\">3\u00aa<\/p>\n<\/td>\n<\/tr>\n<tr style=\"margin: 0px;padding: 0px;border: 0px\">\n<td style=\"margin: 0px;border: 0px\">\n<p style=\"margin-bottom: 15px;padding: 0px;border: 0px;font-size: 12px\">Adultos<\/p>\n<\/td>\n<td style=\"margin: 0px;border: 0px\">\n<p style=\"margin-bottom: 15px;padding: 0px;border: 0px;font-size: 12px\">15 ml<\/p>\n<\/td>\n<td style=\"margin: 0px;border: 0px\">\n<p style=\"margin-bottom: 15px;padding: 0px;border: 0px;font-size: 12px\">20 ml<\/p>\n<\/td>\n<td style=\"margin: 0px;border: 0px\">\n<p style=\"margin-bottom: 15px;padding: 0px;border: 0px;font-size: 12px\">25 ml<\/p>\n<\/td>\n<\/tr>\n<tr style=\"margin: 0px;padding: 0px;border: 0px\">\n<td style=\"margin: 0px;border: 0px\">\n<p style=\"margin-bottom: 15px;padding: 0px;border: 0px;font-size: 12px\">Potros<\/p>\n<\/td>\n<td style=\"margin: 0px;border: 0px\">\n<p style=\"margin-bottom: 15px;padding: 0px;border: 0px;font-size: 12px\">10 ml<\/p>\n<\/td>\n<td style=\"margin: 0px;border: 0px\">\n<p style=\"margin-bottom: 15px;padding: 0px;border: 0px;font-size: 12px\">13 ml<\/p>\n<\/td>\n<td style=\"margin: 0px;border: 0px\">\n<p style=\"margin-bottom: 15px;padding: 0px;border: 0px;font-size: 12px\">16,5 ml<\/p>\n<\/td>\n<\/tr>\n<\/tbody>\n<\/table>\n<p>Apresenta\u00e7\u00e3o:<\/p>\n<p>Display com 3 frascos de 20 mL<\/p>\n","protected":false},"excerpt":{"rendered":"<p>T\u00f4nico geral na convalescen\u00e7a de doen\u00e7as infecciosas dos equ\u00eddeos. F\u00f3rmula: Cada 100 mL cont\u00e9m: Citrato de ferro amoniacal &#8230;&#8230;&#8230;. 1,5 g Metil<\/p>\n","protected":false},"featured_media":16347,"template":"","meta":{"_acf_changed":false},"product_brand":[],"product_cat":[175,163],"product_tag":[],"class_list":{"0":"post-16346","1":"product","2":"type-product","3":"status-publish","4":"has-post-thumbnail","6":"product_cat-antimicrobianos-2","7":"product_cat-equinos","9":"first","10":"instock","11":"shipping-taxable","12":"purchasable","13":"product-type-simple"},"acf":[],"_links":{"self":[{"href":"https:\/\/vetsul.com\/index.php\/wp-json\/wp\/v2\/product\/16346","targetHints":{"allow":["GET"]}}],"collection":[{"href":"https:\/\/vetsul.com\/index.php\/wp-json\/wp\/v2\/product"}],"about":[{"href":"https:\/\/vetsul.com\/index.php\/wp-json\/wp\/v2\/types\/product"}],"wp:featuredmedia":[{"embeddable":true,"href":"https:\/\/vetsul.com\/index.php\/wp-json\/wp\/v2\/media\/16347"}],"wp:attachment":[{"href":"https:\/\/vetsul.com\/index.php\/wp-json\/wp\/v2\/media?parent=16346"}],"wp:term":[{"taxonomy":"product_brand","embeddable":true,"href":"https:\/\/vetsul.com\/index.php\/wp-json\/wp\/v2\/product_brand?post=16346"},{"taxonomy":"product_cat","embeddable":true,"href":"https:\/\/vetsul.com\/index.php\/wp-json\/wp\/v2\/product_cat?post=16346"},{"taxonomy":"product_tag","embeddable":true,"href":"https:\/\/vetsul.com\/index.php\/wp-json\/wp\/v2\/product_tag?post=16346"}],"curies":[{"name":"wp","href":"https:\/\/api.w.org\/{rel}","templated":true}]}}