{"id":16342,"date":"2018-01-03T11:36:19","date_gmt":"2018-01-03T13:36:19","guid":{"rendered":"http:\/\/35.194.95.18\/wp-admin\/?post_type=product&#038;p=16342"},"modified":"2025-02-07T16:00:09","modified_gmt":"2025-02-07T19:00:09","slug":"antit-xico-oral-biofarm","status":"publish","type":"product","link":"https:\/\/vetsul.com\/index.php\/product\/antit-xico-oral-biofarm\/","title":{"rendered":"ANTIT\u00d3XICO Oral BIOFARM"},"content":{"rendered":"<p>HEPATOPROTETOR<\/p>\n<p>USO VETERIN\u00c1RIO<\/p>\n<p>ORAL<\/p>\n<p>F\u00d3RMULA:<\/p>\n<p>Cada 100mL cont\u00e9m:<\/p>\n<p>Acetil DL-Metionina &#8230;&#8230;&#8230;&#8230;&#8230;&#8230;&#8230;&#8230;&#8230;&#8230;&#8230;&#8230;&#8230;&#8230;&#8230;&#8230;&#8230;&#8230;&#8230;&#8230;&#8230;&#8230;&#8230;&#8230;&#8230;&#8230;&#8230;&#8230;&#8230;&#8230;&#8230;&#8230;&#8230;&#8230;&#8230;&#8230;&#8230;&#8230;&#8230;&#8230;. 10,00g<\/p>\n<p>Cloreto de Colina &#8230;&#8230;&#8230;&#8230;&#8230;&#8230;&#8230;&#8230;&#8230;&#8230;&#8230;&#8230;&#8230;&#8230;&#8230;&#8230;&#8230;&#8230;&#8230;&#8230;&#8230;&#8230;&#8230;&#8230;&#8230;&#8230;&#8230;&#8230;&#8230;&#8230;&#8230;&#8230;&#8230;&#8230;&#8230;&#8230;&#8230;&#8230;&#8230;&#8230;&#8230;&#8230;&#8230; 5,00g<\/p>\n<p>Cloridrato de Tiamina (Vit. B1) &#8230;&#8230;&#8230;&#8230;&#8230;&#8230;&#8230;&#8230;&#8230;&#8230;&#8230;&#8230;&#8230;&#8230;&#8230;&#8230;&#8230;&#8230;&#8230;&#8230;&#8230;&#8230;&#8230;&#8230;&#8230;&#8230;&#8230;&#8230;&#8230;&#8230;&#8230;&#8230;&#8230;&#8230;. 1,00g<\/p>\n<p>Riboflavina (Vit. B2) &#8230;&#8230;&#8230;&#8230;&#8230;&#8230;&#8230;&#8230;&#8230;&#8230;&#8230;&#8230;&#8230;&#8230;&#8230;&#8230;&#8230;&#8230;&#8230;&#8230;&#8230;&#8230;&#8230;&#8230;&#8230;&#8230;&#8230;&#8230;&#8230;&#8230;&#8230;&#8230;&#8230;&#8230;&#8230;&#8230;&#8230;&#8230;&#8230;. 50,00mg<\/p>\n<p>Nicotinamida (Vit. B3) &#8230;&#8230;&#8230;&#8230;&#8230;&#8230;&#8230;&#8230;&#8230;&#8230;&#8230;&#8230;&#8230;&#8230;&#8230;&#8230;&#8230;&#8230;&#8230;&#8230;&#8230;&#8230;&#8230;&#8230;&#8230;&#8230;&#8230;&#8230;&#8230;&#8230;&#8230;&#8230;&#8230;&#8230;&#8230;&#8230;&#8230;&#8230;&#8230;&#8230; 1,00g<\/p>\n<p>Pantotenato de C\u00e1lcio (Vit. B5) &#8230;&#8230;&#8230;&#8230;&#8230;&#8230;&#8230;&#8230;&#8230;&#8230;&#8230;&#8230;&#8230;&#8230;&#8230;&#8230;&#8230;&#8230;&#8230;&#8230;&#8230;&#8230;&#8230;&#8230;&#8230;&#8230;&#8230;&#8230;&#8230;&#8230;&#8230;&#8230;&#8230;&#8230; 0,50g<\/p>\n<p>Cloridrato de Piridoxina (Vit. B6) &#8230;&#8230;&#8230;&#8230;&#8230;&#8230;&#8230;&#8230;&#8230;&#8230;&#8230;&#8230;&#8230;&#8230;&#8230;&#8230;&#8230;&#8230;&#8230;&#8230;&#8230;&#8230;&#8230;&#8230;&#8230;&#8230;&#8230;&#8230;&#8230;&#8230;&#8230;&#8230;&#8230; 0,25g<\/p>\n<p>Inositol (Vit. B7) &#8230;&#8230;&#8230;&#8230;&#8230;&#8230;&#8230;&#8230;&#8230;&#8230;&#8230;&#8230;&#8230;&#8230;&#8230;&#8230;&#8230;&#8230;&#8230;&#8230;&#8230;&#8230;&#8230;&#8230;&#8230;&#8230;&#8230;&#8230;&#8230;&#8230;&#8230;&#8230;&#8230;&#8230;&#8230;&#8230;&#8230;&#8230;&#8230;&#8230;&#8230;&#8230;&#8230;&#8230; 1,00g<\/p>\n<p>Ve\u00edculo q.s.p. &#8230;&#8230;&#8230;&#8230;&#8230;&#8230;&#8230;&#8230;&#8230;&#8230;&#8230;&#8230;&#8230;&#8230;&#8230;&#8230;&#8230;&#8230;&#8230;&#8230;&#8230;&#8230;&#8230;&#8230;&#8230;&#8230;&#8230;&#8230;&#8230;&#8230;&#8230;&#8230;&#8230;&#8230;&#8230;&#8230;&#8230;&#8230;&#8230;&#8230;&#8230;&#8230;&#8230;. 100,0mL<\/p>\n<p>INDICA\u00c7\u00d5ES:<\/p>\n<p>ANTIT\u00d3XICO Oral BIOFARM \u00e9 a associa\u00e7\u00e3o de vitaminas do complexo B e<\/p>\n<p>amino\u00e1cidos, indicado como hepatoprotetor no tratamento de suporte na recupera\u00e7\u00e3o<\/p>\n<p>de animais nos casos de ingest\u00e3o acidental ou mesmo nas dilui\u00e7\u00f5es incorretas de<\/p>\n<p>subst\u00e2ncias t\u00f3xicas (inseticidas e rodenticidas). Indicado tamb\u00e9m nos casos de ingest\u00e3o<\/p>\n<p>de plantas t\u00f3xicas e alimentos deteriorados.<\/p>\n<p>Auxilia no tratamento das afec\u00e7\u00f5es hep\u00e1ticas causadas por doen\u00e7as infecciosas.<\/p>\n<p>Atua como agente lipotr\u00f3pico, promovendo a convers\u00e3o da gordura hep\u00e1tica em<\/p>\n<p>fosfolip\u00eddios, os quais podem ser transferidos mais rapidamente do f\u00edgado para o sangue,<\/p>\n<p>evitando assim, a esteatose hep\u00e1tica (degenera\u00e7\u00e3o gordurosa).<\/p>\n<p>Preven\u00e7\u00e3o e tratamento das hipovitaminoses do complexo B.<\/p>\n<p>MODO DE USAR:<\/p>\n<p>Administrar por via oral puro ou dilu\u00eddo (\u00e1gua ou leite) ou ainda misturado ao<\/p>\n<p>alimento. Quando dilu\u00eddo ou misturado ao alimento, o medicamento deve ser ingerido<\/p>\n<p>imediatamente.<\/p>\n<p>POSOLOGIA:<\/p>\n<p>Animais de pequeno porte (at\u00e9 10Kg) ______________________________________ 20 a 30 gotas<\/p>\n<p>Animais de porte m\u00e9dio (at\u00e9 20Kg) ________________________________________ 30 a 50 gotas<\/p>\n<p>Animais de grande porte (acima de 20Kg) _________________________________ 35 a 70 gotas<\/p>\n<p>As doses acima devem ser administradas de 2 a 3 vezes ao dia, at\u00e9 a recupera\u00e7\u00e3o do<\/p>\n<p>animal ou a crit\u00e9rio do M\u00e9dico Veterin\u00e1rio.<\/p>\n<p>*Cada 20 gotas equivale a 1mL..<\/p>\n<p>APRESENTA\u00c7\u00c3O:<\/p>\n<p>Frasco contendo 20mL.<\/p>\n<p>Conservar em local seco e fresco, ao abrigo da luz solar, fora do alcance de crian\u00e7as e<\/p>\n<p>animais dom\u00e9sticos.<\/p>\n<p>Licenciado no Minist\u00e9rio da Agricultura sob n\u00ba 0.102\/71 em 20\/05\/1971.<\/p>\n<p>T\u00e9c. Resp. Vet.: Dr. Naur Bellusci Filho &#8211; CRMV &#8211; SP n\u00ba 6516<\/p>\n","protected":false},"excerpt":{"rendered":"<p>HEPATOPROTETOR USO VETERIN\u00c1RIO ORAL F\u00d3RMULA: Cada 100mL cont\u00e9m: Acetil DL-Metionina &#8230;&#8230;&#8230;&#8230;&#8230;&#8230;&#8230;&#8230;&#8230;&#8230;&#8230;&#8230;&#8230;&#8230;&#8230;&#8230;&#8230;&#8230;&#8230;&#8230;&#8230;&#8230;&#8230;&#8230;&#8230;&#8230;&#8230;&#8230;&#8230;&#8230;&#8230;&#8230;&#8230;&#8230;&#8230;&#8230;&#8230;&#8230;&#8230;&#8230;. 10,00g Cloreto de Colina &#8230;&#8230;&#8230;&#8230;&#8230;&#8230;&#8230;&#8230;&#8230;&#8230;&#8230;&#8230;&#8230;&#8230;&#8230;&#8230;&#8230;&#8230;&#8230;&#8230;&#8230;&#8230;&#8230;&#8230;&#8230;&#8230;&#8230;&#8230;&#8230;&#8230;&#8230;&#8230;&#8230;&#8230;&#8230;&#8230;&#8230;&#8230;&#8230;&#8230;&#8230;&#8230;&#8230; 5,00g Cloridrato de Tiamina (Vit. B1)<\/p>\n","protected":false},"featured_media":16343,"template":"","meta":{"_acf_changed":false},"product_brand":[958],"product_cat":[165],"product_tag":[],"class_list":{"0":"post-16342","1":"product","2":"type-product","3":"status-publish","4":"has-post-thumbnail","6":"product_brand-biofarm","7":"product_cat-pet","9":"first","10":"instock","11":"shipping-taxable","12":"purchasable","13":"product-type-simple"},"acf":[],"_links":{"self":[{"href":"https:\/\/vetsul.com\/index.php\/wp-json\/wp\/v2\/product\/16342","targetHints":{"allow":["GET"]}}],"collection":[{"href":"https:\/\/vetsul.com\/index.php\/wp-json\/wp\/v2\/product"}],"about":[{"href":"https:\/\/vetsul.com\/index.php\/wp-json\/wp\/v2\/types\/product"}],"wp:featuredmedia":[{"embeddable":true,"href":"https:\/\/vetsul.com\/index.php\/wp-json\/wp\/v2\/media\/16343"}],"wp:attachment":[{"href":"https:\/\/vetsul.com\/index.php\/wp-json\/wp\/v2\/media?parent=16342"}],"wp:term":[{"taxonomy":"product_brand","embeddable":true,"href":"https:\/\/vetsul.com\/index.php\/wp-json\/wp\/v2\/product_brand?post=16342"},{"taxonomy":"product_cat","embeddable":true,"href":"https:\/\/vetsul.com\/index.php\/wp-json\/wp\/v2\/product_cat?post=16342"},{"taxonomy":"product_tag","embeddable":true,"href":"https:\/\/vetsul.com\/index.php\/wp-json\/wp\/v2\/product_tag?post=16342"}],"curies":[{"name":"wp","href":"https:\/\/api.w.org\/{rel}","templated":true}]}}