{"id":16340,"date":"2018-01-03T11:32:03","date_gmt":"2018-01-03T13:32:03","guid":{"rendered":"http:\/\/35.194.95.18\/wp-admin\/?post_type=product&#038;p=16340"},"modified":"2025-02-07T16:00:09","modified_gmt":"2025-02-07T19:00:09","slug":"mercepton-100-ml-anti-toxico-injetavel","status":"publish","type":"product","link":"https:\/\/vetsul.com\/index.php\/product\/mercepton-100-ml-anti-toxico-injetavel\/","title":{"rendered":"MERCEPTON 100 ML &#8211; ANTI-TOXICO INJETAVEL"},"content":{"rendered":"<p>Facilitando a elimina\u00e7\u00e3o de toxinas do organismo, Mercepton \u00e9 um medicamento utilizado como estimulante do processo digestivo. O produto pode ser aplicado em animais de pequeno e grande porte, sendo uma op\u00e7\u00e3o eficaz no tratamento de contamina\u00e7\u00f5es diversas.<\/p>\n<p>A f\u00f3rmula de Mercepton age em defesa do organismo de bovinos, caprinos, ovinos, su\u00ednos e, at\u00e9 mesmo, de animais dom\u00e9sticos, como c\u00e3es e gatos. Seu uso, portanto, \u00e9 indicado para situa\u00e7\u00f5es variadas, como:<\/p>\n<p>&#8211; Intoxica\u00e7\u00f5es medicamentosas causadas devido ao consumo excessivo de verm\u00edfugos, sulfas e outros antibi\u00f3ticos, assim como, qualquer outro tratamento prolongado que ocasione dist\u00farbios digestivos como efeito colateral. Mercepton favorece a metila\u00e7\u00e3o das diferentes subst\u00e2ncias qu\u00edmicas, facilitando a sua elimina\u00e7\u00e3o do organismo;<\/p>\n<p>&#8211; Intoxica\u00e7\u00f5es decorrentes da ingest\u00e3o acidental de produtos de limpeza dom\u00e9sticos e industriais ou dilui\u00e7\u00f5es incorretas de subst\u00e2ncias qu\u00edmicas letais, tais como ceras l\u00edquidas, querosene, inseticidas e rodenticidas. Aqui, Mercepton \u00e9 utilizado como tratamento de suporte na recupera\u00e7\u00e3o do animal;<\/p>\n<p>&#8211; Tratamento e preven\u00e7\u00e3o de hipovitaminoses do complexo B, degenera\u00e7\u00f5es das c\u00e9lulas hep\u00e1ticas e infiltra\u00e7\u00f5es gordurosas. Como agente lipotr\u00f3pico, Mercepton promove a convers\u00e3o da gordura hep\u00e1tica em fosfolip\u00eddios, que podem ser transferidos mais rapidamente do f\u00edgado para o sangue. Dessa forma, o medicamento evita quadros de esteatose hep\u00e1tica (degenera\u00e7\u00e3o gordurosa).<\/p>\n<p>Mercepton pode ainda ser utilizado como imunoestimulante durante per\u00edodos de vacina\u00e7\u00e3o, auxilianado na forma\u00e7\u00e3o de anticorpos. Al\u00e9m disso, o produto \u00e9 eficaz no tratamento em casos de ingest\u00e3o de plantas t\u00f3xicas e alimentos deteriorados.<\/p>\n<p>Dispon\u00edvel em duas vers\u00f5es, Mercepton Injet\u00e1vel e Mercepton Oral, a op\u00e7\u00e3o garante a recupera\u00e7\u00e3o dos animais, a fim de assegurar sua sa\u00fade e bem-estar, evitando preju\u00edzos para donos e criadores.<\/p>\n<p>F\u00f3rmula:<\/p>\n<p>Cada 100 mL cont\u00e9m:<\/p>\n<p>Acetil DL-Metionina _______________________________ 5,00 g<\/p>\n<p>Cloreto de Colina ___________________________________ 2,00 g<\/p>\n<p>Cloridrato de Tiamina _______________________________ 1,00 g<\/p>\n<p>Cloridrato de Piridoxina ______________________________ 0,04 g<\/p>\n<p>Cloridrato de L-Arginina ______________________________ 0,60 g<\/p>\n<p>Riboflavina _________________________________________ 0,02 g<\/p>\n<p>Nicotinamida _______________________________________ 0,50 g<\/p>\n<p>Pantotenato de C\u00e1lcio ________________________________ 0,20 g<\/p>\n<p>Glicose ___________________________________________ 20,00 g<\/p>\n<p>Ve\u00edculo q.s.p _______________________________________ 100 mL<\/p>\n<p>Indica\u00e7\u00f5es:<\/p>\n<p>MERCEPTON \u00e9 a associa\u00e7\u00e3o de 3 not\u00e1veis agentes lipotr\u00f3pico e antit\u00f3xicos, pelo est\u00edmulo das defesas do organismo contra agentes hepatot\u00f3xicos, adjuvados pela glicose, com a sua a\u00e7\u00e3o dinamog\u00eanica e tamb\u00e9m protetora do par\u00eanquima contra agentes nocivos e vitaminas do Complexo B que, ao mesmo tempo em que aumentam o mecanismo protetor natural, estimulam o poder transmetilante do f\u00edgado.<\/p>\n<p>Como hepatoprotetor , antes ou depois dos tratamentos com endectocidas, endoparasiticidas ou ectoparasiticidas, favorecendo, dessa maneira a metila\u00e7\u00e3o das diferentes subst\u00e2ncias qu\u00edmicas, vindo a facilitar sua elimina\u00e7\u00e3o do organismo.&nbsp;<\/p>\n<p>Como imunoestimulante, nos per\u00edodos de vacina\u00e7\u00e3o, auxiliando na forma\u00e7\u00e3o de anticorpos.&nbsp;<\/p>\n<p>Como tratamento de suporte na recupera\u00e7\u00e3o do animal nos acidentes provocados pela ingest\u00e3o acidental ou mesmo nas dilui\u00e7\u00f5es incorretas de subst\u00e2ncias qu\u00edmicas letais (inseticidas, rodenticidas, plantas t\u00f3xicas, alimentos deteriorados).&nbsp;<\/p>\n<p>Como agente lipotr\u00f3pico, promovendo a convers\u00e3o da gordura hep\u00e1tica em fosfolip\u00eddios, os quais podem ser transferidos mais rapidamente do f\u00edgado para o sangue, evitando assim, a esteatose hep\u00e1tica (degenera\u00e7\u00e3o gordurosa).<\/p>\n<p>Dosagem:<\/p>\n<p>Animais de grande porte (bovinos e eq\u00fc\u00eddeos) de 20 a 100 mL \/ dia;<\/p>\n<p>Animais de m\u00e9dio porte (potros, bezerros, caprinos, ovinos e su\u00ednos) de 10 a 30 mL \/ dia;<\/p>\n<p>Animais de pequeno porte (c\u00e3es, gatos, leit\u00f5es) de 2 a 10 mL \/ dia.<\/p>\n<p>A dura\u00e7\u00e3o do tratamento fica a crit\u00e9rio do M\u00e9dico Veterin\u00e1rio.<\/p>\n<p>Administra\u00e7\u00e3o:<\/p>\n<p>Inje\u00e7\u00f5es intramusculares ou endovenosas.<\/p>\n<p>Precau\u00e7\u00f5es:<\/p>\n<p>Desinfetar o local da aplica\u00e7\u00e3o.&nbsp;<\/p>\n<p>Usar seringas e agulhas descart\u00e1veis ou esterilizadas.<\/p>\n<p>Apresenta\u00e7\u00e3o:<\/p>\n<p>Frasco-ampola de 20 e 100 mL.<\/p>\n<p>Classe Terap\u00eautica:<\/p>\n<p>OUTROS<\/p>\n<p>Princ\u00edpio(s) Ativo(s):<\/p>\n<p>GLICOSE<\/p>\n<p>COMPLEXOS VITAM\u00cdNICOS E AMINO\u00c1CIDOS ANTIT\u00d3XICO<\/p>\n<p>Registro no Minist\u00e9rio da Agricultura, Pecu\u00e1ria e Abastecimento:<\/p>\n<p>0125 em 25\/06\/70<\/p>\n<p>Respons\u00e1vel T\u00e9cnico:<\/p>\n<p>Dr\u00aa Patricia Pedroso Porto &#8211; CRMV: RJ n\u00ba 3273<\/p>\n<p>&nbsp;<\/p>\n","protected":false},"excerpt":{"rendered":"<p>Facilitando a elimina\u00e7\u00e3o de toxinas do organismo, Mercepton \u00e9 um medicamento utilizado como estimulante do processo digestivo. O produto pode ser aplicado<\/p>\n","protected":false},"featured_media":16341,"template":"","meta":{"_acf_changed":false},"product_brand":[],"product_cat":[164,163,165],"product_tag":[1050],"class_list":{"0":"post-16340","1":"product","2":"type-product","3":"status-publish","4":"has-post-thumbnail","6":"product_cat-bovinos-e-ovinos","7":"product_cat-equinos","8":"product_cat-pet","9":"product_tag-bravet","11":"first","12":"instock","13":"shipping-taxable","14":"purchasable","15":"product-type-simple"},"acf":[],"_links":{"self":[{"href":"https:\/\/vetsul.com\/index.php\/wp-json\/wp\/v2\/product\/16340","targetHints":{"allow":["GET"]}}],"collection":[{"href":"https:\/\/vetsul.com\/index.php\/wp-json\/wp\/v2\/product"}],"about":[{"href":"https:\/\/vetsul.com\/index.php\/wp-json\/wp\/v2\/types\/product"}],"wp:featuredmedia":[{"embeddable":true,"href":"https:\/\/vetsul.com\/index.php\/wp-json\/wp\/v2\/media\/16341"}],"wp:attachment":[{"href":"https:\/\/vetsul.com\/index.php\/wp-json\/wp\/v2\/media?parent=16340"}],"wp:term":[{"taxonomy":"product_brand","embeddable":true,"href":"https:\/\/vetsul.com\/index.php\/wp-json\/wp\/v2\/product_brand?post=16340"},{"taxonomy":"product_cat","embeddable":true,"href":"https:\/\/vetsul.com\/index.php\/wp-json\/wp\/v2\/product_cat?post=16340"},{"taxonomy":"product_tag","embeddable":true,"href":"https:\/\/vetsul.com\/index.php\/wp-json\/wp\/v2\/product_tag?post=16340"}],"curies":[{"name":"wp","href":"https:\/\/api.w.org\/{rel}","templated":true}]}}