{"id":16338,"date":"2018-01-03T11:28:39","date_gmt":"2018-01-03T13:28:39","guid":{"rendered":"http:\/\/35.194.95.18\/wp-admin\/?post_type=product&#038;p=16338"},"modified":"2025-02-07T16:00:09","modified_gmt":"2025-02-07T19:00:09","slug":"jofatox-100ml","status":"publish","type":"product","link":"https:\/\/vetsul.com\/index.php\/product\/jofatox-100ml\/","title":{"rendered":"Jofatox 100ml"},"content":{"rendered":"<p>USO VETERIN\u00c1RIO<\/p>\n<p>F\u00d3RMULA<\/p>\n<p>Cada 100 mL cont\u00e9m:<\/p>\n<p>Acetilmetionina<span style=\"white-space:pre\">\t<\/span>10,0 g<\/p>\n<p>Bitartarato de colina<span style=\"white-space:pre\">\t<\/span>10,0 g<\/p>\n<p>Inositol<span style=\"white-space:pre\">\t<\/span>5,0 g<\/p>\n<p>Cloridrato de tiamina (vitamina B1)<span style=\"white-space:pre\">\t<\/span>1,0 g<\/p>\n<p>Cloridrato de piridoxina (vitamina B6)<span style=\"white-space:pre\">\t<\/span>0,5 g<\/p>\n<p>Ve\u00edculo q.s.p.<span style=\"white-space:pre\">\t<\/span>100,0 mL<\/p>\n<p>INDICA\u00c7\u00d5ES: Coadjuvante nas hepatopatias (cirrose, esteatose), nefrites t\u00f3xicas e intoxica\u00e7\u00f5es alimentares. Auxiliar nas intoxica\u00e7\u00f5es por plantas e produtos qu\u00edmicos usados na agricultura e pecu\u00e1ria. Nos per\u00edodos p\u00f3soperat\u00f3rios, animais em convalescen\u00e7a de enfermidades infecciosas ou parasit\u00e1rias (piroplasmose e leptospirose). Nos dist\u00farbios gastrointestinais (n\u00e1useas, v\u00f4mitos, atonia g\u00e1strica). Auxiliar nas anemias do tipo hipocr\u00f4micas e no stress.<\/p>\n<p>ATEN\u00c7\u00c3O: OBEDECER AOS SEGUINTES PER\u00cdODOS DE CAR\u00caNCIA:<\/p>\n<p>ABATE: O PRODUTO N\u00c3O REQUER PER\u00cdODO DE CAR\u00caNCIA PARA O ABATE DOS BOVINOS, CAPRINOS, OVINOS E SU\u00cdNOS TRATADOS.<\/p>\n<p>LEITE: O PRODUTO N\u00c3O REQUER PER\u00cdODO DE CAR\u00caNCIA PARA O CONSUMO DO LEITE DOS BOVINOS E CAPRINOS TRATADOS. A UTILIZA\u00c7\u00c3O DO PRODUTO EM CONDI\u00c7\u00d5ES DIFERENTES DAS INDICADAS NESTA BULA PODE CAUSAR A PRESEN\u00c7A DE RES\u00cdDUOS DO PRODUTO ACIMA DOS LIMITES APROVADOS, TORNANDO O ALIMENTO DE ORIGEM ANIMAL IMPR\u00d3PRIO PARA O CONSUMO<\/p>\n<p>CONTRAINDICA\u00c7\u00d5ES: N\u00e3o apresenta.<\/p>\n<p>VIA DE ADMINISTRA\u00c7\u00c3O, POSOLOGIA E MODO DE USAR: Via parenteral: intramuscular, endovenosa ou subcut\u00e2nea. Animais de grande porte: 25 a 50 mL\/dia Animais de m\u00e9dio porte: 10 a 15 mL\/dia Animais de pequeno porte: 2 a 5 mL\/dia<\/p>\n<p>PRECAU\u00c7\u00d5ES DE USO: Quando a aplica\u00e7\u00e3o for endovenosa, esta dever\u00e1 ser lenta. Conservar em local seco e fresco, ao abrigo da luz solar, fora do alcance de crian\u00e7as.<\/p>\n","protected":false},"excerpt":{"rendered":"<p>USO VETERIN\u00c1RIO F\u00d3RMULA Cada 100 mL cont\u00e9m: Acetilmetionina 10,0 g Bitartarato de colina 10,0 g Inositol 5,0 g Cloridrato de tiamina (vitamina<\/p>\n","protected":false},"featured_media":16339,"template":"","meta":{"_acf_changed":false},"product_brand":[],"product_cat":[164,163],"product_tag":[1055],"class_list":{"0":"post-16338","1":"product","2":"type-product","3":"status-publish","4":"has-post-thumbnail","6":"product_cat-bovinos-e-ovinos","7":"product_cat-equinos","8":"product_tag-jofadel","10":"first","11":"instock","12":"purchasable","13":"product-type-simple"},"acf":[],"_links":{"self":[{"href":"https:\/\/vetsul.com\/index.php\/wp-json\/wp\/v2\/product\/16338","targetHints":{"allow":["GET"]}}],"collection":[{"href":"https:\/\/vetsul.com\/index.php\/wp-json\/wp\/v2\/product"}],"about":[{"href":"https:\/\/vetsul.com\/index.php\/wp-json\/wp\/v2\/types\/product"}],"wp:featuredmedia":[{"embeddable":true,"href":"https:\/\/vetsul.com\/index.php\/wp-json\/wp\/v2\/media\/16339"}],"wp:attachment":[{"href":"https:\/\/vetsul.com\/index.php\/wp-json\/wp\/v2\/media?parent=16338"}],"wp:term":[{"taxonomy":"product_brand","embeddable":true,"href":"https:\/\/vetsul.com\/index.php\/wp-json\/wp\/v2\/product_brand?post=16338"},{"taxonomy":"product_cat","embeddable":true,"href":"https:\/\/vetsul.com\/index.php\/wp-json\/wp\/v2\/product_cat?post=16338"},{"taxonomy":"product_tag","embeddable":true,"href":"https:\/\/vetsul.com\/index.php\/wp-json\/wp\/v2\/product_tag?post=16338"}],"curies":[{"name":"wp","href":"https:\/\/api.w.org\/{rel}","templated":true}]}}