{"id":16330,"date":"2018-01-03T11:04:21","date_gmt":"2018-01-03T13:04:21","guid":{"rendered":"http:\/\/35.194.95.18\/wp-admin\/?post_type=product&#038;p=16330"},"modified":"2025-04-03T16:12:28","modified_gmt":"2025-04-03T19:12:28","slug":"cb-30-t-a","status":"publish","type":"product","link":"https:\/\/vetsul.com\/index.php\/product\/cb-30-t-a\/","title":{"rendered":"CB-30 T.A."},"content":{"rendered":"<p>CB-30 T.A. OUROFINO tem como principal composto o cloreto de alquil dimetil benzil am\u00f4nio, que \u00e9 um agente cati\u00f4nico de atividade em superf\u00edcie, com poderosa a\u00e7\u00e3o germicida.&nbsp;<\/p>\n<p>Usado corretamente nas dilui\u00e7\u00f5es recomendadas \u00e9 altamente eficaz contra bact\u00e9rias, fungos e esporos.<\/p>\n<p>F\u00f3rmula:<\/p>\n<p>Cada 100 ml cont\u00e9m:<\/p>\n<p>Cloreto de alquil dimetil benzil am\u00f4nio (100{bad89740ab836af8afd78adf22d5854117f226b234e4f8ee83a0ac8d28f68ffc})&#8230;&#8230;&#8230;&#8230; 30,0 g<\/p>\n<p>Poliexietilenonilfenileter &#8230;&#8230;&#8230;&#8230;&#8230;&#8230;&#8230;&#8230;&#8230;&#8230;&#8230;&#8230;&#8230;&#8230;.. 5,0 g<\/p>\n<p>Ve\u00edculo q.s.p. &#8230;&#8230;&#8230;&#8230;&#8230;&#8230;&#8230;&#8230;&#8230;&#8230;&#8230;&#8230;&#8230;&#8230;&#8230;&#8230;&#8230;.. 100,0 ml<\/p>\n<p>Indica\u00e7\u00f5es:<\/p>\n<p>CB-30 T.A. tem como principal composto o cloreto de alquil dimetil benzil am\u00f4nio, que \u00e9 um agente cati\u00f4nico de atividade em superf\u00edcie, com poderosa a\u00e7\u00e3o germicida. Usado corretamente nas dilui\u00e7\u00f5es recomendadas \u00e9 altamente eficaz contra bact\u00e9rias, fungos e esporos.<\/p>\n<p>Dosagem:<\/p>\n<p>MODO DE USO E DOSAGENS:<\/p>\n<p>O produto deve ser usado dilu\u00eddo na \u00e1gua e aplicado nas seguintes propor\u00e7\u00f5es:&nbsp;<\/p>\n<p>Desinfec\u00e7\u00e3o em geral (uniformes, paredes e pisos), lavagem e assepsias de feridas e frieiras: Utilizar CB-30 T.A. 1:3.000 (10 ml em 30 litros de \u00e1gua).<\/p>\n<p>Pulveriza\u00e7\u00e3o e desinfec\u00e7\u00e3o de cama de aves, avi\u00e1rios, c\u00e2maras incubadoras, bandejas, equipamentos em geral, maternidades, creches, ordenhadeiras mec\u00e2nicas, \u00faberes, m\u00e3os do ordenhador, rodol\u00favio, pedil\u00favio: Utilizar CB-30 T.A. 1:2.000 (10 ml em 20 litros de \u00e1gua).<\/p>\n<p>Desinfec\u00e7\u00e3o de caixas e reservat\u00f3rios de \u00e1gua: Utilizar CB-30 T.A. 1:6.000 (10 ml em 60 litrod de \u00e1gua).<\/p>\n<p>Pulveriza\u00e7\u00e3o das aves no galp\u00e3o, semanalmente usando atomizador: Utilizar CB-30 T.A. 1:200 (10 ml em 2 litros de \u00e1gua)..<\/p>\n<p>Administra\u00e7\u00e3o:<\/p>\n<p>Desinfec\u00e7\u00e3o em geral (uniformes, paredes e pisos), lavagem e assepsias de feridas e frieiras. Pulveriza\u00e7\u00e3o e desinfec\u00e7\u00e3o de cama de aves, avi\u00e1rios, c\u00e2maras incubadoras, bandejas, equipamentos em geral, maternidades, creches, ordenhadeiras mec\u00e2nicas, \u00faberes, m\u00e3os do ordenhador, rodol\u00favio, pedil\u00favio.<\/p>\n<p>Desinfec\u00e7\u00e3o de caixas e reservat\u00f3rios de \u00e1gua.<\/p>\n<p>Pulveriza\u00e7\u00e3o das aves no galp\u00e3o, semanalmente usando atomizador.<\/p>\n<p>Precau\u00e7\u00f5es:<\/p>\n<p>CB-30 T.A. apresenta uma ampla margem de seguran\u00e7a na dosagem indicada.<\/p>\n<p>N\u00e3o usar com sab\u00f5es e detergentes.<\/p>\n<p>Per\u00edodo de car\u00eancia: n\u00e3o se aplica.<\/p>\n<p>Apresenta\u00e7\u00e3o:<\/p>\n<p>Embalagens de 250 ml, 1, 5 e 20 litros.<\/p>\n<p>Classe Terap\u00eautica:<\/p>\n<p>ANTI-S\u00c9PTICOS E DESINFETANTES<\/p>\n<p>Princ\u00edpio(s) Ativo(s):<\/p>\n<p>CLORETO DE ALQUIL DIMETIL AM\u00d4NIO<\/p>\n<p>POLIOXI-ETILENO ALQUIL-FENOL-\u00c9TER<\/p>\n<p>Registro no Minist\u00e9rio da Agricultura, Pecu\u00e1ria e Abastecimento:<\/p>\n<p>3.100 em 13\/12\/88.<\/p>\n<p>Respons\u00e1vel T\u00e9cnico:<\/p>\n<p>Sandra Barioni &#8211; CRMV: CRMV-SP 14.817<\/p>\n<p>AMONIA<\/p>\n","protected":false},"excerpt":{"rendered":"<p>CB-30 T.A. OUROFINO tem como principal composto o cloreto de alquil dimetil benzil am\u00f4nio, que \u00e9 um agente cati\u00f4nico de atividade em<\/p>\n","protected":false},"featured_media":16331,"template":"","meta":{"_acf_changed":false},"product_brand":[955],"product_cat":[164,163,166,194],"product_tag":[363,860,1030,364],"class_list":{"0":"post-16330","1":"product","2":"type-product","3":"status-publish","4":"has-post-thumbnail","6":"product_brand-ouro-fino","7":"product_cat-bovinos-e-ovinos","8":"product_cat-equinos","9":"product_cat-equipamentos-utensilios-e-materiais-hospitalares","10":"product_cat-todos-os-produtos","11":"product_tag-amonia","12":"product_tag-covid","13":"product_tag-ouro-fino","14":"product_tag-quartenaria","16":"first","17":"instock","18":"purchasable","19":"product-type-simple"},"acf":[],"_links":{"self":[{"href":"https:\/\/vetsul.com\/index.php\/wp-json\/wp\/v2\/product\/16330","targetHints":{"allow":["GET"]}}],"collection":[{"href":"https:\/\/vetsul.com\/index.php\/wp-json\/wp\/v2\/product"}],"about":[{"href":"https:\/\/vetsul.com\/index.php\/wp-json\/wp\/v2\/types\/product"}],"wp:featuredmedia":[{"embeddable":true,"href":"https:\/\/vetsul.com\/index.php\/wp-json\/wp\/v2\/media\/16331"}],"wp:attachment":[{"href":"https:\/\/vetsul.com\/index.php\/wp-json\/wp\/v2\/media?parent=16330"}],"wp:term":[{"taxonomy":"product_brand","embeddable":true,"href":"https:\/\/vetsul.com\/index.php\/wp-json\/wp\/v2\/product_brand?post=16330"},{"taxonomy":"product_cat","embeddable":true,"href":"https:\/\/vetsul.com\/index.php\/wp-json\/wp\/v2\/product_cat?post=16330"},{"taxonomy":"product_tag","embeddable":true,"href":"https:\/\/vetsul.com\/index.php\/wp-json\/wp\/v2\/product_tag?post=16330"}],"curies":[{"name":"wp","href":"https:\/\/api.w.org\/{rel}","templated":true}]}}