{"id":16326,"date":"2018-01-03T10:58:12","date_gmt":"2018-01-03T12:58:12","guid":{"rendered":"http:\/\/35.194.95.18\/wp-admin\/?post_type=product&#038;p=16326"},"modified":"2025-04-03T16:12:28","modified_gmt":"2025-04-03T19:12:28","slug":"acarmic-amitraz-12-5","status":"publish","type":"product","link":"https:\/\/vetsul.com\/index.php\/product\/acarmic-amitraz-12-5\/","title":{"rendered":"Acarmic Amitraz 12,5%"},"content":{"rendered":"<p>COMPOSI\u00c7\u00c3O<\/p>\n<p>Amitraz12,5 g.<\/p>\n<p>Ve\u00edculo q.s.p.100 ml.<\/p>\n<p>INDICA\u00c7\u00d5ES:<\/p>\n<p>Carrapaticida, Sarnicida e Piolhicida emulsion\u00e1vel. Para combater carrapatos dos bovinos: Boophilus microplus, e o tratamento de infesta\u00e7\u00f5es por piolhos e sarnas nos bovinos e ovinos.<\/p>\n<p>DOSAGEM:<\/p>\n<p>Bovinos: Banhos de imers\u00e3o: p\u00e9 de banho 3,2 L de Acarmic e 10 kg de p\u00f3 estabilizador cada 2000 L de \u00e1gua. Quando o volume inicial diminuir 10 {bad89740ab836af8afd78adf22d5854117f226b234e4f8ee83a0ac8d28f68ffc}, repor ou refor\u00e7ar em seco. Reposi\u00e7\u00e3o: 3,2 L de Acarmic e 10 kg de p\u00f3 estabilizador cada 1000 L de \u00e1gua a repor. Refor\u00e7o em seco: 1,6 lts de Acarmic e 5 kg de p\u00f3 estabilizador cada 1000 L que perca o banho. Aspers\u00e3o: 800 ml de Acarmic cada 500 L de \u00e1gua. Aplicar a emuls\u00e3o final por aspers\u00e3o usando 1 litro por animal aproximadamente. O produto permite tratar animais de todas as idades. O intervalo entre os banhos, objetivando limpar as pastagens de carrapatos, deve ser inicialmente de 21 dias, posteriormente os banhos podem ser feitos cada 30 dias pelo seu poder residual. Ovinos: Banhos de imers\u00e3o: p\u00e9 de banho 3,2 L de Acarmic e 10 kg de p\u00f3 estabilizador cada 1000 L de \u00e1gua. Quando o banho perder 10 {bad89740ab836af8afd78adf22d5854117f226b234e4f8ee83a0ac8d28f68ffc} do volume inicial, deve-se repor e refor\u00e7ar. Reposi\u00e7\u00e3o: 1,6 L de Acarmic cada 250 L de \u00e1gua reposta. Refor\u00e7o em seco: 1,6 L de Acarmic cada 500 L que perca o banho. Um s\u00f3 tratamento \u00e9 100 {bad89740ab836af8afd78adf22d5854117f226b234e4f8ee83a0ac8d28f68ffc} eficaz contra sarna ovina. Por seguran\u00e7a no manejo \u00e9 aconselh\u00e1vel repetir o tratamento a intervalos que n\u00e3o ultrapassem os 12 dias. Para o uso certo de Acarmic em banhos de imers\u00e3o de bovinos ou ovinos, o tempo de imers\u00e3o m\u00ednimo dos animais deve ser de 1 minuto, submergindo a cabe\u00e7a de cada um pelo menos 2 vezes.<\/p>\n<p>MODO DE EMPREGO \/ VIDA DE ADMINISTRA\u00c7\u00c3O:<\/p>\n<p>Bovinos: aplicado atrav\u00e9s de banhos de imers\u00e3o ou aspers\u00e3o.<\/p>\n<p>Ovinos: aplicado atrav\u00e9s de banhos de imers\u00e3o.<\/p>\n<p>PRECAU\u00c7\u00d5ES<\/p>\n<p>N\u00e3o abater animais para o consumo humano, nem consumir o leite, at\u00e9 passadas 24 horas do \u00faltimo tratamento. Em caso de ingest\u00e3o acidental, provocar o v\u00f4mito e chamar o M\u00e9dico. N\u00e3o use a embalagem vazia, descartar de forma segura evitando contaminar o meio ambiente. Manter fora do alcan\u00e7e das crian\u00e7as e aminais dom\u00e9sticos.<\/p>\n","protected":false},"excerpt":{"rendered":"<p>COMPOSI\u00c7\u00c3O Amitraz12,5 g. Ve\u00edculo q.s.p.100 ml. INDICA\u00c7\u00d5ES: Carrapaticida, Sarnicida e Piolhicida emulsion\u00e1vel. Para combater carrapatos dos bovinos: Boophilus microplus, e o tratamento<\/p>\n","protected":false},"featured_media":16327,"template":"","meta":{"_acf_changed":false},"product_brand":[962],"product_cat":[167],"product_tag":[],"class_list":{"0":"post-16326","1":"product","2":"type-product","3":"status-publish","4":"has-post-thumbnail","6":"product_brand-microsules","7":"product_cat-vermifugos-e-carrapaticidas","9":"first","10":"instock","11":"shipping-taxable","12":"purchasable","13":"product-type-simple"},"acf":[],"_links":{"self":[{"href":"https:\/\/vetsul.com\/index.php\/wp-json\/wp\/v2\/product\/16326","targetHints":{"allow":["GET"]}}],"collection":[{"href":"https:\/\/vetsul.com\/index.php\/wp-json\/wp\/v2\/product"}],"about":[{"href":"https:\/\/vetsul.com\/index.php\/wp-json\/wp\/v2\/types\/product"}],"wp:featuredmedia":[{"embeddable":true,"href":"https:\/\/vetsul.com\/index.php\/wp-json\/wp\/v2\/media\/16327"}],"wp:attachment":[{"href":"https:\/\/vetsul.com\/index.php\/wp-json\/wp\/v2\/media?parent=16326"}],"wp:term":[{"taxonomy":"product_brand","embeddable":true,"href":"https:\/\/vetsul.com\/index.php\/wp-json\/wp\/v2\/product_brand?post=16326"},{"taxonomy":"product_cat","embeddable":true,"href":"https:\/\/vetsul.com\/index.php\/wp-json\/wp\/v2\/product_cat?post=16326"},{"taxonomy":"product_tag","embeddable":true,"href":"https:\/\/vetsul.com\/index.php\/wp-json\/wp\/v2\/product_tag?post=16326"}],"curies":[{"name":"wp","href":"https:\/\/api.w.org\/{rel}","templated":true}]}}