{"id":16320,"date":"2018-01-03T10:44:15","date_gmt":"2018-01-03T12:44:15","guid":{"rendered":"http:\/\/35.194.95.18\/wp-admin\/?post_type=product&#038;p=16320"},"modified":"2025-04-03T16:12:21","modified_gmt":"2025-04-03T19:12:21","slug":"aminomix-potros-jcr-3kg","status":"publish","type":"product","link":"https:\/\/vetsul.com\/index.php\/product\/aminomix-potros-jcr-3kg\/","title":{"rendered":"Aminomix Potros JCR 3kg"},"content":{"rendered":"<p>62 Componentes \u2013 Rico em Lisina, Treonina, Nucleot\u00eddeos,<\/p>\n<p>C\u00e1lcio e F\u00f3sforo: para o crescimento e desenvolvimento<\/p>\n<p><\/p>\n<p>Aminomix Potros JCR \u00e9 um suplemento indicado para equinos em fase de crescimento e desenvolvimento. Cont\u00e9m os nutrientes necess\u00e1rios para a constru\u00e7\u00e3o tecidual, em especial o m\u00fasculo-esquel\u00e9tico, promovendo uma base perfeita para o in\u00edcio do treinamento e vida adulta.<\/p>\n<p><\/p>\n<p>Apresenta 21 amino\u00e1cidos, fundamentais \u00e0 s\u00edntese prot\u00e9ica, sendo 18{bad89740ab836af8afd78adf22d5854117f226b234e4f8ee83a0ac8d28f68ffc} de Lisina e 12{bad89740ab836af8afd78adf22d5854117f226b234e4f8ee83a0ac8d28f68ffc} de Treonina. A f\u00f3rmula possui n\u00edveis ideais de C\u00e1lcio e F\u00f3sforo, equilibrados (propor\u00e7\u00e3o 2:1).<\/p>\n<p><\/p>\n<p>O produto tamb\u00e9m cont\u00e9m \u00d4megas 3, 6 e 9, que auxiliam a integridade celular, sa\u00fade da pele e qualidade de pelagem; \u00c1cido F\u00f3lico, Vitamina B12, Ferro, Zinco, Cobre e Cobalto, atuam nas c\u00e9lulas em r\u00e1pida multiplica\u00e7\u00e3o; Zeolita, rica no microelemento Sil\u00edcio, envolvido com o metabolismo do C\u00e1lcio e do F\u00f3sforo e com as rea\u00e7\u00f5es de forma\u00e7\u00e3o \u00f3ssea e leveduras vivas, com marcada a\u00e7\u00e3o probi\u00f3tica.<\/p>\n<p><\/p>\n<p>Os componentes Prebi\u00f3ticos (MOS, FOS, Glucanos e Enzimas Digestivas) e a Glutamina melhoram a absor\u00e7\u00e3o intestinal dos elementos da f\u00f3rmula.<\/p>\n<p><\/p>\n<p>PRINCIPAIS VANTAGENS<\/p>\n<p><\/p>\n<p>\u2022 Principais nutrientes para o desenvolvimento do cavalo atleta;<\/p>\n<p><\/p>\n<p>\u2022 Maior concentra\u00e7\u00e3o de amino\u00e1cidos, em especial Lisina e Treonina, envolvidos no crescimento;<\/p>\n<p><\/p>\n<p>\u2022 Presen\u00e7a de C\u00e1lcio e F\u00f3sforo, em equil\u00edbrio 2:1;<\/p>\n<p><\/p>\n<p>\u2022 Rico em Nucleot\u00eddeos;<\/p>\n<p><\/p>\n<p>\u2022 \u00d4mega 3, 6 e 9, Glutamina, \u00c1cido F\u00f3lico, Vitamina B12, Ferro, Zeolita (fonte de Sil\u00edcio), Pr\u00f3 e Prebi\u00f3ticos.<\/p>\n<p><\/p>\n<p>INDICA\u00c7\u00c3O<\/p>\n<p><\/p>\n<p>Aminomix Potros JCR \u00e9 indicado para o aux\u00edlio no crescimento e desenvolvimento de potros.<\/p>\n<p><\/p>\n<p>Cont\u00e9m os principais macro e micronutrientes fundamentais para a forma\u00e7\u00e3o do tecido m\u00fasculo-esquel\u00e9tico, melhorando o potencial gen\u00e9tico de cada animal de modo eficaz e seguro. Rico especialmente em Lisina, Treonina, Nucleot\u00eddeos, C\u00e1lcio, F\u00f3sforo e Zeolita (fonte de Sil\u00edcio biodispon\u00edvel), auxilia na forma\u00e7\u00e3o da base necess\u00e1ria para o suporte \u00e0 alta carga de exerc\u00edcios dos animais atletas, tanto em in\u00edcio de treinamento quanto durante toda a fase adulta.<\/p>\n<p><\/p>\n<p>MODO DE USAR<\/p>\n<p><\/p>\n<p>Potros de 4 a 6 meses: 50g\/dia;<\/p>\n<p><\/p>\n<p>Potros de 6 a 12 meses: 80g\/dia;<\/p>\n<p><\/p>\n<p>Potros de 12 a 18 meses: 100g\/dia;<\/p>\n<p><\/p>\n<p>Potros de 18 a 24 meses: 120g\/dia;<\/p>\n<p><\/p>\n<p>Potros de 24 a 36 meses: 160g\/dia.<\/p>\n<p><\/p>\n<p>De prefer\u00eancia dividir a quantidade acima em 2 administra\u00e7\u00f5es, pela manh\u00e3 e \u00e0 tarde. Poder\u00e3o ser utilizadas doses maiores (m\u00e1ximo de 240g\/dia) no caso de animais com d\u00e9ficit de crescimento.<\/p>\n<p><\/p>\n<p>APRESENTA\u00c7\u00c3O<\/p>\n<p><\/p>\n<p>Balde de 3kg&nbsp;<\/p>\n","protected":false},"excerpt":{"rendered":"<p>62 Componentes \u2013 Rico em Lisina, Treonina, Nucleot\u00eddeos, C\u00e1lcio e F\u00f3sforo: para o crescimento e desenvolvimento Aminomix Potros JCR \u00e9 um suplemento<\/p>\n","protected":false},"featured_media":16321,"template":"","meta":{"_acf_changed":false},"product_brand":[954],"product_cat":[164,163,173,178],"product_tag":[991],"class_list":{"0":"post-16320","1":"product","2":"type-product","3":"status-publish","4":"has-post-thumbnail","6":"product_brand-vetnil","7":"product_cat-bovinos-e-ovinos","8":"product_cat-equinos","9":"product_cat-suplementos-e-vitaminas","10":"product_cat-suplementos-e-vitaminas-2","11":"product_tag-vetnil","13":"first","14":"instock","15":"purchasable","16":"product-type-simple"},"acf":[],"_links":{"self":[{"href":"https:\/\/vetsul.com\/index.php\/wp-json\/wp\/v2\/product\/16320","targetHints":{"allow":["GET"]}}],"collection":[{"href":"https:\/\/vetsul.com\/index.php\/wp-json\/wp\/v2\/product"}],"about":[{"href":"https:\/\/vetsul.com\/index.php\/wp-json\/wp\/v2\/types\/product"}],"wp:featuredmedia":[{"embeddable":true,"href":"https:\/\/vetsul.com\/index.php\/wp-json\/wp\/v2\/media\/16321"}],"wp:attachment":[{"href":"https:\/\/vetsul.com\/index.php\/wp-json\/wp\/v2\/media?parent=16320"}],"wp:term":[{"taxonomy":"product_brand","embeddable":true,"href":"https:\/\/vetsul.com\/index.php\/wp-json\/wp\/v2\/product_brand?post=16320"},{"taxonomy":"product_cat","embeddable":true,"href":"https:\/\/vetsul.com\/index.php\/wp-json\/wp\/v2\/product_cat?post=16320"},{"taxonomy":"product_tag","embeddable":true,"href":"https:\/\/vetsul.com\/index.php\/wp-json\/wp\/v2\/product_tag?post=16320"}],"curies":[{"name":"wp","href":"https:\/\/api.w.org\/{rel}","templated":true}]}}