{"id":16318,"date":"2018-01-03T10:41:33","date_gmt":"2018-01-03T12:41:33","guid":{"rendered":"http:\/\/35.194.95.18\/wp-admin\/?post_type=product&#038;p=16318"},"modified":"2025-02-07T16:00:09","modified_gmt":"2025-02-07T19:00:09","slug":"aminomix-pet-500gr","status":"publish","type":"product","link":"https:\/\/vetsul.com\/index.php\/product\/aminomix-pet-500gr\/","title":{"rendered":"Aminomix Pet 500gr"},"content":{"rendered":"<p>Constru\u00e7\u00e3o estrat\u00e9gica de campe\u00f5es<\/p>\n<p>Aminomix Pet auxilia na melhora da qualidade nutricional dos alimentos (ra\u00e7\u00f5es, farinhadas, misturas de sementes ou comida caseira), fornecendo as doses essenciais de vitaminas, minerais e amino\u00e1cidos, de forma que a cria\u00e7\u00e3o possa expressar o seu melhor.<\/p>\n<p>INDICA\u00c7\u00c3O DO PRODUTO<\/p>\n<p>Suplementa\u00e7\u00e3o de amino\u00e1cidos, vitaminas, macro e microminerais para caninos, felinos, aves, r\u00e9pteis, mustel\u00eddeos e roedores. Auxiliar na melhora da qualidade nutricional dos alimentos, auxiliar na suplementa\u00e7\u00e3o nas fases cr\u00edticas da cria\u00e7\u00e3o (crescimento, desenvolvimento, gesta\u00e7\u00e3o, lacta\u00e7\u00e3o e geriatria). Preparo de animais para exposi\u00e7\u00f5es e melhorador da performance de c\u00e3es em treinamento.<\/p>\n<p>N\u00cdVEIS DE GARANTIA POR KG DO PRODUTO<\/p>\n<p>Vitamina A (M\u00edn.)<span style=\"white-space:pre\">\t<\/span>1.000.000 UI<\/p>\n<p>Vitamina D3 (M\u00edn.)<span style=\"white-space:pre\">\t<\/span>50.000 UI<\/p>\n<p>Vitamina E (M\u00edn.)<span style=\"white-space:pre\">\t<\/span>1.000 UI<\/p>\n<p>Vitamina B1 (M\u00edn.)<span style=\"white-space:pre\">\t<\/span>200 mg<\/p>\n<p>Vitamina B2 (M\u00edn.)<span style=\"white-space:pre\">\t<\/span> 200 mg<\/p>\n<p>Vitamina B6 (M\u00edn.)<span style=\"white-space:pre\">\t<\/span> 100 mg<\/p>\n<p>Vitamina B12 (M\u00edn.)<span style=\"white-space:pre\">\t<\/span> 2.000 mcg<\/p>\n<p>Vitamina C (M\u00edn.)<span style=\"white-space:pre\">\t<\/span>5.000 mg<\/p>\n<p>Biotina (M\u00edn.)<span style=\"white-space:pre\">\t<\/span>18 mg<\/p>\n<p>\u00c1cido Nicot\u00ednico (M\u00edn.)<span style=\"white-space:pre\">\t<\/span>600 mg<\/p>\n<p>Pantotenato de C\u00e1lcio (M\u00edn.)<span style=\"white-space:pre\">\t<\/span>400 mg<\/p>\n<p>Taurina (M\u00edn.)<span style=\"white-space:pre\">\t<\/span>1.000 mg<\/p>\n<p>L-Carnitina (M\u00edn.)<span style=\"white-space:pre\">\t<\/span>10 g<\/p>\n<p>Colina (M\u00edn.)<span style=\"white-space:pre\">\t<\/span>5.000 mg<\/p>\n<p>Lisina (M\u00edn.)<span style=\"white-space:pre\">\t<\/span>14,215 g<\/p>\n<p>Histidina (M\u00edn.)<span style=\"white-space:pre\">\t<\/span>499,74 mg<\/p>\n<p>Arginina (M\u00edn.)<span style=\"white-space:pre\">\t<\/span>1.850,5 mg<\/p>\n<p>\u00c1cido Asp\u00e1rtico (M\u00edn.)<span style=\"white-space:pre\">\t<\/span>271,8 mg<\/p>\n<p>Treonina (M\u00edn.)<span style=\"white-space:pre\">\t<\/span>269,3 mg<\/p>\n<p>Serina (M\u00edn.)<span style=\"white-space:pre\">\t<\/span>489,23 mg<\/p>\n<p>\u00c1cido Glut\u00e2mico (M\u00edn.)<span style=\"white-space:pre\">\t<\/span>1.350,43 mg<\/p>\n<p>Prolina (M\u00edn.)<span style=\"white-space:pre\">\t<\/span>5.131,4 mg<\/p>\n<p>Glicina (M\u00edn.)<span style=\"white-space:pre\">\t<\/span>6.011,8 mg<\/p>\n<p>Hidroxiprolina (M\u00edn.)<span style=\"white-space:pre\">\t<\/span>452 mg<\/p>\n<p>Alanina (M\u00edn.)<span style=\"white-space:pre\">\t<\/span>4.055 mg<\/p>\n<p>Ciste\u00edna (M\u00edn.)<span style=\"white-space:pre\">\t<\/span>124,6 mg<\/p>\n<p>Valina (M\u00edn.)<span style=\"white-space:pre\">\t<\/span>1.183,5 mg<\/p>\n<p>Metionina (M\u00edn.)<span style=\"white-space:pre\">\t<\/span>9.370,6 mg<\/p>\n<p>Isoleucina (M\u00edn.)<span style=\"white-space:pre\">\t<\/span>561,2 mg<\/p>\n<p>Leucina (M\u00edn.)<span style=\"white-space:pre\">\t<\/span>1.461 mg<\/p>\n<p>Tirosina (M\u00edn.)<span style=\"white-space:pre\">\t<\/span>444,3 mg<\/p>\n<p>Fenilalanina (M\u00edn.)<span style=\"white-space:pre\">\t<\/span>881,1 mg<\/p>\n<p>Triptofano (M\u00edn.)<span style=\"white-space:pre\">\t<\/span>89,7 mg<\/p>\n<p>Saccharomyces cerevisiae<span style=\"white-space:pre\">\t<\/span>9 x 109 UFC<\/p>\n<p>\u00c1cido F\u00f3lico (M\u00edn.)<span style=\"white-space:pre\">\t<\/span>1.000 mg<\/p>\n<p>Magn\u00e9sio (M\u00edn.)<span style=\"white-space:pre\">\t<\/span>12,6 g<\/p>\n<p>Enxofre (M\u00edn.)<span style=\"white-space:pre\">\t<\/span>200 mg<\/p>\n<p>Iodo (M\u00edn.)<span style=\"white-space:pre\">\t<\/span>93 mg<\/p>\n<p>Ferro (M\u00edn.)<span style=\"white-space:pre\">\t<\/span>112 mg<\/p>\n<p>Cobalto (M\u00edn.)<span style=\"white-space:pre\">\t<\/span>40 mg<\/p>\n<p>Cobre (M\u00edn.)<span style=\"white-space:pre\">\t<\/span>75 mg<\/p>\n<p>Zinco (M\u00edn.)<span style=\"white-space:pre\">\t<\/span>1.700 mg<\/p>\n<p>Mangan\u00eas (M\u00edn.)<span style=\"white-space:pre\">\t<\/span>340 mg<\/p>\n<p>Sel\u00eanio (M\u00edn.)<span style=\"white-space:pre\">\t<\/span>10 mg<\/p>\n<p>C\u00e1lcio (M\u00edn.)<span style=\"white-space:pre\">\t<\/span>150,5 g<\/p>\n<p>&nbsp; &nbsp; &nbsp; &nbsp; &nbsp; &nbsp; (M\u00e1x.)<span style=\"white-space:pre\">\t<\/span>157 g<\/p>\n<p>F\u00f3sforo (M\u00edn.)<span style=\"white-space:pre\">\t<\/span>74,8 g<\/p>\n<p>S\u00f3dio (M\u00edn.)<span style=\"white-space:pre\">\t<\/span>2.100 mg<\/p>\n<p>MODO DE USAR<\/p>\n<p>Para ser incorporado ao alimento ou ra\u00e7\u00e3o. Incorporar na propor\u00e7\u00e3o de 0,5 g do produto por kg de peso corporal do animal, atrav\u00e9s da medida dosadora contida no interior da embalagem (dose m\u00e1xima di\u00e1ria de 20 g), ou 1 a 2{bad89740ab836af8afd78adf22d5854117f226b234e4f8ee83a0ac8d28f68ffc} da dieta di\u00e1ria (10 a 20 g por kg de alimento ou ra\u00e7\u00e3o).<\/p>\n","protected":false},"excerpt":{"rendered":"<p>Constru\u00e7\u00e3o estrat\u00e9gica de campe\u00f5es Aminomix Pet auxilia na melhora da qualidade nutricional dos alimentos (ra\u00e7\u00f5es, farinhadas, misturas de sementes ou comida caseira),<\/p>\n","protected":false},"featured_media":16319,"template":"","meta":{"_acf_changed":false},"product_brand":[954],"product_cat":[165,182],"product_tag":[991],"class_list":{"0":"post-16318","1":"product","2":"type-product","3":"status-publish","4":"has-post-thumbnail","6":"product_brand-vetnil","7":"product_cat-pet","8":"product_cat-suplementos-e-vitaminas-3","9":"product_tag-vetnil","11":"first","12":"instock","13":"purchasable","14":"product-type-simple"},"acf":[],"_links":{"self":[{"href":"https:\/\/vetsul.com\/index.php\/wp-json\/wp\/v2\/product\/16318","targetHints":{"allow":["GET"]}}],"collection":[{"href":"https:\/\/vetsul.com\/index.php\/wp-json\/wp\/v2\/product"}],"about":[{"href":"https:\/\/vetsul.com\/index.php\/wp-json\/wp\/v2\/types\/product"}],"wp:featuredmedia":[{"embeddable":true,"href":"https:\/\/vetsul.com\/index.php\/wp-json\/wp\/v2\/media\/16319"}],"wp:attachment":[{"href":"https:\/\/vetsul.com\/index.php\/wp-json\/wp\/v2\/media?parent=16318"}],"wp:term":[{"taxonomy":"product_brand","embeddable":true,"href":"https:\/\/vetsul.com\/index.php\/wp-json\/wp\/v2\/product_brand?post=16318"},{"taxonomy":"product_cat","embeddable":true,"href":"https:\/\/vetsul.com\/index.php\/wp-json\/wp\/v2\/product_cat?post=16318"},{"taxonomy":"product_tag","embeddable":true,"href":"https:\/\/vetsul.com\/index.php\/wp-json\/wp\/v2\/product_tag?post=16318"}],"curies":[{"name":"wp","href":"https:\/\/api.w.org\/{rel}","templated":true}]}}