{"id":16314,"date":"2018-01-03T10:33:47","date_gmt":"2018-01-03T12:33:47","guid":{"rendered":"http:\/\/35.194.95.18\/wp-admin\/?post_type=product&#038;p=16314"},"modified":"2025-04-03T16:12:21","modified_gmt":"2025-04-03T19:12:21","slug":"aminomix-forte-5kg","status":"publish","type":"product","link":"https:\/\/vetsul.com\/index.php\/product\/aminomix-forte-5kg\/","title":{"rendered":"Aminomix Forte 5kg"},"content":{"rendered":"<p>Constru\u00e7\u00e3o estrat\u00e9gica de campe\u00f5es<\/p>\n<p>Cont\u00e9m os nutrientes essenciais \u00e0 alimenta\u00e7\u00e3o do cavalo atleta, reunindo em sua formula\u00e7\u00e3o Macro e Micro Minerais, Vitaminas, Leveduras e Amino\u00e1cidos essenciais e de import\u00e2ncia, proporcionando a utiliza\u00e7\u00e3o dos alimentos para o desempenho das fun\u00e7\u00f5es atl\u00e9ticas dos cavalos de alta performance. Propicia o desenvolvimento na cria\u00e7\u00e3o de equinos, avestruzes e su\u00ednos<\/p>\n<p>Os ingredientes prontamente assimil\u00e1veis em sua f\u00f3rmula propiciam uma melhora do estado geral dos animais. Aminomix Forte cont\u00e9m Ferro, Cobre e Zinco quelatados, o que melhora o aproveitamento dos mesmos e assegura a absor\u00e7\u00e3o das vitaminas pela n\u00e3o forma\u00e7\u00e3o de complexos insol\u00faveis.<\/p>\n<p>Aminomix Forte tamb\u00e9m cont\u00e9m Leveduras Vivas (Saccharomyces cerevisiae) e enzimas, proporcionando melhor digestibilidade dos alimentos e, consequentemente, uma melhor convers\u00e3o alimentar.<\/p>\n<p>INDICA\u00c7\u00c3O DO PRODUTO<\/p>\n<p>Suplementa\u00e7\u00e3o de amino\u00e1cidos, vitaminas, macro e microminerais para alimenta\u00e7\u00e3o de equinos, muares, asininos, avestruzes e su\u00ednos. Cont\u00e9m nutrientes essenciais \u00e0 alimenta\u00e7\u00e3o dos animais. Re\u00fane em sua formula\u00e7\u00e3o macro e micro minerais, vitaminas e amino\u00e1cidos, sendo indicado para animais em crescimento, ganho de massa corporal, est\u00edmulo do apetite e preparo para competi\u00e7\u00f5es e exposi\u00e7\u00f5es. Cont\u00e9m ainda leveduras vivas (probi\u00f3tico), que auxiliam no desenvolvimento de uma microbiota intestinal saud\u00e1vel, proporcionando melhor digestibilidade dos alimentos e, consequentemente, uma melhor convers\u00e3o alimentar.<\/p>\n<p>N\u00cdVEIS DE GARANTIA POR KG DO PRODUTO<\/p>\n<p>Vitamina A (M\u00edn.) 2.000.000UI<\/p>\n<p>Vitamina B1 (M\u00edn.) 250mg<\/p>\n<p>Vitamina B12 (M\u00edn.) 1.000mcg<\/p>\n<p>Vitamina B2 (M\u00edn.) 200mg<\/p>\n<p>Vitamina B6 (M\u00edn.) 200mg<\/p>\n<p>Vitamina C (M\u00edn.) 5.000mg<\/p>\n<p>Vitamina D3 (M\u00edn.) 150.000UI<\/p>\n<p>Vitamina E (M\u00edn.) 1.000UI<\/p>\n<p>Biotina (M\u00edn.) 50mg<\/p>\n<p>\u00c1cido Nicot\u00ednico (M\u00edn.) 600mg<\/p>\n<p>\u00c1cido F\u00f3lico (M\u00edn.) 200mg<\/p>\n<p>Pantotenato de C\u00e1lcio (M\u00edn.) 500mg<\/p>\n<p>Colina (M\u00edn.) 4.850mg<\/p>\n<p>\u00c1cido Asp\u00e1rtico (M\u00edn.) 508mg<\/p>\n<p>\u00c1cido Glut\u00e2mico (M\u00edn.) 2.925mg<\/p>\n<p>Alanina (M\u00edn.) 7.120mg<\/p>\n<p>Arginina (M\u00edn.) 4.010mg<\/p>\n<p>Ciste\u00edna (M\u00edn.) 224mg<\/p>\n<p>Fenilalanina (M\u00edn.) 1.626mg<\/p>\n<p>Glicina (M\u00edn.) 12,69g<\/p>\n<p>Histidina (M\u00edn.) 348mg<\/p>\n<p>Isoleucina (M\u00edn.) 1.378mg<\/p>\n<p>L-Carnitina (M\u00edn.) 10g<\/p>\n<p>Leucina (M\u00edn.) 2.801mg<\/p>\n<p>Lisina (M\u00edn.) 23,22g<\/p>\n<p>Metionina (M\u00edn.) 21,57g<\/p>\n<p>Prolina (M\u00edn.) 9.426mg<\/p>\n<p>Serina (M\u00edn.) 971mg<\/p>\n<p>Tirosina (M\u00edn.) 541mg<\/p>\n<p>Treonina (M\u00edn.) 542mg<\/p>\n<p>Triptofano (M\u00edn.) 416mg<\/p>\n<p>Valina (M\u00edn.) 1.957mg<\/p>\n<p>Saccharomyces cerevisiae 9\u00d710 9 UFC<\/p>\n<p>C\u00e1lcio (M\u00e1x.) 199,5g<\/p>\n<p>(M\u00edn.) 180,5g<\/p>\n<p>F\u00f3sforo (M\u00edn.) 104g<\/p>\n<p>Iodo (M\u00edn.) 144mg<\/p>\n<p>Ferro (M\u00edn.) 2.000mg<\/p>\n<p>S\u00f3dio (M\u00edn.) 2.919mg<\/p>\n<p>Cobre (M\u00edn.) 600mg<\/p>\n<p>Cromo (M\u00edn.) 80mg<\/p>\n<p>Enxofre (M\u00edn.) 8.000mg<\/p>\n<p>Cobalto (M\u00edn.) 200mg<\/p>\n<p>Sel\u00eanio (M\u00edn.) 60mg<\/p>\n<p>Magn\u00e9sio (M\u00edn.) 33g<\/p>\n<p>Mangan\u00eas (M\u00edn.) 427mg<\/p>\n<p>Zinco (M\u00edn.) 3.000mg<\/p>\n<p>MODO DE USAR<\/p>\n<p>Para ser adicionado ao alimento.<\/p>\n<p>Equinos, Muares e Asininos adultos:<\/p>\n<p>Manuten\u00e7\u00e3o: 40 g\/dia;<\/p>\n<p>Treinamento leve: 60 g\/dia;<\/p>\n<p>Treinamento moderado: 80 g\/dia;<\/p>\n<p>Treinamento intenso: 100 g\/dia.<\/p>\n<p>Potros e P\u00f4neis: 30 g\/dia.<\/p>\n<p>Avestruzes adultos: 20 g\/dia;<\/p>\n<p>Avestruzes filhotes: 5 g\/dia.<\/p>\n<p>Su\u00ednos adultos: 15 g\/dia;<\/p>\n<p>Leit\u00f5es: 5 g\/dia.<\/p>\n<p>Cont\u00e9m medida dosadora.<\/p>\n","protected":false},"excerpt":{"rendered":"<p>Constru\u00e7\u00e3o estrat\u00e9gica de campe\u00f5es Cont\u00e9m os nutrientes essenciais \u00e0 alimenta\u00e7\u00e3o do cavalo atleta, reunindo em sua formula\u00e7\u00e3o Macro e Micro Minerais, Vitaminas,<\/p>\n","protected":false},"featured_media":17810,"template":"","meta":{"_acf_changed":false},"product_brand":[954],"product_cat":[164,163,173,178],"product_tag":[991],"class_list":{"0":"post-16314","1":"product","2":"type-product","3":"status-publish","4":"has-post-thumbnail","6":"product_brand-vetnil","7":"product_cat-bovinos-e-ovinos","8":"product_cat-equinos","9":"product_cat-suplementos-e-vitaminas","10":"product_cat-suplementos-e-vitaminas-2","11":"product_tag-vetnil","13":"first","14":"instock","15":"purchasable","16":"product-type-simple"},"acf":[],"_links":{"self":[{"href":"https:\/\/vetsul.com\/index.php\/wp-json\/wp\/v2\/product\/16314","targetHints":{"allow":["GET"]}}],"collection":[{"href":"https:\/\/vetsul.com\/index.php\/wp-json\/wp\/v2\/product"}],"about":[{"href":"https:\/\/vetsul.com\/index.php\/wp-json\/wp\/v2\/types\/product"}],"wp:featuredmedia":[{"embeddable":true,"href":"https:\/\/vetsul.com\/index.php\/wp-json\/wp\/v2\/media\/17810"}],"wp:attachment":[{"href":"https:\/\/vetsul.com\/index.php\/wp-json\/wp\/v2\/media?parent=16314"}],"wp:term":[{"taxonomy":"product_brand","embeddable":true,"href":"https:\/\/vetsul.com\/index.php\/wp-json\/wp\/v2\/product_brand?post=16314"},{"taxonomy":"product_cat","embeddable":true,"href":"https:\/\/vetsul.com\/index.php\/wp-json\/wp\/v2\/product_cat?post=16314"},{"taxonomy":"product_tag","embeddable":true,"href":"https:\/\/vetsul.com\/index.php\/wp-json\/wp\/v2\/product_tag?post=16314"}],"curies":[{"name":"wp","href":"https:\/\/api.w.org\/{rel}","templated":true}]}}