{"id":16300,"date":"2018-01-03T09:52:47","date_gmt":"2018-01-03T11:52:47","guid":{"rendered":"http:\/\/35.194.95.18\/wp-admin\/?post_type=product&#038;p=16300"},"modified":"2025-04-03T16:12:21","modified_gmt":"2025-04-03T19:12:21","slug":"alantol-250grs","status":"publish","type":"product","link":"https:\/\/vetsul.com\/index.php\/product\/alantol-250grs\/","title":{"rendered":"Alantol 250grs"},"content":{"rendered":"<p>Pomada cicatrizante<\/p>\n<p>INDICA\u00c7\u00c3O DO PRODUTO<\/p>\n<p>Alantol \u00e9 indicado como cicatrizante, na terapia de les\u00f5es cut\u00e2neas, feridas acidentais ou cir\u00fargicas, abcessos, escoria\u00e7\u00f5es de dec\u00fabito, ulcera\u00e7\u00f5es de superf\u00edcie e queimaduras.<\/p>\n<p>COMPONENTES DE DESTAQUE<\/p>\n<p>Alanto\u00edna: promove debrida\u00e7\u00e3o qu\u00edmica de prote\u00ednas, que mant\u00e9m o ferimento livre de secre\u00e7\u00f5es purulentas e tecidos mortos, estimulando a epiteliza\u00e7\u00e3o e prolifera\u00e7\u00e3o celular.<\/p>\n<p>\u00d3xido de Zinco: poder adstringente, cicatrizante e secante.<\/p>\n<p>N\u00cdVEIS DE GARANTIA DO PRODUTO<\/p>\n<p>Cada 100 g cont\u00e9m:<\/p>\n<p>Alanto\u00edna\u2026\u2026\u2026\u2026\u2026\u2026\u2026\u2026\u2026\u2026\u2026\u2026\u2026\u2026\u2026\u2026\u2026\u2026\u2026\u2026\u2026\u2026\u2026\u20263,0 g<\/p>\n<p>\u00d3xido de Zinco\u2026\u2026\u2026\u2026\u2026\u2026\u2026\u2026\u2026\u2026\u2026\u2026\u2026\u2026\u2026\u2026\u2026\u2026\u2026\u2026\u2026.3,0 g<\/p>\n<p>Ve\u00edculo q.s.p\u2026\u2026\u2026\u2026\u2026\u2026\u2026\u2026\u2026\u2026\u2026\u2026\u2026\u2026\u2026\u2026\u2026\u2026\u2026\u2026\u2026\u2026100 g<\/p>\n<p>MODO DE USAR<\/p>\n<p>Aplicar diretamente com as m\u00e3os ou esp\u00e1tula no local afetado, espalhando suavemente sobre toda a superf\u00edcie.<\/p>\n<p>EFEITOS COLATERAIS<\/p>\n<p>N\u00e3o h\u00e1 registro de efeitos colaterais.<\/p>\n","protected":false},"excerpt":{"rendered":"<p>Pomada cicatrizante INDICA\u00c7\u00c3O DO PRODUTO Alantol \u00e9 indicado como cicatrizante, na terapia de les\u00f5es cut\u00e2neas, feridas acidentais ou cir\u00fargicas, abcessos, escoria\u00e7\u00f5es de<\/p>\n","protected":false},"featured_media":16301,"template":"","meta":{"_acf_changed":false},"product_brand":[954],"product_cat":[185,163],"product_tag":[991],"class_list":{"0":"post-16300","1":"product","2":"type-product","3":"status-publish","4":"has-post-thumbnail","6":"product_brand-vetnil","7":"product_cat-cicatrizantes-e-mata-bicheiras","8":"product_cat-equinos","9":"product_tag-vetnil","11":"first","12":"instock","13":"shipping-taxable","14":"purchasable","15":"product-type-simple"},"acf":[],"_links":{"self":[{"href":"https:\/\/vetsul.com\/index.php\/wp-json\/wp\/v2\/product\/16300","targetHints":{"allow":["GET"]}}],"collection":[{"href":"https:\/\/vetsul.com\/index.php\/wp-json\/wp\/v2\/product"}],"about":[{"href":"https:\/\/vetsul.com\/index.php\/wp-json\/wp\/v2\/types\/product"}],"wp:featuredmedia":[{"embeddable":true,"href":"https:\/\/vetsul.com\/index.php\/wp-json\/wp\/v2\/media\/16301"}],"wp:attachment":[{"href":"https:\/\/vetsul.com\/index.php\/wp-json\/wp\/v2\/media?parent=16300"}],"wp:term":[{"taxonomy":"product_brand","embeddable":true,"href":"https:\/\/vetsul.com\/index.php\/wp-json\/wp\/v2\/product_brand?post=16300"},{"taxonomy":"product_cat","embeddable":true,"href":"https:\/\/vetsul.com\/index.php\/wp-json\/wp\/v2\/product_cat?post=16300"},{"taxonomy":"product_tag","embeddable":true,"href":"https:\/\/vetsul.com\/index.php\/wp-json\/wp\/v2\/product_tag?post=16300"}],"curies":[{"name":"wp","href":"https:\/\/api.w.org\/{rel}","templated":true}]}}