{"id":16298,"date":"2018-01-03T09:44:27","date_gmt":"2018-01-03T11:44:27","guid":{"rendered":"http:\/\/35.194.95.18\/wp-admin\/?post_type=product&#038;p=16298"},"modified":"2026-04-24T11:49:13","modified_gmt":"2026-04-24T14:49:13","slug":"agrovet-plus-50-ml","status":"publish","type":"product","link":"https:\/\/vetsul.com\/index.php\/product\/agrovet-plus-50-ml\/","title":{"rendered":"AGROVET PLUS 50 ML &#8211; PRODUTO REFRIGERADO VENDA SOMENTE PARA DENTRO DO RS"},"content":{"rendered":"<p>F\u00f3rmula:<\/p>\n<p>Cada 100 mL cont\u00e9m:<\/p>\n<p>\u2022 Benzilpenicilina proca\u00edna &#8230;&#8230;&#8230;&#8230;&#8230;&#8230;&#8230;&#8230;&#8230;&#8230;&#8230;&#8230;&#8230;&#8230;. 20.000.000 UI<\/p>\n<p>\u2022 Diidroestreptomicina (sulfato)&#8230;&#8230;&#8230;&#8230;&#8230;&#8230;&#8230;&#8230;&#8230;&#8230;&#8230;&#8230;&#8230;&#8230;&#8230;&#8230;&#8230; 8,00 g<\/p>\n<p>\u2022 Piroxican &#8230;&#8230;&#8230;&#8230;&#8230;&#8230;&#8230;&#8230;&#8230;&#8230;&#8230;&#8230;&#8230;&#8230;&#8230;&#8230;&#8230;&#8230;&#8230;&#8230;&#8230;&#8230;&#8230;&#8230;&#8230;&#8230;&#8230; 0,60 g<\/p>\n<p>\u2022 Proca\u00edna (cloridrato) &#8230;&#8230;&#8230;&#8230;&#8230;&#8230;&#8230;&#8230;&#8230;&#8230;&#8230;&#8230;&#8230;&#8230;&#8230;&#8230;&#8230;&#8230;&#8230;&#8230;&#8230;..1,73 g<\/p>\n<p>\u2022 Ve\u00edculo q.s.p. &#8230;&#8230;&#8230;&#8230;&#8230;&#8230;&#8230;&#8230;&#8230;&#8230;&#8230;&#8230;&#8230;&#8230;&#8230;&#8230;&#8230;&#8230;&#8230;&#8230;&#8230;&#8230;.. 100,00 mL<\/p>\n<p>Indica\u00e7\u00f5es:<\/p>\n<p>AGROVET PLUS \u00e9 indicado para o tratamento das seguintes infec\u00e7\u00f5es:<\/p>\n<p>Bovinos<\/p>\n<p>AGROVET PLUS \u00e9 indicado para o tratamento das mastites causadas por Streptococcus spp e Actinomyces pyogenes, processos piog\u00eanicos(Streptococcus pyogenes), edema maligno (Clostridium septicum, C. novyi), carb\u00fanculo sintom\u00e1tico (Clostridium chauvoei), enterotoxemia, gangrena (Clostridium perfringens), hemoglobin\u00faria (C. haemolyticum), t\u00e9tano (C. tetani).<\/p>\n<p>Su\u00ednos<\/p>\n<p>Artrite dos leit\u00f5es (Streptococcus spp), poliartrite (Actinomyces pyogenes, Fusobacterium necrophorum), cistite e pielonefrite dos su\u00ednos (C. suis), listeriose (L. monocytogenes), carb\u00fanculo hem\u00e1tico (B. anthracis), t\u00e9tano p\u00f3s-castra\u00e7\u00e3o (Clostridium tetani), edema maligno (C. chauvoei).<\/p>\n<p>Dosagem:<\/p>\n<p>Bovinos e Eq\u00fcinos<\/p>\n<p>Administrar AGROVET PLUS na dose de 1 mL para cada 20 kg de peso corporal, o que corresponde a 10.000 UI de benzilpenicilina proca\u00edna, 4,0 mg de diidroestreptomicina (sulfato), 0,3 mg de piroxican e 0,86 mg de proca\u00edna (cloridrato) por kg de peso corporal.<\/p>\n<p>Su\u00ednos<\/p>\n<p>Administrar AGROVET PLUS na dose de 2 mL para cada 10 kg de peso corporal, correspondendo a 40.000 UI de benzilpenicilina proca\u00edna, 16 mg de diidroestreptomicina (sulfato), 1,2 mg de piroxican e 3,46 mg de proca\u00edna (cloridrato) por kg de peso.<\/p>\n<p>Obs.: O tratamento deve continuar at\u00e9 48 horas ap\u00f3s o desaparecimento dos sintomas<\/p>\n<p>Administra\u00e7\u00e3o:<\/p>\n<p>O produto \u00e9 apresentado pronto para uso. Administrar por via intramuscular profuda, diariamente, durante 3 a 5 dias.<\/p>\n<p>Precau\u00e7\u00f5es:<\/p>\n<p>Contra Indica\u00e7\u00e3o<\/p>\n<p>AGROVET PLUS n\u00e3o deve ser administrado a animais que tenham demonstrado hipersensibilidade ao \u00e1cido acetilsalic\u00edlico ou a outras subst\u00e2ncias antiinflamat\u00f3rias n\u00e3o ester\u00f3ides, tamb\u00e9m a animais com nefropatias graves, devido aos efeitos nefrot\u00f3xicos da diidroestreptomicina.<\/p>\n<p>Evitar o uso durante a gesta\u00e7\u00e3o e lacta\u00e7\u00e3o.<\/p>\n<p>Rea\u00e7\u00f5es Adversas:<\/p>\n<p>N\u00e3o existe relato de rea\u00e7\u00f5es adversas na terapia de piroxican em animais dom\u00e9sticos.<\/p>\n<p>Em seres humanos o produto \u00e9 bem tolerado e as rea\u00e7\u00f5es colaterais observadas est\u00e3o relacionadas ao trato gastrintestinal, tais como estomatite, anorexia e constipa\u00e7\u00e3o. Estas rea\u00e7\u00f5es, contudo, s\u00e3o de pouca significa\u00e7\u00e3o durante o tratamento.<\/p>\n<p>Intera\u00e7\u00e3o Medicamentosa:<\/p>\n<p>As penicilinas s\u00e3o potencializadas nas suas a\u00e7\u00f5es, quando associadas aos salicilatos e fenilbutazona. Os antiinflamat\u00f3rios n\u00e3o ester\u00f3ides podem causar a reten\u00e7\u00e3o da saliva e pot\u00e1ssio e deste modo interferir na a\u00e7\u00e3o dos diur\u00e9ticos. Em pacientes com problemas card\u00edacos ou com hipertens\u00e3o, estes fatores devem ser levados em conta durante o tratamento com estes produtos. N\u00e3o associar com antibi\u00f3ticos bacteriost\u00e1ticos (tetraciclinas).<\/p>\n<p>Per\u00edodo de Car\u00eancia:<\/p>\n<p>Suspender a medica\u00e7\u00e3o 30 dias antes do abate dos animais destinados ao consumo humano. O leite proveniente de vacas tratadas s\u00f3 poder\u00e1 ser consumido ap\u00f3s decorridas 72 horas da \u00faltima aplica\u00e7\u00e3o do produto.<\/p>\n<p>Conserva\u00e7\u00e3o:<\/p>\n<p>Conservar em lugar seco, fresco e ao abrigo da luz solar direta. Fora do alcance de crian\u00e7as e animais dom\u00e9sticos. Em sua embalagem original se mant\u00e9m est\u00e1vel por 24 meses, quando armazenado a temperatura entre 4 e 25 \u00baC.<\/p>\n<p>Venda sob prescri\u00e7\u00e3o do M\u00e9dico Veterin\u00e1rio<\/p>\n<p>Apresenta\u00e7\u00e3o:<\/p>\n<p>Frasco ampola de vidro contendo 25 ou 50 mL.<\/p>\n<p>Classe Terap\u00eautica:<\/p>\n<p>ANTIMICROBIANOS GERAIS; ANTIF\u00daNGICOS E ANTIPROTOZO\u00c1RIOS (COCCIDIOS, FLAGELADOS)<\/p>\n<p>Princ\u00edpio(s) Ativo(s):<\/p>\n<p>DIHIDROESTREPTOMICINA<\/p>\n<p>PIROXICAN<\/p>\n<p>BENZILPENICILINA G PROCA\u00cdNA<\/p>\n<p>Registro no Minist\u00e9rio da Agricultura, Pecu\u00e1ria e Abastecimento:<\/p>\n<p>5.663 em 10\/10\/96<\/p>\n<p>Respons\u00e1vel T\u00e9cnico:<\/p>\n<p>Denis Frota Daflon &#8211; CRMV: SP 23802<\/p>\n","protected":false},"excerpt":{"rendered":"<p>F\u00f3rmula: Cada 100 mL cont\u00e9m: \u2022 Benzilpenicilina proca\u00edna &#8230;&#8230;&#8230;&#8230;&#8230;&#8230;&#8230;&#8230;&#8230;&#8230;&#8230;&#8230;&#8230;&#8230;. 20.000.000 UI \u2022 Diidroestreptomicina (sulfato)&#8230;&#8230;&#8230;&#8230;&#8230;&#8230;&#8230;&#8230;&#8230;&#8230;&#8230;&#8230;&#8230;&#8230;&#8230;&#8230;&#8230; 8,00 g \u2022 Piroxican &#8230;&#8230;&#8230;&#8230;&#8230;&#8230;&#8230;&#8230;&#8230;&#8230;&#8230;&#8230;&#8230;&#8230;&#8230;&#8230;&#8230;&#8230;&#8230;&#8230;&#8230;&#8230;&#8230;&#8230;&#8230;&#8230;&#8230; 0,60 g \u2022<\/p>\n","protected":false},"featured_media":16299,"template":"","meta":{"_acf_changed":false},"product_brand":[980],"product_cat":[170,175],"product_tag":[1067],"class_list":{"0":"post-16298","1":"product","2":"type-product","3":"status-publish","4":"has-post-thumbnail","6":"product_brand-merial","7":"product_cat-anti-microbianos","8":"product_cat-antimicrobianos-2","9":"product_tag-merial","11":"first","12":"instock","13":"purchasable","14":"product-type-simple"},"acf":[],"_links":{"self":[{"href":"https:\/\/vetsul.com\/index.php\/wp-json\/wp\/v2\/product\/16298","targetHints":{"allow":["GET"]}}],"collection":[{"href":"https:\/\/vetsul.com\/index.php\/wp-json\/wp\/v2\/product"}],"about":[{"href":"https:\/\/vetsul.com\/index.php\/wp-json\/wp\/v2\/types\/product"}],"wp:featuredmedia":[{"embeddable":true,"href":"https:\/\/vetsul.com\/index.php\/wp-json\/wp\/v2\/media\/16299"}],"wp:attachment":[{"href":"https:\/\/vetsul.com\/index.php\/wp-json\/wp\/v2\/media?parent=16298"}],"wp:term":[{"taxonomy":"product_brand","embeddable":true,"href":"https:\/\/vetsul.com\/index.php\/wp-json\/wp\/v2\/product_brand?post=16298"},{"taxonomy":"product_cat","embeddable":true,"href":"https:\/\/vetsul.com\/index.php\/wp-json\/wp\/v2\/product_cat?post=16298"},{"taxonomy":"product_tag","embeddable":true,"href":"https:\/\/vetsul.com\/index.php\/wp-json\/wp\/v2\/product_tag?post=16298"}],"curies":[{"name":"wp","href":"https:\/\/api.w.org\/{rel}","templated":true}]}}