{"id":16276,"date":"2018-01-02T17:16:57","date_gmt":"2018-01-02T19:16:57","guid":{"rendered":"http:\/\/35.194.95.18\/wp-admin\/?post_type=product&#038;p=16276"},"modified":"2025-04-04T09:33:57","modified_gmt":"2025-04-04T12:33:57","slug":"ec-pet-40","status":"publish","type":"product","link":"https:\/\/vetsul.com\/index.php\/product\/ec-pet-40\/","title":{"rendered":"Ec-Pet 40+"},"content":{"rendered":"<p style=\"margin-top:0cm;margin-right:0cm;margin-bottom:6.75pt;margin-left:0cm\"><span style=\"font-size: 10pt\">FORMULA<\/span><\/p>\n<p style=\"margin: 0cm 0cm 6.75pt\"><span style=\"font-size: 10pt\">Cada 100ml de Antiparasit\u00e1rio EC-Pet cont\u00e9m:&nbsp;&nbsp;<\/span><\/p>\n<p style=\"margin: 0cm 0cm 6.75pt\"><span style=\"font-size: 10pt\">Fipronil &#8230;&#8230;&#8230;&#8230;&#8230;&#8230;&#8230;&#8230;&#8230;&#8230;&#8230;&#8230;&#8230;&#8230;&#8230;..<br \/>\n10g&nbsp;&nbsp;<\/span><\/p>\n<p style=\"margin: 0cm 0cm 6.75pt\"><span style=\"font-size: 10pt\">Ve\u00edculo q.s.p &#8230;&#8230;&#8230;&#8230;&#8230;&#8230;&#8230;&#8230;&#8230;&#8230;&#8230;&#8230; 100ml<\/span><\/p>\n<p style=\"margin: 0cm 0cm 6.75pt\"><span style=\"font-size: 10pt\">SOBRE<\/span><\/p>\n<p style=\"margin: 0cm 0cm 6.75pt\"><span style=\"font-size: 10pt\">Antiparasit\u00e1rio EC-Pet \u00e9 altamente eficaz na preven\u00e7\u00e3o e controle<br \/>\ndos ectoparasitoses dos c\u00e3es provocadas por pulgas, carrapatos, piolhos e sarna<br \/>\notod\u00e9cica. Mol\u00e9cula eficaz; Seguran\u00e7a para o animal e para a fam\u00edlia; F\u00e1cil<br \/>\naplica\u00e7\u00e3o; Reduz o risco de doen\u00e7as transmitidas por vetores; N\u00e3o interfere em<br \/>\noutros tratamentos orais; Indicada para tratamento e controle de DAPP&nbsp;<br \/>\n(dermatite al\u00e9rgica \u00e0 picada de pulga); Mata as pulgas por simples contatos,<br \/>\nsem que elas precisem picar os animais. Cuidar da sa\u00fade do seu Pet \u00e9 mostrar<br \/>\nque voc\u00ea o ama! N\u00e3o perca tempo! Garanta j\u00e1 o Antiparasit\u00e1rio EC-Pet!!<\/span><\/p>\n<p style=\"margin: 0cm 0cm 6.75pt\"><span style=\"font-size: 10pt\">INDICA\u00c7\u00d5ES<\/span><\/p>\n<\/p>\n<p style=\"margin: 0cm 0cm 6.75pt\"><span style=\"font-size: 10pt\">Antiparasit\u00e1rio EC-Pet \u00e9 indicado na preven\u00e7\u00e3o e controle das<br \/>\nectoparasitoses dos c\u00e3es causadas por pulgas (Ctenocephalides felis), piolho<br \/>\n(Trichodectes canis), carrapatos (Rhipicephalus sanguineus) e sarna otod\u00e9cica<br \/>\n(Otodectes cynotis). Antiparasit\u00e1rio EC-Pet \u00e9 indicado como parte de uma<br \/>\nestrat\u00e9gia de tratamento, em aplica\u00e7\u00f5es mensais, para dermatites al\u00e9rgicas \u00e0<br \/>\npicada de pulgas dos c\u00e3es (DAPP) e na verminose causada pelo cest\u00f3deo<br \/>\nDipylidium caninum uma vez que as pulgas s\u00e3o hospedeiras intermedi\u00e1rias deste<br \/>\nparasita.<\/span><\/p>\n","protected":false},"excerpt":{"rendered":"<p>FORMULA Cada 100ml de Antiparasit\u00e1rio EC-Pet cont\u00e9m:&nbsp;&nbsp; Fipronil &#8230;&#8230;&#8230;&#8230;&#8230;&#8230;&#8230;&#8230;&#8230;&#8230;&#8230;&#8230;&#8230;&#8230;&#8230;.. 10g&nbsp;&nbsp; Ve\u00edculo q.s.p &#8230;&#8230;&#8230;&#8230;&#8230;&#8230;&#8230;&#8230;&#8230;&#8230;&#8230;&#8230; 100ml SOBRE Antiparasit\u00e1rio EC-Pet \u00e9 altamente eficaz na preven\u00e7\u00e3o<\/p>\n","protected":false},"featured_media":16277,"template":"","meta":{"_acf_changed":false},"product_brand":[959],"product_cat":[184],"product_tag":[1008],"class_list":{"0":"post-16276","1":"product","2":"type-product","3":"status-publish","4":"has-post-thumbnail","6":"product_brand-chemitec","7":"product_cat-vermifugos-e-carrapaticidas-2","8":"product_tag-chemitec","10":"first","11":"instock","12":"purchasable","13":"product-type-simple"},"acf":[],"_links":{"self":[{"href":"https:\/\/vetsul.com\/index.php\/wp-json\/wp\/v2\/product\/16276","targetHints":{"allow":["GET"]}}],"collection":[{"href":"https:\/\/vetsul.com\/index.php\/wp-json\/wp\/v2\/product"}],"about":[{"href":"https:\/\/vetsul.com\/index.php\/wp-json\/wp\/v2\/types\/product"}],"wp:featuredmedia":[{"embeddable":true,"href":"https:\/\/vetsul.com\/index.php\/wp-json\/wp\/v2\/media\/16277"}],"wp:attachment":[{"href":"https:\/\/vetsul.com\/index.php\/wp-json\/wp\/v2\/media?parent=16276"}],"wp:term":[{"taxonomy":"product_brand","embeddable":true,"href":"https:\/\/vetsul.com\/index.php\/wp-json\/wp\/v2\/product_brand?post=16276"},{"taxonomy":"product_cat","embeddable":true,"href":"https:\/\/vetsul.com\/index.php\/wp-json\/wp\/v2\/product_cat?post=16276"},{"taxonomy":"product_tag","embeddable":true,"href":"https:\/\/vetsul.com\/index.php\/wp-json\/wp\/v2\/product_tag?post=16276"}],"curies":[{"name":"wp","href":"https:\/\/api.w.org\/{rel}","templated":true}]}}