{"id":16266,"date":"2018-01-02T16:45:22","date_gmt":"2018-01-02T18:45:22","guid":{"rendered":"http:\/\/35.194.95.18\/wp-admin\/?post_type=product&#038;p=16266"},"modified":"2025-04-04T09:33:57","modified_gmt":"2025-04-04T12:33:57","slug":"dm-gel-300grs","status":"publish","type":"product","link":"https:\/\/vetsul.com\/index.php\/product\/dm-gel-300grs\/","title":{"rendered":"DM GEL 300grs"},"content":{"rendered":"<p>Potente anti-inflamat\u00f3rio e antiedematoso t\u00f3pico<\/p>\n<p>DM Gel \u00e9 um potente anti-inflamat\u00f3rio e antiedematoso t\u00f3pico a base de:<\/p>\n<p>Escina: Antiedematoso com leve a\u00e7\u00e3o sobre o t\u00f4nus do m\u00fasculo liso da parede venosa, diminuindo a hiperpermeabilidade vascular.<\/p>\n<p>Prednisolona e Dexametasona: Cortic\u00f3ides com potente atividade anti-inflamat\u00f3ria, atrav\u00e9s de inibi\u00e7\u00e3o de fosfalipase A2, inibindo, consequentemente, o \u00e1cido araquid\u00f4nico.<\/p>\n<p>Lidoca\u00edna: Potente anest\u00e9sico t\u00f3pico.<\/p>\n<p>DMSO (Dimetilsulf\u00f3xido): Alto poder de penetra\u00e7\u00e3o nos tecidos, principalmente o cut\u00e2neo; Propriedade de carrear subst\u00e2ncias; Apresenta efeitos anti-inflamat\u00f3rios; Suas a\u00e7\u00f5es farmacol\u00f3gicas s\u00e3o descritas por penetra\u00e7\u00e3o e transporte atrav\u00e9s de membranas (vasodilata\u00e7\u00e3o), aumentando a efic\u00e1cia de outras drogas associadas ao tratamento, al\u00e9m de bacteriostase, analgesia com relaxamento muscular, diurese, inibi\u00e7\u00e3o da colinesterase e potente a\u00e7\u00e3o antiinflamat\u00f3ria. (Jacob et al, 2004).<\/p>\n<p>INDICA\u00c7\u00c3O DE USO<\/p>\n<p>Inflama\u00e7\u00f5es articulares, musculares, ligamentosas, tendinites, artrites, artroses, bursites, miosites, hematomas, edemas e traumatismos diversos, em contus\u00f5es, luxa\u00e7\u00f5es, distens\u00f5es e les\u00f5es decorrentes de pr\u00e1ticas desportivas.<\/p>\n<p>N\u00cdVEIS DE GARANTIA DO PRODUTO<\/p>\n<p>Cada 100 g cont\u00e9m:<\/p>\n<p>Solu\u00e7\u00e3o de Escina 20{bad89740ab836af8afd78adf22d5854117f226b234e4f8ee83a0ac8d28f68ffc}\u2026\u2026\u2026\u2026\u2026\u2026\u2026\u2026\u2026\u2026\u2026\u2026\u2026\u2026\u2026\u202611,12 mL<\/p>\n<p>Dimetilsulf\u00f3xido (DMSO)\u2026\u2026\u2026\u2026\u2026\u2026\u2026\u2026\u2026\u2026\u2026\u2026\u2026\u2026\u2026..61,34 mL<\/p>\n<p>Dexametasona\u2026\u2026\u2026\u2026\u2026\u2026\u2026\u2026\u2026\u2026\u2026\u2026\u2026\u2026\u2026\u2026\u2026\u2026\u2026\u2026.0,11 mg<\/p>\n<p>Prednisolona (Acetato)\u2026\u2026\u2026\u2026\u2026\u2026\u2026\u2026\u2026\u2026\u2026\u2026\u2026\u2026\u2026\u2026\u2026.0,28 g<\/p>\n<p>Lidoca\u00edna\u2026\u2026\u2026\u2026\u2026\u2026\u2026\u2026\u2026\u2026\u2026\u2026\u2026\u2026\u2026\u2026\u2026\u2026\u2026\u2026\u2026\u2026\u2026.1,00 g<\/p>\n<p>Excipiente q.s.p\u2026\u2026\u2026\u2026\u2026\u2026\u2026\u2026\u2026\u2026\u2026\u2026\u2026\u2026\u2026\u2026\u2026\u2026\u2026.100,00 g<\/p>\n<p>MODO DE USAR<\/p>\n<p>Aplicar sobre o local afetado uma camada do produto massageando levemente, deixar uma pel\u00edcula fina protegendo a regi\u00e3o.<\/p>\n<p>APRESENTA\u00c7\u00c3O<\/p>\n<p>Potes de 300 g.<\/p>\n","protected":false},"excerpt":{"rendered":"<p>Potente anti-inflamat\u00f3rio e antiedematoso t\u00f3pico DM Gel \u00e9 um potente anti-inflamat\u00f3rio e antiedematoso t\u00f3pico a base de: Escina: Antiedematoso com leve a\u00e7\u00e3o<\/p>\n","protected":false},"featured_media":16267,"template":"","meta":{"_acf_changed":false},"product_brand":[954],"product_cat":[168,174],"product_tag":[991],"class_list":{"0":"post-16266","1":"product","2":"type-product","3":"status-publish","4":"has-post-thumbnail","6":"product_brand-vetnil","7":"product_cat-anti-inflamatorios","8":"product_cat-anti-inflamatorios-3","9":"product_tag-vetnil","11":"first","12":"instock","13":"purchasable","14":"product-type-simple"},"acf":[],"_links":{"self":[{"href":"https:\/\/vetsul.com\/index.php\/wp-json\/wp\/v2\/product\/16266","targetHints":{"allow":["GET"]}}],"collection":[{"href":"https:\/\/vetsul.com\/index.php\/wp-json\/wp\/v2\/product"}],"about":[{"href":"https:\/\/vetsul.com\/index.php\/wp-json\/wp\/v2\/types\/product"}],"wp:featuredmedia":[{"embeddable":true,"href":"https:\/\/vetsul.com\/index.php\/wp-json\/wp\/v2\/media\/16267"}],"wp:attachment":[{"href":"https:\/\/vetsul.com\/index.php\/wp-json\/wp\/v2\/media?parent=16266"}],"wp:term":[{"taxonomy":"product_brand","embeddable":true,"href":"https:\/\/vetsul.com\/index.php\/wp-json\/wp\/v2\/product_brand?post=16266"},{"taxonomy":"product_cat","embeddable":true,"href":"https:\/\/vetsul.com\/index.php\/wp-json\/wp\/v2\/product_cat?post=16266"},{"taxonomy":"product_tag","embeddable":true,"href":"https:\/\/vetsul.com\/index.php\/wp-json\/wp\/v2\/product_tag?post=16266"}],"curies":[{"name":"wp","href":"https:\/\/api.w.org\/{rel}","templated":true}]}}