{"id":16262,"date":"2018-01-02T16:35:49","date_gmt":"2018-01-02T18:35:49","guid":{"rendered":"http:\/\/35.194.95.18\/wp-admin\/?post_type=product&#038;p=16262"},"modified":"2025-02-07T16:00:07","modified_gmt":"2025-02-07T19:00:07","slug":"dipirona-ibasa-50","status":"publish","type":"product","link":"https:\/\/vetsul.com\/index.php\/product\/dipirona-ibasa-50\/","title":{"rendered":"DIPIRONA IBASA 50ml"},"content":{"rendered":"<p>ANALG\u00c9SICO E ANTIPIR\u00c9TICO<\/p>\n<p>A DIPIRONA, um derivado sol\u00favel da pirazolona, tem a\u00e7\u00e3o analg\u00e9sica e antipir\u00e9tica e pertence \u00e0 classe dos anti-inflamat\u00f3rios n\u00e3o-ester\u00f3ides. A a\u00e7\u00e3o antipir\u00e9tica e analg\u00e9sica da Dipirona tem seus efeitos em n\u00edvel hipotal\u00e2mico, no centro termorregulador da temperatura corporal, e influencia na s\u00edntese das prostaglandinas e enzimas proteol\u00edticas. Seu uso injet\u00e1vel \u00e9 particularmente conveniente por sua elevada solubilidade em \u00e1gua.<\/p>\n<p>INDICA\u00c7\u00d5ES<\/p>\n<p>Indicada para bovinos, caninos, caprinos, equinos, felinos, ovinos e su\u00ednos para al\u00edvio de dores musculares, c\u00f3licas, processos inflamat\u00f3rios, febre e ap\u00f3s interven\u00e7\u00f5es cir\u00fargicas. Auxiliar no tratamento de pneumonias, bronquites, nefrites, cistites, entre outros processos infecciosos.<\/p>\n<p>Bovinos<\/p>\n<p>Equinos<\/p>\n<p>Su\u00ednos<\/p>\n<p>Ovinos<\/p>\n<p>Caprinos<\/p>\n<p>C\u00e3es<\/p>\n<p>Gatos<\/p>\n<p>Frascos de 50 ml<\/p>\n<p>COMPOSI\u00c7\u00c3O<\/p>\n<p>Cada 100 ml do produto cont\u00e9m:<\/p>\n<table class=\"informacoesTabela\" style=\"outline: none 0px; margin: 0px; padding: 10px 25px 0px 54px; border: 0px; font-size: 12px; vertical-align: baseline; background-image: initial; background-position: initial; background-size: initial; background-repeat: initial; background-attachment: initial; background-origin: initial; background-clip: initial; width: 411px; color: rgb(114, 114, 114); line-height: 18px; font-family: OpenSans, sans-serif;\">\n<thead style=\"outline: none 0px; margin: 0px; padding: 0px; border: 0px; font-size: 12px; vertical-align: baseline; background: transparent;\">\n<tr style=\"outline: none 0px; margin: 0px; padding: 0px; border: 0px; font-size: 12px; vertical-align: baseline; background: transparent;\">\n<th class=\"informacoesTabelaTh informacoesTabelaLeft\" style=\"outline: none 0px; margin: 0px; padding: 10px 15px; border: 0px; font-size: 12px; vertical-align: baseline; background: rgb(114, 114, 114); color: rgb(255, 255, 255); text-transform: uppercase;\">SUBST\u00c2NCIA<\/th>\n<th class=\"informacoesTabelaTh informacoesTabelaCenter\" style=\"outline: none 0px; margin: 0px; padding: 10px 15px; border: 0px; font-size: 12px; vertical-align: baseline; background: rgb(114, 114, 114); color: rgb(255, 255, 255); text-transform: uppercase; text-align: center;\">QTDE.<\/th>\n<\/tr>\n<\/thead>\n<tbody style=\"outline: none 0px; margin: 0px; padding: 0px; border: 0px; font-size: 12px; vertical-align: baseline; background: transparent;\">\n<tr class=\"informacoesTabelaTr informacoesTabelaTr1\" style=\"outline: none 0px; margin: 0px; padding: 0px; border: 0px; font-size: 12px; vertical-align: baseline; background: transparent;\">\n<td class=\"informacoesTabelaTd informacoesTabelaLeft\" style=\"outline: none 0px; margin: 0px; padding: 5px 15px; border: 0px; font-size: 12px; vertical-align: baseline; background: rgb(229, 229, 229);\">Dipirona s\u00f3dica<\/td>\n<td class=\"informacoesTabelaTd informacoesTabelaCenter\" style=\"outline: none 0px; margin: 0px; padding: 5px 15px; border: 0px; font-size: 12px; vertical-align: baseline; background: rgb(229, 229, 229); text-align: center;\">50 g<\/td>\n<\/tr>\n<tr class=\"informacoesTabelaTr informacoesTabelaTr2\" style=\"outline: none 0px; margin: 0px; padding: 0px; border: 0px; font-size: 12px; vertical-align: baseline; background: transparent;\">\n<td class=\"informacoesTabelaTd informacoesTabelaLeft\" style=\"outline: none 0px; margin: 0px; padding: 5px 15px; border: 0px; font-size: 12px; vertical-align: baseline; background: rgb(213, 213, 213);\">Ve\u00edculo q.s.p.<\/td>\n<td class=\"informacoesTabelaTd informacoesTabelaCenter\" style=\"outline: none 0px; margin: 0px; padding: 5px 15px; border: 0px; font-size: 12px; vertical-align: baseline; background: rgb(213, 213, 213); text-align: center;\">\n<p>100 ml<\/p>\n<\/td>\n<\/tr>\n<\/tbody>\n<\/table>\n<div><\/div>\n<div>\n<div>PRECAU\u00c7\u00d5ES<\/div>\n<div>Conservar em local seco e fresco, ao abrigo da luz e manter fora do alcance de crian\u00e7as e animais.<\/div>\n<div>POSOLOGIA | MODO DE USAR<\/div>\n<div>Dipirona Ibasa 50{bad89740ab836af8afd78adf22d5854117f226b234e4f8ee83a0ac8d28f68ffc} pode ser aplicada pela via intramuscular ou endovenosa. O local de inje\u00e7\u00e3o no animal deve ser previamente desinfetado.&nbsp;<\/div>\n<div><\/div>\n<div>Administrar a cada 12 horas at\u00e9 o desaparecimento dos sintomas ou a crit\u00e9rio do m\u00e9dico veterin\u00e1rio.<\/div>\n<div>\n<table class=\"informacoesTabela\" style=\"outline: none 0px; margin: 0px; padding: 10px 25px 0px 54px; border: 0px; font-size: 12px; vertical-align: baseline; background-image: initial; background-position: initial; background-size: initial; background-repeat: initial; background-attachment: initial; background-origin: initial; background-clip: initial; width: 411px; color: rgb(114, 114, 114); line-height: 18px; font-family: OpenSans, sans-serif;\">\n<thead style=\"outline: none 0px; margin: 0px; padding: 0px; border: 0px; font-size: 12px; vertical-align: baseline; background: transparent;\">\n<tr style=\"outline: none 0px; margin: 0px; padding: 0px; border: 0px; font-size: 12px; vertical-align: baseline; background: transparent;\">\n<th class=\"informacoesTabelaTh informacoesTabelaLeft\" style=\"outline: none 0px; margin: 0px; padding: 10px 15px; border: 0px; font-size: 12px; vertical-align: baseline; background: rgb(114, 114, 114); color: rgb(255, 255, 255); text-transform: uppercase;\">ESP\u00c9CIE<\/th>\n<th class=\"informacoesTabelaTh informacoesTabelaCenter\" style=\"outline: none 0px; margin: 0px; padding: 10px 15px; border: 0px; font-size: 12px; vertical-align: baseline; background: rgb(114, 114, 114); color: rgb(255, 255, 255); text-transform: uppercase; text-align: center;\">DOSE<\/th>\n<\/tr>\n<\/thead>\n<tbody style=\"outline: none 0px; margin: 0px; padding: 0px; border: 0px; font-size: 12px; vertical-align: baseline; background: transparent;\">\n<tr class=\"informacoesTabelaTr informacoesTabelaTr1\" style=\"outline: none 0px; margin: 0px; padding: 0px; border: 0px; font-size: 12px; vertical-align: baseline; background: transparent;\">\n<td class=\"informacoesTabelaTd informacoesTabelaLeft\" style=\"outline: none 0px; margin: 0px; padding: 5px 15px; border: 0px; font-size: 12px; vertical-align: baseline; background: rgb(229, 229, 229);\">Bovinos, caprinos, equinos, ovinos e su\u00ednos:<\/td>\n<td class=\"informacoesTabelaTd informacoesTabelaCenter\" style=\"outline: none 0px; margin: 0px; padding: 5px 15px; border: 0px; font-size: 12px; vertical-align: baseline; background: rgb(229, 229, 229); text-align: center;\">1 ml para cada 10 kg de peso (50 mg\/kg)<\/td>\n<\/tr>\n<tr class=\"informacoesTabelaTr informacoesTabelaTr2\" style=\"outline: none 0px; margin: 0px; padding: 0px; border: 0px; font-size: 12px; vertical-align: baseline; background: transparent;\">\n<td class=\"informacoesTabelaTd informacoesTabelaLeft\" style=\"outline: none 0px; margin: 0px; padding: 5px 15px; border: 0px; font-size: 12px; vertical-align: baseline; background: rgb(213, 213, 213);\">Caninos e felinos<\/td>\n<td class=\"informacoesTabelaTd informacoesTabelaCenter\" style=\"outline: none 0px; margin: 0px; padding: 5px 15px; border: 0px; font-size: 12px; vertical-align: baseline; background: rgb(213, 213, 213); text-align: center;\">0,6 ml para cada 10 kg de peso (30 mg\/kg)<\/td>\n<\/tr>\n<\/tbody>\n<\/table>\n<\/div>\n<\/div>\n","protected":false},"excerpt":{"rendered":"<p>ANALG\u00c9SICO E ANTIPIR\u00c9TICO A DIPIRONA, um derivado sol\u00favel da pirazolona, tem a\u00e7\u00e3o analg\u00e9sica e antipir\u00e9tica e pertence \u00e0 classe dos anti-inflamat\u00f3rios n\u00e3o-ester\u00f3ides.<\/p>\n","protected":false},"featured_media":16263,"template":"","meta":{"_acf_changed":false},"product_brand":[971],"product_cat":[168,174,179],"product_tag":[1066],"class_list":{"0":"post-16262","1":"product","2":"type-product","3":"status-publish","4":"has-post-thumbnail","6":"product_brand-ibasa","7":"product_cat-anti-inflamatorios","8":"product_cat-anti-inflamatorios-3","9":"product_cat-anti-inflamatorio","10":"product_tag-ibasa","12":"first","13":"instock","14":"purchasable","15":"product-type-simple"},"acf":[],"_links":{"self":[{"href":"https:\/\/vetsul.com\/index.php\/wp-json\/wp\/v2\/product\/16262","targetHints":{"allow":["GET"]}}],"collection":[{"href":"https:\/\/vetsul.com\/index.php\/wp-json\/wp\/v2\/product"}],"about":[{"href":"https:\/\/vetsul.com\/index.php\/wp-json\/wp\/v2\/types\/product"}],"wp:featuredmedia":[{"embeddable":true,"href":"https:\/\/vetsul.com\/index.php\/wp-json\/wp\/v2\/media\/16263"}],"wp:attachment":[{"href":"https:\/\/vetsul.com\/index.php\/wp-json\/wp\/v2\/media?parent=16262"}],"wp:term":[{"taxonomy":"product_brand","embeddable":true,"href":"https:\/\/vetsul.com\/index.php\/wp-json\/wp\/v2\/product_brand?post=16262"},{"taxonomy":"product_cat","embeddable":true,"href":"https:\/\/vetsul.com\/index.php\/wp-json\/wp\/v2\/product_cat?post=16262"},{"taxonomy":"product_tag","embeddable":true,"href":"https:\/\/vetsul.com\/index.php\/wp-json\/wp\/v2\/product_tag?post=16262"}],"curies":[{"name":"wp","href":"https:\/\/api.w.org\/{rel}","templated":true}]}}