{"id":16258,"date":"2018-01-02T16:20:33","date_gmt":"2018-01-02T18:20:33","guid":{"rendered":"http:\/\/35.194.95.18\/wp-admin\/?post_type=product&#038;p=16258"},"modified":"2025-02-07T16:00:07","modified_gmt":"2025-02-07T19:00:07","slug":"dimesol-100-ml","status":"publish","type":"product","link":"https:\/\/vetsul.com\/index.php\/product\/dimesol-100-ml\/","title":{"rendered":"DIMESOL 100 ML"},"content":{"rendered":"<p>\u00c9 indicado como analg\u00e9sico e antiinflamat\u00f3rio, com propriedades diur\u00e9tica,<\/p>\n<p>antibacteriana e antif\u00fangica.<\/p>\n<p>O seu emprego \u00e9 recomendado nos traumatismos cranianos, nos casos de edema cerebral, no aumento de press\u00e3o intracraniana e nas otites. Como preparat\u00f3rio de estados cir\u00fargicos (laparatomia abdominal), evitando a enterotoxemia e nas c\u00f3licas de dor visceral (impacta\u00e7\u00e3o), garrotilho e no tratamento da mastite bovina.<\/p>\n<p>Indicado tamb\u00e9m no tratamento de les\u00f5es traum\u00e1ticas m\u00fasculo-esquel\u00e9ticas e articulares e em quadros al\u00e9rgicos dermatol\u00f3gicos (dermatites, dermatoses e eczemas inespec\u00edficos).<\/p>\n<p>Adjuvante no tratamento de pneumonias e laringites.<\/p>\n<p>Composi\u00e7\u00e3o:<\/p>\n<p>Cada 100mL cont\u00e9m:<\/p>\n<p>Dimetilsulf\u00f3xido&nbsp;<\/p>\n<p>(DMSO) 99,2{bad89740ab836af8afd78adf22d5854117f226b234e4f8ee83a0ac8d28f68ffc} &#8230;&#8230;&#8230;&#8230;&#8230;&#8230;..100 mL<\/p>\n<p>Esp\u00e9cies:<\/p>\n<p>Equinos.<\/p>\n<p>Modo de usar<\/p>\n<p>Usar por via externa, em aplica\u00e7\u00f5es na pele, ap\u00f3s<\/p>\n<p>pr\u00e9via dilui\u00e7\u00e3o em \u00e1gua. N\u00e3o aplicar diretamente<\/p>\n<p>com a m\u00e3o. N\u00e3o cobrir ap\u00f3s o tratamento.<\/p>\n<p>Per\u00edodo de Car\u00eancia<\/p>\n<p>Este produto n\u00e3o deve ser aplicado em equinos destinados ao abate para o consumo humano.<\/p>\n<p>Dopping positivo: Suspender o uso 10 dias antes da prova.<\/p>\n<p>Observa\u00e7\u00f5es:<\/p>\n<p>Contra-indica\u00e7\u00f5es:<\/p>\n<p>-N\u00e3o aplicar em animais destinados \u00e0 reprodu\u00e7\u00e3o.<\/p>\n<p>-N\u00e3o aplicar o produto 3 dias antes ou ap\u00f3s o uso de produto<\/p>\n<p>\u00e0 base de inibidores colinesterase.<\/p>\n<p>-N\u00e3o aplicar o produto em caso de picada de insetos ou animais pe\u00e7onhentos.<\/p>\n<p>Precau\u00e7\u00f5es:<\/p>\n<p>Conservar em local seco e fresco, ao abrigo da luz solar, fora do alcance das crian\u00e7as e dos animais dom\u00e9sticos.<\/p>\n<p>N\u00e3o exceder 14 dias de tratamento cont\u00ednuo no c\u00e3o e 30 dias no eq\u00fcino, pois podem ocorrer les\u00f5es importantes e irrevers\u00edveis no cristalino.<\/p>\n<p>Validade:<\/p>\n<p>3 (tr\u00eas) anos ap\u00f3s a data de fabrica\u00e7\u00e3o.<\/p>\n<p>Apresenta\u00e7\u00e3o:<\/p>\n<p>Frascos de 100mL e 1000mL.<\/p>\n<p>Registro:<\/p>\n<p>Licenciado no Minist\u00e9rio da Agricultura sob n\u00ba&nbsp;<\/p>\n","protected":false},"excerpt":{"rendered":"<p>\u00c9 indicado como analg\u00e9sico e antiinflamat\u00f3rio, com propriedades diur\u00e9tica, antibacteriana e antif\u00fangica. O seu emprego \u00e9 recomendado nos traumatismos cranianos, nos casos<\/p>\n","protected":false},"featured_media":16259,"template":"","meta":{"_acf_changed":false},"product_brand":[966],"product_cat":[168,174],"product_tag":[1035],"class_list":{"0":"post-16258","1":"product","2":"type-product","3":"status-publish","4":"has-post-thumbnail","6":"product_brand-ceva","7":"product_cat-anti-inflamatorios","8":"product_cat-anti-inflamatorios-3","9":"product_tag-ceva","11":"first","12":"outofstock","13":"purchasable","14":"product-type-simple"},"acf":[],"_links":{"self":[{"href":"https:\/\/vetsul.com\/index.php\/wp-json\/wp\/v2\/product\/16258","targetHints":{"allow":["GET"]}}],"collection":[{"href":"https:\/\/vetsul.com\/index.php\/wp-json\/wp\/v2\/product"}],"about":[{"href":"https:\/\/vetsul.com\/index.php\/wp-json\/wp\/v2\/types\/product"}],"wp:featuredmedia":[{"embeddable":true,"href":"https:\/\/vetsul.com\/index.php\/wp-json\/wp\/v2\/media\/16259"}],"wp:attachment":[{"href":"https:\/\/vetsul.com\/index.php\/wp-json\/wp\/v2\/media?parent=16258"}],"wp:term":[{"taxonomy":"product_brand","embeddable":true,"href":"https:\/\/vetsul.com\/index.php\/wp-json\/wp\/v2\/product_brand?post=16258"},{"taxonomy":"product_cat","embeddable":true,"href":"https:\/\/vetsul.com\/index.php\/wp-json\/wp\/v2\/product_cat?post=16258"},{"taxonomy":"product_tag","embeddable":true,"href":"https:\/\/vetsul.com\/index.php\/wp-json\/wp\/v2\/product_tag?post=16258"}],"curies":[{"name":"wp","href":"https:\/\/api.w.org\/{rel}","templated":true}]}}