{"id":16250,"date":"2018-01-02T15:40:46","date_gmt":"2018-01-02T17:40:46","guid":{"rendered":"http:\/\/35.194.95.18\/wp-admin\/?post_type=product&#038;p=16250"},"modified":"2025-04-08T11:11:51","modified_gmt":"2025-04-08T14:11:51","slug":"dexium-10ml","status":"publish","type":"product","link":"https:\/\/vetsul.com\/index.php\/product\/dexium-10ml\/","title":{"rendered":"Dexium 10ml"},"content":{"rendered":"<p>D\u00e9xium* Solu\u00e7\u00e3o Injet\u00e1vel \u00e9 indicado para bovinos, eq\u00fcinos, ovinos, su\u00ednos, c\u00e3es e gatos, na terap\u00eautica de urg\u00eancia, quando necessitam de uma a\u00e7\u00e3o corticoster\u00f3ide r\u00e1pida e intensa e nos processos inflamat\u00f3rios e al\u00e9rgicos.<\/p>\n<p>F\u00f3rmula:<\/p>\n<p>Cada 10mL cont\u00e9m:<\/p>\n<p>Dexametasona&#8230;&#8230;&#8230;&#8230;&#8230;&#8230;&#8230;&#8230;&#8230;&#8230;..20 mg<\/p>\n<p>Ve\u00edculo q.s.p&#8230;&#8230;&#8230;&#8230;&#8230;&#8230;&#8230;&#8230;&#8230;&#8230;&#8230;..10 mL<\/p>\n<p>Indica\u00e7\u00f5es:<\/p>\n<p>D\u00e9xium* Solu\u00e7\u00e3o Injet\u00e1vel \u00e9 indicado para bovinos, eq\u00fcinos, ovinos, su\u00ednos, c\u00e3es e gatos, na terap\u00eautica de urg\u00eancia, quando necessitam de uma a\u00e7\u00e3o corticoster\u00f3ide r\u00e1pida e intensa e nos processos inflamat\u00f3rios e al\u00e9rgicos, tais como:<\/p>\n<p>&#8211; Choque: endot\u00f3xico, anafil\u00e1tico.<\/p>\n<p>&#8211; Doen\u00e7as respirat\u00f3rias: enfisema parox\u00edstico, crise do enfisema agudo do cavalo, broncopneumonia dispn\u00e9ica, edema de laringe e edema pulmonar.<\/p>\n<p>&#8211; Doen\u00e7a al\u00e9rgica aguda: urtic\u00e1ria, fotossensibiliza\u00e7\u00e3o e dermatites inespec\u00edficas.<\/p>\n<p>&#8211; Tratamentos locais como afec\u00e7\u00f5es do aparelho locomotor: bursite, sinovite e artrite.<\/p>\n<p>&#8211; Acetonemias grav\u00eddicas.<\/p>\n<p>&#8211; Reanima\u00e7\u00e3o cir\u00fargica: interven\u00e7\u00e3o genito-urin\u00e1rio, interven\u00e7\u00e3o nos \u00f3rg\u00e3os abdominais, redu\u00e7\u00e3o do prolapso uterino, cirurgias \u00f3sseas.<\/p>\n<p>&#8211; Acidentes por picada de cobra.<\/p>\n<p>Dosagem:<\/p>\n<p>C\u00c3ES&nbsp;<\/p>\n<p>Terap\u00eautica de urg\u00eancia: aplicar de 0,25 a 1,0 mg de Dexametasona (0,13 a 0,50mL de D\u00e9xium Solu\u00e7\u00e3o Injet\u00e1vel) por via endovenosa. A dose pode ser repetida caso necess\u00e1rio.<\/p>\n<p>Terap\u00eautica de manuten\u00e7\u00e3o: aplicar 0,25 a 0,5 mg de Dexametasona (0,13 a 0,25mL) por via intramuscular ou subcut\u00e2nea, uma vez ao dia.<\/p>\n<p>GATOS<\/p>\n<p>Terap\u00eautica de urg\u00eancia: aplicar 0,125 a 0,5 mg de Dexametasona (0,06 a 0,25mL de D\u00e9xium Solu\u00e7\u00e3o Injet\u00e1vel) por via endovenosa. A dose pode ser repetida caso necess\u00e1rio.<\/p>\n<p>Terap\u00eautica de manuten\u00e7\u00e3o: aplicar 0,125 a 0,5 mg de Dexametasona (0,06 a 0,25mL de D\u00e9xium Solu\u00e7\u00e3o Injet\u00e1vel) por via intramuscular ou subcut\u00e2nea, uma vez ao dia.<\/p>\n<p>BOVINOS<\/p>\n<p>Aplicar 5,0 mg \u00e0 20 mg de dexametasona (2,50 mL a 10,0 mL de D\u00e9xium Solu\u00e7\u00e3o Injet\u00e1vel) por via intramuscular ou endovenosa de acordo com a severidade do caso. Deve-se repetir a dose quando necess\u00e1rio.<\/p>\n<p>EQ\u00dcINOS<\/p>\n<p>Aplicar 2,5 mg \u00e0 5,0 mg de dexametasona (1,25 mL a 2,5 mL de D\u00e9xium Solu\u00e7\u00e3o Injet\u00e1vel) por via intramuscular ou endovenosa.<\/p>\n<p>OVINOS E SU\u00cdNOS&nbsp;<\/p>\n<p>Aplicar 0,5 a 1,0 mg de dexametasona por 10kg de peso corporal (0,25 a 0,50mL de D\u00e9xium Solu\u00e7\u00e3o Injet\u00e1vel) por 10kg de peso corporal, por via intramuscular ou endovenosa.<\/p>\n<p>Equival\u00eancia: mg de dexametasona por mL de D\u00e9xium* Solu\u00e7\u00e3o<\/p>\n<p>D\u00e9xium Solu\u00e7\u00e3o<span>\t<\/span>Dexametasona<\/p>\n<p>Injet\u00e1vel (mL)<span>\t<\/span>(mg)<\/p>\n<p>0,1<span>\t<\/span>0,2<\/p>\n<p>0,25<span>\t<\/span>0,5<\/p>\n<p>0,50<span>\t<\/span>0,1<\/p>\n<p>0,75<span>\t<\/span>1,5<\/p>\n<p>1,00<span>\t<\/span>2,0<\/p>\n<p>1,25<span>\t<\/span>2,5<\/p>\n<p>2,50<span>\t<\/span>5,0<\/p>\n<p>5,00<span>\t<\/span>10,0<\/p>\n<p>10,00<span>\t<\/span>20,0<\/p>\n<p>Administra\u00e7\u00e3o:<\/p>\n<p>Via subcut\u00e2nea, intramuscular ou endovenosa.<\/p>\n<p>Precau\u00e7\u00f5es:<\/p>\n<p>&#8211; Como qualquer outro corticoster\u00f3ide, a terap\u00eautica deve ser es-tabelecida levando-se em conta a severidade da afec\u00e7\u00e3o, a dura\u00e7\u00e3o do tratamento e o limite de toler\u00e2ncia do paciente para o ester\u00f3ide.<\/p>\n<p>&#8211; Deve-se empregar a menor dose efetiva poss\u00edvel.<\/p>\n<p>&#8211; Sempre que se precisar usar altas doses, o animal deve ficar sob observa\u00e7\u00e3o para se identificar o aparecimento de efeitos colaterais se por acaso ocorrerem.<\/p>\n<p>&#8211; Outros corticoster\u00f3ides poder\u00e3o ser substitu\u00eddos pelo D\u00e9xium* Solu\u00e7\u00e3o Injet\u00e1vel, respeitando-se a adequada redu\u00e7\u00e3o e ajuste da dose.<\/p>\n<p>&#8211; D\u00e9xium* Solu\u00e7\u00e3o Injet\u00e1vel deve estar aproximadamente \u00e0 temperatura corporal do animal.<\/p>\n<p>&#8211; Devem-se respeitar as recomenda\u00e7\u00f5es gerais para o uso de produtos por via parenteral como as de assepsia, desinfec\u00e7\u00e3o e velocidade de administra\u00e7\u00e3o na via endovenosa.<\/p>\n<p>&#8211; D\u00e9xium* Solu\u00e7\u00e3o Injet\u00e1vel pode ser usado nas infec\u00e7\u00f5es bacterianas agudas ou cr\u00f4nicas sempre que simultaneamente se use um f\u00e1rmaco antimicrobiano adequado.<\/p>\n<p>&#8211; Aplicar com cuidado em animais com insufici\u00eancia card\u00edaca, diabete e osteoporose.<\/p>\n<p>PER\u00cdODOS DE CAR\u00caNCIA:<\/p>\n<p>Carne: N\u00e3o abater animais tratados para o consumo humano, antes de decorridos 4 dias da \u00faltima aplica\u00e7\u00e3o do produto.<\/p>\n<p>EFEITOS COLATERAIS:<\/p>\n<p>Altera\u00e7\u00f5es do comportamento, convuls\u00f5es, \u00falcera p\u00e9ptica, pancreatite, glaucoma, catarata, diabetes, s\u00edndrome de Cushing, hipertens\u00e3o, fragilidade capilar, perda de massa muscular, osteoporose, fraturas espont\u00e2neas, dificuldade de cicatriza\u00e7\u00e3o e edema. Altera\u00e7\u00f5es laboratoriais: aumento do n\u00famero de leuc\u00f3citos, redu\u00e7\u00e3o de linf\u00f3citos, eosin\u00f3filos e bas\u00f3filos, aumento do n\u00famero de neutr\u00f3filos, plaquetas e hem\u00e1ceas e redu\u00e7\u00e3o do n\u00edvel de pot\u00e1ssio e c\u00e1lcio.<\/p>\n<p>Os corticoster\u00f3ides podem provocar o aparecimento de sinais de parto ou o parto, se aplicado no \u00faltimo trimestre ou trinta dias antes da gesta\u00e7\u00e3o respectivamente.<\/p>\n<p>CONTRA-INDICA\u00c7\u00d5ES:<\/p>\n<p>&#8211; N\u00e3o utilizar em eq\u00fcinos destinados ao consumo humano.<\/p>\n<p>&#8211; Todas as contra-indica\u00e7\u00f5es e precau\u00e7\u00f5es que existem para corticoster\u00f3ides se aplicam ao D\u00e9xium* Solu\u00e7\u00e3o Injet\u00e1vel.<\/p>\n<p>&#8211; Os efeitos adversos como reten\u00e7\u00e3o de s\u00f3dio e l\u00edquidos, perda de pot\u00e1ssio, ganho de peso, depress\u00e3o da fun\u00e7\u00e3o da c\u00f3rtex adrenal, principalmente quando se administra a dexametasona com altas doses ou por um per\u00edodo de tempo prolongado, devem ser levados em considera\u00e7\u00e3o.<\/p>\n<p>&#8211; N\u00e3o aplicar nas infec\u00e7\u00f5es por v\u00edrus, no est\u00e1gio vir\u00eamico.<\/p>\n<p>&#8211; Nos eq\u00fcinos quando tratados com doses superiores a 5 mg de dexametasona (2,5 ml de D\u00e9xium* Solu\u00e7\u00e3o Injet\u00e1vel), pode surgir sonol\u00eancia ou letargia que desaparece ap\u00f3s 24 horas.<\/p>\n<p>&#8211; N\u00e3o utilizar em animais com infec\u00e7\u00e3o viral, tuberculose, nefrite cr\u00f4nica, S\u00edndrome de Cushing ou \u00falcera p\u00e9ptica.&nbsp;<\/p>\n<p>Apresenta\u00e7\u00e3o:<\/p>\n<p>Frasco ampola de vidro contendo 10 mL<\/p>\n<p>Classe Terap\u00eautica:<\/p>\n<p>ANTI-INFLAMAT\u00d3RIOS, ANTI-PIR\u00c9TICOS, ANTI-ALERGICOS E ANALG\u00c9SICOS<\/p>\n<p>Princ\u00edpio(s) Ativo(s):<\/p>\n<p>DEXAMETASONA<\/p>\n<p>Registro no Minist\u00e9rio da Agricultura, Pecu\u00e1ria e Abastecimento:<\/p>\n<p>8064 em 04\/01\/2002<\/p>\n<p>Respons\u00e1vel T\u00e9cnico:<\/p>\n<p>Adriana Cristina P. Cini &#8211; CRMV: CRMV-SP: 8413<\/p>\n<p>Servi\u00e7o de Atendimento ao Consumidor:<\/p>\n<p>11-2747022<\/p>\n<div><\/div>\n","protected":false},"excerpt":{"rendered":"<p>D\u00e9xium* Solu\u00e7\u00e3o Injet\u00e1vel \u00e9 indicado para bovinos, eq\u00fcinos, ovinos, su\u00ednos, c\u00e3es e gatos, na terap\u00eautica de urg\u00eancia, quando necessitam de uma a\u00e7\u00e3o<\/p>\n","protected":false},"featured_media":16251,"template":"","meta":{"_acf_changed":false},"product_brand":[959],"product_cat":[168,174,179],"product_tag":[1008],"class_list":{"0":"post-16250","1":"product","2":"type-product","3":"status-publish","4":"has-post-thumbnail","6":"product_brand-chemitec","7":"product_cat-anti-inflamatorios","8":"product_cat-anti-inflamatorios-3","9":"product_cat-anti-inflamatorio","10":"product_tag-chemitec","12":"first","13":"outofstock","14":"purchasable","15":"product-type-simple"},"acf":[],"_links":{"self":[{"href":"https:\/\/vetsul.com\/index.php\/wp-json\/wp\/v2\/product\/16250","targetHints":{"allow":["GET"]}}],"collection":[{"href":"https:\/\/vetsul.com\/index.php\/wp-json\/wp\/v2\/product"}],"about":[{"href":"https:\/\/vetsul.com\/index.php\/wp-json\/wp\/v2\/types\/product"}],"wp:featuredmedia":[{"embeddable":true,"href":"https:\/\/vetsul.com\/index.php\/wp-json\/wp\/v2\/media\/16251"}],"wp:attachment":[{"href":"https:\/\/vetsul.com\/index.php\/wp-json\/wp\/v2\/media?parent=16250"}],"wp:term":[{"taxonomy":"product_brand","embeddable":true,"href":"https:\/\/vetsul.com\/index.php\/wp-json\/wp\/v2\/product_brand?post=16250"},{"taxonomy":"product_cat","embeddable":true,"href":"https:\/\/vetsul.com\/index.php\/wp-json\/wp\/v2\/product_cat?post=16250"},{"taxonomy":"product_tag","embeddable":true,"href":"https:\/\/vetsul.com\/index.php\/wp-json\/wp\/v2\/product_tag?post=16250"}],"curies":[{"name":"wp","href":"https:\/\/api.w.org\/{rel}","templated":true}]}}