{"id":16244,"date":"2018-01-02T15:22:27","date_gmt":"2018-01-02T17:22:27","guid":{"rendered":"http:\/\/35.194.95.18\/wp-admin\/?post_type=product&#038;p=16244"},"modified":"2025-08-09T11:07:12","modified_gmt":"2025-08-09T14:07:12","slug":"dectomax-50-ml-doramectina-1","status":"publish","type":"product","link":"https:\/\/vetsul.com\/index.php\/product\/dectomax-50-ml-doramectina-1\/","title":{"rendered":"DECTOMAX 50 ML &#8211; DORAMECTINA 1%"},"content":{"rendered":"<p>Dectomax\u00ae \u00e9 indicado para o tratamento e controle das parasitoses causadas por nemat\u00f3deos gastrintestinais e pulmonares, mi\u00edases (bicheiras), carrapatos, bernes, piolhos, \u00e1caros da sarna e como auxiliar no controle da popula\u00e7\u00e3o da mosca do chifre dos bovinos.<\/p>\n<p>F\u00f3rmula Dectomax:<\/p>\n<p>Cada 100 mL de Dectomax cont\u00e9m:<\/p>\n<p>Doramectin &#8230;&#8230;&#8230;&#8230;&#8230;&#8230;&#8230;&#8230;&#8230;&#8230;&#8230;&#8230;&#8230;&#8230;&#8230;&#8230;&#8230;&#8230;&#8230;.. 1,00 g<\/p>\n<p>Ve\u00edculo &#8230;&#8230;&#8230;.. q.s.p. &#8230;&#8230;&#8230;&#8230;&#8230;&#8230;&#8230;&#8230;&#8230;&#8230;&#8230;&#8230;&#8230;&#8230;. 100,00 mL<\/p>\n<p>Indica\u00e7\u00f5es Dectomax:<\/p>\n<p>Dosagem:<\/p>\n<p>Dectomax Bovinos:<\/p>\n<p>Aplicar Dectomax\u00ae na dose de 1 mL para cada 50 kg de peso (200 mcg de Doramectin por kg).<\/p>\n<p>Utilize a tabela abaixo como refer\u00eancia:<\/p>\n<p>Peso (kg) Dose (mL) Peso (kg) Dose (mL)<\/p>\n<p>At\u00e9 50 1 301 &#8211; 350 7<\/p>\n<p>51 &#8211; 100 2 351 &#8211; 400 8<\/p>\n<p>101 &#8211; 150 3 401 &#8211; 450 9<\/p>\n<p>151 &#8211; 200 4 451 &#8211; 500 10<\/p>\n<p>201 &#8211; 250 5 501 &#8211; 550 11<\/p>\n<p>251 &#8211; 300 6 551 &#8211; 600 12<\/p>\n<p>Dectomax Su\u00ednos:<\/p>\n<p>Aplicar Dectomax\u00ae na dose de 1 mL para cada 33 kg de peso (300 mcg de Doramectin por kg).<\/p>\n<p>Utilize a tabela abaixo como refer\u00eancia para o uso do Dectomax:<\/p>\n<p>Peso (kg)&nbsp; Dose (mL)<\/p>\n<p>&nbsp; At\u00e9 33&nbsp; &nbsp; &nbsp; &nbsp; &nbsp; &nbsp; 1,0<\/p>\n<p>&nbsp; 34 a 50&nbsp; &nbsp; &nbsp; &nbsp; &nbsp; 1,5<\/p>\n<p>&nbsp; 51 a 66&nbsp; &nbsp; &nbsp; &nbsp; &nbsp; 2,0<\/p>\n<p>&nbsp; 67 a 82&nbsp; &nbsp; &nbsp; &nbsp; &nbsp; 2,5<\/p>\n<p>&nbsp; 83 a 99&nbsp; &nbsp; &nbsp; &nbsp; &nbsp; 3,0<\/p>\n<p>Dectomax Ovinos:<\/p>\n<p>Aplicar Dectomax\u00ae na dose de 1 mL para cada 50 kg de peso (200 mcg de Doramectin por kg) contra nemat\u00f3deos gastrintestinais mi\u00edases (bicheiras) e bicho da cabe\u00e7a (berne) e de 1 mL para cada 33 kg de peso (300 mcg de Doramectin por kg) contra \u00e1caros da sarna.<\/p>\n<p>Administra\u00e7\u00e3o Dectomax:<\/p>\n<p>Dectomax em Bovinos e Ovinos:<\/p>\n<p>Dectomax\u00ae deve ser aplicado por via subcut\u00e2nea ou intramuscular.<\/p>\n<p>Dectomax Su\u00ednos:<\/p>\n<p>Dectomax\u00ae deve ser aplicado pela via intramuscular.<\/p>\n<p>Precau\u00e7\u00f5es com Dectomax:<\/p>\n<p>&#8211; Conservar o produto em local fresco e seco (entre 4\u00baC e 30\u00baC) ao abrigo da luz solar, fora do alcance das crian\u00e7as.<\/p>\n<p>&#8211; N\u00e3o utilizar a carne dos bovinos e ovinos para consumo humano, antes do prazo de 35 dias ap\u00f3s o tratamento.<\/p>\n<p>&#8211; N\u00e3o aplicar em vacas produzindo leite para consumo humano.<\/p>\n<p>&#8211; N\u00e3o utilizar a carne dos su\u00ednos para consumo humano, antes do prazo de 28 dias ap\u00f3s o tratamento.<\/p>\n<p>Apresenta\u00e7\u00e3o Dectomax:<\/p>\n<p>Frasco ampola de vidro \u00e2mbar contendo 20, 50, 100, 200 ou 500 mL.<\/p>\n<p>Classe Terap\u00eautica:<\/p>\n<p><\/p>\n<p>ENDECTOCIDAS (A\u00c7\u00c3O EM ENDOPARASITAS E ECTOPARASITAS) (ANTI-PARASIT\u00c1RIOS)<\/p>\n<p><\/p>\n<p>Princ\u00edpio(s) Ativo(s):<\/p>\n<p><\/p>\n<p>DORAMECTINA<\/p>\n","protected":false},"excerpt":{"rendered":"<p>Dectomax\u00ae \u00e9 indicado para o tratamento e controle das parasitoses causadas por nemat\u00f3deos gastrintestinais e pulmonares, mi\u00edases (bicheiras), carrapatos, bernes, piolhos, \u00e1caros<\/p>\n","protected":false},"featured_media":16245,"template":"","meta":{"_acf_changed":false},"product_brand":[],"product_cat":[167],"product_tag":[1010],"class_list":{"0":"post-16244","1":"product","2":"type-product","3":"status-publish","4":"has-post-thumbnail","6":"product_cat-vermifugos-e-carrapaticidas","7":"product_tag-pfizer","9":"first","10":"instock","11":"shipping-taxable","12":"purchasable","13":"product-type-simple"},"acf":[],"_links":{"self":[{"href":"https:\/\/vetsul.com\/index.php\/wp-json\/wp\/v2\/product\/16244","targetHints":{"allow":["GET"]}}],"collection":[{"href":"https:\/\/vetsul.com\/index.php\/wp-json\/wp\/v2\/product"}],"about":[{"href":"https:\/\/vetsul.com\/index.php\/wp-json\/wp\/v2\/types\/product"}],"wp:featuredmedia":[{"embeddable":true,"href":"https:\/\/vetsul.com\/index.php\/wp-json\/wp\/v2\/media\/16245"}],"wp:attachment":[{"href":"https:\/\/vetsul.com\/index.php\/wp-json\/wp\/v2\/media?parent=16244"}],"wp:term":[{"taxonomy":"product_brand","embeddable":true,"href":"https:\/\/vetsul.com\/index.php\/wp-json\/wp\/v2\/product_brand?post=16244"},{"taxonomy":"product_cat","embeddable":true,"href":"https:\/\/vetsul.com\/index.php\/wp-json\/wp\/v2\/product_cat?post=16244"},{"taxonomy":"product_tag","embeddable":true,"href":"https:\/\/vetsul.com\/index.php\/wp-json\/wp\/v2\/product_tag?post=16244"}],"curies":[{"name":"wp","href":"https:\/\/api.w.org\/{rel}","templated":true}]}}