{"id":16238,"date":"2018-01-02T15:03:17","date_gmt":"2018-01-02T17:03:17","guid":{"rendered":"http:\/\/35.194.95.18\/wp-admin\/?post_type=product&#038;p=16238"},"modified":"2025-02-07T16:22:15","modified_gmt":"2025-02-07T19:22:15","slug":"cyperclor-plus-pulveriza-ao","status":"publish","type":"product","link":"https:\/\/vetsul.com\/index.php\/product\/cyperclor-plus-pulveriza-ao\/","title":{"rendered":"CYPERCLOR PLUS PULVERIZA\u00c7\u00c3O"},"content":{"rendered":"<p><span style=\"font-family: tahoma; font-size: 12px;\">CYPERCLOR PLUS Pulveriza\u00e7\u00e3o \u00e9 um ectoparasiticida que associa cipermetrina com clorpirif\u00f3s, citronela e but\u00f3xido de pipenonila como potencializador do piretr\u00f3ide.<\/span><\/p>\n<p><font face=\"tahoma\"><span style=\"font-size: 12px;\">F\u00f3rmula:<\/span><\/font><\/p>\n<p><font face=\"tahoma\"><span style=\"font-size: 12px;\">Cada 100 mL cont\u00e9m:<\/span><\/font><\/p>\n<p><font face=\"tahoma\"><span style=\"font-size: 12px;\">Cipermetrina &#8230;&#8230;&#8230;&#8230;&#8230;&#8230;&#8230;&#8230;&#8230;&#8230;&#8230;&#8230;&#8230;&#8230;&#8230;&#8230;&#8230;&#8230;&#8230;&#8230;. 15,00 g<\/span><\/font><\/p>\n<p><font face=\"tahoma\"><span style=\"font-size: 12px;\">Clorpirif\u00f3s &#8230;&#8230;&#8230;&#8230;&#8230;&#8230;&#8230;&#8230;&#8230;&#8230;&#8230;&#8230;&#8230;&#8230;&#8230;&#8230;&#8230;&#8230;&#8230;&#8230;&#8230;&#8230;25,00 g<\/span><\/font><\/p>\n<p><font face=\"tahoma\"><span style=\"font-size: 12px;\">But\u00f3xido de Piperonila &#8230;&#8230;&#8230;&#8230;&#8230;&#8230;&#8230;&#8230;&#8230;&#8230;&#8230;&#8230;&#8230;&#8230;&#8230;&#8230;.15,00 g<\/span><\/font><\/p>\n<p><font face=\"tahoma\"><span style=\"font-size: 12px;\">Citronelal &#8230;&#8230;&#8230;&#8230;&#8230;&#8230;&#8230;&#8230;&#8230;&#8230;&#8230;&#8230;&#8230;&#8230;&#8230;&#8230;&#8230;&#8230;&#8230;&#8230;&#8230;&#8230;..1,00 g<\/span><\/font><\/p>\n<p><font face=\"tahoma\"><span style=\"font-size: 12px;\">Ve\u00edculo q.s.p. &#8230;&#8230;&#8230;&#8230;&#8230;&#8230;&#8230;&#8230;&#8230;&#8230;&#8230;&#8230;&#8230;&#8230;&#8230;&#8230;&#8230;&#8230;&#8230;.100,00 mL<\/span><\/font><\/p>\n<p><font face=\"tahoma\"><span style=\"font-size: 12px;\">Indica\u00e7\u00f5es:<\/span><\/font><\/p>\n<p><font face=\"tahoma\"><span style=\"font-size: 12px;\">Bovinos: Carrapatos (Amblyoma cajenense, Anocenthor nitens, Boophilus microplus e Riphicephalus sanguineus), moscas (Dermatobia hominis, Musca autumnalis, Musca domestica, Musca spp. e Tabanus spp.), inclusive a mosca dos chifres (Haematobia irritans), berne bovino (larvas de Dermatobia hominis), \u00e1caros da sarna (Notoedres cati, Psoroptes sp. e Sarcoptes scabiei), piolhos mastigadores (Damalinea sp.) e piolhos sugadores (Linognatus sp.) dos bovinos, possuindo ainda um bom poder de repel\u00eancia sobre os insetos que parasitam os bovinos.<\/span><\/font><\/p>\n<p><font face=\"tahoma\"><span style=\"font-size: 12px;\">Su\u00ednos: Moscas (Dermatobia hominis, Haematobia irritans, Musca domestica, Mosca spp. e Stomoxys calcitrans), berne (larvas de Dermatobia hominis) e sarna (Sarcoptes scabiei var. suis).<\/span><\/font><\/p>\n<p><font face=\"tahoma\"><span style=\"font-size: 12px;\">Instala\u00e7\u00f5es: Pulveriza\u00e7\u00e3o de instala\u00e7\u00f5es infestadas por parasitas como o Alphitobius diaperinus (bezouro cascudinho adulto) e em avi\u00e1rios no tratamento de piolhos dos g\u00eaneros Columbicola spp., Cuclotogaster spp., Goniocotes spp., Goniodes spp., Holomenopon spp., Lipeurus spp., Menacanthus spp. e adultos de Menopon spp.<\/span><\/font><\/p>\n<p><font face=\"tahoma\"><span style=\"font-size: 12px;\">Dosagem:<\/span><\/font><\/p>\n<p><font face=\"tahoma\"><span style=\"font-size: 12px;\">Bovinos:Pulveriza\u00e7\u00e3o: CYPERCLOR PLUS PULVERIZA\u00c7\u00c3O deve ser dilu\u00eddo na propor\u00e7\u00e3o de 1 (uma) parte do produto para cada 800 partes de \u00e1gua, ou seja, 100 mL do produto devem ser dilu\u00eddos em 80 litros de \u00e1gua, para formar a calda. Pulverizar todo o corpo do animal, principalmente as orelhas, base dos chifres, barbela, axilas, entre os membros, virilha e inser\u00e7\u00e3o do rabo. Usar aproximadamente de 4 a 5 litros do preparado por cada bovino adulto, de forma a molhar bem os animais a serem tratados.<\/span><\/font><\/p>\n<p><font face=\"tahoma\"><span style=\"font-size: 12px;\">Banho de imers\u00e3o: Carga: CYPERCLOR PLUS PULVERIZA\u00c7\u00c3O deve ser dilu\u00eddo na propor\u00e7\u00e3o de 1 (uma) parte do produto para cada 1000 partes de \u00e1gua, ou seja, 100 mL do produto devem ser dilu\u00eddos em 100 litros de \u00e1gua, para formar a calda, n\u00e3o sendo necess\u00e1ria a adi\u00e7\u00e3o de nenhum tipo de estabilizante para sua utiliza\u00e7\u00e3o em banheiros de imers\u00e3o.&nbsp;<\/span><\/font><\/p>\n<p><font face=\"tahoma\"><span style=\"font-size: 12px;\">Recarga: CYPERCLOR PLUS PULVERIZA\u00c7\u00c3O deve ser dilu\u00eddo na propor\u00e7\u00e3o de 1,5 (uma e meia) parte do produto para cada 1000 partes de \u00e1gua, ou seja, 150 mL do produto devem ser dilu\u00eddos em 100 litros de \u00e1gua, para recompor a calda, respeitando as seguintes dilui\u00e7\u00f5es:<\/span><\/font><\/p>\n<p><font face=\"tahoma\"><span style=\"font-size: 12px;\">Pulveriza\u00e7\u00e3o Banho de imers\u00e3o<\/span><\/font><\/p>\n<p><font face=\"tahoma\"><span style=\"font-size: 12px;\">Cyperclor \u00c1gua Carga<\/span><\/font><\/p>\n<p><font face=\"tahoma\"><span style=\"font-size: 12px;\">25 mL 20 litros Cyperclor \u00c1gua&nbsp;<\/span><\/font><\/p>\n<p><font face=\"tahoma\"><span style=\"font-size: 12px;\">250 mL 200 litros 1,0 litro 1000 litros<\/span><\/font><\/p>\n<p><font face=\"tahoma\"><span style=\"font-size: 12px;\">1000 mL 800 litros Recarga<\/span><\/font><\/p>\n<p><font face=\"tahoma\"><span style=\"font-size: 12px;\">Cyperclor \u00c1gua&nbsp;<\/span><\/font><\/p>\n<p><font face=\"tahoma\"><span style=\"font-size: 12px;\">1,5 litros 1000 litros<\/span><\/font><\/p>\n<p><font face=\"tahoma\"><span style=\"font-size: 12px;\">Su\u00ednos: Pulveriza\u00e7\u00e3o: CYPERCLOR PLUS PULVERIZA\u00c7\u00c3O deve ser dilu\u00eddo na propor\u00e7\u00e3o de 1 (uma) parte do produto para cada 400 partes de \u00e1gua, ou seja, 100 mL do produto devem ser dilu\u00eddos em 40 litros de \u00e1gua, para formar a calda, respeitando as seguintes dilui\u00e7\u00f5es:<\/span><\/font><\/p>\n<p><font face=\"tahoma\"><span style=\"font-size: 12px;\">Pulveriza\u00e7\u00e3o<\/span><\/font><\/p>\n<p><font face=\"tahoma\"><span style=\"font-size: 12px;\">Cyperclor \u00c1gua&nbsp;<\/span><\/font><\/p>\n<p><font face=\"tahoma\"><span style=\"font-size: 12px;\">25 mL 10 litros<\/span><\/font><\/p>\n<p><font face=\"tahoma\"><span style=\"font-size: 12px;\">250 mL 100 litros<\/span><\/font><\/p>\n<p><font face=\"tahoma\"><span style=\"font-size: 12px;\">1000 mL 400 litros<\/span><\/font><\/p>\n<p><font face=\"tahoma\"><span style=\"font-size: 12px;\">Pulverizar todo o corpo do animal, com aproximadamente de 400 a 500 mL do preparado por cada animal adulto, de forma a molhar bem os animais a serem tratados.<\/span><\/font><\/p>\n<p><font face=\"tahoma\"><span style=\"font-size: 12px;\">Pulveriza\u00e7\u00e3o em Instala\u00e7\u00f5es Rurais, Est\u00e1bulos e Avi\u00e1rios:<\/span><\/font><\/p>\n<p><font face=\"tahoma\"><span style=\"font-size: 12px;\">CYPERCLOR PLUS PULVERIZA\u00c7\u00c3O deve ser dilu\u00eddo na propor\u00e7\u00e3o de 1 (uma) parte do produto para cada 400 partes de \u00e1gua, ou seja, 100 mL do produto devem ser dilu\u00eddos em 40 litros de \u00e1gua, para formar a calda, respeitando as seguintes dilui\u00e7\u00f5es:<\/span><\/font><\/p>\n<p><font face=\"tahoma\"><span style=\"font-size: 12px;\">Pulveriza\u00e7\u00e3o<\/span><\/font><\/p>\n<p><font face=\"tahoma\"><span style=\"font-size: 12px;\">Cyperclor \u00c1gua&nbsp;<\/span><\/font><\/p>\n<p><font face=\"tahoma\"><span style=\"font-size: 12px;\">25 mL 10 litros<\/span><\/font><\/p>\n<p><font face=\"tahoma\"><span style=\"font-size: 12px;\">250 mL 100 litros<\/span><\/font><\/p>\n<p><font face=\"tahoma\"><span style=\"font-size: 12px;\">1000 mL 400 litros<\/span><\/font><\/p>\n<p><font face=\"tahoma\"><span style=\"font-size: 12px;\">Pulverizar cerca de 100 litros da calda de CYPERCLOR PLUS PULVERIZA\u00c7\u00c3O para cada 120 m2 de \u00e1rea a ser coberta.<\/span><\/font><\/p>\n<p><font face=\"tahoma\"><span style=\"font-size: 12px;\">*Obs.: Para grandes volumes de caldas (acima de 40 litros), recomenda-se preparar uma pr\u00e9-mistura em balde pl\u00e1stico \u00e0 parte, diluindo-se a dosagem recomendada em 10 litros de \u00e1gua. Agitar vigorosamente at\u00e9 a total homogeneiza\u00e7\u00e3o e despejar no pulverizador, completando-se o volume com \u00e1gua limpa, sob agita\u00e7\u00e3o.<\/span><\/font><\/p>\n<p><font face=\"tahoma\"><span style=\"font-size: 12px;\">Administra\u00e7\u00e3o:<\/span><\/font><\/p>\n<p><font face=\"tahoma\"><span style=\"font-size: 12px;\">CYPERCLOR PULVERIZA\u00c7\u00c3O \u00e9 um produto de uso t\u00f3pico, para ser aplicado com o aux\u00edlio de pulverizadores (manuais ou motorizados), em bom estado de conserva\u00e7\u00e3o e com boa press\u00e3o ou em banheiras de imers\u00e3o.<\/span><\/font><\/p>\n<p><font face=\"tahoma\"><span style=\"font-size: 12px;\">Precau\u00e7\u00f5es:<\/span><\/font><\/p>\n<p><font face=\"tahoma\"><span style=\"font-size: 12px;\">INTERVALO ENTRE DOSES:<\/span><\/font><\/p>\n<p><font face=\"tahoma\"><span style=\"font-size: 12px;\">O intervalo entre as aplica\u00e7\u00f5es varia de acordo com o programa adotado no controle dos ectoparasitas, condi\u00e7\u00f5es ambientais, n\u00edvel de infesta\u00e7\u00e3o e taxa de reinfesta\u00e7\u00e3o do rebanho, a crit\u00e9rio do M\u00e9dico Veterin\u00e1rio.<\/span><\/font><\/p>\n<p><font face=\"tahoma\"><span style=\"font-size: 12px;\">PRECAU\u00c7\u00d5ES:<\/span><\/font><\/p>\n<p><font face=\"tahoma\"><span style=\"font-size: 12px;\">Manter a embalagem fechada.<\/span><\/font><\/p>\n<p><font face=\"tahoma\"><span style=\"font-size: 12px;\">Obedecer \u00e0s dosagens e recomenda\u00e7\u00f5es para uso do produto.<\/span><\/font><\/p>\n<p><font face=\"tahoma\"><span style=\"font-size: 12px;\">Utilizar pulverizadores (manuais ou motorizados), em bom estado de conserva\u00e7\u00e3o, com boa press\u00e3o e, previamente bem lavados, caso tenham sido previamente utilizados com outro tipo de inseticida.<\/span><\/font><\/p>\n<p><font face=\"tahoma\"><span style=\"font-size: 12px;\">Aplicar sobre os animais em lugar aberto, bem ventilado, sempre na dire\u00e7\u00e3o a favor do vento.<\/span><\/font><\/p>\n<p><font face=\"tahoma\"><span style=\"font-size: 12px;\">N\u00e3o aplicar em dias muito quentes, quando os animais podem se lamber e apresentar sintomas vari\u00e1veis de intoxica\u00e7\u00e3o.<\/span><\/font><\/p>\n<p><font face=\"tahoma\"><span style=\"font-size: 12px;\">N\u00e3o pulverizar sobre ra\u00e7\u00f5es animais ou alimentos armazenados.<\/span><\/font><\/p>\n<p><font face=\"tahoma\"><span style=\"font-size: 12px;\">Produto t\u00f3xico para peixes.<\/span><\/font><\/p>\n<p><font face=\"tahoma\"><span style=\"font-size: 12px;\">Evitar longo contato com a pele e a inala\u00e7\u00e3o do produto.<\/span><\/font><\/p>\n<p><font face=\"tahoma\"><span style=\"font-size: 12px;\">Pulverizar vacas leiteiras somente depois da ordenha.<\/span><\/font><\/p>\n<p><font face=\"tahoma\"><span style=\"font-size: 12px;\">Lavar o \u00fabere das vacas tratadas antes da ordenha.<\/span><\/font><\/p>\n<p><font face=\"tahoma\"><span style=\"font-size: 12px;\">N\u00e3o fumar ou alimentar-se durante o manuseio do produto.<\/span><\/font><\/p>\n<p><font face=\"tahoma\"><span style=\"font-size: 12px;\">Lavar as m\u00e3os ap\u00f3s o manuseio do produto.<\/span><\/font><\/p>\n<p><font face=\"tahoma\"><span style=\"font-size: 12px;\">N\u00e3o reutilizar as embalagens vazias.<\/span><\/font><\/p>\n<p><font face=\"tahoma\"><span style=\"font-size: 12px;\">Mantenha este, ou qualquer outro medicamento, fora do alcance de crian\u00e7as e animais dom\u00e9sticos.<\/span><\/font><\/p>\n<p><font face=\"tahoma\"><span style=\"font-size: 12px;\">A utiliza\u00e7\u00e3o do produto simult\u00e2neamente a outros medicamentos \u00e0 base de organofosforados e carbamatos, deve ser avaliada e observada atentamente pelo m\u00e9dico veterin\u00e1rio, para prevenir a ocorr\u00eancia de intoxica\u00e7\u00f5es.<\/span><\/font><\/p>\n<p><font face=\"tahoma\"><span style=\"font-size: 12px;\">Guardar fora do alcance de crian\u00e7as e de animais dom\u00e9sticos.<\/span><\/font><\/p>\n<p><font face=\"tahoma\"><span style=\"font-size: 12px;\">N\u00e3o utilize nem guarde perto de bebidas, alimentos, medicamentos, produtos de higiene dom\u00e9stica e do fogo.<\/span><\/font><\/p>\n<p><font face=\"tahoma\"><span style=\"font-size: 12px;\">Manter a embalagem fechada.<\/span><\/font><\/p>\n<p><font face=\"tahoma\"><span style=\"font-size: 12px;\">N\u00e3o lavar as embalagens vazias para evitar a contamina\u00e7\u00e3o de rios e a\u00e7udes. N\u00e3o reaproveitar as embalagens vazias, que devem ser destru\u00eddas por incinera\u00e7\u00e3o. Utilizar o produto logo ap\u00f3s emulsion\u00e1-lo em agu\u00e1, na propor\u00e7\u00e3o indicada. Agitar novamente a emuls\u00e3o, caso esta fique em repouso por mais de 20 minutos.<\/span><\/font><\/p>\n<p><font face=\"tahoma\"><span style=\"font-size: 12px;\">Primeiros socorros:<\/span><\/font><\/p>\n<p><font face=\"tahoma\"><span style=\"font-size: 12px;\">Em caso de intoxica\u00e7\u00e3o acidental, procurar imediatamente o m\u00e9dico. N\u00e3o provocar v\u00f4mito e n\u00e3o oferecer leite, gorduras ou \u00f3leos ao paciente. Em caso de contato com os olhos: lavar com \u00e1gua corrente durante 15 minutos. Em caso de contato com a pele: retirar as roupas contaminadas e lavar as \u00e1reas atingidas com \u00e1gua e sab\u00e3o. A cipermetrina n\u00e3o possui ant\u00eddoto espec\u00edfico, o tratamento da intoxica\u00e7\u00e3o \u00e9 sintom\u00e1tico, podendo incluir lavagem g\u00e1strica e a administra\u00e7\u00e3o dos ant\u00eddotos do clorpirif\u00f3s, sulfato de atropina e reativadores da colinesterase (PAM e Contrathion).<\/span><\/font><\/p>\n<p><font face=\"tahoma\"><span style=\"font-size: 12px;\">PER\u00cdODOS DE CAR\u00caNCIA:<\/span><\/font><\/p>\n<p><font face=\"tahoma\"><span style=\"font-size: 12px;\">N\u00e3o abater bovinos destinados ao consumo humano antes de passados 10 dias ap\u00f3s o tratamento.<\/span><\/font><\/p>\n<p><font face=\"tahoma\"><span style=\"font-size: 12px;\">O leite dos animais tratados n\u00e3o deve ser destinado para o consumo humano, antes de decorridas 72 horas da aplica\u00e7\u00e3o do produto.<\/span><\/font><\/p>\n<p><font face=\"tahoma\"><span style=\"font-size: 12px;\">Apresenta\u00e7\u00e3o:<\/span><\/font><\/p>\n<p><font face=\"tahoma\"><span style=\"font-size: 12px;\">Frascos pl\u00e1sticos contendo 25 mL, 250 mL e 1 Litro.<\/span><\/font><\/p>\n<p><font face=\"tahoma\"><span style=\"font-size: 12px;\">Classe Terap\u00eautica:<\/span><\/font><\/p>\n<p><font face=\"tahoma\"><span style=\"font-size: 12px;\">ECTOPARASITICIDAS (ANTI-PARASIT\u00c1RIOS)<\/span><\/font><\/p>\n<p><font face=\"tahoma\"><span style=\"font-size: 12px;\">Princ\u00edpio(s) Ativo(s):<\/span><\/font><\/p>\n<p><font face=\"tahoma\"><span style=\"font-size: 12px;\">CIPERMETRINA<\/span><\/font><\/p>\n<p><font face=\"tahoma\"><span style=\"font-size: 12px;\">CLORPIRIF\u00d3S<\/span><\/font><\/p>\n<p><font face=\"tahoma\"><span style=\"font-size: 12px;\">PIPERONILA<\/span><\/font><\/p>\n<p><font face=\"tahoma\"><span style=\"font-size: 12px;\">CITRONELA<\/span><\/font><\/p>\n<p><font face=\"tahoma\"><span style=\"font-size: 12px;\">Registro no Minist\u00e9rio da Agricultura, Pecu\u00e1ria e Abastecimento:<\/span><\/font><\/p>\n<p><font face=\"tahoma\"><span style=\"font-size: 12px;\">9.058 em 01\/04\/2005.<\/span><\/font><\/p>\n<p><font face=\"tahoma\"><span style=\"font-size: 12px;\">Respons\u00e1vel T\u00e9cnico:<\/span><\/font><\/p>\n<p><font face=\"tahoma\"><span style=\"font-size: 12px;\">Dr. Mauricio Del Bigio &#8211; CRMV: CRMV SP n\u00ba 3715<\/span><\/font><\/p>\n<p><span style=\"font-family: tahoma; font-size: 12px;\"><\/span><\/p>\n","protected":false},"excerpt":{"rendered":"<p>CYPERCLOR PLUS Pulveriza\u00e7\u00e3o \u00e9 um ectoparasiticida que associa cipermetrina com clorpirif\u00f3s, citronela e but\u00f3xido de pipenonila como potencializador do piretr\u00f3ide. F\u00f3rmula: Cada<\/p>\n","protected":false},"featured_media":16239,"template":"","meta":{"_acf_changed":false},"product_brand":[966],"product_cat":[167],"product_tag":[1035],"class_list":{"0":"post-16238","1":"product","2":"type-product","3":"status-publish","4":"has-post-thumbnail","6":"product_brand-ceva","7":"product_cat-vermifugos-e-carrapaticidas","8":"product_tag-ceva","10":"first","11":"outofstock","12":"purchasable","13":"product-type-simple"},"acf":[],"_links":{"self":[{"href":"https:\/\/vetsul.com\/index.php\/wp-json\/wp\/v2\/product\/16238","targetHints":{"allow":["GET"]}}],"collection":[{"href":"https:\/\/vetsul.com\/index.php\/wp-json\/wp\/v2\/product"}],"about":[{"href":"https:\/\/vetsul.com\/index.php\/wp-json\/wp\/v2\/types\/product"}],"wp:featuredmedia":[{"embeddable":true,"href":"https:\/\/vetsul.com\/index.php\/wp-json\/wp\/v2\/media\/16239"}],"wp:attachment":[{"href":"https:\/\/vetsul.com\/index.php\/wp-json\/wp\/v2\/media?parent=16238"}],"wp:term":[{"taxonomy":"product_brand","embeddable":true,"href":"https:\/\/vetsul.com\/index.php\/wp-json\/wp\/v2\/product_brand?post=16238"},{"taxonomy":"product_cat","embeddable":true,"href":"https:\/\/vetsul.com\/index.php\/wp-json\/wp\/v2\/product_cat?post=16238"},{"taxonomy":"product_tag","embeddable":true,"href":"https:\/\/vetsul.com\/index.php\/wp-json\/wp\/v2\/product_tag?post=16238"}],"curies":[{"name":"wp","href":"https:\/\/api.w.org\/{rel}","templated":true}]}}