{"id":16236,"date":"2018-01-02T14:58:11","date_gmt":"2018-01-02T16:58:11","guid":{"rendered":"http:\/\/35.194.95.18\/wp-admin\/?post_type=product&#038;p=16236"},"modified":"2025-02-07T16:22:10","modified_gmt":"2025-02-07T19:22:10","slug":"cyperclor-plus-pour-on-01lt","status":"publish","type":"product","link":"https:\/\/vetsul.com\/index.php\/product\/cyperclor-plus-pour-on-01lt\/","title":{"rendered":"CYPERCLOR PLUS POUR ON 01lt"},"content":{"rendered":"<p>F\u00f3rmula:<\/p>\n<p><\/p>\n<p><\/p>\n<p>Cada 100 mL cont\u00e9m:<\/p>\n<p>Cipermetrina &#8230;&#8230;&#8230;&#8230;&#8230;&#8230;&#8230;&#8230;&#8230;&#8230;&#8230;&#8230;&#8230;&#8230;&#8230;&#8230;&#8230;&#8230;&#8230;&#8230;&#8230; 5,00 g<\/p>\n<p>Clorpirif\u00f3s &#8230;&#8230;&#8230;&#8230;&#8230;&#8230;&#8230;&#8230;&#8230;&#8230;&#8230;&#8230;&#8230;&#8230;&#8230;&#8230;&#8230;&#8230;&#8230;&#8230;&#8230;&#8230;. 7,00 g<\/p>\n<p>But\u00f3xido de Piperonila &#8230;&#8230;&#8230;&#8230;&#8230;&#8230;&#8230;&#8230;&#8230;&#8230;&#8230;&#8230;&#8230;&#8230;&#8230;&#8230;.5,00 g<\/p>\n<p>Citronelal &#8230;&#8230;&#8230;&#8230;&#8230;&#8230;&#8230;&#8230;&#8230;&#8230;&#8230;&#8230;&#8230;&#8230;&#8230;&#8230;&#8230;&#8230;&#8230;&#8230;&#8230;&#8230;. 0,50 g<\/p>\n<p>Ve\u00edculo q.s.p. &#8230;&#8230;&#8230;&#8230;&#8230;&#8230;&#8230;&#8230;&#8230;&#8230;&#8230;&#8230;&#8230;&#8230;&#8230;&#8230;&#8230;&#8230;&#8230;..100,00 mL<\/p>\n<p><\/p>\n<p>&nbsp;<\/p>\n<p><\/p>\n<p>Indica\u00e7\u00f5es:<\/p>\n<p><\/p>\n<p><\/p>\n<p>CYPERCLOR PLUS POUR ON est\u00e1 indicado no controle e no tratamento das infesta\u00e7\u00f5es causadas pelos principais ectoparasitas de bovinos e su\u00ednos, a saber:&nbsp;<\/p>\n<p>Bovinos: Carrapatos (Amblyomma cajenense, Anocenthor nitens, Boophilus microplus, Riphicephalus sanguineus), moscas (Dermatobia hominis, Musca autumnalis, Musca domestica, Musca spp., Stomoxys calcitrans e Tabanus spp.), inclusive a mosca dos chifres (Haematobia irritans), berne bovino (larvas de Dermatobia hominis), \u00e1caros da sarna (Chorioptes bovis, Notoedres cati, Psoroptes natalensis, Psoroptes sp. e Sarcoptes scabiei var. bovis), piolhos mastigadores (Damalinea bovis) e piolhos sugadores (Haematopinus euristernus e Linognatus vituli) dos bovinos, possuindo ainda um bom poder de repel\u00eancia sobre os insetos que parasitam os bovinos.<\/p>\n<p>Su\u00ednos: Moscas (Dermatobia hominis, Haematobia irritans, Musca domestica, Musca spp., e Stomoxys calcitrans), berne (larvas deDermatobia hominis) e sarna (Sarcoptes scabiei var. suis).<\/p>\n<p><\/p>\n<p>Dosagem:<\/p>\n<p>Bovinos: Aplicar 10 mL de CYPERCLOR PLUS POUR ON para cada 100 kg de peso corporal, de modo que os animais recebam pelo menos uma dose de 5 mg de cipermetrina por kg de peso corporal, de 7 mg de clorpirif\u00f3s por kg de peso corporal, de 5 mg de but\u00f3xido de piperonila por kg de peso corporal e de 0,5 mg de citronelal por kg de peso corporal, conforme a tabela abaixo:<\/p>\n<p>PESO DO ANIMAL DOSE CYPERCLOR PLUS POUR ON<\/p>\n<p>At\u00e9 100 kg&#8230;&#8230;&#8230;&#8230;&#8230;&#8230;..10 mL<\/p>\n<p>De 101 a 200 kg&#8230;&#8230;&#8230;&#8230;&#8230;20 mL<\/p>\n<p>De 201 a 300 kg&#8230;&#8230;&#8230;&#8230;&#8230;30 mL<\/p>\n<p>De 301 a 400 kg&#8230;&#8230;&#8230;&#8230;&#8230;40 mL<\/p>\n<p>De 401 a 500 kg&#8230;&#8230;&#8230;&#8230;&#8230;50 mL<\/p>\n<p>Su\u00ednos: Aplicar 5 mL de CYPERCLOR PLUS POUR ON para cada 100 kg de peso corporal, de modo que os animais recebam pelo menos uma dose de 10 mg de cipermetrina por kg de peso corporal, de 14 mg de clorpirif\u00f3s por kg de peso corporal, de 10 mg de but\u00f3xido de piperonila por kg de peso corporal e de 1,0 mg de citronelal por kg de peso corporal, conforme a tabela abaixo:<\/p>\n<p>PESO DO ANIMAL DOSE CYPERCLOR PLUS POUR ON<\/p>\n<p>At\u00e9 50 kg&#8230;&#8230;&#8230;&#8230;&#8230;&#8230;&#8230;&#8230;&#8230;2,5 mL<\/p>\n<p>De 51 a 100 kg&#8230;&#8230;&#8230;&#8230;&#8230;&#8230;&#8230;.5,0 mL<\/p>\n<p>De 101 a 150 kg&#8230;&#8230;&#8230;&#8230;&#8230;&#8230;&#8230;7,5 mL<\/p>\n<p>De 151 a 200 kg&#8230;&#8230;&#8230;&#8230;&#8230;&#8230;..10,0 mL<\/p>\n<p>De 201 a 250 kg&#8230;&#8230;&#8230;&#8230;&#8230;&#8230;..12,5 mL<\/p>\n<p>De 251 a 300 kg&#8230;&#8230;&#8230;&#8230;&#8230;&#8230;..15,0 mL<\/p>\n<p>Administra\u00e7\u00e3o:<\/p>\n<p>CYPERCLOR PLUS POUR ON \u00e9 um produto de uso t\u00f3pico, contendo 50 g\/L de cipermetrina, 70 g\/L de clorpirif\u00f3s, 50 g\/L de but\u00f3xido de piperonila e 5 g\/L de citronelal, pronto para ser aplicado em todo o dorso do animal (fio do lombo), de forma homog\u00eanea, desde o pesco\u00e7o at\u00e9 \u00e0 cauda.<\/p>\n<p>Precau\u00e7\u00f5es:<\/p>\n<p>INTERVALO ENTRE DOSES:<\/p>\n<p>O intervalo entre as aplica\u00e7\u00f5es varia de acordo com o programa adotado no controle dos ectoparasitas, condi\u00e7\u00f5es ambientais, n\u00edvel de infesta\u00e7\u00e3o e taxa de reinfesta\u00e7\u00e3o do rebanho, a crit\u00e9rio do M\u00e9dico Veterin\u00e1rio.<\/p>\n<p>CONTRA INDICA\u00c7\u00d5ES E LIMITA\u00c7\u00d5ES DE USO:<\/p>\n<p>N\u00e3o utilizar o produto em f\u00eameas em estado avan\u00e7ado de gesta\u00e7\u00e3o. Animais fracos, doentes ou com problemas hep\u00e1ticos s\u00e3o mais sens\u00edveis \u00e0 possibilidade de intoxica\u00e7\u00e3o. Este produto \u00e9 contra-indicado para bubalinos.<\/p>\n<p>PRECAU\u00c7\u00d5ES:<\/p>\n<p>Manter a embalagem fechada. Obedecer \u00e0s dosagens e recomenda\u00e7\u00f5es para uso do produto. N\u00e3o aplicar em dias muito quentes, quando os animais podem se lamber e apresentar sintomas vari\u00e1veis de intoxica\u00e7\u00e3o. Produto t\u00f3xico para peixes. Lavar o \u00fabere das vacas tratadas antes da ordenha. N\u00e3o fumar ou alimentar-se durante o manuseio do produto. Lavar as m\u00e3os ap\u00f3s o manuseio do produto. N\u00e3o reutilizar as embalagens vazias. Mantenha este, ou qualquer outro medicamento, fora do alcance de crian\u00e7as e animais dom\u00e9sticos. A utiliza\u00e7\u00e3o do produto simultaneamente a outros medicamentos \u00e0 base de organofosforados e carbamatos deve ser avaliada e observada atentamente pelo m\u00e9dico veterin\u00e1rio, para prevenir a ocorr\u00eancia de intoxica\u00e7\u00f5es. N\u00e3o utilize nem guarde perto de bebidas, alimentos, medicamentos, produtos de higiene dom\u00e9stica e do fogo. Manter a embalagem fechada. N\u00e3o lavar as embalagens vazias para evitar a contamina\u00e7\u00e3o de rios e a\u00e7udes. N\u00e3o reaproveitar as embalagens vazias, que devem ser destru\u00eddas por incinera\u00e7\u00e3o.<\/p>\n<p>Primeiros socorros: Em caso de intoxica\u00e7\u00e3o acidental, procurar imediatamente o m\u00e9dico. N\u00e3o provocar v\u00f4mito e n\u00e3o oferecer leite, gorduras ou \u00f3leos ao paciente. Em caso de contato com os olhos: lavar com \u00e1gua corrente durante 15 minutos. Em caso de contato com a pele: retirar as roupas contaminadas e lavar as \u00e1reas atingidas com \u00e1gua e sab\u00e3o. O tratamento \u00e9 sintom\u00e1tico, podendo incluir lavagem g\u00e1strica, administra\u00e7\u00e3o de sulfato de atropina e reativadores da colinesterase (PAM e Contrathion).<\/p>\n<p>ATEN\u00c7\u00c3O: OBEDECER AOS SEGUINTES PER\u00cdODOS DE CAR\u00caNCIA:<\/p>\n<p>BOVINOS: &#8220;ABATE: O ABATE DOS ANIMAIS TRATADOS SOMENTE DEVE SER REALIZADO 10 DIAS AP\u00d3S A \u00daLTIMA APLICA\u00c7\u00c3O&#8221;.<\/p>\n<p>&#8220;LEITE: O LEITE DOS ANIMAIS TRATADOS SOMENTE DEVE SER DESTINADO AO CONSUMO HUMANO 3 DIAS AP\u00d3S A \u00daLTIMA APLICA\u00c7\u00c3O. NESTE PER\u00cdODO, O LEITE DEVE SER DESCARTADO&#8221;.<\/p>\n<p>SU\u00cdNOS: &#8220;ABATE: O ABATE DOS ANIMAIS TRATADOS SOMENTE DEVE SER REALIZADO 10 DIAS AP\u00d3S A \u00daLTIMA APLICA\u00c7\u00c3O&#8221;.<\/p>\n<p>&#8220;A UTILIZA\u00c7\u00c3O DO PRODUTO EM CONDI\u00c7\u00d5ES DIFERENTES DAS INDICADAS NESTA BULA PODE CAUSAR PRESEN\u00c7A DE RES\u00cdDUOS DO PRODUTO ACIMA DOS LIMITES APROVADOS, TORNANDO O ALIMENTO DE ORIGEM ANIMAL IMPR\u00d3PRIO PARA O CONSUMO&#8221;.&nbsp;<\/p>\n<p><\/p>\n","protected":false},"excerpt":{"rendered":"<p>F\u00f3rmula: Cada 100 mL cont\u00e9m: Cipermetrina &#8230;&#8230;&#8230;&#8230;&#8230;&#8230;&#8230;&#8230;&#8230;&#8230;&#8230;&#8230;&#8230;&#8230;&#8230;&#8230;&#8230;&#8230;&#8230;&#8230;&#8230; 5,00 g Clorpirif\u00f3s &#8230;&#8230;&#8230;&#8230;&#8230;&#8230;&#8230;&#8230;&#8230;&#8230;&#8230;&#8230;&#8230;&#8230;&#8230;&#8230;&#8230;&#8230;&#8230;&#8230;&#8230;&#8230;. 7,00 g But\u00f3xido de Piperonila &#8230;&#8230;&#8230;&#8230;&#8230;&#8230;&#8230;&#8230;&#8230;&#8230;&#8230;&#8230;&#8230;&#8230;&#8230;&#8230;.5,00 g Citronelal &#8230;&#8230;&#8230;&#8230;&#8230;&#8230;&#8230;&#8230;&#8230;&#8230;&#8230;&#8230;&#8230;&#8230;&#8230;&#8230;&#8230;&#8230;&#8230;&#8230;&#8230;&#8230;. 0,50 g<\/p>\n","protected":false},"featured_media":16237,"template":"","meta":{"_acf_changed":false},"product_brand":[966],"product_cat":[167],"product_tag":[1035],"class_list":{"0":"post-16236","1":"product","2":"type-product","3":"status-publish","4":"has-post-thumbnail","6":"product_brand-ceva","7":"product_cat-vermifugos-e-carrapaticidas","8":"product_tag-ceva","10":"first","11":"outofstock","12":"purchasable","13":"product-type-simple"},"acf":[],"_links":{"self":[{"href":"https:\/\/vetsul.com\/index.php\/wp-json\/wp\/v2\/product\/16236","targetHints":{"allow":["GET"]}}],"collection":[{"href":"https:\/\/vetsul.com\/index.php\/wp-json\/wp\/v2\/product"}],"about":[{"href":"https:\/\/vetsul.com\/index.php\/wp-json\/wp\/v2\/types\/product"}],"wp:featuredmedia":[{"embeddable":true,"href":"https:\/\/vetsul.com\/index.php\/wp-json\/wp\/v2\/media\/16237"}],"wp:attachment":[{"href":"https:\/\/vetsul.com\/index.php\/wp-json\/wp\/v2\/media?parent=16236"}],"wp:term":[{"taxonomy":"product_brand","embeddable":true,"href":"https:\/\/vetsul.com\/index.php\/wp-json\/wp\/v2\/product_brand?post=16236"},{"taxonomy":"product_cat","embeddable":true,"href":"https:\/\/vetsul.com\/index.php\/wp-json\/wp\/v2\/product_cat?post=16236"},{"taxonomy":"product_tag","embeddable":true,"href":"https:\/\/vetsul.com\/index.php\/wp-json\/wp\/v2\/product_tag?post=16236"}],"curies":[{"name":"wp","href":"https:\/\/api.w.org\/{rel}","templated":true}]}}