{"id":16230,"date":"2018-01-02T14:36:37","date_gmt":"2018-01-02T16:36:37","guid":{"rendered":"http:\/\/35.194.95.18\/wp-admin\/?post_type=product&#038;p=16230"},"modified":"2025-08-09T11:07:12","modified_gmt":"2025-08-09T14:07:12","slug":"creatina-lavizoo-2kg","status":"publish","type":"product","link":"https:\/\/vetsul.com\/index.php\/product\/creatina-lavizoo-2kg\/","title":{"rendered":"CREATINA LAVIZOO 2KG"},"content":{"rendered":"<p style=\"margin-bottom: 15px; padding: 0px; border: 0px; outline: none; list-style: none; color: #535353; font-size: 12px; font-family: Roboto, sans-serif; text-align: justify;\"><span style=\"margin: 0px; padding: 0px; border: 0px; outline: none; list-style: none; font-size: 10pt;\">Produto formulado \u00e0 base de creatina, maltodextrina e minerais. O ATP (trifosfato de adenosina) \u00e9 a principal fonte de energia do organismo, por\u00e9m, como as c\u00e9lulas do c\u00e9rebro, cora\u00e7\u00e3o e m\u00fasculos precisam de grandes quantidades de energia, estas utilizam-se da creatina como complemento energ\u00e9tico. A mol\u00e9cula de creatina promove a ress\u00edntese do ATP a partir do ADP, por isso a import\u00e2ncia da suplementa\u00e7\u00e3o em animais atletas.<\/span><\/p>\n<p style=\"margin-bottom: 15px; padding: 0px; border: 0px; outline: none; list-style: none; color: #535353; font-size: 12px; font-family: Roboto, sans-serif; text-align: justify;\"><em style=\"margin: 0px; padding: 0px; border: 0px; outline: none; list-style: none;\"><span style=\"margin: 0px; padding: 0px; border: 0px; outline: none; list-style: none; font-size: 10pt;\">\u00a0<\/span><\/em><\/p>\n<p style=\"margin-bottom: 15px; padding: 0px; border: 0px; outline: none; list-style: none; color: #535353; font-size: 12px; font-family: Roboto, sans-serif; text-align: justify;\"><span style=\"margin: 0px; padding: 0px; border: 0px; outline: none; list-style: none; font-size: 10pt;\">\u00a0<strong style=\"margin: 0px; padding: 0px; border: 0px; outline: none; list-style: none;\">Modo de Uso<\/strong><\/span><\/p>\n<p style=\"margin-bottom: 15px; padding: 0px; border: 0px; outline: none; list-style: none; color: #535353; font-size: 12px; font-family: Roboto, sans-serif; text-align: justify;\"><span style=\"margin: 0px; padding: 0px; border: 0px; outline: none; list-style: none; font-size: 10pt;\">Equinos adultos: Peso corporal ao redor de 500 kg: 40 gramas por dia. (polvilhada sobre a ra\u00e7\u00e3o).<br style=\"margin: 0px; padding: 0px; border: 0px; outline: none; list-style: none;\" \/>Nas duas primeiras semanas a dose poder\u00e1 ser de 60 gramas duas vezes ao dia polvilhada sobre a ra\u00e7\u00e3o.\u00a0<\/span><\/p>\n<p style=\"margin-bottom: 15px; padding: 0px; border: 0px; outline: none; list-style: none; color: #535353; font-size: 12px; font-family: Roboto, sans-serif; text-align: justify;\"><span style=\"margin: 0px; padding: 0px; border: 0px; outline: none; list-style: none; font-size: 10pt;\">\u00a0<\/span><\/p>\n<p style=\"margin-bottom: 15px; padding: 0px; border: 0px; outline: none; list-style: none; color: #535353; font-size: 12px; font-family: Roboto, sans-serif; text-align: justify;\"><strong style=\"margin: 0px; padding: 0px; border: 0px; outline: none; list-style: none;\"><span style=\"margin: 0px; padding: 0px; border: 0px; outline: none; list-style: none; font-size: 10pt;\">Apresenta\u00e7\u00e3o:<\/span><\/strong><\/p>\n<p style=\"margin-bottom: 15px; padding: 0px; border: 0px; outline: none; list-style: none; color: #535353; font-size: 12px; font-family: Roboto, sans-serif; text-align: justify;\"><span style=\"margin: 0px; padding: 0px; border: 0px; outline: none; list-style: none; font-size: 10pt;\">Pote contendo 500 g e 2 Kg, com medidor.<\/span><\/p>\n<p style=\"margin-bottom: 15px; padding: 0px; border: 0px; outline: none; list-style: none; color: #535353; font-size: 12px; font-family: Roboto, sans-serif; text-align: justify;\"><span style=\"margin: 0px; padding: 0px; border: 0px; outline: none; list-style: none; font-size: 10pt;\">\u00a0<\/span><\/p>\n<p style=\"margin-bottom: 15px; padding: 0px; border: 0px; outline: none; list-style: none; color: #535353; font-size: 12px; font-family: Roboto, sans-serif; text-align: justify;\"><strong style=\"margin: 0px; padding: 0px; border: 0px; outline: none; list-style: none;\"><span style=\"margin: 0px; padding: 0px; border: 0px; outline: none; list-style: none; font-size: 10pt;\">N\u00edveis de garantia por Kg do produto:<\/span><\/strong><\/p>\n<table class=\"MsoNormalTable\" style=\"margin: 0px; padding: 0px; border: none; outline: none; list-style: none; color: #5d5d5d; font-family: Roboto, sans-serif; font-size: 12px; text-align: justify; width: 457.5pt;\" border=\"1\" cellspacing=\"0\" cellpadding=\"0\">\n<tbody style=\"margin: 0px; padding: 0px; border: 0px; outline: none; list-style: none;\">\n<tr style=\"margin: 0px; padding: 0px; border: 0px; outline: none; list-style: none;\">\n<td style=\"margin: 0px; border: 0px; outline: none; list-style: none; height: 13.5pt; width: 239.25pt;\">\n<p style=\"margin-bottom: 15px; padding: 0px; border: 0px; outline: none; list-style: none; color: #535353; font-size: 12px;\"><strong style=\"margin: 0px; padding: 0px; border: 0px; outline: none; list-style: none;\"><span style=\"margin: 0px; padding: 0px; border: 0px; outline: none; list-style: none; font-size: 10pt;\">Garantia<\/span><\/strong><\/p>\n<\/td>\n<td style=\"margin: 0px; border: 0px; outline: none; list-style: none; height: 13.5pt; width: 93.75pt;\">\n<p style=\"margin-bottom: 15px; padding: 0px; border: 0px; outline: none; list-style: none; color: #535353; font-size: 12px;\"><strong style=\"margin: 0px; padding: 0px; border: 0px; outline: none; list-style: none;\"><span style=\"margin: 0px; padding: 0px; border: 0px; outline: none; list-style: none; font-size: 10pt;\">Valor<\/span><\/strong><\/p>\n<\/td>\n<td style=\"margin: 0px; border: 0px; outline: none; list-style: none; height: 13.5pt; width: 31.5pt;\">\n<p style=\"margin-bottom: 15px; padding: 0px; border: 0px; outline: none; list-style: none; color: #535353; font-size: 12px;\"><strong style=\"margin: 0px; padding: 0px; border: 0px; outline: none; list-style: none;\"><span style=\"margin: 0px; padding: 0px; border: 0px; outline: none; list-style: none; font-size: 10pt;\">Unidade<\/span><\/strong><\/p>\n<\/td>\n<\/tr>\n<tr style=\"margin: 0px; padding: 0px; border: 0px; outline: none; list-style: none;\">\n<td style=\"margin: 0px; border: 0px; outline: none; list-style: none;\">\n<p style=\"margin-bottom: 15px; padding: 0px; border: 0px; outline: none; list-style: none; color: #535353; font-size: 12px;\"><span style=\"margin: 0px; padding: 0px; border: 0px; outline: none; list-style: none; font-size: 10pt;\">Creatina (M\u00ednimo)<\/span><\/p>\n<\/td>\n<td style=\"margin: 0px; border: 0px; outline: none; list-style: none;\">\n<p style=\"margin-bottom: 15px; padding: 0px; border: 0px; outline: none; list-style: none; color: #535353; font-size: 12px;\"><strong style=\"margin: 0px; padding: 0px; border: 0px; outline: none; list-style: none;\"><span style=\"margin: 0px; padding: 0px; border: 0px; outline: none; list-style: none; font-size: 10pt;\">801<\/span><\/strong><\/p>\n<\/td>\n<td style=\"margin: 0px; border: 0px; outline: none; list-style: none;\">\n<p style=\"margin-bottom: 15px; padding: 0px; border: 0px; outline: none; list-style: none; color: #535353; font-size: 12px;\"><span style=\"margin: 0px; padding: 0px; border: 0px; outline: none; list-style: none; font-size: 10pt;\">g<\/span><\/p>\n<\/td>\n<\/tr>\n<tr style=\"margin: 0px; padding: 0px; border: 0px; outline: none; list-style: none;\">\n<td style=\"margin: 0px; border: 0px; outline: none; list-style: none; height: 13.5pt; width: 272.25pt;\">\n<p style=\"margin-bottom: 15px; padding: 0px; border: 0px; outline: none; list-style: none; color: #535353; font-size: 12px;\"><span style=\"margin: 0px; padding: 0px; border: 0px; outline: none; list-style: none; font-size: 10pt;\">Cromo (M\u00ednimo)<\/span><\/p>\n<\/td>\n<td style=\"margin: 0px; border: 0px; outline: none; list-style: none; height: 13.5pt; width: 55.5pt;\">\n<p style=\"margin-bottom: 15px; padding: 0px; border: 0px; outline: none; list-style: none; color: #535353; font-size: 12px;\"><strong style=\"margin: 0px; padding: 0px; border: 0px; outline: none; list-style: none;\"><span style=\"margin: 0px; padding: 0px; border: 0px; outline: none; list-style: none; font-size: 10pt;\">80<\/span><\/strong><\/p>\n<\/td>\n<td style=\"margin: 0px; border: 0px; outline: none; list-style: none; height: 13.5pt; width: 39.75pt;\">\n<p style=\"margin-bottom: 15px; padding: 0px; border: 0px; outline: none; list-style: none; color: #535353; font-size: 12px;\"><span style=\"margin: 0px; padding: 0px; border: 0px; outline: none; list-style: none; font-size: 10pt;\">mg<\/span><\/p>\n<\/td>\n<\/tr>\n<tr style=\"margin: 0px; padding: 0px; border: 0px; outline: none; list-style: none;\">\n<td style=\"margin: 0px; border: 0px; outline: none; list-style: none;\">\n<p style=\"margin-bottom: 15px; padding: 0px; border: 0px; outline: none; list-style: none; color: #535353; font-size: 12px;\"><span style=\"margin: 0px; padding: 0px; border: 0px; outline: none; list-style: none; font-size: 10pt;\">Magn\u00e9sio (M\u00ednimo)<\/span><\/p>\n<\/td>\n<td style=\"margin: 0px; border: 0px; outline: none; list-style: none;\">\n<p style=\"margin-bottom: 15px; padding: 0px; border: 0px; outline: none; list-style: none; color: #535353; font-size: 12px;\"><strong style=\"margin: 0px; padding: 0px; border: 0px; outline: none; list-style: none;\"><span style=\"margin: 0px; padding: 0px; border: 0px; outline: none; list-style: none; font-size: 10pt;\">459<\/span><\/strong><\/p>\n<\/td>\n<td style=\"margin: 0px; border: 0px; outline: none; list-style: none;\">\n<p style=\"margin-bottom: 15px; padding: 0px; border: 0px; outline: none; list-style: none; color: #535353; font-size: 12px;\"><span style=\"margin: 0px; padding: 0px; border: 0px; outline: none; list-style: none; font-size: 10pt;\">mg<\/span><\/p>\n<\/td>\n<\/tr>\n<tr style=\"margin: 0px; padding: 0px; border: 0px; outline: none; list-style: none;\">\n<td style=\"margin: 0px; border: 0px; outline: none; list-style: none; height: 13.5pt; width: 272.25pt;\">\n<p style=\"margin-bottom: 15px; padding: 0px; border: 0px; outline: none; list-style: none; color: #535353; font-size: 12px;\"><span style=\"margin: 0px; padding: 0px; border: 0px; outline: none; list-style: none; font-size: 10pt;\">Maltodextrina (M\u00ednimo)<\/span><\/p>\n<\/td>\n<td style=\"margin: 0px; border: 0px; outline: none; list-style: none; height: 13.5pt; width: 55.5pt;\">\n<p style=\"margin-bottom: 15px; padding: 0px; border: 0px; outline: none; list-style: none; color: #535353; font-size: 12px;\"><strong style=\"margin: 0px; padding: 0px; border: 0px; outline: none; list-style: none;\"><span style=\"margin: 0px; padding: 0px; border: 0px; outline: none; list-style: none; font-size: 10pt;\">180,69<\/span><\/strong><\/p>\n<\/td>\n<td style=\"margin: 0px; border: 0px; outline: none; list-style: none; height: 13.5pt; width: 39.75pt;\">\n<p style=\"margin-bottom: 15px; padding: 0px; border: 0px; outline: none; list-style: none; color: #535353; font-size: 12px;\"><span style=\"margin: 0px; padding: 0px; border: 0px; outline: none; list-style: none; font-size: 10pt;\">mg<\/span><\/p>\n<\/td>\n<\/tr>\n<tr style=\"margin: 0px; padding: 0px; border: 0px; outline: none; list-style: none;\">\n<td style=\"margin: 0px; border: 0px; outline: none; list-style: none;\">\n<p style=\"margin-bottom: 15px; padding: 0px; border: 0px; outline: none; list-style: none; color: #535353; font-size: 12px;\"><span style=\"margin: 0px; padding: 0px; border: 0px; outline: none; list-style: none; font-size: 10pt;\">Pot\u00e1ssio (M\u00ednimo)<\/span><\/p>\n<\/td>\n<td style=\"margin: 0px; border: 0px; outline: none; list-style: none;\">\n<p style=\"margin-bottom: 15px; padding: 0px; border: 0px; outline: none; list-style: none; color: #535353; font-size: 12px;\"><strong style=\"margin: 0px; padding: 0px; border: 0px; outline: none; list-style: none;\"><span style=\"margin: 0px; padding: 0px; border: 0px; outline: none; list-style: none; font-size: 10pt;\">936<\/span><\/strong><\/p>\n<\/td>\n<td style=\"margin: 0px; border: 0px; outline: none; list-style: none;\">\n<p style=\"margin-bottom: 15px; padding: 0px; border: 0px; outline: none; list-style: none; color: #535353; font-size: 12px;\"><span style=\"margin: 0px; padding: 0px; border: 0px; outline: none; list-style: none; font-size: 10pt;\">mg<\/span><\/p>\n<\/td>\n<\/tr>\n<tr style=\"margin: 0px; padding: 0px; border: 0px; outline: none; list-style: none;\">\n<td style=\"margin: 0px; border: 0px; outline: none; list-style: none; height: 13.5pt; width: 272.25pt;\">\n<p style=\"margin-bottom: 15px; padding: 0px; border: 0px; outline: none; list-style: none; color: #535353; font-size: 12px;\"><span style=\"margin: 0px; padding: 0px; border: 0px; outline: none; list-style: none; font-size: 10pt;\">Excipiente q.s.p<\/span><\/p>\n<\/td>\n<td style=\"margin: 0px; border: 0px; outline: none; list-style: none; height: 13.5pt; width: 55.5pt;\">\n<p style=\"margin-bottom: 15px; padding: 0px; border: 0px; outline: none; list-style: none; color: #535353; font-size: 12px;\"><strong style=\"margin: 0px; padding: 0px; border: 0px; outline: none; list-style: none;\"><span style=\"margin: 0px; padding: 0px; border: 0px; outline: none; list-style: none; font-size: 10pt;\">1.000<\/span><\/strong><\/p>\n<\/td>\n<td style=\"margin: 0px; border: 0px; outline: none; list-style: none; height: 13.5pt; width: 39.75pt;\">\n<p style=\"margin-bottom: 15px; padding: 0px; border: 0px; outline: none; list-style: none; color: #535353; font-size: 12px;\"><span style=\"margin: 0px; padding: 0px; border: 0px; outline: none; list-style: none; font-size: 10pt;\">g<\/span><\/p>\n<\/td>\n<\/tr>\n<\/tbody>\n<\/table>\n<p style=\"margin-bottom: 15px; padding: 0px; border: 0px; outline: none; list-style: none; color: #535353; font-size: 12px; font-family: Roboto, sans-serif; text-align: justify;\"><span style=\"margin: 0px; padding: 0px; border: 0px; outline: none; list-style: none; font-size: 10pt;\">\u00a0<\/span><\/p>\n","protected":false},"excerpt":{"rendered":"<p>Produto formulado \u00e0 base de creatina, maltodextrina e minerais. O ATP (trifosfato de adenosina) \u00e9 a principal fonte de energia do organismo,<\/p>\n","protected":false},"featured_media":16231,"template":"","meta":{"_acf_changed":false},"product_brand":[952],"product_cat":[178],"product_tag":[983],"class_list":{"0":"post-16230","1":"product","2":"type-product","3":"status-publish","4":"has-post-thumbnail","6":"product_brand-lavizoo","7":"product_cat-suplementos-e-vitaminas-2","8":"product_tag-lavizoo","10":"first","11":"outofstock","12":"purchasable","13":"product-type-simple"},"acf":[],"_links":{"self":[{"href":"https:\/\/vetsul.com\/index.php\/wp-json\/wp\/v2\/product\/16230","targetHints":{"allow":["GET"]}}],"collection":[{"href":"https:\/\/vetsul.com\/index.php\/wp-json\/wp\/v2\/product"}],"about":[{"href":"https:\/\/vetsul.com\/index.php\/wp-json\/wp\/v2\/types\/product"}],"wp:featuredmedia":[{"embeddable":true,"href":"https:\/\/vetsul.com\/index.php\/wp-json\/wp\/v2\/media\/16231"}],"wp:attachment":[{"href":"https:\/\/vetsul.com\/index.php\/wp-json\/wp\/v2\/media?parent=16230"}],"wp:term":[{"taxonomy":"product_brand","embeddable":true,"href":"https:\/\/vetsul.com\/index.php\/wp-json\/wp\/v2\/product_brand?post=16230"},{"taxonomy":"product_cat","embeddable":true,"href":"https:\/\/vetsul.com\/index.php\/wp-json\/wp\/v2\/product_cat?post=16230"},{"taxonomy":"product_tag","embeddable":true,"href":"https:\/\/vetsul.com\/index.php\/wp-json\/wp\/v2\/product_tag?post=16230"}],"curies":[{"name":"wp","href":"https:\/\/api.w.org\/{rel}","templated":true}]}}