{"id":16224,"date":"2018-01-02T13:57:34","date_gmt":"2018-01-02T15:57:34","guid":{"rendered":"http:\/\/35.194.95.18\/wp-admin\/?post_type=product&#038;p=16224"},"modified":"2025-04-04T09:33:50","modified_gmt":"2025-04-04T12:33:50","slug":"couro-limpo-pour-on-1-litro","status":"publish","type":"product","link":"https:\/\/vetsul.com\/index.php\/product\/couro-limpo-pour-on-1-litro\/","title":{"rendered":"COURO LIMPO POUR ON 1 LITRO"},"content":{"rendered":"<p>Couro Limpo \u00e9 um produto moderno, composto pela associa\u00e7\u00e3o de tr\u00eas princ\u00edpio ativos diferentes:<\/p>\n<p>A Cipermetrina que \u00e9 um inseticida Piretroide de \u00faltima gera\u00e7\u00e3o;<\/p>\n<p>O Clorpirif\u00f3s que \u00e9 um inseticida Organofosforado;<\/p>\n<p>E o Citronelal que \u00e9 um repelente natural.<\/p>\n<p>Associa\u00e7\u00e3o esta que elimina todos os ectoparasitas dos bovinos.<\/p>\n<p>Apresenta\u00e7\u00e3o:<\/p>\n<p>Caixa com frasco dosador contendo 1000mL do produto.&nbsp;<\/p>\n<p>&nbsp;<\/p>\n<p><\/p>\n<p><\/p>\n<p>F\u00f3rmula:<\/p>\n<p>Cada 100 mL cont\u00e9m:<\/p>\n<p>Cipermetrina&#8230;&#8230;&#8230;&#8230;&#8230;&#8230;&#8230;&#8230;&#8230;&#8230;&#8230; 6,0 g<\/p>\n<p>Clorpirif\u00f3s&#8230;&#8230;&#8230;&#8230;&#8230;&#8230;&#8230;&#8230;&#8230;&#8230;&#8230;&#8230;&#8230; 7,0 g<\/p>\n<p>Citronelal&#8230;&#8230;&#8230;&#8230;&#8230;&#8230;&#8230;&#8230;&#8230;&#8230;&#8230;&#8230;&#8230;. 0,5 g<\/p>\n<p>Ve\u00edculo q.s.p&#8230;&#8230;&#8230;&#8230;&#8230;&#8230;&#8230;&#8230;.100,00 mL<\/p>\n<p><\/p>\n<p>&nbsp;<\/p>\n<p><\/p>\n<p>Modo de uso e dosagem:<\/p>\n<p><\/p>\n<p><\/p>\n<p>COURO LIMPO POUR ON \u00e9 administrado via Pour On, com aplica\u00e7\u00f5es na linha dorsal dos bovinos (fio do lombo) da regi\u00e3o da cruz at\u00e9 a inser\u00e7\u00e3o da cauda, na dosagem de 10mL para cada 100Kg de peso vivo. A aplica\u00e7\u00e3o \u00e9 feita com o pr\u00f3prio frasco do produto que j\u00e1 vem devidamente graduado. A dosagem recomendada \u00e9 de 10mL para cada 100Kg de peso corporal, obedecendo a tabela a seguir:<\/p>\n<p><\/p>\n<p>&nbsp;<\/p>\n<p><\/p>\n<p>Peso (Kg) do Bovino&nbsp; &nbsp; &nbsp; Dose (mL) de COURO LIMPO POUR ON<\/p>\n<p><\/p>\n<p>100kg&nbsp; &nbsp; &nbsp; &nbsp; &nbsp; &nbsp; &nbsp; &nbsp; &nbsp; &nbsp; &nbsp; &nbsp; &nbsp; &nbsp; &nbsp; &nbsp; &nbsp; &nbsp; &nbsp; &nbsp; &nbsp; &nbsp;10mL<\/p>\n<p>200kg&nbsp; &nbsp;&nbsp;&nbsp; &nbsp; &nbsp; &nbsp; &nbsp; &nbsp; &nbsp; &nbsp; &nbsp; &nbsp; &nbsp; &nbsp; &nbsp; &nbsp; &nbsp; &nbsp; &nbsp; &nbsp; &nbsp; &nbsp;20mL<\/p>\n<p>300kg&nbsp; &nbsp; &nbsp; &nbsp;&nbsp; &nbsp; &nbsp; &nbsp; &nbsp; &nbsp; &nbsp; &nbsp; &nbsp; &nbsp; &nbsp; &nbsp; &nbsp; &nbsp; &nbsp; &nbsp; &nbsp; &nbsp; 30mL<\/p>\n<p>400kg&nbsp; &nbsp; &nbsp; &nbsp;&nbsp; &nbsp; &nbsp; &nbsp; &nbsp; &nbsp; &nbsp; &nbsp; &nbsp; &nbsp; &nbsp; &nbsp; &nbsp; &nbsp; &nbsp; &nbsp; &nbsp; &nbsp; 40mL<\/p>\n<p>500kg&nbsp; &nbsp; &nbsp; &nbsp; &nbsp;&nbsp;&nbsp; &nbsp; &nbsp; &nbsp; &nbsp; &nbsp; &nbsp; &nbsp; &nbsp; &nbsp; &nbsp; &nbsp; &nbsp; &nbsp; &nbsp; &nbsp; &nbsp;50mL<\/p>\n<p><\/p>\n<p>Para animais acima de 500Kg de peso corporal, a dose m\u00e1xima recomendada \u00e9 de 50mL.&nbsp;<\/p>\n<p>Repetir a aplica\u00e7\u00e3o de acordo com a orienta\u00e7\u00e3o do M\u00e9dico Veterin\u00e1rio tendo por base a infesta\u00e7\u00e3o apresentada nos animais. N\u00e3o tratar novamente bovinos por um per\u00edodo de 30 dias ap\u00f3s o tratamento inicial.<\/p>\n<p><\/p>\n<p>&nbsp;<\/p>\n<p><\/p>\n<p>Indica\u00e7\u00f5es:<\/p>\n<p><\/p>\n<p>COURO LIMPO POUR ON \u00e9 indicado para uso Pour On em Bovinos no combate dos carrapatos (do g\u00eanero Boophilus microplus), bernes (larvas de Dermatobia hominis), mosca do chifre (Haematobia irritans) e \u00e9 repelente.<\/p>\n<p><\/p>\n<p>&nbsp;<\/p>\n<p><\/p>\n<p>Vantagens:<\/p>\n<p><\/p>\n<p>Produto de maior concentra\u00e7\u00e3o de princ\u00edpios ativos associados do mercado.<\/p>\n<p><\/p>\n<p>Melhor custo benef\u00edcio.<\/p>\n<p><\/p>\n<p>Associa um organofosforado, um piretr\u00f3ide e um repelente, o que lhe confere uma melhor a\u00e7\u00e3o contra os ectoparasitas.<\/p>\n<p><\/p>\n<p>A associa\u00e7\u00e3o dos princ\u00edpios ativos evita o aparecimento de resist\u00eancia dos parasitas.<\/p>\n<p><\/p>\n<p>F\u00e1cil aplica\u00e7\u00e3o.<\/p>\n","protected":false},"excerpt":{"rendered":"<p>Couro Limpo \u00e9 um produto moderno, composto pela associa\u00e7\u00e3o de tr\u00eas princ\u00edpio ativos diferentes: A Cipermetrina que \u00e9 um inseticida Piretroide de<\/p>\n","protected":false},"featured_media":16225,"template":"","meta":{"_acf_changed":false},"product_brand":[],"product_cat":[167],"product_tag":[1054],"class_list":{"0":"post-16224","1":"product","2":"type-product","3":"status-publish","4":"has-post-thumbnail","6":"product_cat-vermifugos-e-carrapaticidas","7":"product_tag-noxon","9":"first","10":"instock","11":"purchasable","12":"product-type-simple"},"acf":[],"_links":{"self":[{"href":"https:\/\/vetsul.com\/index.php\/wp-json\/wp\/v2\/product\/16224","targetHints":{"allow":["GET"]}}],"collection":[{"href":"https:\/\/vetsul.com\/index.php\/wp-json\/wp\/v2\/product"}],"about":[{"href":"https:\/\/vetsul.com\/index.php\/wp-json\/wp\/v2\/types\/product"}],"wp:featuredmedia":[{"embeddable":true,"href":"https:\/\/vetsul.com\/index.php\/wp-json\/wp\/v2\/media\/16225"}],"wp:attachment":[{"href":"https:\/\/vetsul.com\/index.php\/wp-json\/wp\/v2\/media?parent=16224"}],"wp:term":[{"taxonomy":"product_brand","embeddable":true,"href":"https:\/\/vetsul.com\/index.php\/wp-json\/wp\/v2\/product_brand?post=16224"},{"taxonomy":"product_cat","embeddable":true,"href":"https:\/\/vetsul.com\/index.php\/wp-json\/wp\/v2\/product_cat?post=16224"},{"taxonomy":"product_tag","embeddable":true,"href":"https:\/\/vetsul.com\/index.php\/wp-json\/wp\/v2\/product_tag?post=16224"}],"curies":[{"name":"wp","href":"https:\/\/api.w.org\/{rel}","templated":true}]}}