{"id":16222,"date":"2018-01-02T13:50:22","date_gmt":"2018-01-02T15:50:22","guid":{"rendered":"http:\/\/35.194.95.18\/wp-admin\/?post_type=product&#038;p=16222"},"modified":"2025-08-09T11:07:12","modified_gmt":"2025-08-09T14:07:12","slug":"cortvet-dexametasona-50ml","status":"publish","type":"product","link":"https:\/\/vetsul.com\/index.php\/product\/cortvet-dexametasona-50ml\/","title":{"rendered":"CORTVET (DEXAMETASONA) &#8211; 50ml"},"content":{"rendered":"<p>Cortvet est\u00e1 indicado em todos os casos que se fa\u00e7a necess\u00e1rio uma resposta hormonal imediata.<\/p>\n<p>F\u00d3RMULA:&nbsp;<\/p>\n<p>Cada mL cont\u00e9m:&nbsp;<\/p>\n<p>Dexametasona (como fosfato diss\u00f3dico) &#8230;&#8230;&#8230;&#8230;&#8230;&#8230;.. 2 mg&nbsp;<\/p>\n<p>Ve\u00edculo q.s.p. &#8230;&#8230;&#8230;&#8230;&#8230;&#8230;&#8230;&#8230;&#8230;&#8230;&#8230;&#8230;&#8230;&#8230;&#8230;&#8230;&#8230;&#8230;.. 1 mL&nbsp;<\/p>\n<p><\/p>\n<p>INDICA\u00c7\u00d5ES:&nbsp;<\/p>\n<p>Cortvet est\u00e1 indicado em todos os casos que se fa\u00e7a necess\u00e1rio uma resposta hormonal imediata.&nbsp;<\/p>\n<p><\/p>\n<p>Pequenos animais: \u00c9 indicado para inflama\u00e7\u00f5es que envolvam articula\u00e7\u00f5es e tend\u00f5es como artrites, reumatismo, luxa\u00e7\u00f5es, tendinites, sinovites e bursites. Tamb\u00e9m nos casos de alergias e dermatites inespec\u00edficas.&nbsp;<\/p>\n<p><\/p>\n<p>Grandes animais: Como auxiliar nos casos de mastites agudas, metrites, pneumonias graves, febre dos transportes e vitular, e cetose em bovinos. Nos equinos est\u00e1 indicado para casos de afec\u00e7\u00f5es do sistema m\u00fasculo-esquel\u00e9tico como: miosite, carpite, bursite, luxa\u00e7\u00f5es e como medica\u00e7\u00e3o auxiliar na fadiga e exaust\u00e3o devida ao calor.&nbsp;<\/p>\n<p><\/p>\n<p>PROPRIEDADES:&nbsp;<\/p>\n<p>Cortvet \u00e9 composto por um an\u00e1logo sint\u00e9tico da prednisolona, por\u00e9m com atividade antiinflamat\u00f3ria mais potente e com efeitos hormonais melhorados. A Dexametasona possui um efeito antiinflamat\u00f3rio maior que os outros Corticoster\u00f3ides. N\u00e3o provoca reten\u00e7\u00e3o de s\u00f3dio ou de \u00e1gua.&nbsp;<\/p>\n<p><\/p>\n<p>POSOLOGIA E MODO DE USAR:&nbsp;<\/p>\n<p>A via intravenosa s\u00f3 deve ser utilizada em casos de estado de choque, toxemia e crise circulat\u00f3ria.&nbsp;<\/p>\n<p>Bovinos: 2,5 a 10 mL por via intramuscular ou intravenosa de acordo com a gravidade do caso.&nbsp;<\/p>\n<p>Eq\u00fcinos: 1,25 a 2,5 mL, por via intramuscular ou intravenosa.&nbsp;<\/p>\n<p>Ovinos: 0,5 a 3 mL por via intramuscular ou intravenosa.&nbsp;<\/p>\n<p>Caprinos: 0,5 a 3 mL por via intramuscular ou intravenosa.&nbsp;<\/p>\n<p>Su\u00ednos: 0,5 a 3 mL por via intramuscular ou intravenosa.&nbsp;<\/p>\n<p>C\u00e3es: 0,25 a 0,5 mL por via intramuscular ou intravenosa.&nbsp;<\/p>\n<p>Em caso de tratamentos prolongados a dose de manuten\u00e7\u00e3o dever\u00e1 ser metade das doses acima (0,125 a 0,25 mL) por dia.&nbsp;<\/p>\n<p>Gatos: 0,06 a 0,25 mL por via intramuscular ou intravenosa.&nbsp;<\/p>\n<p>Em caso de tratamento prolongado a dose de manuten\u00e7\u00e3o dever\u00e1 ser de 0,06 a 0,125 mL por dia.&nbsp;<\/p>\n<p>As doses devem ser repetidas se necess\u00e1rio a crit\u00e9rio do m\u00e9dico veterin\u00e1rio.&nbsp;<\/p>\n<p>Como qualquer corticoster\u00f3ide a terapia deve ser estabelecida levando-se em conta a gravidade da afec\u00e7\u00e3o, a dura\u00e7\u00e3o do tratamento e o limite de toler\u00e2ncia do paciente para este tipo de terapia, devendo-se sempre aplicar a menor dose efetiva poss\u00edvel.&nbsp;<\/p>\n<p><\/p>\n<p>RECOMENDA\u00c7\u00d5ES E PRECAU\u00c7\u00d5ES:&nbsp;<\/p>\n<p>Deve-se ter em mente que todo corticoster\u00f3ide tem profundos efeitos metab\u00f3licos e seus efeitos adversos como a reten\u00e7\u00e3o do s\u00f3dio e l\u00edquidos, perda de pot\u00e1ssio, ganho de peso e depress\u00e3o da fun\u00e7\u00e3o da c\u00f3rtex da adrenal deve ser levada em conta principalmente quando se institui uma terapia com altas doses e tempo prolongado. N\u00e3o interromper a terapia abruptamente, instituir um esquema regressivo de dosagens. S\u00f3 utilizar o Cortvet em casos de infec\u00e7\u00f5es cr\u00f4nicas e agudas concomitantemente com um agente antimicrobiano eficaz. Os corticoster\u00f3ides quando administrados em f\u00eameas no ter\u00e7o final de gesta\u00e7\u00e3o pode apresentar sinais de parto. Quando aplicado em equinos em dose superior a 5mg pode surgir sintomas de sonol\u00eancia e letargia que desaparece ap\u00f3s 24 horas.&nbsp;<\/p>\n<p><\/p>\n<p>APRESENTA\u00c7\u00c3O:&nbsp;<\/p>\n<p>Frasco-ampola com 10 mL.&nbsp;<\/p>\n<p>Frasco-ampola com 50 mL.&nbsp;<\/p>\n<p><\/p>\n<p>Venda sob prescri\u00e7\u00e3o do M\u00e9dico Veterin\u00e1rio.&nbsp;<\/p>\n<p>Manter a embalagem fechada em local fresco e seco, ao abrigo da luz solar e fora do alcance de crian\u00e7as e de animais dom\u00e9sticos.&nbsp;<\/p>\n<p><\/p>\n<p>Data de Validade:&nbsp;<\/p>\n<p>2 (dois) anos ap\u00f3s a data de fabrica\u00e7\u00e3o.&nbsp;<\/p>\n<p><\/p>\n<p>Respons\u00e1vel T\u00e9cnica&nbsp;<\/p>\n<p>M\u00e9dica Veterin\u00e1ria: Dra. Tha\u00eds Marino Silva Girio CRMV\/SP 17.469&nbsp;<\/p>\n<p><\/p>\n<p>Licenciado no Minist\u00e9rio da Agricultura, Pecu\u00e1ria e Abastecimento sob o n\u00ba 4.816 em 31\/08\/1994.&nbsp;<\/p>\n","protected":false},"excerpt":{"rendered":"<p>Cortvet est\u00e1 indicado em todos os casos que se fa\u00e7a necess\u00e1rio uma resposta hormonal imediata. F\u00d3RMULA:&nbsp; Cada mL cont\u00e9m:&nbsp; Dexametasona (como fosfato<\/p>\n","protected":false},"featured_media":16223,"template":"","meta":{"_acf_changed":false},"product_brand":[977],"product_cat":[168,174],"product_tag":[1001],"class_list":{"0":"post-16222","1":"product","2":"type-product","3":"status-publish","4":"has-post-thumbnail","6":"product_brand-ucb","7":"product_cat-anti-inflamatorios","8":"product_cat-anti-inflamatorios-3","9":"product_tag-ucb","11":"first","12":"instock","13":"shipping-taxable","14":"purchasable","15":"product-type-simple"},"acf":[],"_links":{"self":[{"href":"https:\/\/vetsul.com\/index.php\/wp-json\/wp\/v2\/product\/16222","targetHints":{"allow":["GET"]}}],"collection":[{"href":"https:\/\/vetsul.com\/index.php\/wp-json\/wp\/v2\/product"}],"about":[{"href":"https:\/\/vetsul.com\/index.php\/wp-json\/wp\/v2\/types\/product"}],"wp:featuredmedia":[{"embeddable":true,"href":"https:\/\/vetsul.com\/index.php\/wp-json\/wp\/v2\/media\/16223"}],"wp:attachment":[{"href":"https:\/\/vetsul.com\/index.php\/wp-json\/wp\/v2\/media?parent=16222"}],"wp:term":[{"taxonomy":"product_brand","embeddable":true,"href":"https:\/\/vetsul.com\/index.php\/wp-json\/wp\/v2\/product_brand?post=16222"},{"taxonomy":"product_cat","embeddable":true,"href":"https:\/\/vetsul.com\/index.php\/wp-json\/wp\/v2\/product_cat?post=16222"},{"taxonomy":"product_tag","embeddable":true,"href":"https:\/\/vetsul.com\/index.php\/wp-json\/wp\/v2\/product_tag?post=16222"}],"curies":[{"name":"wp","href":"https:\/\/api.w.org\/{rel}","templated":true}]}}