{"id":16220,"date":"2018-01-02T13:46:47","date_gmt":"2018-01-02T15:46:47","guid":{"rendered":"http:\/\/35.194.95.18\/wp-admin\/?post_type=product&#038;p=16220"},"modified":"2025-02-07T16:22:04","modified_gmt":"2025-02-07T19:22:04","slug":"condroton-plus-500gr","status":"publish","type":"product","link":"https:\/\/vetsul.com\/index.php\/product\/condroton-plus-500gr\/","title":{"rendered":"CONDROTON PLUS &#8211; 500gr"},"content":{"rendered":"<p>A articula\u00e7\u00e3o sinovial \u00e9 composta por superf\u00edcies \u00f3sseas por camadas uniformes de cartilagem hialina, lubrificadas por um l\u00edquido sinovial viscoso, agrupadas e sustentadas pela c\u00e1psula articular.<\/p>\n<p><\/p>\n<p>A cartilagem articular \u00e9 constitu\u00edda por c\u00e9lulas chamadas condr\u00f3citos, que sintetizam e depositam, em torno de si, uma matriz que representa mais de 90{bad89740ab836af8afd78adf22d5854117f226b234e4f8ee83a0ac8d28f68ffc} do volume total do tecido. A matriz cartilaginea \u00e9 composta por fibras col\u00e1genas, proteoglicanos e \u00e1gua.<\/p>\n<p><\/p>\n<p>Este tecido desempenha um importante papel na fun\u00e7\u00e3o articular, auxiliando no amortecimento de choques mec\u00e2nicos entre as superf\u00edcies das extremidades \u00f3sseas e promovendo um deslizamento brando e regular, de pouca fric\u00e7\u00e3o entre estas superf\u00edcies.<\/p>\n<p><\/p>\n<p>Os proteoglicanos s\u00e3o mol\u00e9culas compostas principalmente por uma prote\u00edna central com cadeias laterais de glicosaminoglicanos (GAG\u00b4s), que se unem ao \u00e1cido hialur\u00f4nico atrav\u00e9s das prote\u00ednas, formando agregados. O principal glicosaminoglicano componente dos proteoglicanos \u00e9 a Condroitina.<\/p>\n<p><\/p>\n<p>A estrutura molecular da matriz cartilaginea aparece como pe\u00e7a fundamental para adaptar esses tecidos \u00e1 compress\u00e3o. A grande reten\u00e7\u00e3o de \u00e1gua neste tecido cria um efeito de amortecimento semelhante a uma esponja.<\/p>\n<p><\/p>\n<p>Degenera\u00e7\u00f5es da cartilagem levam a perda de cadeias de glicosaminoglicanos com consequente diminui\u00e7\u00e3o da fun\u00e7\u00e3o desta estrutura.<\/p>\n<p><\/p>\n<p>O Sulfato de Condroitina e a Glucosamina t\u00eam um tropismo para os tecidos articulares e cartilag\u00edneos, onde se liga seletivamente \u00e1 cartilagem degradada ou lesada, iniciando o processo de regenera\u00e7\u00e3o deste tecido. O uso dos glicosaminoglicanos objetiva a reposi\u00e7\u00e3o do que foi perdido durante processos patol\u00f3gicos (condro-repara\u00e7\u00e3o) e do que se perde na atividade normal do animal (condro-prote\u00e7\u00e3o).<\/p>\n<p><\/p>\n<p>Outra importante propriedade \u00e9 o efeito anti-inflamat\u00f3rio, notado ap\u00f3s a utiliza\u00e7\u00e3o desses compostos.<\/p>\n<p><\/p>\n<p>Outros efeitos fisiol\u00f3gicos do sulfato de condroitina s\u00e3o: contribui\u00e7\u00e3o \u00e1 ossifica\u00e7\u00e3o e calcifica\u00e7\u00e3o dos ossos, al\u00e9m da manuten\u00e7\u00e3o da elasticidade de tend\u00f5es e ligamentos. Adicionalmente, um importante efeito anti-inflamat\u00f3rio \u00e9 notado ap\u00f3s a utiliza\u00e7\u00e3o desses compostos, consequente \u00e0 supress\u00e3o da libera\u00e7\u00e3o de mediadores da inflama\u00e7\u00e3o, o que reduz a dor e a efus\u00e3o articular.<\/p>\n<p><\/p>\n<p>Os glicosaminoglicanos tamb\u00e9m inibem a a\u00e7\u00e3o de enzimas lisossomais (liberadas por leuc\u00f3citos no flu\u00eddo sinovial), restauram o balan\u00e7o de permeabilidade da membrana sinovial (refazendo sua malha) e induzem a produ\u00e7\u00e3o de hialuronato de s\u00f3dio, aumentando o efeito de lubrifica\u00e7\u00e3o entre as cartilagens articulares. Uma importante a\u00e7\u00e3o estimulante sobre a s\u00edntese de col\u00e1geno foi observada ap\u00f3s o uso de glicosaminoglicanos com baixo grau de sulfata\u00e7\u00e3o.<\/p>\n<p><\/p>\n<p>Perna canaliculus \u00e9 um molusco marinho rico em precursores dos glicosaminoglicanos e \u00e1cido hialur\u00f4nico, al\u00e9m de tamb\u00e9m possuir leve atividade antiinflamat\u00f3ria. Seu extrato \u00e9 obitido por desidrata\u00e7\u00e3o e, ent\u00e3o, mo\u00eddo.<\/p>\n<p><\/p>\n<p>Col\u00e1geno \u00e9 rico em amino\u00e1cidos livres, al\u00e9m de ser fonte biol\u00f3gica para forma\u00e7\u00e3o dos proteoglicanos. Tamb\u00e9m faz parte da cartilagem articular.<\/p>\n<p><\/p>\n<p>Mangan\u00eas atua como coenzima que polimeriza mon\u00f4meros para a forma\u00e7\u00e3o dos glicosaminoglicanos. N\u00edveis adequados desta coenzima s\u00e3o necess\u00e1rios para a \u00f3tima utiliza\u00e7\u00e3o de Glucosamina e de Sulfato de Condroitina pela articula\u00e7\u00e3o. A car\u00eancia de Mangan\u00eas leva a diminui\u00e7\u00e3o de \u00c1cido Hialur\u00f4nico, Sulfato de Condroitina e Heparina na cartilagem.<\/p>\n<p>F\u00f3rmula:<\/p>\n<p>Cada 100 g do produto cont\u00e9m:<\/p>\n<p>Sulfato de Condroitina &#8220;A&#8221;&#8230;&#8230;&#8230;&#8230;&#8230;&#8230;&#8230;&#8230;&#8230;&#8230;&#8230;&#8230;&#8230;&#8230;&#8230;&#8230;&#8230;&#8230;&#8230;&#8230;..19,0 g<\/p>\n<p>Glucosamina&#8230;&#8230;&#8230;&#8230;&#8230;&#8230;&#8230;&#8230;&#8230;&#8230;&#8230;&#8230;&#8230;&#8230;&#8230;&#8230;&#8230;&#8230;&#8230;&#8230;&#8230;&#8230;&#8230;&#8230;&#8230;&#8230;&#8230;55,0 g<\/p>\n<p>Moluscos (Perna canaliculus)&#8230;&#8230;&#8230;&#8230;&#8230;&#8230;&#8230;&#8230;&#8230;&#8230;&#8230;&#8230;&#8230;&#8230;&#8230;&#8230;&#8230;&#8230;&#8230;&#8230;15,0 g<\/p>\n<p>Col\u00e1geno&#8230;&#8230;&#8230;&#8230;&#8230;&#8230;&#8230;&#8230;&#8230;&#8230;&#8230;&#8230;&#8230;&#8230;&#8230;&#8230;&#8230;&#8230;&#8230;&#8230;&#8230;&#8230;&#8230;&#8230;&#8230;&#8230;&#8230;&#8230;&#8230;.6,0 g<\/p>\n<p>Sulfato de mangan\u00eas&#8230;&#8230;&#8230;&#8230;&#8230;&#8230;&#8230;&#8230;&#8230;&#8230;&#8230;&#8230;&#8230;&#8230;&#8230;&#8230;&#8230;&#8230;&#8230;&#8230;&#8230;&#8230;&#8230;.0,68 g<\/p>\n<p>Excipientes q.s.p&#8230;&#8230;&#8230;&#8230;&#8230;&#8230;&#8230;&#8230;&#8230;&#8230;&#8230;&#8230;&#8230;&#8230;&#8230;&#8230;&#8230;&#8230;&#8230;&#8230;&#8230;&#8230;&#8230;&#8230;..100,0 g<\/p>\n<p><\/p>\n<p>Indica\u00e7\u00f5es:<\/p>\n<p>Para: equinos, muares e asininos adultos; bovinos e bubalinos adultos; potros, p\u00f4neis e bezerros; ovinos, caprinos e avestruzes adultos; cordeiros, cabritos e avestruzes filhotes; su\u00ednos adultos e leit\u00f5es. Indicado para auxiliar os tratamentos de artropatias n\u00e3o infecciosas, tais como, artrites, artroses, osteoartroses, hidroartroses, artropatias degenerativas, espondiloses, espondiloses anquilosantes, condropatias, sinovites; patologias tend\u00edneas; osteodistrofias e condrodistrofias; p\u00f3s-operat\u00f3rio de cirurgias articulares; coadjuvante em casos de fraturas; al\u00e9m de atuar tamb\u00e9m na profilaxia de doen\u00e7as osteoarticulares e condroprote\u00e7\u00e3o de animais submetidos a grandes esfor\u00e7os.<\/p>\n<p><\/p>\n<p>Dosagem:<\/p>\n<p>Para ser adicionado ao alimento.<\/p>\n<p><\/p>\n<p>Administra\u00e7\u00e3o inicial:<\/p>\n<p>Eq\u00fcinos, muares e asininos adultos: 10 g duas vezes ao dia.<\/p>\n<p>Bovinos e bubalinos adultos: 10 g duas vezes ao dia.<\/p>\n<p>Potros, p\u00f4neis e bezerros: 5 g duas vezes ao dia.<\/p>\n<p>Ovinos, caprinos e avestruzes adultos: 5 g duas vezes ao dia.<\/p>\n<p>Cordeiros, cabritos e avestruzes filhotes: 1 g duas vezes ao dia.<\/p>\n<p>Su\u00ednos adultos: 3 g duas vezes ao dia.<\/p>\n<p>Leit\u00f5es: 0,5 g duas vezes ao dia.<\/p>\n<p><\/p>\n<p>Manuten\u00e7\u00e3o:<\/p>\n<p>Eq\u00fcinos, muares e asininos adultos: 10 g uma vez ao dia.<\/p>\n<p>Bovinos e bubalinos adultos: 10 g uma vez ao dia.<\/p>\n<p>Potros, p\u00f4neis e bezerros: 5 g uma vez ao dia.<\/p>\n<p>Ovinos, caprinos e avestruzes adultos: 5 g uma vez ao dia.<\/p>\n<p>Cordeiros, cabritos e avestruzes filhotes: 1 g uma vez ao dia.<\/p>\n<p>Su\u00ednos adultos: 3 g uma vez ao dia.<\/p>\n<p>Leit\u00f5es: 0,5 g uma vez ao dia.<\/p>\n<p><\/p>\n<p>A dose de administra\u00e7\u00e3o inicial \u00e9 de 2 a 3 meses e depois deve ser feita a dose de manuten\u00e7\u00e3o.<\/p>\n<p><\/p>\n<p>As dosagens poder\u00e3o ser aumentadas ou diminu\u00eddas de acordo com a orienta\u00e7\u00e3o do m\u00e9dico veterin\u00e1rio.<\/p>\n<p><\/p>\n<p>Administra\u00e7\u00e3o:<\/p>\n<p>Uso oral.<\/p>\n<p><\/p>\n<p>Precau\u00e7\u00f5es:<\/p>\n<p>Condroton Plus \u00e9 muito seguro, n\u00e3o apresentando efeitos colaterais. Raramente pode haver flatul\u00eancia e amolecimento das fezes. V\u00e1rios experimentos demonstram a aus\u00eancia de teratog\u00eanese, mutag\u00eanese e anafilaxia do sulfato de condroitina. Glicosaminoglicanos de baixa sulfata\u00e7\u00e3o n\u00e3o alteram o tempo de coagula\u00e7\u00e3o sangu\u00ednea por n\u00e3o interagir com a antitrombina III.<\/p>\n<p>Condroton Plus pode ser administrado concomitantemente com qualquer droga, sem ocorrerem intera\u00e7\u00f5es indesej\u00e1veis.<\/p>\n<p><\/p>\n<p>Contra indica\u00e7\u00f5es:<\/p>\n<p>Devido ao fato de Condroton Plus apresentar glucosamina e sulfato de condroitina e por estes serem bioquimicamente classificados como carboidratos (a\u00e7\u00facares), \u00e9 indicado que ao se usar o produto em animais diab\u00e9ticos, estes sejam monitorados na primeira semana de uso.<\/p>\n<p><\/p>\n<p>Apresenta\u00e7\u00e3o:<\/p>\n<p>Potes pl\u00e1sticos contendo 500 g.<\/p>\n<p><\/p>\n<p>Classe Terap\u00eautica:<\/p>\n<p>OUTROS<\/p>\n<p><\/p>\n<p>Princ\u00edpio(s) Ativo(s):<\/p>\n<p>CONDROITINA A<\/p>\n<p>MANGAN\u00caS<\/p>\n<p>OUTROS<\/p>\n<p><\/p>\n<p>Registro no Minist\u00e9rio da Agricultura, Pecu\u00e1ria e Abastecimento:<\/p>\n<p>8.160 em 12\/03\/2002.<\/p>\n<p><\/p>\n<p>Respons\u00e1vel T\u00e9cnico:<\/p>\n<p>F\u00e1bio Cavenaghi Mattei &#8211; CRMV: SP 12005<\/p>\n","protected":false},"excerpt":{"rendered":"<p>A articula\u00e7\u00e3o sinovial \u00e9 composta por superf\u00edcies \u00f3sseas por camadas uniformes de cartilagem hialina, lubrificadas por um l\u00edquido sinovial viscoso, agrupadas e<\/p>\n","protected":false},"featured_media":16221,"template":"","meta":{"_acf_changed":false},"product_brand":[954],"product_cat":[178,182],"product_tag":[991],"class_list":{"0":"post-16220","1":"product","2":"type-product","3":"status-publish","4":"has-post-thumbnail","6":"product_brand-vetnil","7":"product_cat-suplementos-e-vitaminas-2","8":"product_cat-suplementos-e-vitaminas-3","9":"product_tag-vetnil","11":"first","12":"outofstock","13":"purchasable","14":"product-type-simple"},"acf":[],"_links":{"self":[{"href":"https:\/\/vetsul.com\/index.php\/wp-json\/wp\/v2\/product\/16220","targetHints":{"allow":["GET"]}}],"collection":[{"href":"https:\/\/vetsul.com\/index.php\/wp-json\/wp\/v2\/product"}],"about":[{"href":"https:\/\/vetsul.com\/index.php\/wp-json\/wp\/v2\/types\/product"}],"wp:featuredmedia":[{"embeddable":true,"href":"https:\/\/vetsul.com\/index.php\/wp-json\/wp\/v2\/media\/16221"}],"wp:attachment":[{"href":"https:\/\/vetsul.com\/index.php\/wp-json\/wp\/v2\/media?parent=16220"}],"wp:term":[{"taxonomy":"product_brand","embeddable":true,"href":"https:\/\/vetsul.com\/index.php\/wp-json\/wp\/v2\/product_brand?post=16220"},{"taxonomy":"product_cat","embeddable":true,"href":"https:\/\/vetsul.com\/index.php\/wp-json\/wp\/v2\/product_cat?post=16220"},{"taxonomy":"product_tag","embeddable":true,"href":"https:\/\/vetsul.com\/index.php\/wp-json\/wp\/v2\/product_tag?post=16220"}],"curies":[{"name":"wp","href":"https:\/\/api.w.org\/{rel}","templated":true}]}}