{"id":16218,"date":"2018-01-02T13:28:36","date_gmt":"2018-01-02T15:28:36","guid":{"rendered":"http:\/\/35.194.95.18\/wp-admin\/?post_type=product&#038;p=16218"},"modified":"2025-04-04T09:33:50","modified_gmt":"2025-04-04T12:33:50","slug":"condroton-injetavel","status":"publish","type":"product","link":"https:\/\/vetsul.com\/index.php\/product\/condroton-injetavel\/","title":{"rendered":"Condroton Injet\u00e1vel"},"content":{"rendered":"<p>Regenerador articular com Sulfato de Condroitina A<\/p>\n<p><\/p>\n<p>A articula\u00e7\u00e3o sinovial \u00e9 composta por superf\u00edcies \u00f3sseas por camadas uniformes de cartilagem hialina, lubrificadas por um l\u00edquido sinovial viscoso, agrupadas e sustentadas pela c\u00e1psula articular.<\/p>\n<p><\/p>\n<p>A cartilagem articular \u00e9 constitu\u00edda por c\u00e9lulas chamadas condr\u00f3citos, que sintetizam e depositam, em torno de si, uma matriz que representa mais de 90{bad89740ab836af8afd78adf22d5854117f226b234e4f8ee83a0ac8d28f68ffc} do volume total do tecido. A matriz cartilaginea \u00e9 composta por fibras col\u00e1genas, proteoglicanos e \u00e1gua.<\/p>\n<p><\/p>\n<p>Este tecido desempenha um importante papel na fun\u00e7\u00e3o articular, auxiliando no amortecimento de choques mec\u00e2nicos entre as superf\u00edcies das extremidades \u00f3sseas e promovendo um deslizamento brando e regular, de pouca fric\u00e7\u00e3o entre estas superf\u00edcies.<\/p>\n<p><\/p>\n<p>Os proteoglicanos s\u00e3o mol\u00e9culas compostas principalmente por uma prote\u00edna central com cadeias laterais de glicosaminoglicanos (GAG\u00b4s), que se unem ao \u00e1cido hialur\u00f4nico atrav\u00e9s das prote\u00ednas, formando agregados. O principal glicosaminoglicano componente dos proteoglicanos \u00e9 a Condroitina.<\/p>\n<p><\/p>\n<p>A estrutura molecular da matriz cartilaginea aparece como pe\u00e7a fundamental para adaptar esses tecidos \u00e1 compress\u00e3o. A grande reten\u00e7\u00e3o de \u00e1gua neste tecido cria um efeito de amortecimento semelhante a uma esponja.<\/p>\n<p><\/p>\n<p>Degenera\u00e7\u00f5es da cartilagem levam a perda de cadeias de glicosaminoglicanos com consequente diminui\u00e7\u00e3o da fun\u00e7\u00e3o desta estrutura.<\/p>\n<p><\/p>\n<p>O Sulfato de Condroitina e a Glucosamina t\u00eam um tropismo para os tecidos articulares e cartilag\u00edneos, onde se liga seletivamente \u00e1 cartilagem degradada ou lesada, iniciando o processo de regenera\u00e7\u00e3o deste tecido. O uso dos glicosaminoglicanos objetiva a reposi\u00e7\u00e3o do que foi perdido durante processos patol\u00f3gicos (condro-repara\u00e7\u00e3o) e do que se perde na atividade normal do animal (condro-prote\u00e7\u00e3o).<\/p>\n<p><\/p>\n<p>Outra importante propriedade \u00e9 o efeito anti-inflamat\u00f3rio, notado ap\u00f3s a utiliza\u00e7\u00e3o desses compostos.<\/p>\n<p><\/p>\n<p>Outros efeitos fisiol\u00f3gicos do sulfato de condroitina s\u00e3o: contribui\u00e7\u00e3o \u00e1 ossifica\u00e7\u00e3o e calcifica\u00e7\u00e3o dos ossos, al\u00e9m da manuten\u00e7\u00e3o da elasticidade de tend\u00f5es e ligamentos. Adicionalmente, um importante efeito anti-inflamat\u00f3rio \u00e9 notado ap\u00f3s a utiliza\u00e7\u00e3o desses compostos, consequente \u00e0 supress\u00e3o da libera\u00e7\u00e3o de mediadores da inflama\u00e7\u00e3o, o que reduz a dor e a efus\u00e3o articular.<\/p>\n<p><\/p>\n<p>Os glicosaminoglicanos tamb\u00e9m inibem a a\u00e7\u00e3o de enzimas lisossomais (liberadas por leuc\u00f3citos no flu\u00eddo sinovial), restauram o balan\u00e7o de permeabilidade da membrana sinovial (refazendo sua malha) e induzem a produ\u00e7\u00e3o de hialuronato de s\u00f3dio, aumentando o efeito de lubrifica\u00e7\u00e3o entre as cartilagens articulares. Uma importante a\u00e7\u00e3o estimulante sobre a s\u00edntese de col\u00e1geno foi observada ap\u00f3s o uso de glicosaminoglicanos com baixo grau de sulfata\u00e7\u00e3o.<\/p>\n<p><\/p>\n<p>INDICA\u00c7\u00c3O DO PRODUTO<\/p>\n<p><\/p>\n<p>Indicado para equ\u00eddeos, bovinos, bubalinos, ovinos, caprinos, su\u00ednos e avestruzes, como auxiliar nos tratamentos de artropatias n\u00e3o infecciosas, tais como: artrites, artroses, osteoartroses, hidroartroses, artropatias degenerativas, displasias coxo-femorais, espondiloses, espondiloses anquilosantes, condropatias, sinovites, patologias tend\u00edneas, osteodistrofias e condrodistrofias, p\u00f3s-operat\u00f3rio de cirurgias articulares, coadjuvante em casos de fraturas, al\u00e9m de atuar tamb\u00e9m na profilaxia de doen\u00e7as osteoarticulares e condroprote\u00e7\u00e3o de animais submetidos a grandes esfor\u00e7os.<\/p>\n<p><\/p>\n<p>N\u00cdVEIS DE GARANTIA PARA CADA 100 ML<\/p>\n<p><\/p>\n<p>Sulfato de Condroitina \u201cA\u201d\u2026\u2026\u2026\u2026\u2026\u2026\u2026\u2026\u2026\u2026\u2026\u2026\u2026\u2026\u2026\u2026.7,5 g<\/p>\n<p>Sulfato de Glucosamina\u2026\u2026\u2026\u2026\u2026\u2026\u2026\u2026\u2026\u2026\u2026\u2026\u2026\u2026\u2026\u2026\u2026.7,5 g<\/p>\n<p>Ve\u00edculo q.s.p\u2026\u2026\u2026\u2026\u2026\u2026\u2026\u2026\u2026\u2026\u2026\u2026\u2026\u2026\u2026\u2026\u2026\u2026\u2026\u2026.100,0 mL<\/p>\n<p><\/p>\n<p>MODO DE USAR<\/p>\n<p><\/p>\n<p>Uso injet\u00e1vel via intramuscular ou subcut\u00e2nea.<\/p>\n<p><\/p>\n<p>Equ\u00eddeos, Bovinos e Bubalinos: aplicar 2 mL para cada 100 kg de peso corporal, at\u00e9 a dose m\u00e1xima de 10 mL, a cada 5 ou 7 dias, num m\u00ednimo de 5 aplica\u00e7\u00f5es.<\/p>\n<p><\/p>\n<p>Ovinos, Caprinos, Su\u00ednos e Avestruzes: aplicar 0,5 mL para cada 10 kg de peso corporal, at\u00e9 a dose m\u00e1xima de 5,0 mL, a cada 5 ou 7 dias, num m\u00ednimo de 5 aplica\u00e7\u00f5es.<\/p>\n<p><\/p>\n<p>As dosagens poder\u00e3o ser alteradas de acordo com a orienta\u00e7\u00e3o do M\u00e9dico Veterin\u00e1rio.<\/p>\n<p><\/p>\n<p>APRESENTA\u00c7\u00c3O<\/p>\n<p><\/p>\n<p>Frasco ampola contendo 10 mL.<\/p>\n","protected":false},"excerpt":{"rendered":"<p>Regenerador articular com Sulfato de Condroitina A A articula\u00e7\u00e3o sinovial \u00e9 composta por superf\u00edcies \u00f3sseas por camadas uniformes de cartilagem hialina, lubrificadas<\/p>\n","protected":false},"featured_media":16219,"template":"","meta":{"_acf_changed":false},"product_brand":[954],"product_cat":[178,182],"product_tag":[991],"class_list":{"0":"post-16218","1":"product","2":"type-product","3":"status-publish","4":"has-post-thumbnail","6":"product_brand-vetnil","7":"product_cat-suplementos-e-vitaminas-2","8":"product_cat-suplementos-e-vitaminas-3","9":"product_tag-vetnil","11":"first","12":"instock","13":"purchasable","14":"product-type-simple"},"acf":[],"_links":{"self":[{"href":"https:\/\/vetsul.com\/index.php\/wp-json\/wp\/v2\/product\/16218","targetHints":{"allow":["GET"]}}],"collection":[{"href":"https:\/\/vetsul.com\/index.php\/wp-json\/wp\/v2\/product"}],"about":[{"href":"https:\/\/vetsul.com\/index.php\/wp-json\/wp\/v2\/types\/product"}],"wp:featuredmedia":[{"embeddable":true,"href":"https:\/\/vetsul.com\/index.php\/wp-json\/wp\/v2\/media\/16219"}],"wp:attachment":[{"href":"https:\/\/vetsul.com\/index.php\/wp-json\/wp\/v2\/media?parent=16218"}],"wp:term":[{"taxonomy":"product_brand","embeddable":true,"href":"https:\/\/vetsul.com\/index.php\/wp-json\/wp\/v2\/product_brand?post=16218"},{"taxonomy":"product_cat","embeddable":true,"href":"https:\/\/vetsul.com\/index.php\/wp-json\/wp\/v2\/product_cat?post=16218"},{"taxonomy":"product_tag","embeddable":true,"href":"https:\/\/vetsul.com\/index.php\/wp-json\/wp\/v2\/product_tag?post=16218"}],"curies":[{"name":"wp","href":"https:\/\/api.w.org\/{rel}","templated":true}]}}