{"id":16216,"date":"2018-01-02T13:24:03","date_gmt":"2018-01-02T15:24:03","guid":{"rendered":"http:\/\/35.194.95.18\/wp-admin\/?post_type=product&#038;p=16216"},"modified":"2025-04-04T09:33:50","modified_gmt":"2025-04-04T12:33:50","slug":"condroton-1-000mg-60cp","status":"publish","type":"product","link":"https:\/\/vetsul.com\/index.php\/product\/condroton-1-000mg-60cp\/","title":{"rendered":"Condroton 1.000mg 60cp"},"content":{"rendered":"<p>INDICA\u00c7\u00c3O DO PRODUTO<\/p>\n<p><\/p>\n<p>Indicado para auxiliar os tratamentos de artropatias n\u00e3o infecciosas, tais como, artrites, artroses, osteoartroses, hidroartroses, artropatias degenerativas, displasias coxo-femorais, espondiloses, espondiloses anquilosantes, condropatias, sinovites; patologias tend\u00edneas; osteodistrofias e condrodistrofias; p\u00f3s-operat\u00f3rio de cirurgias articulares; coadjuvante em casos de fraturas, al\u00e9m de atuar tamb\u00e9m na profilaxia de doen\u00e7as osteoarticulares e condro-prote\u00e7\u00e3o de animais submetidos a grandes esfor\u00e7os.<\/p>\n<p><\/p>\n<p>Tamb\u00e9m indicado para fortalecimento da cartilagem auricular de c\u00e3es submetidos a conchectomias.<\/p>\n<p><\/p>\n<p>N\u00cdVEIS DE GARANTIA DO PRODUTO<\/p>\n<p><\/p>\n<p>Cada 100 g cont\u00e9m:<\/p>\n<p><\/p>\n<p>Sulfato de Condroitina \u201cA\u201d\u2026\u2026\u2026\u2026\u2026\u2026\u2026\u2026\u2026\u2026\u2026\u2026\u2026\u2026..20.000 mg<\/p>\n<p>Glucosamina\u2026\u2026\u2026\u2026\u2026\u2026\u2026\u2026\u2026\u2026\u2026\u2026\u2026\u2026\u2026\u2026\u2026\u2026\u2026\u2026.30.000 mg<\/p>\n<p>Moluscos (Perna canaliculus)\u2026\u2026\u2026\u2026\u2026\u2026\u2026\u2026\u2026\u2026\u2026\u2026\u202610.000 mg<\/p>\n<p>Col\u00e1geno\u2026\u2026\u2026\u2026\u2026\u2026\u2026\u2026\u2026\u2026\u2026\u2026\u2026\u2026\u2026\u2026\u2026\u2026\u2026\u2026\u2026\u2026.5.000 mg<\/p>\n<p>\u00c1cido Asc\u00f3rbico\u2026\u2026\u2026\u2026\u2026\u2026\u2026\u2026\u2026\u2026\u2026\u2026\u2026\u2026\u2026\u2026\u2026\u2026\u2026.5.000 mg<\/p>\n<p>Sulfato de Mangan\u00eas\u2026\u2026\u2026\u2026\u2026\u2026\u2026\u2026\u2026\u2026\u2026\u2026\u2026\u2026\u2026\u2026\u20262.000 mg<\/p>\n<p>Ve\u00edculo q.s.p\u2026\u2026\u2026\u2026\u2026\u2026\u2026\u2026\u2026\u2026\u2026\u2026\u2026\u2026\u2026\u2026\u2026\u2026\u2026\u2026\u2026\u2026.100 g<\/p>\n<p><\/p>\n<p>MODO DE USAR<\/p>\n<p><\/p>\n<p>Para ser usado por via oral.<\/p>\n<p><\/p>\n<p>Comprimido de 500 mg:<\/p>\n<p><\/p>\n<p>Animais at\u00e9 5 kg: 1 comprimido ao dia.<\/p>\n<p>Animais de 5 a 10 kg: 1 comprimido duas vezes ao dia<\/p>\n<p><\/p>\n<p>Manuten\u00e7\u00e3o:<\/p>\n<p><\/p>\n<p>At\u00e9 5 kg: 1 comprimido por dia, em dias alternados.<\/p>\n<p><\/p>\n<p>Animais de 5 a 10 kg: 1 comprimido por dia, at\u00e9 encontrar a dosagem de manuten\u00e7\u00e3o que pode ser 1 comprimido por semana.<\/p>\n<p><\/p>\n<p>Comprimido de 1000 mg:<\/p>\n<p><\/p>\n<p>Animais de 10 a 15 kg: 1 comprimido duas vezes ao dia.<\/p>\n<p>Animais de 15 a 25 kg: 1 comprimido e meio duas vezes ao dia.<\/p>\n<p>Animais de 25 a 50 kg: 2 comprimidos duas vezes ao dia.<\/p>\n<p>Animais acima de 50 kg: 3 comprimidos duas vezes ao dia.<\/p>\n<p><\/p>\n<p>MANUTEN\u00c7\u00c3O<\/p>\n<p><\/p>\n<p>Animais de 10 a 25 kg: 1 comprimido por dia.<\/p>\n<p>Animais acima de 25 kg: 2 comprimidos por dia, at\u00e9 chegar a dosagem de manuten\u00e7\u00e3o que pode ser um comprimido por semana.<\/p>\n<p><\/p>\n<p>A dose de administra\u00e7\u00e3o inicial \u00e9 de 2 a 3 meses e depois deve ser feita a dose de manuten\u00e7\u00e3o.<\/p>\n<p><\/p>\n<p>As dosagens poder\u00e3o ser aumentadas ou diminu\u00eddas de acordo com a orienta\u00e7\u00e3o do M\u00e9dico Veterin\u00e1rio.<\/p>\n<p><\/p>\n<p>APRESENTA\u00c7\u00c3O<\/p>\n<p><\/p>\n<p>Comprimidos de 1000 mg, acondicionados em frascos pl\u00e1sticos contendo 60 comprimidos.<\/p>\n","protected":false},"excerpt":{"rendered":"<p>INDICA\u00c7\u00c3O DO PRODUTO Indicado para auxiliar os tratamentos de artropatias n\u00e3o infecciosas, tais como, artrites, artroses, osteoartroses, hidroartroses, artropatias degenerativas, displasias coxo-femorais,<\/p>\n","protected":false},"featured_media":16217,"template":"","meta":{"_acf_changed":false},"product_brand":[954],"product_cat":[182],"product_tag":[991],"class_list":{"0":"post-16216","1":"product","2":"type-product","3":"status-publish","4":"has-post-thumbnail","6":"product_brand-vetnil","7":"product_cat-suplementos-e-vitaminas-3","8":"product_tag-vetnil","10":"first","11":"instock","12":"purchasable","13":"product-type-simple"},"acf":[],"_links":{"self":[{"href":"https:\/\/vetsul.com\/index.php\/wp-json\/wp\/v2\/product\/16216","targetHints":{"allow":["GET"]}}],"collection":[{"href":"https:\/\/vetsul.com\/index.php\/wp-json\/wp\/v2\/product"}],"about":[{"href":"https:\/\/vetsul.com\/index.php\/wp-json\/wp\/v2\/types\/product"}],"wp:featuredmedia":[{"embeddable":true,"href":"https:\/\/vetsul.com\/index.php\/wp-json\/wp\/v2\/media\/16217"}],"wp:attachment":[{"href":"https:\/\/vetsul.com\/index.php\/wp-json\/wp\/v2\/media?parent=16216"}],"wp:term":[{"taxonomy":"product_brand","embeddable":true,"href":"https:\/\/vetsul.com\/index.php\/wp-json\/wp\/v2\/product_brand?post=16216"},{"taxonomy":"product_cat","embeddable":true,"href":"https:\/\/vetsul.com\/index.php\/wp-json\/wp\/v2\/product_cat?post=16216"},{"taxonomy":"product_tag","embeddable":true,"href":"https:\/\/vetsul.com\/index.php\/wp-json\/wp\/v2\/product_tag?post=16216"}],"curies":[{"name":"wp","href":"https:\/\/api.w.org\/{rel}","templated":true}]}}