{"id":16214,"date":"2018-01-02T11:45:32","date_gmt":"2018-01-02T13:45:32","guid":{"rendered":"http:\/\/35.194.95.18\/wp-admin\/?post_type=product&#038;p=16214"},"modified":"2025-04-04T09:33:50","modified_gmt":"2025-04-04T12:33:50","slug":"colosso-pour-on-01lt","status":"publish","type":"product","link":"https:\/\/vetsul.com\/index.php\/product\/colosso-pour-on-01lt\/","title":{"rendered":"Colosso Pour On 01lt"},"content":{"rendered":"<p>Colosso Pour On \u00e9 um produto eficaz no combate de carrapatos, bernes, moscas, sarnas e piolhos.<\/p>\n<p>F\u00f3rmula:<\/p>\n<p>Cada 100 ml cont\u00e9m:<\/p>\n<p>Cipermetrina&#8230;&#8230;&#8230;&#8230;&#8230;&#8230;&#8230;&#8230;&#8230; 5,0 g<\/p>\n<p>Clorpirif\u00f3s&#8230;&#8230;&#8230;&#8230;&#8230;&#8230;&#8230;&#8230;&#8230;&#8230;.. 7,0 g<\/p>\n<p>Citronelal&#8230;&#8230;&#8230;&#8230;&#8230;&#8230;&#8230;&#8230;&#8230;&#8230;&#8230; 0,5 g<\/p>\n<p>Ve\u00edculo q.s.p. &#8230;&#8230;&#8230;&#8230;&#8230;&#8230;&#8230;&#8230;..100,0 ml<\/p>\n<p><\/p>\n<p>Indica\u00e7\u00f5es:<\/p>\n<p>COLOSSO POUR ON \u00e9 um produto indicado para uso dorsal sobre a pele do animal, no combate dos seguintes ectoparasitas que acometem:<\/p>\n<p><\/p>\n<p>Bovinos<\/p>\n<p>Carrapatos: Boophilus microplus, Amblyomma cajennensis, Amblyomma spp, Anocentor nitens.<\/p>\n<p>Berne, ou larvas de Dermatobia homins.<\/p>\n<p>Moscas: Stomoxys calcitrans, Musca domestica, Haematobia irritans.Dermatobia hominis, Musca autumnalis.<\/p>\n<p>Piolhos Linognathus vituli, Haematopinus eurysternus.<\/p>\n<p>Sarnas Sarcoptes scabiei var. bovis, Psoroptes natalensis, Chorioptes bovis.<\/p>\n<p><\/p>\n<p>Su\u00ednos<\/p>\n<p>Sarna: Sarcoptes scabiei var. suis<\/p>\n<p>Moscas: Stomoxys calcitrans, Musca domestica, Haematobia irritans, Dermatobia hominis, Musca autumnalis.<\/p>\n<p><\/p>\n<p>Dosagem:<\/p>\n<p>Bovinos:<\/p>\n<p>A dosagem recomendada \u00e9 de 10 ml para cada 100 kg de peso vivo, obedecendo a tabela:<\/p>\n<p>Peso &#8230;&#8230;&#8230;&#8230;&#8230;&#8230;&#8230;&#8230;&#8230;&#8230;&#8230;&#8230;&#8230;&#8230;&#8230;&#8230;&#8230;.Dose<\/p>\n<p>100 kg&#8230;&#8230;&#8230;&#8230;&#8230;&#8230;&#8230;&#8230;&#8230;&#8230;&#8230;&#8230;&#8230;&#8230;&#8230;&#8230;.. 10 ml<\/p>\n<p>200 kg&#8230;&#8230;&#8230;&#8230;&#8230;&#8230;&#8230;&#8230;&#8230;&#8230;&#8230;&#8230;&#8230;&#8230;&#8230;&#8230;.. 20 ml<\/p>\n<p>300 kg&#8230;&#8230;&#8230;&#8230;&#8230;&#8230;&#8230;&#8230;&#8230;&#8230;&#8230;&#8230;&#8230;&#8230;&#8230;&#8230;.. 30 ml<\/p>\n<p>400 kg&#8230;&#8230;&#8230;&#8230;&#8230;&#8230;&#8230;&#8230;&#8230;&#8230;&#8230;&#8230;&#8230;&#8230;&#8230;&#8230;.. 40 ml<\/p>\n<p>500 kg&#8230;&#8230;&#8230;&#8230;&#8230;&#8230;&#8230;&#8230;&#8230;&#8230;&#8230;&#8230;&#8230;&#8230;&#8230;&#8230;.. 50 ml<\/p>\n<p>Para animais acima de 500 kg de peso vivo, a dose m\u00e1xima recomendada \u00e9 de 50 mL. O produto deve ser aplicado em toda linha dorsal do animal, da inser\u00e7\u00e3o da cauda at\u00e9 o meio do pesco\u00e7o.<\/p>\n<p><\/p>\n<p>Su\u00ednos:<\/p>\n<p>A dosagem recomendada \u00e9 de 5 ml para cada 100 kg de peso corporal, obedecendo a tabela abaixo:<\/p>\n<p>Peso &#8230;&#8230;&#8230;&#8230;&#8230;&#8230;&#8230;&#8230;&#8230;&#8230;&#8230;&#8230;&#8230;&#8230;&#8230;.Dose<\/p>\n<p>50 kg&#8230;&#8230;&#8230;&#8230;&#8230;&#8230;&#8230;&#8230;&#8230;&#8230;&#8230;&#8230;&#8230;&#8230;&#8230;. 2,5 ml<\/p>\n<p>100 kg &#8230;&#8230;&#8230;&#8230;&#8230;&#8230;&#8230;&#8230;&#8230;..\u2026\u2026&#8230;\u20265,0 ml<\/p>\n<p>150 kg&#8230;&#8230;&#8230;&#8230;&#8230;&#8230;&#8230;&#8230;&#8230;&#8230;.\u2026\u2026&#8230;.. 7,5 ml<\/p>\n<p>200 kg&#8230;&#8230;&#8230;&#8230;&#8230;&#8230;&#8230;&#8230;&#8230;&#8230;&#8230;&#8230;&#8230;&#8230;&#8230;10,0 ml<\/p>\n<p>250 kg&#8230;&#8230;&#8230;&#8230;&#8230;&#8230;&#8230;&#8230;&#8230;&#8230;&#8230;&#8230;&#8230;&#8230;&#8230;12,5 ml<\/p>\n<p>300 kg\u2026\u2026\u2026\u2026\u2026\u2026\u2026\u2026&#8230;&#8230;&#8230;&#8230;.15,0 ml<\/p>\n<p><\/p>\n<p><\/p>\n<p>Administra\u00e7\u00e3o:<\/p>\n<p>O produto deve ser aplicado em toda linha dorsal do animal, da inser\u00e7\u00e3o da cauda at\u00e9 o meio do pesco\u00e7o.<\/p>\n<p><\/p>\n<p><\/p>\n<p>Per\u00edodo de car\u00eancia:<\/p>\n<p>N\u00e3o destinar ao consumo humano a carne de animais tratados antes de transcorridas 10 dias ap\u00f3s a \u00faltima aplica\u00e7\u00e3o do produto. N\u00e3o destinar o leite dos animais tratados antes de transcorridos 03 dias ap\u00f3s a \u00faltima aplica\u00e7\u00e3o.&nbsp;<\/p>\n<p><\/p>\n<p>Apresenta\u00e7\u00e3o:&nbsp;<\/p>\n<p>Frasco de 1 litro<\/p>\n","protected":false},"excerpt":{"rendered":"<p>Colosso Pour On \u00e9 um produto eficaz no combate de carrapatos, bernes, moscas, sarnas e piolhos. F\u00f3rmula: Cada 100 ml cont\u00e9m: Cipermetrina&#8230;&#8230;&#8230;&#8230;&#8230;&#8230;&#8230;&#8230;&#8230;<\/p>\n","protected":false},"featured_media":16215,"template":"","meta":{"_acf_changed":false},"product_brand":[955],"product_cat":[167],"product_tag":[1030],"class_list":{"0":"post-16214","1":"product","2":"type-product","3":"status-publish","4":"has-post-thumbnail","6":"product_brand-ouro-fino","7":"product_cat-vermifugos-e-carrapaticidas","8":"product_tag-ouro-fino","10":"first","11":"instock","12":"shipping-taxable","13":"purchasable","14":"product-type-simple"},"acf":[],"_links":{"self":[{"href":"https:\/\/vetsul.com\/index.php\/wp-json\/wp\/v2\/product\/16214","targetHints":{"allow":["GET"]}}],"collection":[{"href":"https:\/\/vetsul.com\/index.php\/wp-json\/wp\/v2\/product"}],"about":[{"href":"https:\/\/vetsul.com\/index.php\/wp-json\/wp\/v2\/types\/product"}],"wp:featuredmedia":[{"embeddable":true,"href":"https:\/\/vetsul.com\/index.php\/wp-json\/wp\/v2\/media\/16215"}],"wp:attachment":[{"href":"https:\/\/vetsul.com\/index.php\/wp-json\/wp\/v2\/media?parent=16214"}],"wp:term":[{"taxonomy":"product_brand","embeddable":true,"href":"https:\/\/vetsul.com\/index.php\/wp-json\/wp\/v2\/product_brand?post=16214"},{"taxonomy":"product_cat","embeddable":true,"href":"https:\/\/vetsul.com\/index.php\/wp-json\/wp\/v2\/product_cat?post=16214"},{"taxonomy":"product_tag","embeddable":true,"href":"https:\/\/vetsul.com\/index.php\/wp-json\/wp\/v2\/product_tag?post=16214"}],"curies":[{"name":"wp","href":"https:\/\/api.w.org\/{rel}","templated":true}]}}