{"id":16206,"date":"2018-01-02T11:33:10","date_gmt":"2018-01-02T13:33:10","guid":{"rendered":"http:\/\/35.194.95.18\/wp-admin\/?post_type=product&#038;p=16206"},"modified":"2025-04-04T09:33:50","modified_gmt":"2025-04-04T12:33:50","slug":"colosso-pulverizacoo-01lt","status":"publish","type":"product","link":"https:\/\/vetsul.com\/index.php\/product\/colosso-pulverizacoo-01lt\/","title":{"rendered":"Colosso Pulveriza\u00e7\u00e3o 01lt"},"content":{"rendered":"<p>Colosso Pulveriza\u00e7\u00e3o \u00e9 um produto eficaz no combate de carrapatos, bernes, moscas, sarnas e piolhos.<\/p>\n<p>F\u00f3rmula:<\/p>\n<p>Cada 100 ml cont\u00e9m:<\/p>\n<p>Cipermetrina&#8230;&#8230;&#8230;&#8230;&#8230;&#8230;&#8230;&#8230;&#8230;&#8230;&#8230;&#8230;&#8230;&#8230;&#8230;&#8230;&#8230;&#8230;&#8230; 15,0 g<\/p>\n<p>Clorpirif\u00f3s&#8230;&#8230;&#8230;&#8230;&#8230;&#8230;&#8230;&#8230;&#8230;&#8230;&#8230;&#8230;&#8230;&#8230;&#8230;&#8230;&#8230;&#8230;&#8230;&#8230;. 25,0 g<\/p>\n<p>Citronelal &#8230;&#8230;&#8230;&#8230;&#8230;&#8230;&#8230;&#8230;&#8230;&#8230;&#8230;&#8230;&#8230;&#8230;&#8230;&#8230;&#8230;&#8230;&#8230;&#8230;.. 1,0 g<\/p>\n<p>Ve\u00edculo q.s.p. &#8230;&#8230;&#8230;&#8230;&#8230;&#8230;&#8230;&#8230;&#8230;&#8230;&#8230;&#8230;&#8230;&#8230;&#8230;&#8230;&#8230;. 100,0 ml<\/p>\n<p><\/p>\n<p>Indica\u00e7\u00f5es:<\/p>\n<p>Colosso Pulveriza\u00e7\u00e3o \u00e9 um produto indicado para uso em pulveriza\u00e7\u00f5es ou banho de imers\u00e3o, no combate aos seguintes ectoparasitas que acometem:<\/p>\n<p><\/p>\n<p>Bovinos:<\/p>\n<p>Carrapatos dos g\u00eaneros Boophilus microplus &#8211; adultos e imaturos.<\/p>\n<p>Bernes, ou larvas de Dermatobia hominis.<\/p>\n<p>Moscas dos g\u00eaneros Stomoxys calcitrans, Musca domestica, Haematobia irritans &#8211; adultos.&nbsp;<\/p>\n<p>Dermatobia hominis &#8211; adultos e larva.<\/p>\n<p>Piolhos dos g\u00eaneros Linognathus vituli, Haematopinus eurysternus, Damalina bovis, Solenopotes capillatus &#8211; adultos.<\/p>\n<p><\/p>\n<p>Su\u00ednos:<\/p>\n<p>Sarna do g\u00eanero Sarcoptes scabiei var. suis &#8211; adultos.<\/p>\n<p>Moscas dos g\u00eaneros Stomoxys calcitrans, Musca domestica, Haematobia irritans &#8211; adultos.&nbsp;<\/p>\n<p>Dermatobia hominis &#8211; adultos e larva.<\/p>\n<p><\/p>\n<p>Avi\u00e1rios:&nbsp;<\/p>\n<p>Cascudinho Alphitobius diaperinus &#8211; adultos.&nbsp;<\/p>\n<p>Piolhos dos g\u00eaneros Columbicola spp, Cuclotogaster spp, Goniocotes spp, Goniodes spp, Holomenopon spp, Lipeurus spp, Menacanthus spp, Menopon spp &#8211; adultos.<\/p>\n<p><\/p>\n<p>Dosagem:<\/p>\n<p>BOVINOS<\/p>\n<p>O produto deve ser dilu\u00eddo em \u00e1gua limpa obedecendo \u00e0s dosagens indicadas na tabela abaixo:<\/p>\n<p>Para pulveriza\u00e7\u00e3o:<span>\t<\/span><\/p>\n<p>1 litro de Colosso \/ 800 litros de \u00e1gua<\/p>\n<p>500 ml de Colosso \/ 400 litros de \u00e1gua<\/p>\n<p>250 ml de Colosso \/ 200 litros de \u00e1gua<\/p>\n<p>100 ml de Colosso \/ 80 litros de \u00e1gua<\/p>\n<p>25 ml de colosso \/ 20 litros de \u00e1gua<\/p>\n<p><\/p>\n<p>Para banho de imers\u00e3o:<\/p>\n<p>Carga: 1 litro de colosso \/ 1.000 litros de agua<\/p>\n<p>Recarga: 1,5 litros de colosso \/ 1.000 litros de \u00e1gua<\/p>\n<p>Pulveriza\u00e7\u00e3o:<\/p>\n<p>Realizar uma pr\u00e9-dilui\u00e7\u00e3o.<\/p>\n<p>Diluir na concentra\u00e7\u00e3o indicada, agitar at\u00e9 completa homogeneiza\u00e7\u00e3o da calda.<\/p>\n<p>Banhar toda a superf\u00edcie do animal, especialmente as regi\u00f5es mais infestadas, como barbelas, entre as pernas, orelhas, etc.<\/p>\n<p>Usar aproximadamente 5 litros por bovino adulto.<\/p>\n<p><\/p>\n<p>Banho de imers\u00e3o:<\/p>\n<p>Realizar uma pr\u00e9-dilui\u00e7\u00e3o do produto em \u00e1gua limpa. Adicionar esta primeira solu\u00e7\u00e3o obtida \u00e0 \u00e1gua do tanque ou banheiro de imers\u00e3o de modo a obter uma solu\u00e7\u00e3o final de acordo com as dilui\u00e7\u00f5es indicadas em bula. Homogeneizar bem.<\/p>\n<p><\/p>\n<p>Para su\u00ednos:<\/p>\n<p>Diluir o produto em \u00e1gua limpa, obedecendo \u00e0s dosagens indicadas na tabela abaixo:<\/p>\n<p>Para pulveriza\u00e7\u00e3o:<\/p>\n<p>1 litro de Colosso \/ 400 litros de \u00e1gua<\/p>\n<p>500 ml de Colosso \/ 200 litros de \u00e1gua<\/p>\n<p>250 ml de Colosso \/ 100 litros de \u00e1gua<\/p>\n<p>100 ml de Colosso \/ 40 litros de \u00e1gua<\/p>\n<p>25 ml de Colosso \/ 10 litros de \u00e1gua<\/p>\n<p><\/p>\n<p>Usar quantidade suficiente para molhar todo o corpo do animal, ou seja, de 400 a 500 ml por animal adulto.<\/p>\n<p><\/p>\n<p>Para uso em avi\u00e1rios:<\/p>\n<p>Diluir o produto em \u00e1gua limpa, obedecendo \u00e0 dosagem de 1 litro para cada 400 litros de \u00e1gua. Pulverizar toda a granja com uma bomba de alta press\u00e3o ap\u00f3s a retirada completa da cama, lavagem e desinfec\u00e7\u00e3o do galp\u00e3o.&nbsp;<\/p>\n<p>Utiliza-se em m\u00e9dia 1000 litros da solu\u00e7\u00e3o de Colosso Pulveriza\u00e7\u00e3o para um avi\u00e1rio de 1.200 m2 .<\/p>\n<p>Recomendamos o per\u00edodo de 48 horas par a re-ocupa\u00e7\u00e3o das aves no galp\u00e3o.<\/p>\n<p><\/p>\n<p><\/p>\n<p>Administra\u00e7\u00e3o:<\/p>\n<p>Colosso Pulveriza\u00e7\u00e3o pode ser usado para Banho de Imers\u00e3o ou Pulveriza\u00e7\u00e3o.<\/p>\n<p><\/p>\n<p>Precau\u00e7\u00f5es:<\/p>\n<p>N\u00e3o aplicar em animais extremamente debilitados ou doentes.<\/p>\n<p>N\u00e3o administrar em pele lesionada.&nbsp;<\/p>\n<p>N\u00e3o administrar em animais com hipersensibilidade conhecida aos compostos do produto.<\/p>\n<p>N\u00e3o aplicar em animais rec\u00e9m-nascidos.<\/p>\n<p>N\u00e3o aplicar o produto nas horas de calor muito intenso.<\/p>\n<p>N\u00e3o guardar ou aplicar junto de alimentos, bebidas, medicamentos, produtos de higiene ou dom\u00e9sticos.<\/p>\n<p>Lavar muito bem as m\u00e3os e a parte exposta do corpo, antes de comer e de beber, e ap\u00f3s o trabalho com o produto.<\/p>\n<p>N\u00e3o contaminar rios e outros cursos de \u00e1gua.<\/p>\n<p>Produto t\u00f3xico para peixes.<\/p>\n<p>N\u00e3o fumar quando estiver trabalhando com o produto.<\/p>\n<p>Evitar a pulveriza\u00e7\u00e3o em animais debilitados, exaustos ou estressados.&nbsp;<\/p>\n<p>Se o produto atingir os olhos, lave-os imediatamente com \u00e1gua abundante, durante 15 minutos.<\/p>\n<p>N\u00e3o misturar com \u00f3leos.<\/p>\n<p>Se ocorrer intoxica\u00e7\u00e3o acidental, proceder da seguinte maneira:<\/p>\n<p>Retirar as roupas contaminadas, e lavar as partes atingidas do corpo, com \u00e1gua e sab\u00e3o. Procure um m\u00e9dico.<\/p>\n<p>N\u00e3o ingerir subst\u00e2ncias gordurosas ou leite no caso de ingest\u00e3o acidental do produto.<\/p>\n<p>Intera\u00e7\u00f5es medicamentosas:<\/p>\n<p>Inibidores da oxidase de fun\u00e7\u00e3o mista p.ex. but\u00f3xido de piperonila e N-octil-bicicloeptano dicarboxilamida (MGK-264) suprimem a hidr\u00f3lise de piretrinas e piretr\u00f3ides, potencializando sua atividade.&nbsp;<\/p>\n<p>F\u00e1rmacos que ativam os receptores colin\u00e9rgicos e relaxantes musculares perif\u00e9ricos devem ser evitados quando se fizer uso de organofosforados.&nbsp;<\/p>\n<p>Os tranq\u00fcilizantes fenotiaz\u00ednicos aumentam a toxicidade dos organofosforados.&nbsp;<\/p>\n<p>A succinilcolina e outros agentes bloqueadores neuromusculares podem potencializar os efeitos nicot\u00ednicos dos organofosforados<\/p>\n<p>Os piretr\u00f3ides possuem potente atividade inseticida com baixa toxicidade em mam\u00edferos, geralmente s\u00e3o seguros, mas podem causar alergia, n\u00e1usea, v\u00f4mito e cefal\u00e9ia.<\/p>\n<p>Os organofosforados podem ocasionar efeitos adversos como saliva\u00e7\u00e3o, lacrimejamento, mic\u00e7\u00e3o, defeca\u00e7\u00e3o, dispn\u00e9ia, fascicula\u00e7\u00e3o, ataxia e convuls\u00f5es (em casos de m\u00e1 administra\u00e7\u00e3o de doses ou intoxica\u00e7\u00f5es acidentais).<\/p>\n<p><\/p>\n<p>Per\u00edodo de car\u00eancia:<\/p>\n<p>N\u00e3o destinar ao consumo humano a carne de animais tratados antes de transcorridos 10 dias ap\u00f3s a aplica\u00e7\u00e3o do produto.<\/p>\n<p>Descartar o leite destinado ao consumo humano durante 03 (tr\u00eas) dias ap\u00f3s a \u00faltima aplica\u00e7\u00e3o.<\/p>\n<p><\/p>\n<p>Informa\u00e7\u00f5es para uso m\u00e9dico:<\/p>\n<p>Cipermetrina: n\u00e3o possui ant\u00eddoto espec\u00edfico, fazer tratamento sintom\u00e1tico.<\/p>\n<p>Clorpirif\u00f3s: ant\u00eddoto &#8211; sulfato de atropina e reativadores da colinesterase (contrathion e PAM).<\/p>\n<p><\/p>\n<p>Conservar em local seco e fresco, na temperatura entre 5\u00b0C e 30\u00baC, ao abrigo da luz solar direta, fora do alcance de crian\u00e7as e animais dom\u00e9sticos.<\/p>\n<p><\/p>\n<p>Venda sob prescri\u00e7\u00e3o e aplica\u00e7\u00e3o sob orienta\u00e7\u00e3o do m\u00e9dico veterin\u00e1rio<\/p>\n<p><\/p>\n<p>Apresenta\u00e7\u00e3o:<\/p>\n<p>Frascos com 25, 100, 250,500 ml e 1 l.<\/p>\n<p><\/p>\n<p>Classe Terap\u00eautica:<\/p>\n<p>ECTOPARASITICIDAS (ANTI-PARASIT\u00c1RIOS)<\/p>\n<p>Princ\u00edpio(s) Ativo(s):<\/p>\n<p>CIPERMETRINA<\/p>\n<p>CLORPIRIF\u00d3S<\/p>\n<p>Registro no Minist\u00e9rio da Agricultura, Pecu\u00e1ria e Abastecimento:<\/p>\n<p>8.309\/02<\/p>\n<p>Respons\u00e1vel T\u00e9cnico:<\/p>\n<p>Sandra Barioni &#8211; CRMV: SP 14.817<\/p>\n","protected":false},"excerpt":{"rendered":"<p>Colosso Pulveriza\u00e7\u00e3o \u00e9 um produto eficaz no combate de carrapatos, bernes, moscas, sarnas e piolhos. F\u00f3rmula: Cada 100 ml cont\u00e9m: Cipermetrina&#8230;&#8230;&#8230;&#8230;&#8230;&#8230;&#8230;&#8230;&#8230;&#8230;&#8230;&#8230;&#8230;&#8230;&#8230;&#8230;&#8230;&#8230;&#8230; 15,0<\/p>\n","protected":false},"featured_media":16207,"template":"","meta":{"_acf_changed":false},"product_brand":[955],"product_cat":[167],"product_tag":[1030],"class_list":{"0":"post-16206","1":"product","2":"type-product","3":"status-publish","4":"has-post-thumbnail","6":"product_brand-ouro-fino","7":"product_cat-vermifugos-e-carrapaticidas","8":"product_tag-ouro-fino","10":"first","11":"instock","12":"purchasable","13":"product-type-simple"},"acf":[],"_links":{"self":[{"href":"https:\/\/vetsul.com\/index.php\/wp-json\/wp\/v2\/product\/16206","targetHints":{"allow":["GET"]}}],"collection":[{"href":"https:\/\/vetsul.com\/index.php\/wp-json\/wp\/v2\/product"}],"about":[{"href":"https:\/\/vetsul.com\/index.php\/wp-json\/wp\/v2\/types\/product"}],"wp:featuredmedia":[{"embeddable":true,"href":"https:\/\/vetsul.com\/index.php\/wp-json\/wp\/v2\/media\/16207"}],"wp:attachment":[{"href":"https:\/\/vetsul.com\/index.php\/wp-json\/wp\/v2\/media?parent=16206"}],"wp:term":[{"taxonomy":"product_brand","embeddable":true,"href":"https:\/\/vetsul.com\/index.php\/wp-json\/wp\/v2\/product_brand?post=16206"},{"taxonomy":"product_cat","embeddable":true,"href":"https:\/\/vetsul.com\/index.php\/wp-json\/wp\/v2\/product_cat?post=16206"},{"taxonomy":"product_tag","embeddable":true,"href":"https:\/\/vetsul.com\/index.php\/wp-json\/wp\/v2\/product_tag?post=16206"}],"curies":[{"name":"wp","href":"https:\/\/api.w.org\/{rel}","templated":true}]}}