{"id":16204,"date":"2018-01-02T11:29:17","date_gmt":"2018-01-02T13:29:17","guid":{"rendered":"http:\/\/35.194.95.18\/wp-admin\/?post_type=product&#038;p=16204"},"modified":"2025-02-07T16:00:05","modified_gmt":"2025-02-07T19:00:05","slug":"col-rio-biofarm","status":"publish","type":"product","link":"https:\/\/vetsul.com\/index.php\/product\/col-rio-biofarm\/","title":{"rendered":"COL\u00cdRIO BIOFARM"},"content":{"rendered":"<p>ANTIBACTERIANO + ANTI-INFLAMAT\u00d3RIO OCULAR<\/p>\n<p>USO VETERIN\u00c1RIO<\/p>\n<p>USO T\u00d3PICO<\/p>\n<p>F\u00d3RMULA:<\/p>\n<p>Cada 10mL cont\u00e9m:<\/p>\n<p>Sulfacetamida S\u00f3dica &#8230;&#8230;&#8230;&#8230;&#8230;&#8230;&#8230;&#8230;&#8230;&#8230;&#8230;&#8230;&#8230;&#8230;&#8230;&#8230;&#8230;&#8230;&#8230;&#8230;&#8230;&#8230;&#8230;&#8230;&#8230;&#8230;&#8230;&#8230;&#8230;&#8230;&#8230;&#8230;&#8230;&#8230;&#8230;&#8230;&#8230;&#8230;&#8230;. 0,060g<\/p>\n<p>\u00c1cido B\u00f3rico &#8230;&#8230;&#8230;&#8230;&#8230;&#8230;&#8230;&#8230;&#8230;&#8230;&#8230;&#8230;&#8230;&#8230;&#8230;&#8230;&#8230;&#8230;&#8230;&#8230;&#8230;&#8230;&#8230;&#8230;&#8230;&#8230;&#8230;&#8230;&#8230;&#8230;&#8230;&#8230;&#8230;&#8230;&#8230;&#8230;&#8230;&#8230;&#8230;&#8230;&#8230;&#8230;&#8230;&#8230;&#8230;. 0,020g<\/p>\n<p>Cloridrato de Nafazolina &#8230;&#8230;&#8230;&#8230;&#8230;&#8230;&#8230;&#8230;&#8230;&#8230;&#8230;&#8230;&#8230;&#8230;&#8230;&#8230;&#8230;&#8230;&#8230;&#8230;&#8230;&#8230;&#8230;&#8230;&#8230;&#8230;&#8230;&#8230;&#8230;&#8230;&#8230;&#8230;&#8230;&#8230;&#8230;&#8230;&#8230;. 0,010g<\/p>\n<p>Solu\u00e7\u00e3o Fisiol\u00f3gica q.s.p. &#8230;&#8230;&#8230;&#8230;&#8230;&#8230;&#8230;&#8230;&#8230;&#8230;&#8230;&#8230;&#8230;&#8230;&#8230;&#8230;&#8230;&#8230;&#8230;&#8230;&#8230;&#8230;&#8230;&#8230;&#8230;&#8230;&#8230;&#8230;&#8230;&#8230;&#8230;&#8230;&#8230;&#8230;&#8230;&#8230;.. 10,0mL<\/p>\n<p>\u201cO PRODUTO N\u00c3O REQUER PER\u00cdODO DE CAR\u00caNCIA PARA O ABATE DE BOVINOS,<\/p>\n<p>OVINOS, CAPRINOS, EQUINOS SU\u00cdNOS E AVES TRATADOS. \u201d<\/p>\n<p>\u201cO PRODUTO N\u00c3O REQUER PER\u00cdODO DE CAR\u00caNCIA PARA O CONSUMO DE LEITE DOS<\/p>\n<p>BOVINOS, OVINOS E CAPRINOS TRATADOS. \u201d<\/p>\n<p>\u201cO PRODUTO N\u00c3O REQUER PER\u00cdODO DE CAR\u00caNCIA PARA O CONSUMO DE OVOS DAS<\/p>\n<p>AVES TRATADAS. \u201d<\/p>\n<p>O COL\u00cdRIO BIOFARM cont\u00e9m em sua formula\u00e7\u00e3o a Sulfacetamida S\u00f3dica,<\/p>\n<p>quimioter\u00e1pico de a\u00e7\u00e3o bacteriost\u00e1tica sobre os microorganismos. Sua a\u00e7\u00e3o ocorre por<\/p>\n<p>mecanismos de competitividade entre o \u00c1cido p-aminobenz\u00f3ico (PABA) e o<\/p>\n<p>Sulfonam\u00eddico, provocando bloqueio no crescimento bacteriano.<\/p>\n<p>O Cloridrato de Nafazolina, f\u00e1rmaco de a\u00e7\u00e3o simpato-mim\u00e9tica, \u00e9 vasoconstritor,<\/p>\n<p>diminuindo a hiperemia das mucosas, bem como o processo inflamat\u00f3rio decorrente da<\/p>\n<p>infec\u00e7\u00e3o bacteriana.<\/p>\n<p>INDICA\u00c7\u00d5ES:<\/p>\n<p>O COL\u00cdRIO BIOFARM \u00e9 indicado nas infec\u00e7\u00f5es oculares de origem bacteriana do<\/p>\n<p>g\u00eanero Staphylococcus.<\/p>\n<p>MODO DE USAR E POSOLOGIA:<\/p>\n<p>Instilar 3 gotas nos olhos afetados a cada 8 horas, durante 5 dias, ou a crit\u00e9rio do<\/p>\n<p>M\u00e9dico Veterin\u00e1rio.<\/p>\n<p>PRECAU\u00c7\u00d5ES:<\/p>\n<p>Recomenda-se dar continuidade ao tratamento por per\u00edodo de tempo n\u00e3o<\/p>\n<p>inferior a 48 horas ap\u00f3s o desaparecimento do quadro cl\u00ednico. \u00c9 aconselh\u00e1vel realizar<\/p>\n<p>antibiograma das secre\u00e7\u00f5es antes de instituir o tratamento com COL\u00cdRIO BIOFARM.<\/p>\n<p>APRESENTA\u00c7\u00c3O:<\/p>\n<p>Frasco conta-gotas de 20mL.<\/p>\n<p>Conservar em local seco e fresco, ao abrigo da luz solar, fora do alcance de crian\u00e7as e<\/p>\n<p>animais dom\u00e9sticos.<\/p>\n<p>Licenciado no Minist\u00e9rio da Agricultura sob n\u00ba 0.213\/72 em 02\/10\/1972.<\/p>\n<p>T\u00e9c. Resp. Vet.: Dr. Naur Bellusci Filho &#8211; CRMV &#8211; SP n\u00ba 6516<\/p>\n","protected":false},"excerpt":{"rendered":"<p>ANTIBACTERIANO + ANTI-INFLAMAT\u00d3RIO OCULAR USO VETERIN\u00c1RIO USO T\u00d3PICO F\u00d3RMULA: Cada 10mL cont\u00e9m: Sulfacetamida S\u00f3dica &#8230;&#8230;&#8230;&#8230;&#8230;&#8230;&#8230;&#8230;&#8230;&#8230;&#8230;&#8230;&#8230;&#8230;&#8230;&#8230;&#8230;&#8230;&#8230;&#8230;&#8230;&#8230;&#8230;&#8230;&#8230;&#8230;&#8230;&#8230;&#8230;&#8230;&#8230;&#8230;&#8230;&#8230;&#8230;&#8230;&#8230;&#8230;&#8230;. 0,060g \u00c1cido B\u00f3rico &#8230;&#8230;&#8230;&#8230;&#8230;&#8230;&#8230;&#8230;&#8230;&#8230;&#8230;&#8230;&#8230;&#8230;&#8230;&#8230;&#8230;&#8230;&#8230;&#8230;&#8230;&#8230;&#8230;&#8230;&#8230;&#8230;&#8230;&#8230;&#8230;&#8230;&#8230;&#8230;&#8230;&#8230;&#8230;&#8230;&#8230;&#8230;&#8230;&#8230;&#8230;&#8230;&#8230;&#8230;&#8230;. 0,020g Cloridrato de<\/p>\n","protected":false},"featured_media":16205,"template":"","meta":{"_acf_changed":false},"product_brand":[958],"product_cat":[170,175,180],"product_tag":[993],"class_list":{"0":"post-16204","1":"product","2":"type-product","3":"status-publish","4":"has-post-thumbnail","6":"product_brand-biofarm","7":"product_cat-anti-microbianos","8":"product_cat-antimicrobianos-2","9":"product_cat-anti-microbiano","10":"product_tag-biofarm","12":"first","13":"outofstock","14":"shipping-taxable","15":"purchasable","16":"product-type-simple"},"acf":[],"_links":{"self":[{"href":"https:\/\/vetsul.com\/index.php\/wp-json\/wp\/v2\/product\/16204","targetHints":{"allow":["GET"]}}],"collection":[{"href":"https:\/\/vetsul.com\/index.php\/wp-json\/wp\/v2\/product"}],"about":[{"href":"https:\/\/vetsul.com\/index.php\/wp-json\/wp\/v2\/types\/product"}],"wp:featuredmedia":[{"embeddable":true,"href":"https:\/\/vetsul.com\/index.php\/wp-json\/wp\/v2\/media\/16205"}],"wp:attachment":[{"href":"https:\/\/vetsul.com\/index.php\/wp-json\/wp\/v2\/media?parent=16204"}],"wp:term":[{"taxonomy":"product_brand","embeddable":true,"href":"https:\/\/vetsul.com\/index.php\/wp-json\/wp\/v2\/product_brand?post=16204"},{"taxonomy":"product_cat","embeddable":true,"href":"https:\/\/vetsul.com\/index.php\/wp-json\/wp\/v2\/product_cat?post=16204"},{"taxonomy":"product_tag","embeddable":true,"href":"https:\/\/vetsul.com\/index.php\/wp-json\/wp\/v2\/product_tag?post=16204"}],"curies":[{"name":"wp","href":"https:\/\/api.w.org\/{rel}","templated":true}]}}