{"id":16196,"date":"2018-01-02T11:04:01","date_gmt":"2018-01-02T13:04:01","guid":{"rendered":"http:\/\/35.194.95.18\/wp-admin\/?post_type=product&#038;p=16196"},"modified":"2025-02-24T16:46:39","modified_gmt":"2025-02-24T19:46:39","slug":"ciprolac-anti-mastite-seringa-10gr","status":"publish","type":"product","link":"https:\/\/vetsul.com\/index.php\/product\/ciprolac-anti-mastite-seringa-10gr\/","title":{"rendered":"CIPROLAC &#8211; ANTI MASTITE (SERINGA 10GR)"},"content":{"rendered":"<p>Antimicrobiano Intramam\u00e1rio para bovinos.<\/p>\n<p>F\u00f3rmula:<\/p>\n<p><\/p>\n<p>Cada seringa de 10 g cont\u00e9m:<\/p>\n<p>Ciprofloxacina&#8230;&#8230;&#8230;&#8230;&#8230;&#8230;&#8230;&#8230;100,00 mg<\/p>\n<p>Ve\u00edculo q.s.p. &#8230;&#8230;&#8230;&#8230;&#8230;&#8230;&#8230;&#8230;&#8230;10,00 g<\/p>\n<p><\/p>\n<p>Indica\u00e7\u00f5es principais:<\/p>\n<p>Ciprolac\u00ae \u00e9 indicado para o tratamento das mastites agudas ou cr\u00f4nicas dos bovinos em lacta\u00e7\u00e3o causadas pelos microrganismos Corynebacterium bovis, Escherichia coli, Klebsiella pneumoniae, Staphylococcus aureus, Streptococcus agalactiae, Streptococcus dysgalactiae,<\/p>\n<p>Streptococcus uberis, Enterobacter aerogenes e Arcanobacterium (Actinomyces) pyogenes.<\/p>\n<p>Modo de uso e dosagem:<\/p>\n<p>Ap\u00f3s o procedimento de ordenha e assepsia do \u00fabere o produto dever\u00e1 ser administrado por via intramam\u00e1ria, instilando no canal do teto todo o conte\u00fado de uma seringa, 10 g, em cada quarto afetado em intervalo de 24 horas, durante tr\u00eas dias consecutivos.<\/p>\n<p>Ap\u00f3s a administra\u00e7\u00e3o recomenda-se massagear o teto no sentido de baixo para cima para melhor aproveitamento do medicamento.<\/p>\n<p><\/p>\n<p>Precau\u00e7\u00f5es:<\/p>\n<p>Obedecer \u00e0s dosagens recomendadas para uso do produto.<\/p>\n<p>Somente o m\u00e9dico veterin\u00e1rio est\u00e1 apto a fazer altera\u00e7\u00f5es nas dosagens do produto.<\/p>\n<p>N\u00e3o utilizar produto com prazo de validade vencido.<\/p>\n<p>Contraindica\u00e7\u00f5es e limita\u00e7\u00e3o de uso:&nbsp;<\/p>\n<p>O produto n\u00e3o deve ser utilizado em vacas que apresentam hipersensibilidade aos componentes da formula\u00e7\u00e3o.<\/p>\n<p>Apresenta\u00e7\u00e3o:<\/p>\n<p>Seringa pl\u00e1stica descart\u00e1vel contendo 10 g, acondicionada em caixa com 3, 6, 12 ou 24 unidades.<\/p>\n<p>Per\u00edodo de car\u00eancia:<\/p>\n<p>BOVINOS<\/p>\n<p>ABATE: O ABATE DOS ANIMAIS TRATADOS COM ESTE PRODUTO<\/p>\n<p>SOMENTE DEVE SER REALIZADO 06 DIAS AP\u00d3S A \u00daLTIMA APLICA\u00c7\u00c3O.<\/p>\n<p>LEITE: O LEITE DOS ANIMAIS TRATADOS COM ESTE PRODUTO N\u00c3O DEVE SER DESTINADO AO CONSUMO HUMANO AT\u00c9 02 DIAS AP\u00d3S A \u00daLTIMA APLICA\u00c7\u00c3O DESTE PRODUTO.<\/p>\n","protected":false},"excerpt":{"rendered":"<p>Antimicrobiano Intramam\u00e1rio para bovinos. F\u00f3rmula: Cada seringa de 10 g cont\u00e9m: Ciprofloxacina&#8230;&#8230;&#8230;&#8230;&#8230;&#8230;&#8230;&#8230;100,00 mg Ve\u00edculo q.s.p. &#8230;&#8230;&#8230;&#8230;&#8230;&#8230;&#8230;&#8230;&#8230;10,00 g Indica\u00e7\u00f5es principais: Ciprolac\u00ae \u00e9 indicado<\/p>\n","protected":false},"featured_media":16197,"template":"","meta":{"_acf_changed":false},"product_brand":[955],"product_cat":[169],"product_tag":[1030],"class_list":{"0":"post-16196","1":"product","2":"type-product","3":"status-publish","4":"has-post-thumbnail","6":"product_brand-ouro-fino","7":"product_cat-anti-mastiticos","8":"product_tag-ouro-fino","10":"first","11":"instock","12":"shipping-taxable","13":"purchasable","14":"product-type-simple"},"acf":[],"_links":{"self":[{"href":"https:\/\/vetsul.com\/index.php\/wp-json\/wp\/v2\/product\/16196","targetHints":{"allow":["GET"]}}],"collection":[{"href":"https:\/\/vetsul.com\/index.php\/wp-json\/wp\/v2\/product"}],"about":[{"href":"https:\/\/vetsul.com\/index.php\/wp-json\/wp\/v2\/types\/product"}],"wp:featuredmedia":[{"embeddable":true,"href":"https:\/\/vetsul.com\/index.php\/wp-json\/wp\/v2\/media\/16197"}],"wp:attachment":[{"href":"https:\/\/vetsul.com\/index.php\/wp-json\/wp\/v2\/media?parent=16196"}],"wp:term":[{"taxonomy":"product_brand","embeddable":true,"href":"https:\/\/vetsul.com\/index.php\/wp-json\/wp\/v2\/product_brand?post=16196"},{"taxonomy":"product_cat","embeddable":true,"href":"https:\/\/vetsul.com\/index.php\/wp-json\/wp\/v2\/product_cat?post=16196"},{"taxonomy":"product_tag","embeddable":true,"href":"https:\/\/vetsul.com\/index.php\/wp-json\/wp\/v2\/product_tag?post=16196"}],"curies":[{"name":"wp","href":"https:\/\/api.w.org\/{rel}","templated":true}]}}