{"id":16190,"date":"2018-01-02T10:48:28","date_gmt":"2018-01-02T12:48:28","guid":{"rendered":"http:\/\/35.194.95.18\/wp-admin\/?post_type=product&#038;p=16190"},"modified":"2025-08-09T10:36:45","modified_gmt":"2025-08-09T13:36:45","slug":"cidental-l-quido-250ml","status":"publish","type":"product","link":"https:\/\/vetsul.com\/index.php\/product\/cidental-l-quido-250ml\/","title":{"rendered":"CIDENTAL L\u00cdQUIDO &#8211; 250ml"},"content":{"rendered":"<p><span style=\"font-family: tahoma;font-size: 12px\">Larvicida e repelente indicado para tratamento dos ferimentos dos animais dom\u00e9sticos, tamb\u00e9m usado no tratamento do umbigo de bezerros rec\u00e9m-nascidos.<\/span><\/p>\n<p><span style=\"font-family: tahoma;font-size: 12px\">F\u00f3rmula:<\/span><br style=\"font-family: tahoma;font-size: 12px\"><span style=\"font-family: tahoma;font-size: 12px\">Cada 100 mL cont\u00e9m:<\/span><br style=\"font-family: tahoma;font-size: 12px\"><span style=\"font-family: tahoma;font-size: 12px\">Fenitrothion &#8230;&#8230;&#8230;&#8230;&#8230;&#8230;&#8230;&#8230;&#8230;&#8230;&#8230;&#8230;&#8230;&#8230;&#8230;&#8230;&#8230;&#8230;&#8230;..\t6,80 g<\/span><br style=\"font-family: tahoma;font-size: 12px\"><span style=\"font-family: tahoma;font-size: 12px\">Ve\u00edculo q.s.p. &#8230;&#8230;&#8230;&#8230;&#8230;&#8230;&#8230;&#8230;&#8230;&#8230;&#8230;&#8230;&#8230;&#8230;&#8230;&#8230;&#8230;&#8230;&#8230;\t100,00 mL<\/span><br style=\"font-family: tahoma;font-size: 12px\"><br style=\"font-family: tahoma;font-size: 12px\"><span style=\"font-family: tahoma;font-size: 12px\">Indica\u00e7\u00f5es:<\/span><br style=\"font-family: tahoma;font-size: 12px\"><span style=\"font-family: tahoma;font-size: 12px\">CIDENTAL &#8211; L\u00cdQUIDO \u00e9 indicado para todos animais dom\u00e9sticos, no tratamento de todos os ferimentos, inclusive do umbigo dos bezerros rec\u00e9m-nascidos, como larvicida e repelente de moscas em geral (Musca dom\u00e9stica e Cochliomyia spp.), na cura e na preven\u00e7\u00e3o das mi\u00edases (bicheiras) causadas por Cochliomyia spp. Tamb\u00e9m \u00e9 indicado para tratamento local de bernes ( larvas de Dermatobia hominis ).<\/span><br style=\"font-family: tahoma;font-size: 12px\"><span style=\"font-family: tahoma;font-size: 12px\">CIDENTAL &#8211; L\u00cdQUIDO \u00e9 muito eficaz no tratamento profil\u00e1tico de feridas cir\u00fargicas, principalmente de castra\u00e7\u00e3o e descorna. \u00c9 indicado para o tratamento das frieiras, assim como repelente de moscas nas orelhas dos animais.<\/span><br style=\"font-family: tahoma;font-size: 12px\"><span style=\"font-family: tahoma;font-size: 12px\">\u00c9 indicado ainda na habronemose equina (esponja, mal do boleto, ferida de ver\u00e3o) ap\u00f3s o corte e cauteriza\u00e7\u00e3o da massa esponjosa.<\/span><br style=\"font-family: tahoma;font-size: 12px\"><br style=\"font-family: tahoma;font-size: 12px\"><span style=\"font-family: tahoma;font-size: 12px\">Dosagem:<\/span><br style=\"font-family: tahoma;font-size: 12px\"><br style=\"font-family: tahoma;font-size: 12px\"><span style=\"font-family: tahoma;font-size: 12px\">Administra\u00e7\u00e3o:<\/span><br style=\"font-family: tahoma;font-size: 12px\"><span style=\"font-family: tahoma;font-size: 12px\">CIDENTAL &#8211; L\u00cdQUIDO \u00e9 indicado exclusivamente para uso t\u00f3pico. Limpar e lavar o ferimento, enxugando-o com um pano limpo. Aplicar o produto abundantemente no local do ferimento ou na &#8220;bicheira&#8221; e ao seu redor. Normalmente uma aplica\u00e7\u00e3o \u00e9 suficiente. Caso necess\u00e1rio, repetir com intervalos de 24 horas.<\/span><br style=\"font-family: tahoma;font-size: 12px\"><span style=\"font-family: tahoma;font-size: 12px\">Tratando-se de bicheiras cuja abertura esteja voltada para baixo, aplicar o produto e manter o animal deitado pelo menos por 3 minutos, para que o produto atinja as camadas inferiores.<\/span><br style=\"font-family: tahoma;font-size: 12px\"><span style=\"font-family: tahoma;font-size: 12px\">No caso de Habromenose cut\u00e2nea dos equinos (ferida de ver\u00e3o), \u00e9 recomend\u00e1vel aplicar CIDENTAL L\u00cdQUIDO pelo menos 3 a 5 dias seguidos.&nbsp;<\/span><br style=\"font-family: tahoma;font-size: 12px\"><span style=\"font-family: tahoma;font-size: 12px\">Quando usado no tratamento de infesta\u00e7\u00f5es muito severas por bernes, tratar por partes para n\u00e3o ultrapassar 20{bad89740ab836af8afd78adf22d5854117f226b234e4f8ee83a0ac8d28f68ffc} da superf\u00edcie corporal.<\/span><br style=\"font-family: tahoma;font-size: 12px\"><br style=\"font-family: tahoma;font-size: 12px\"><span style=\"font-family: tahoma;font-size: 12px\">Precau\u00e7\u00f5es:<\/span><br style=\"font-family: tahoma;font-size: 12px\"><span style=\"font-family: tahoma;font-size: 12px\">&#8211; Como todo inseticida, deve ser manipulado com cuidado.<\/span><br style=\"font-family: tahoma;font-size: 12px\"><span style=\"font-family: tahoma;font-size: 12px\">&#8211; Usar luvas protetoras para aplica\u00e7\u00e3o do produto.<\/span><br style=\"font-family: tahoma;font-size: 12px\"><span style=\"font-family: tahoma;font-size: 12px\">&#8211; Manter o produto fora do alcance de crian\u00e7as e animais dom\u00e9sticos, n\u00e3o guard\u00e1-lo junto com alimentos, medicamentos, bebidas e produtos de higiene.<\/span><br style=\"font-family: tahoma;font-size: 12px\"><span style=\"font-family: tahoma;font-size: 12px\">&#8211; A sua aplica\u00e7\u00e3o n\u00e3o pode exceder 20{bad89740ab836af8afd78adf22d5854117f226b234e4f8ee83a0ac8d28f68ffc} da superf\u00edcie corp\u00f3rea do animal tratado.<\/span><br style=\"font-family: tahoma;font-size: 12px\"><span style=\"font-family: tahoma;font-size: 12px\">&#8211; Em caso de acidentes com o homem procurar imediatamente atendimento m\u00e9dico.<\/span><br style=\"font-family: tahoma;font-size: 12px\"><span style=\"font-family: tahoma;font-size: 12px\">&#8211; O ant\u00eddoto em caso de intoxica\u00e7\u00e3o \u00e9 o Sulfato de Atropina.<\/span><br style=\"font-family: tahoma;font-size: 12px\"><br style=\"font-family: tahoma;font-size: 12px\"><span style=\"font-family: tahoma;font-size: 12px\">Apresenta\u00e7\u00e3o:<\/span><br style=\"font-family: tahoma;font-size: 12px\"><span style=\"font-family: tahoma;font-size: 12px\">Frasco pl\u00e1stico de 250 mL.<\/span><br style=\"font-family: tahoma;font-size: 12px\"><br style=\"font-family: tahoma;font-size: 12px\"><span style=\"font-family: tahoma;font-size: 12px\">Classe Terap\u00eautica:<\/span><br style=\"font-family: tahoma;font-size: 12px\"><span style=\"font-family: tahoma;font-size: 12px\">ECTOPARASITICIDAS (ANTI-PARASIT\u00c1RIOS)<\/span><br style=\"font-family: tahoma;font-size: 12px\"><br style=\"font-family: tahoma;font-size: 12px\"><span style=\"font-family: tahoma;font-size: 12px\">Princ\u00edpio(s) Ativo(s):<\/span><br style=\"font-family: tahoma;font-size: 12px\"><span style=\"font-family: tahoma;font-size: 12px\">OUTROS<\/span><br style=\"font-family: tahoma;font-size: 12px\"><br style=\"font-family: tahoma;font-size: 12px\"><span style=\"font-family: tahoma;font-size: 12px\">Registro no Minist\u00e9rio da Agricultura, Pecu\u00e1ria e Abastecimento:<\/span><br style=\"font-family: tahoma;font-size: 12px\"><span style=\"font-family: tahoma;font-size: 12px\">1.467\/81<\/span><br style=\"font-family: tahoma;font-size: 12px\"><br style=\"font-family: tahoma;font-size: 12px\"><span style=\"font-family: tahoma;font-size: 12px\">Respons\u00e1vel T\u00e9cnico:<\/span><br style=\"font-family: tahoma;font-size: 12px\"><span style=\"font-family: tahoma;font-size: 12px\">Nelson Gon\u00e7alves de Oliveira &#8211; CRMV: SP 9010 S<\/span><br style=\"font-family: tahoma;font-size: 12px\"><br style=\"font-family: tahoma;font-size: 12px\"><span style=\"font-family: tahoma;font-size: 12px\">Servi\u00e7o de Atendimento ao Consumidor:<\/span><br style=\"font-family: tahoma;font-size: 12px\"><span style=\"font-family: tahoma;font-size: 12px\">0800 555 408<\/span><span style=\"font-family: tahoma;font-size: 12px\"><br \/><\/span><\/p>\n","protected":false},"excerpt":{"rendered":"<p>Larvicida e repelente indicado para tratamento dos ferimentos dos animais dom\u00e9sticos, tamb\u00e9m usado no tratamento do umbigo de bezerros rec\u00e9m-nascidos. F\u00f3rmula:Cada 100<\/p>\n","protected":false},"featured_media":16191,"template":"","meta":{"_acf_changed":false},"product_brand":[],"product_cat":[164,185,188,163,194],"product_tag":[1072],"class_list":{"0":"post-16190","1":"product","2":"type-product","3":"status-publish","4":"has-post-thumbnail","6":"product_cat-bovinos-e-ovinos","7":"product_cat-cicatrizantes-e-mata-bicheiras","8":"product_cat-cicatrizantes-e-mata-bicheiras-3","9":"product_cat-equinos","10":"product_cat-todos-os-produtos","11":"product_tag-bimeda","13":"first","14":"instock","15":"shipping-taxable","16":"purchasable","17":"product-type-simple"},"acf":[],"_links":{"self":[{"href":"https:\/\/vetsul.com\/index.php\/wp-json\/wp\/v2\/product\/16190","targetHints":{"allow":["GET"]}}],"collection":[{"href":"https:\/\/vetsul.com\/index.php\/wp-json\/wp\/v2\/product"}],"about":[{"href":"https:\/\/vetsul.com\/index.php\/wp-json\/wp\/v2\/types\/product"}],"wp:featuredmedia":[{"embeddable":true,"href":"https:\/\/vetsul.com\/index.php\/wp-json\/wp\/v2\/media\/16191"}],"wp:attachment":[{"href":"https:\/\/vetsul.com\/index.php\/wp-json\/wp\/v2\/media?parent=16190"}],"wp:term":[{"taxonomy":"product_brand","embeddable":true,"href":"https:\/\/vetsul.com\/index.php\/wp-json\/wp\/v2\/product_brand?post=16190"},{"taxonomy":"product_cat","embeddable":true,"href":"https:\/\/vetsul.com\/index.php\/wp-json\/wp\/v2\/product_cat?post=16190"},{"taxonomy":"product_tag","embeddable":true,"href":"https:\/\/vetsul.com\/index.php\/wp-json\/wp\/v2\/product_tag?post=16190"}],"curies":[{"name":"wp","href":"https:\/\/api.w.org\/{rel}","templated":true}]}}