{"id":16184,"date":"2018-01-02T10:30:07","date_gmt":"2018-01-02T12:30:07","guid":{"rendered":"http:\/\/35.194.95.18\/wp-admin\/?post_type=product&#038;p=16184"},"modified":"2025-08-09T10:36:45","modified_gmt":"2025-08-09T13:36:45","slug":"chemitril-injet-vel-2-5-20ml","status":"publish","type":"product","link":"https:\/\/vetsul.com\/index.php\/product\/chemitril-injet-vel-2-5-20ml\/","title":{"rendered":"CHEMITRIL INJET\u00c1VEL 2,5% &#8211; 20ml"},"content":{"rendered":"<p><span style=\"font-family: tahoma;font-size: 12px\">Chemitril Injet\u00e1vel 2,5{bad89740ab836af8afd78adf22d5854117f226b234e4f8ee83a0ac8d28f68ffc} \u00e9 indicado para bezerros, su\u00ednos, ovinos, caprinos, c\u00e3es e gatos no tratamento de infec\u00e7\u00f5es causadas por bact\u00e9rias Gram-positivas e Gram-negativas, Espiroquetas e Micoplasmas sens\u00edveis ao Enrofloxacino.<\/span><\/p>\n<p><span style=\"font-family: tahoma;font-size: 12px\">F\u00f3rmula:<\/span><br style=\"font-family: tahoma;font-size: 12px\"><span style=\"font-family: tahoma;font-size: 12px\">Cada 100 mL cont\u00e9m:<\/span><br style=\"font-family: tahoma;font-size: 12px\"><span style=\"font-family: tahoma;font-size: 12px\">Enrofloxacino &#8230;&#8230;&#8230;&#8230;&#8230;&#8230;&#8230;&#8230;&#8230;&#8230;&#8230;&#8230;&#8230;&#8230;&#8230;&#8230;&#8230;&#8230;&#8230;..2,5 g<\/span><br style=\"font-family: tahoma;font-size: 12px\"><span style=\"font-family: tahoma;font-size: 12px\">Ve\u00edculo, q.s.p&#8230;&#8230;&#8230;&#8230;&#8230;&#8230;&#8230;&#8230;&#8230;&#8230;&#8230;&#8230;&#8230;&#8230;&#8230;&#8230;&#8230;&#8230;&#8230;.100 mL<\/span><br style=\"font-family: tahoma;font-size: 12px\"><br style=\"font-family: tahoma;font-size: 12px\"><span style=\"font-family: tahoma;font-size: 12px\">Indica\u00e7\u00f5es:<\/span><br style=\"font-family: tahoma;font-size: 12px\"><span style=\"font-family: tahoma;font-size: 12px\">Chemitril Injet\u00e1vel 2,5{bad89740ab836af8afd78adf22d5854117f226b234e4f8ee83a0ac8d28f68ffc} \u00e9 indicado para bezerros, su\u00ednos, ovinos, caprinos, c\u00e3es e gatos no tratamento de infec\u00e7\u00f5es causadas por bact\u00e9rias Gram-positivas e Gram-negativas, Espiroquetas e Micoplasmas sens\u00edveis ao Enrofloxacino, tais como:<\/span><br style=\"font-family: tahoma;font-size: 12px\"><span style=\"font-family: tahoma;font-size: 12px\">&#8211; Infec\u00e7\u00f5es respirat\u00f3rias: pneumonias e broncopneumonias causadas por: Bordetella bronchiseptica, Escherichia coli, Klebsiella spp, Mycoplasma spp, Pasteurella spp, Pseudomonas spp, Staphylococcus aureus, Streptococcus spp.<\/span><br style=\"font-family: tahoma;font-size: 12px\"><span style=\"font-family: tahoma;font-size: 12px\">&#8211; Infec\u00e7\u00f5es gastrintestinais: diarr\u00e9ias, gastrites e enterites causadas por Campylobacter spp, Escherichia coli, Salmonella spp, Treponema spp.<\/span><br style=\"font-family: tahoma;font-size: 12px\"><span style=\"font-family: tahoma;font-size: 12px\">&#8211; Infec\u00e7\u00f5es d\u00e9rmicas: piodermites causadas por Escherichia coli, Proteus mirabilis, Pseudomonas spp, Staphylococcus aureus, Staphylococcus epidermitis.<\/span><br style=\"font-family: tahoma;font-size: 12px\"><span style=\"font-family: tahoma;font-size: 12px\">&#8211; Infec\u00e7\u00f5es urogenitais: cistite, nefrite, pielonefrite, piometra causadas por Brucella spp, Enterobacter spp, Escherichia coli, Klebsiella spp, Mycoplasma spp, Proteus spp, Pseudomonas spp, Staphylococcus spp, Streptococcus spp.<\/span><br style=\"font-family: tahoma;font-size: 12px\"><span style=\"font-family: tahoma;font-size: 12px\">&#8211; Infec\u00e7\u00f5es do ouvido: otites causadas por Proteus spp, Pseudomonas spp, Staphylococcus spp, Streptococcus spp.<\/span><br style=\"font-family: tahoma;font-size: 12px\"><span style=\"font-family: tahoma;font-size: 12px\">&#8211; Profilaxia das infec\u00e7\u00f5es p\u00f3s-operat\u00f3rias, principalmente nas castra\u00e7\u00f5es, laparotomias e les\u00f5es acidentais.<\/span><br style=\"font-family: tahoma;font-size: 12px\"><br style=\"font-family: tahoma;font-size: 12px\"><span style=\"font-family: tahoma;font-size: 12px\">Dosagem:<\/span><br style=\"font-family: tahoma;font-size: 12px\"><span style=\"font-family: tahoma;font-size: 12px\">Dosagem terap\u00eautica: 2,5 mg do ingrediente ativo por kg de peso vivo. Uma vez ao dia.<\/span><br style=\"font-family: tahoma;font-size: 12px\"><span style=\"font-family: tahoma;font-size: 12px\">Bovinos, su\u00ednos, ovinos e caprinos: aplicar 1,0 mL de Chemitril Injet\u00e1vel 2,5{bad89740ab836af8afd78adf22d5854117f226b234e4f8ee83a0ac8d28f68ffc} para cada 10 kg de peso vivo, diariamente, durante 3 a 5 dias.<\/span><br style=\"font-family: tahoma;font-size: 12px\"><span style=\"font-family: tahoma;font-size: 12px\">Nas infec\u00e7\u00f5es respirat\u00f3rias complicadas e anaplasmose aplicar 1,0 mL de Chemitril Injet\u00e1vel 2,5{bad89740ab836af8afd78adf22d5854117f226b234e4f8ee83a0ac8d28f68ffc} para cada 5 kg de peso vivo, durante 5 dias (5,0 mg\/kg de peso vivo).<\/span><br style=\"font-family: tahoma;font-size: 12px\"><span style=\"font-family: tahoma;font-size: 12px\">C\u00e3es e gatos: aplicar 1,0 mL de Chemitril Injet\u00e1vel 2,5{bad89740ab836af8afd78adf22d5854117f226b234e4f8ee83a0ac8d28f68ffc} para cada 5 kg de peso vivo, diariamente, durante 3 a 5 dias (5,0 mg\/kg de peso vivo).&nbsp;<\/span><br style=\"font-family: tahoma;font-size: 12px\"><br style=\"font-family: tahoma;font-size: 12px\"><span style=\"font-family: tahoma;font-size: 12px\">Administra\u00e7\u00e3o:<\/span><br style=\"font-family: tahoma;font-size: 12px\"><span style=\"font-family: tahoma;font-size: 12px\">Administrar por via intramuscular, subcut\u00e2nea ou endovenosa<\/span><br style=\"font-family: tahoma;font-size: 12px\"><br style=\"font-family: tahoma;font-size: 12px\"><span style=\"font-family: tahoma;font-size: 12px\">Precau\u00e7\u00f5es:<\/span><br style=\"font-family: tahoma;font-size: 12px\"><span style=\"font-family: tahoma;font-size: 12px\">CONTRA INDICA\u00c7\u00d5ES:<\/span><br style=\"font-family: tahoma;font-size: 12px\"><span style=\"font-family: tahoma;font-size: 12px\">&#8211; N\u00e3o usar em animais destinados \u00e0 produ\u00e7\u00e3o de leite para consumo humano.<\/span><br style=\"font-family: tahoma;font-size: 12px\"><span style=\"font-family: tahoma;font-size: 12px\">&#8211; N\u00e3o administrar em animais jovens, durante a fase de crescimento r\u00e1pido, ou seja, dos 2 aos 8 meses de idade, para as ra\u00e7as pequenas e m\u00e9dias e at\u00e9 os 18 meses para as ra\u00e7as grandes.<\/span><br style=\"font-family: tahoma;font-size: 12px\"><span style=\"font-family: tahoma;font-size: 12px\">&#8211; N\u00e3o administrar em gatos com menos de 2 meses de idade.<\/span><br style=\"font-family: tahoma;font-size: 12px\"><br style=\"font-family: tahoma;font-size: 12px\"><span style=\"font-family: tahoma;font-size: 12px\">INTERA\u00c7\u00d5ES MEDICAMENTOSAS:<\/span><br style=\"font-family: tahoma;font-size: 12px\"><span style=\"font-family: tahoma;font-size: 12px\">&#8211; N\u00e3o administrar o produto em conjunto com complexos vitam\u00ednicos ou solu\u00e7\u00f5es contendo ferro, zinco, mangan\u00eas e c\u00e1lcio, pois reduzem a absor\u00e7\u00e3o do enrofloxacino.<\/span><br style=\"font-family: tahoma;font-size: 12px\"><br style=\"font-family: tahoma;font-size: 12px\"><span style=\"font-family: tahoma;font-size: 12px\">Administra\u00e7\u00e3o: Antibi\u00f3tico de amplo espectro Injet\u00e1vel.<\/span><br style=\"font-family: tahoma;font-size: 12px\"><br style=\"font-family: tahoma;font-size: 12px\"><span style=\"font-family: tahoma;font-size: 12px\">PRECAU\u00c7\u00d5ES:<\/span><br style=\"font-family: tahoma;font-size: 12px\"><span style=\"font-family: tahoma;font-size: 12px\">&#8211; Quando o volume a ser aplicado for superior a 10 mL, aconselha-se dividir este volume em dois ou mais pontos de aplica\u00e7\u00e3o.<\/span><br style=\"font-family: tahoma;font-size: 12px\"><span style=\"font-family: tahoma;font-size: 12px\">&#8211; Observar os cuidados normais de assepsia para inje\u00e7\u00f5es nos animais.<\/span><br style=\"font-family: tahoma;font-size: 12px\"><br style=\"font-family: tahoma;font-size: 12px\"><span style=\"font-family: tahoma;font-size: 12px\">RECOMENDA\u00c7\u00d5ES:<\/span><br style=\"font-family: tahoma;font-size: 12px\"><span style=\"font-family: tahoma;font-size: 12px\">&#8211; Recomenda-se a continuidade do tratamento por um per\u00edodo de 48 horas ap\u00f3s o desaparecimento dos sintomas.<\/span><br style=\"font-family: tahoma;font-size: 12px\"><span style=\"font-family: tahoma;font-size: 12px\">&#8211; Quando da inje\u00e7\u00e3o por via subcut\u00e2nea, eventualmente podem ocorrer rea\u00e7\u00f5es locais. Por isso recomenda-se o uso de compressas quentes no ponto da aplica\u00e7\u00e3o, logo ap\u00f3s a administra\u00e7\u00e3o do produto.<\/span><br style=\"font-family: tahoma;font-size: 12px\"><span style=\"font-family: tahoma;font-size: 12px\">&#8211; Recomenda-se que previamente \u00e0 aplica\u00e7\u00e3o de qualquer produto injet\u00e1vel, seja feita uma vacina\u00e7\u00e3o contra bact\u00e9rias do g\u00eanero Clostridium nas regi\u00f5es onde h\u00e1 hist\u00f3rico desse tipo de infec\u00e7\u00e3o. Produtos injet\u00e1veis podem provocar aparecimento de clostridioses.<\/span><br style=\"font-family: tahoma;font-size: 12px\"><br style=\"font-family: tahoma;font-size: 12px\"><span style=\"font-family: tahoma;font-size: 12px\">PER\u00cdODOS DE CAR\u00caNCIA:<\/span><br style=\"font-family: tahoma;font-size: 12px\"><span style=\"font-family: tahoma;font-size: 12px\">Ruminantes:&nbsp;<\/span><br style=\"font-family: tahoma;font-size: 12px\"><span style=\"font-family: tahoma;font-size: 12px\">Carne &#8211; N\u00e3o abater animais tratados, para o consumo humano, antes de decorridos 28 dias da \u00faltima aplica\u00e7\u00e3o do produto.<\/span><br style=\"font-family: tahoma;font-size: 12px\"><span style=\"font-family: tahoma;font-size: 12px\">Su\u00ednos: N\u00e3o abater animais tratados, para o consumo humano, antes de decorridos 5 dias da \u00faltima aplica\u00e7\u00e3o do produto.<\/span><br style=\"font-family: tahoma;font-size: 12px\"><br style=\"font-family: tahoma;font-size: 12px\"><span style=\"font-family: tahoma;font-size: 12px\">EFEITOS COLATERAIS:<\/span><br style=\"font-family: tahoma;font-size: 12px\"><span style=\"font-family: tahoma;font-size: 12px\">Chemitril Injet\u00e1vel 2,5{bad89740ab836af8afd78adf22d5854117f226b234e4f8ee83a0ac8d28f68ffc} n\u00e3o \u00e9 t\u00f3xico. \u00c9 muito bem tolerado nas doses e formas de aplica\u00e7\u00e3o indicadas.<\/span><br style=\"font-family: tahoma;font-size: 12px\"><br style=\"font-family: tahoma;font-size: 12px\"><span style=\"font-family: tahoma;font-size: 12px\">Apresenta\u00e7\u00e3o:<\/span><br style=\"font-family: tahoma;font-size: 12px\"><span style=\"font-family: tahoma;font-size: 12px\">Chemitril Injet\u00e1vel 2,5{bad89740ab836af8afd78adf22d5854117f226b234e4f8ee83a0ac8d28f68ffc} \u00e9 apresentado sob a forma de solu\u00e7\u00e3o injet\u00e1vel acondicionado em frasco de 20 mL<\/span><br style=\"font-family: tahoma;font-size: 12px\"><br style=\"font-family: tahoma;font-size: 12px\"><span style=\"font-family: tahoma;font-size: 12px\">Classe Terap\u00eautica:<\/span><br style=\"font-family: tahoma;font-size: 12px\"><span style=\"font-family: tahoma;font-size: 12px\">ANTIMICROBIANOS GERAIS; ANTIF\u00daNGICOS E ANTIPROTOZO\u00c1RIOS (COCCIDIOS, FLAGELADOS)<\/span><br style=\"font-family: tahoma;font-size: 12px\"><br style=\"font-family: tahoma;font-size: 12px\"><span style=\"font-family: tahoma;font-size: 12px\">Princ\u00edpio(s) Ativo(s):<\/span><br style=\"font-family: tahoma;font-size: 12px\"><span style=\"font-family: tahoma;font-size: 12px\">ENROFLOXACINO<\/span><br style=\"font-family: tahoma;font-size: 12px\"><\/p>\n","protected":false},"excerpt":{"rendered":"<p>Chemitril Injet\u00e1vel 2,5{bad89740ab836af8afd78adf22d5854117f226b234e4f8ee83a0ac8d28f68ffc} \u00e9 indicado para bezerros, su\u00ednos, ovinos, caprinos, c\u00e3es e gatos no tratamento de infec\u00e7\u00f5es causadas por bact\u00e9rias Gram-positivas e<\/p>\n","protected":false},"featured_media":16185,"template":"","meta":{"_acf_changed":false},"product_brand":[959],"product_cat":[180,165,194],"product_tag":[1008],"class_list":{"0":"post-16184","1":"product","2":"type-product","3":"status-publish","4":"has-post-thumbnail","6":"product_brand-chemitec","7":"product_cat-anti-microbiano","8":"product_cat-pet","9":"product_cat-todos-os-produtos","10":"product_tag-chemitec","12":"first","13":"instock","14":"shipping-taxable","15":"purchasable","16":"product-type-simple"},"acf":[],"_links":{"self":[{"href":"https:\/\/vetsul.com\/index.php\/wp-json\/wp\/v2\/product\/16184","targetHints":{"allow":["GET"]}}],"collection":[{"href":"https:\/\/vetsul.com\/index.php\/wp-json\/wp\/v2\/product"}],"about":[{"href":"https:\/\/vetsul.com\/index.php\/wp-json\/wp\/v2\/types\/product"}],"wp:featuredmedia":[{"embeddable":true,"href":"https:\/\/vetsul.com\/index.php\/wp-json\/wp\/v2\/media\/16185"}],"wp:attachment":[{"href":"https:\/\/vetsul.com\/index.php\/wp-json\/wp\/v2\/media?parent=16184"}],"wp:term":[{"taxonomy":"product_brand","embeddable":true,"href":"https:\/\/vetsul.com\/index.php\/wp-json\/wp\/v2\/product_brand?post=16184"},{"taxonomy":"product_cat","embeddable":true,"href":"https:\/\/vetsul.com\/index.php\/wp-json\/wp\/v2\/product_cat?post=16184"},{"taxonomy":"product_tag","embeddable":true,"href":"https:\/\/vetsul.com\/index.php\/wp-json\/wp\/v2\/product_tag?post=16184"}],"curies":[{"name":"wp","href":"https:\/\/api.w.org\/{rel}","templated":true}]}}