{"id":16182,"date":"2018-01-02T10:27:26","date_gmt":"2018-01-02T12:27:26","guid":{"rendered":"http:\/\/35.194.95.18\/wp-admin\/?post_type=product&#038;p=16182"},"modified":"2025-08-09T10:36:45","modified_gmt":"2025-08-09T13:36:45","slug":"chemital-puppy","status":"publish","type":"product","link":"https:\/\/vetsul.com\/index.php\/product\/chemital-puppy\/","title":{"rendered":"Chemital Puppy"},"content":{"rendered":"<p><span style=\"font-family: tahoma;font-size: 12px\">Anti-helm\u00edntico de amplo espectro para Filhotes de C\u00e3es e C\u00e3es Adultos de Ra\u00e7a Miniatura.<\/span><\/p>\n<p><span style=\"font-family: tahoma;font-size: 12px\">F\u00f3rmula:<\/span><br style=\"font-family: tahoma;font-size: 12px\"><span style=\"font-family: tahoma;font-size: 12px\">Cada 100mL cont\u00e9m:<\/span><br style=\"font-family: tahoma;font-size: 12px\"><span style=\"font-family: tahoma;font-size: 12px\">Pamoato de Pirantel&#8230;&#8230;&#8230;&#8230;&#8230;&#8230;&#8230;&#8230;&#8230;&#8230;&#8230;&#8230;&#8230;&#8230;&#8230;&#8230;.1,44g<\/span><br style=\"font-family: tahoma;font-size: 12px\"><span style=\"font-family: tahoma;font-size: 12px\">Febantel&#8230;&#8230;&#8230;&#8230;&#8230;&#8230;&#8230;&#8230;&#8230;&#8230;&#8230;&#8230;&#8230;&#8230;&#8230;&#8230;&#8230;&#8230;&#8230;&#8230;&#8230;..1,50g<\/span><br style=\"font-family: tahoma;font-size: 12px\"><span style=\"font-family: tahoma;font-size: 12px\">Ve\u00edculo q.s.p&#8230;&#8230;&#8230;&#8230;&#8230;&#8230;&#8230;&#8230;&#8230;&#8230;&#8230;&#8230;&#8230;&#8230;&#8230;&#8230;&#8230;&#8230;..100,0mL<\/span><br style=\"font-family: tahoma;font-size: 12px\"><br style=\"font-family: tahoma;font-size: 12px\"><span style=\"font-family: tahoma;font-size: 12px\">Indica\u00e7\u00e3o:<\/span><br style=\"font-family: tahoma;font-size: 12px\"><span style=\"font-family: tahoma;font-size: 12px\">Chemital\u00ae Puppy \u00e9 um anti-helm\u00edntico de amplo espectro para filhotes de c\u00e3es e para c\u00e3es adultos de ra\u00e7a miniatura. Chemital\u00ae Puppy combate com efic\u00e1cia formas adultas e larv\u00e1rias de ancilostom\u00eddeos, ascar\u00eddeos, cest\u00f3deos e tricur\u00eddeos que infestam os c\u00e3es.<\/span><br style=\"font-family: tahoma;font-size: 12px\"><span style=\"font-family: tahoma;font-size: 12px\">Chemital\u00ae Puppy possui, al\u00e9m de excelente atua\u00e7\u00e3o gra\u00e7as ao sinergismo dos princ\u00edpios ativos, uma margem de seguran\u00e7a ampla que permite sua administra\u00e7\u00e3o enquanto o filhote mama e at\u00e9 para f\u00eameas prenhes de ra\u00e7a miniatura, em qualquer \u00e9poca da gesta\u00e7\u00e3o.<\/span><br style=\"font-family: tahoma;font-size: 12px\"><span style=\"font-family: tahoma;font-size: 12px\">Chemital\u00ae Puppy combate: Ancylostoma brasiliense, Ancylostoma caninum, Uncinaria stenocephala, Toxocara canis, Toxascaris leonina, Trichuris vulpis.<\/span><br style=\"font-family: tahoma;font-size: 12px\"><br style=\"font-family: tahoma;font-size: 12px\"><span style=\"font-family: tahoma;font-size: 12px\">Recomenda\u00e7\u00e3o:<\/span><br style=\"font-family: tahoma;font-size: 12px\"><span style=\"font-family: tahoma;font-size: 12px\">Tratar os filhotes durante a lacta\u00e7\u00e3o, com 2, 4, 8 e 12 semanas de vida e depois aos 4, 5 e 6 meses. Vermifugar os adultos das ra\u00e7as miniaturas a cada 3 meses. Vermifugar as f\u00eameas de ra\u00e7as miniaturas antes da cobertura e 10 dias antes do parto.<\/span><br style=\"font-family: tahoma;font-size: 12px\"><br style=\"font-family: tahoma;font-size: 12px\"><span style=\"font-family: tahoma;font-size: 12px\">Modo de Usar:<\/span><br style=\"font-family: tahoma;font-size: 12px\"><span style=\"font-family: tahoma;font-size: 12px\">O produto deve ser administrado por via oral na dose de 1 mL de Chemital\u00ae Puppy para cada Kg de peso corporal, em dose \u00fanica, dispensando jejum pr\u00e9vio.<\/span><br style=\"font-family: tahoma;font-size: 12px\"><br style=\"font-family: tahoma;font-size: 12px\"><span style=\"font-family: tahoma;font-size: 12px\">Apresenta\u00e7\u00e3o:<\/span><br style=\"font-family: tahoma;font-size: 12px\"><span style=\"font-family: tahoma;font-size: 12px\">Frasco pl\u00e1stico contendo 20mL de Chemital\u00ae Puppy.<\/span><br style=\"font-family: tahoma;font-size: 12px\"><span style=\"font-family: tahoma;font-size: 12px\">Acompanha dosificador.<\/span><span style=\"font-family: tahoma;font-size: 12px\"><br \/><\/span><\/p>\n","protected":false},"excerpt":{"rendered":"<p>Anti-helm\u00edntico de amplo espectro para Filhotes de C\u00e3es e C\u00e3es Adultos de Ra\u00e7a Miniatura. F\u00f3rmula:Cada 100mL cont\u00e9m:Pamoato de Pirantel&#8230;&#8230;&#8230;&#8230;&#8230;&#8230;&#8230;&#8230;&#8230;&#8230;&#8230;&#8230;&#8230;&#8230;&#8230;&#8230;.1,44gFebantel&#8230;&#8230;&#8230;&#8230;&#8230;&#8230;&#8230;&#8230;&#8230;&#8230;&#8230;&#8230;&#8230;&#8230;&#8230;&#8230;&#8230;&#8230;&#8230;&#8230;&#8230;..1,50gVe\u00edculo q.s.p&#8230;&#8230;&#8230;&#8230;&#8230;&#8230;&#8230;&#8230;&#8230;&#8230;&#8230;&#8230;&#8230;&#8230;&#8230;&#8230;&#8230;&#8230;..100,0mLIndica\u00e7\u00e3o:Chemital\u00ae Puppy \u00e9<\/p>\n","protected":false},"featured_media":16183,"template":"","meta":{"_acf_changed":false},"product_brand":[959],"product_cat":[165,194,184],"product_tag":[1008],"class_list":{"0":"post-16182","1":"product","2":"type-product","3":"status-publish","4":"has-post-thumbnail","6":"product_brand-chemitec","7":"product_cat-pet","8":"product_cat-todos-os-produtos","9":"product_cat-vermifugos-e-carrapaticidas-2","10":"product_tag-chemitec","12":"first","13":"instock","14":"shipping-taxable","15":"purchasable","16":"product-type-simple"},"acf":[],"_links":{"self":[{"href":"https:\/\/vetsul.com\/index.php\/wp-json\/wp\/v2\/product\/16182","targetHints":{"allow":["GET"]}}],"collection":[{"href":"https:\/\/vetsul.com\/index.php\/wp-json\/wp\/v2\/product"}],"about":[{"href":"https:\/\/vetsul.com\/index.php\/wp-json\/wp\/v2\/types\/product"}],"wp:featuredmedia":[{"embeddable":true,"href":"https:\/\/vetsul.com\/index.php\/wp-json\/wp\/v2\/media\/16183"}],"wp:attachment":[{"href":"https:\/\/vetsul.com\/index.php\/wp-json\/wp\/v2\/media?parent=16182"}],"wp:term":[{"taxonomy":"product_brand","embeddable":true,"href":"https:\/\/vetsul.com\/index.php\/wp-json\/wp\/v2\/product_brand?post=16182"},{"taxonomy":"product_cat","embeddable":true,"href":"https:\/\/vetsul.com\/index.php\/wp-json\/wp\/v2\/product_cat?post=16182"},{"taxonomy":"product_tag","embeddable":true,"href":"https:\/\/vetsul.com\/index.php\/wp-json\/wp\/v2\/product_tag?post=16182"}],"curies":[{"name":"wp","href":"https:\/\/api.w.org\/{rel}","templated":true}]}}