{"id":16180,"date":"2018-01-02T10:25:15","date_gmt":"2018-01-02T12:25:15","guid":{"rendered":"http:\/\/35.194.95.18\/wp-admin\/?post_type=product&#038;p=16180"},"modified":"2025-08-09T10:36:45","modified_gmt":"2025-08-09T13:36:45","slug":"chemital-plus-4cp","status":"publish","type":"product","link":"https:\/\/vetsul.com\/index.php\/product\/chemital-plus-4cp\/","title":{"rendered":"Chemital plus 4cp"},"content":{"rendered":"<p><span style=\"font-family: tahoma; font-size: 12px;\">Chemital\u00ae Plus combate com efic\u00e1cia formas adultas e larv\u00e1rias de cest\u00f3ides, ancilostom\u00eddeos, ascar\u00eddeos e tricur\u00eddeos que infestam os c\u00e3es.&nbsp;<\/span><br style=\"font-family: tahoma; font-size: 12px;\"><br style=\"font-family: tahoma; font-size: 12px;\"><span style=\"font-family: tahoma; font-size: 12px;\">Chemital\u00ae Plus possui, al\u00e9m de excelente atua\u00e7\u00e3o, uma margem de seguran\u00e7a ampla que permite sua administra\u00e7\u00e3o mesmo para f\u00eameas prenhes em qualquer \u00e9poca da gesta\u00e7\u00e3o.<\/span><\/p>\n<p><span style=\"font-family: tahoma; font-size: 12px;\">F\u00f3rmula:<\/span><br style=\"font-family: tahoma; font-size: 12px;\"><span style=\"font-family: tahoma; font-size: 12px;\">Cada comprimido (660 mg) cont\u00e9m:<\/span><br style=\"font-family: tahoma; font-size: 12px;\"><span style=\"font-family: tahoma; font-size: 12px;\">Praziquantel&#8230;&#8230;&#8230;&#8230;&#8230;&#8230;&#8230;&#8230;&#8230;&#8230;&#8230;&#8230;..50 mg<\/span><br style=\"font-family: tahoma; font-size: 12px;\"><span style=\"font-family: tahoma; font-size: 12px;\">Pamoato de pirantel&#8230;&#8230;&#8230;&#8230;&#8230;&#8230;&#8230;&#8230;.144 mg<\/span><br style=\"font-family: tahoma; font-size: 12px;\"><span style=\"font-family: tahoma; font-size: 12px;\">Febantel&#8230;&#8230;&#8230;&#8230;&#8230;&#8230;&#8230;&#8230;&#8230;&#8230;&#8230;&#8230;&#8230;..150 mg<\/span><br style=\"font-family: tahoma; font-size: 12px;\"><span style=\"font-family: tahoma; font-size: 12px;\">Excipiente q.s.p. &#8230;&#8230;&#8230;&#8230;&#8230;&#8230;&#8230;&#8230;&#8230;..660 mg<\/span><br style=\"font-family: tahoma; font-size: 12px;\"><br style=\"font-family: tahoma; font-size: 12px;\"><span style=\"font-family: tahoma; font-size: 12px;\">Indica\u00e7\u00f5es:<\/span><br style=\"font-family: tahoma; font-size: 12px;\"><span style=\"font-family: tahoma; font-size: 12px;\">Chemital Plus \u00e9 um anti-helm\u00edntico de amplo espectro para c\u00e3es.&nbsp;<\/span><br style=\"font-family: tahoma; font-size: 12px;\"><span style=\"font-family: tahoma; font-size: 12px;\">Chemital Plus combate com efic\u00e1cia formas adultas e larv\u00e1rias de cest\u00f3ides, ancilostom\u00eddeos, ascar\u00eddeos e tricur\u00eddeos que infestam os c\u00e3es.&nbsp;<\/span><br style=\"font-family: tahoma; font-size: 12px;\"><span style=\"font-family: tahoma; font-size: 12px;\">Chemital Plus possui, al\u00e9m de excelente atua\u00e7\u00e3o, uma margem de seguran\u00e7a ampla que permite sua administra\u00e7\u00e3o mesmo para f\u00eameas prenhes em qualquer \u00e9poca da gesta\u00e7\u00e3o.<\/span><br style=\"font-family: tahoma; font-size: 12px;\"><span style=\"font-family: tahoma; font-size: 12px;\">Chemital Plus combate: Ancylostoma brasiliense, Ancylostoma caninum, Dipylidium caninum, Echinococcus granulosus, Echinococcus multilocularis, Joyeuxiella pasqualei, Mesocestodes sp, Taenia hydatigena, Taenia multiceps, Taenia pisiformis, Taenia ovis, Taenia taeniaeformis, Toxocara canis, Toxascaris leonina, Trichuris vulpi, Uncinaria stenocephala.<\/span><br style=\"font-family: tahoma; font-size: 12px;\"><br style=\"font-family: tahoma; font-size: 12px;\"><span style=\"font-family: tahoma; font-size: 12px;\">Dosagem:<\/span><br style=\"font-family: tahoma; font-size: 12px;\"><span style=\"font-family: tahoma; font-size: 12px;\">POSOLOGIA E MODO DE USAR:&nbsp;<\/span><br style=\"font-family: tahoma; font-size: 12px;\"><span style=\"font-family: tahoma; font-size: 12px;\">O produto deve ser administrado por via oral, misturado \u00e0 ra\u00e7\u00e3o, carne ou qualquer outro alimento que agrade ao animal, dispensando regime especial ou jejum pr\u00e9vio.<\/span><br style=\"font-family: tahoma; font-size: 12px;\"><br style=\"font-family: tahoma; font-size: 12px;\"><span style=\"font-family: tahoma; font-size: 12px;\">DOSAGEM:<\/span><br style=\"font-family: tahoma; font-size: 12px;\"><span style=\"font-family: tahoma; font-size: 12px;\">Administrar 01 (um) comprimido para cada 10 Kg de peso.<\/span><br style=\"font-family: tahoma; font-size: 12px;\"><br style=\"font-family: tahoma; font-size: 12px;\"><span style=\"font-family: tahoma; font-size: 12px;\">Peso do animal &#8230;&#8230;&#8230;&#8230;&#8230;&#8230;&#8230;&#8230;&#8230;.Dose<\/span><br style=\"font-family: tahoma; font-size: 12px;\"><span style=\"font-family: tahoma; font-size: 12px;\">At\u00e9 2 Kg&#8230;&#8230;&#8230;&#8230;&#8230;&#8230;&#8230;&#8230;&#8230;&#8230;&#8230;&#8230;.1\/4 de comprimido<\/span><br style=\"font-family: tahoma; font-size: 12px;\"><span style=\"font-family: tahoma; font-size: 12px;\">De 2 a 5 Kg&#8230;&#8230;&#8230;&#8230;&#8230;&#8230;&#8230;&#8230;&#8230;&#8230;&#8230;1\/2 de comprimido<\/span><br style=\"font-family: tahoma; font-size: 12px;\"><span style=\"font-family: tahoma; font-size: 12px;\">De 6 a 10 Kg&#8230;&#8230;&#8230;&#8230;&#8230;&#8230;&#8230;&#8230;&#8230;&#8230;.1 comprimido<\/span><br style=\"font-family: tahoma; font-size: 12px;\"><span style=\"font-family: tahoma; font-size: 12px;\">De 11 a 20 Kg&#8230;&#8230;&#8230;&#8230;&#8230;&#8230;&#8230;&#8230;&#8230;..2 comprimidos<\/span><br style=\"font-family: tahoma; font-size: 12px;\"><span style=\"font-family: tahoma; font-size: 12px;\">De 21 a 30 Kg&#8230;&#8230;&#8230;&#8230;&#8230;&#8230;&#8230;&#8230;&#8230;..3 comprimidos<\/span><br style=\"font-family: tahoma; font-size: 12px;\"><span style=\"font-family: tahoma; font-size: 12px;\">De 31 a 40 Kg&#8230;&#8230;&#8230;&#8230;&#8230;&#8230;&#8230;&#8230;&#8230;..4 comprimidos<\/span><br style=\"font-family: tahoma; font-size: 12px;\"><br style=\"font-family: tahoma; font-size: 12px;\"><span style=\"font-family: tahoma; font-size: 12px;\">Para c\u00e3es com peso superior a 40 Kg, obedecer sempre a dosagem recomendada, ou seja, 01 (um) comprimido para cada 10 Kg de peso corporal.<\/span><br style=\"font-family: tahoma; font-size: 12px;\"><span style=\"font-family: tahoma; font-size: 12px;\">Para otimizar o emprego de Chemital Plus, recomenda-se:<\/span><br style=\"font-family: tahoma; font-size: 12px;\"><span style=\"font-family: tahoma; font-size: 12px;\">&#8211; Vermifugar as f\u00eameas antes das coberturas e 10 dias antes do parto.<\/span><br style=\"font-family: tahoma; font-size: 12px;\"><span style=\"font-family: tahoma; font-size: 12px;\">&#8211; Tratar os filhotes com 2, 4, 8 e 12 semanas de vida e aos 4, 5, e 6 meses.<\/span><br style=\"font-family: tahoma; font-size: 12px;\"><span style=\"font-family: tahoma; font-size: 12px;\">&#8211; Vermifugar os adultos a cada 3 meses<\/span><br style=\"font-family: tahoma; font-size: 12px;\"><br style=\"font-family: tahoma; font-size: 12px;\"><span style=\"font-family: tahoma; font-size: 12px;\">Administra\u00e7\u00e3o:<\/span><br style=\"font-family: tahoma; font-size: 12px;\"><span style=\"font-family: tahoma; font-size: 12px;\">Anti- helm\u00edntico de amplo espectro para C\u00e3es.<\/span><br style=\"font-family: tahoma; font-size: 12px;\"><br style=\"font-family: tahoma; font-size: 12px;\"><span style=\"font-family: tahoma; font-size: 12px;\">Precau\u00e7\u00f5es:<\/span><br style=\"font-family: tahoma; font-size: 12px;\"><span style=\"font-family: tahoma; font-size: 12px;\">Para prevenir reinfesta\u00e7\u00f5es por Dipylidium caninum, recomenda-se o tratamento contra pulgas, pois estas s\u00e3o os hospedeiros intermedi\u00e1rios deste cest\u00f3deo.<\/span><br style=\"font-family: tahoma; font-size: 12px;\"><br style=\"font-family: tahoma; font-size: 12px;\"><span style=\"font-family: tahoma; font-size: 12px;\">Apresenta\u00e7\u00e3o:<\/span><br style=\"font-family: tahoma; font-size: 12px;\"><span style=\"font-family: tahoma; font-size: 12px;\">Cartucho contendo 1 blister com 04 comprimidos de 660 mg cada.<\/span><br style=\"font-family: tahoma; font-size: 12px;\"><br style=\"font-family: tahoma; font-size: 12px;\"><span style=\"font-family: tahoma; font-size: 12px;\">Princ\u00edpio(s) Ativo(s):<\/span><br style=\"font-family: tahoma; font-size: 12px;\"><span style=\"font-family: tahoma; font-size: 12px;\">FEBANTEL<\/span><br style=\"font-family: tahoma; font-size: 12px;\"><span style=\"font-family: tahoma; font-size: 12px;\">PRAZIQUANTEL<\/span><br style=\"font-family: tahoma; font-size: 12px;\"><br style=\"font-family: tahoma; font-size: 12px;\"><span style=\"font-family: tahoma; font-size: 12px;\">Registro no Minist\u00e9rio da Agricultura, Pecu\u00e1ria e Abastecimento:<\/span><br style=\"font-family: tahoma; font-size: 12px;\"><span style=\"font-family: tahoma; font-size: 12px;\">7571 em 24\/11\/00<\/span><br style=\"font-family: tahoma; font-size: 12px;\"><br style=\"font-family: tahoma; font-size: 12px;\"><span style=\"font-family: tahoma; font-size: 12px;\">Respons\u00e1vel T\u00e9cnico:<\/span><br style=\"font-family: tahoma; font-size: 12px;\"><span style=\"font-family: tahoma; font-size: 12px;\">Adriana Cristina P. Cini &#8211; CRMV: CRMV-SP: 8413<\/span><span style=\"font-family: tahoma; font-size: 12px;\"><br \/><\/span><\/p>\n","protected":false},"excerpt":{"rendered":"<p>Chemital\u00ae Plus combate com efic\u00e1cia formas adultas e larv\u00e1rias de cest\u00f3ides, ancilostom\u00eddeos, ascar\u00eddeos e tricur\u00eddeos que infestam os c\u00e3es.&nbsp;Chemital\u00ae Plus possui, al\u00e9m<\/p>\n","protected":false},"featured_media":16181,"template":"","meta":{"_acf_changed":false},"product_brand":[959],"product_cat":[165,194,184],"product_tag":[1008],"class_list":{"0":"post-16180","1":"product","2":"type-product","3":"status-publish","4":"has-post-thumbnail","6":"product_brand-chemitec","7":"product_cat-pet","8":"product_cat-todos-os-produtos","9":"product_cat-vermifugos-e-carrapaticidas-2","10":"product_tag-chemitec","12":"first","13":"instock","14":"shipping-taxable","15":"purchasable","16":"product-type-simple"},"acf":[],"_links":{"self":[{"href":"https:\/\/vetsul.com\/index.php\/wp-json\/wp\/v2\/product\/16180","targetHints":{"allow":["GET"]}}],"collection":[{"href":"https:\/\/vetsul.com\/index.php\/wp-json\/wp\/v2\/product"}],"about":[{"href":"https:\/\/vetsul.com\/index.php\/wp-json\/wp\/v2\/types\/product"}],"wp:featuredmedia":[{"embeddable":true,"href":"https:\/\/vetsul.com\/index.php\/wp-json\/wp\/v2\/media\/16181"}],"wp:attachment":[{"href":"https:\/\/vetsul.com\/index.php\/wp-json\/wp\/v2\/media?parent=16180"}],"wp:term":[{"taxonomy":"product_brand","embeddable":true,"href":"https:\/\/vetsul.com\/index.php\/wp-json\/wp\/v2\/product_brand?post=16180"},{"taxonomy":"product_cat","embeddable":true,"href":"https:\/\/vetsul.com\/index.php\/wp-json\/wp\/v2\/product_cat?post=16180"},{"taxonomy":"product_tag","embeddable":true,"href":"https:\/\/vetsul.com\/index.php\/wp-json\/wp\/v2\/product_tag?post=16180"}],"curies":[{"name":"wp","href":"https:\/\/api.w.org\/{rel}","templated":true}]}}