{"id":16168,"date":"2018-01-02T10:01:14","date_gmt":"2018-01-02T12:01:14","guid":{"rendered":"http:\/\/35.194.95.18\/wp-admin\/?post_type=product&#038;p=16168"},"modified":"2025-02-07T16:00:04","modified_gmt":"2025-02-07T19:00:04","slug":"cef-50-ceftiofur-injet-vel-100ml","status":"publish","type":"product","link":"https:\/\/vetsul.com\/index.php\/product\/cef-50-ceftiofur-injet-vel-100ml\/","title":{"rendered":"CEF-50 (CEFTIOFUR) INJET\u00c1VEL &#8211; 100ml"},"content":{"rendered":"<p><span style=\"font-family: tahoma;font-size: 12px\">Cef-50 \u00e9 uma suspens\u00e3o pronta para uso \u00e0 base de ceftiofur, uma cefalosporina semissint\u00e9tica de terceira gera\u00e7\u00e3o. Seu mecanismo de a\u00e7\u00e3o \u00e9 semelhante ao de outros antibi\u00f3ticos beta-lact\u00e2micos, ou seja, inibe a s\u00edntese da parede celular bacteriana.&nbsp;<\/span><br style=\"font-family: tahoma;font-size: 12px\"><br style=\"font-family: tahoma;font-size: 12px\"><span style=\"font-family: tahoma;font-size: 12px\">O ceftiofur \u00e9 resistente \u00e0s enzimas beta-lactamases que inativam certos antimicrobianos como as penicilinas. Por isso, seu espectro de atividade \u00e9 amplo, compar\u00e1vel ao da penicilina G, acrescentando-se maior atividade em rela\u00e7\u00e3o \u00e0s bact\u00e9rias gram-negativas.&nbsp;<\/span><br style=\"font-family: tahoma;font-size: 12px\"><br style=\"font-family: tahoma;font-size: 12px\"><span style=\"font-family: tahoma;font-size: 12px\">Al\u00e9m disso, o ceftiofur atinge concentra\u00e7\u00f5es plasm\u00e1ticas terap\u00eauticas 1 a 5 horas ap\u00f3s a administra\u00e7\u00e3o parenteral, que se mant\u00eam superiores \u00e0 concentra\u00e7\u00e3o necess\u00e1ria para matar os microrganismos por per\u00edodos de at\u00e9 48 horas.&nbsp;<\/span><br style=\"font-family: tahoma;font-size: 12px\"><br style=\"font-family: tahoma;font-size: 12px\"><span style=\"font-family: tahoma;font-size: 12px\">Cef-50 \u00e9 indicado para o tratamento de infec\u00e7\u00f5es gastrointestinais (diarreias), infec\u00e7\u00f5es respirat\u00f3rias (pneumonias), infec\u00e7\u00f5es genitourin\u00e1rias (metrites, cistites), pododermatites e meningoencefalite bacteriana.&nbsp;<\/span><br style=\"font-family: tahoma;font-size: 12px\"><br style=\"font-family: tahoma;font-size: 12px\"><span style=\"font-family: tahoma;font-size: 12px\">Quando utilizado conforme as recomenda\u00e7\u00f5es de uso, os res\u00edduos de ceftiofur no leite s\u00e3o muito baixos, n\u00e3o sendo necess\u00e1rio o descarte do leite dos animais tratados.<\/span><\/p>\n<p><span style=\"font-family: tahoma;font-size: 12px\">F\u00f3rmula:<\/span><br style=\"font-family: tahoma;font-size: 12px\"><span style=\"font-family: tahoma;font-size: 12px\">Cada 1 mL cont\u00e9m:<\/span><br style=\"font-family: tahoma;font-size: 12px\"><span style=\"font-family: tahoma;font-size: 12px\">Ceftiofur (cloridrato)&#8230;&#8230;&#8230;&#8230;&#8230;&#8230;&#8230;&#8230;&#8230;&#8230;&#8230;&#8230;&#8230;&#8230;&#8230;&#8230;&#8230;&#8230;&#8230;&#8230;&#8230;&#8230;&#8230;50,0 mg<\/span><br style=\"font-family: tahoma;font-size: 12px\"><span style=\"font-family: tahoma;font-size: 12px\">Ve\u00edculo q.s.p&#8230;&#8230;&#8230;&#8230;&#8230;&#8230;&#8230;&#8230;&#8230;&#8230;&#8230;&#8230;&#8230;&#8230;&#8230;&#8230;&#8230;&#8230;&#8230;&#8230;&#8230;&#8230;&#8230;&#8230;&#8230;&#8230;&#8230;1,0 mL<\/span><br style=\"font-family: tahoma;font-size: 12px\"><br style=\"font-family: tahoma;font-size: 12px\"><span style=\"font-family: tahoma;font-size: 12px\">Princ\u00edpio Ativo&nbsp;<\/span><br style=\"font-family: tahoma;font-size: 12px\"><span style=\"font-family: tahoma;font-size: 12px\">Ceftiofur&nbsp;<\/span><br style=\"font-family: tahoma;font-size: 12px\"><br style=\"font-family: tahoma;font-size: 12px\"><span style=\"font-family: tahoma;font-size: 12px\">Indica\u00e7\u00f5es&nbsp;<\/span><br style=\"font-family: tahoma;font-size: 12px\"><span style=\"font-family: tahoma;font-size: 12px\">Em bovinos, o produto \u00e9 indicado para o tratamento de infec\u00e7\u00f5es gastrointestinais (diarr\u00e9ias), infec\u00e7\u00f5es respirat\u00f3rias (pneumonias), infec\u00e7\u00f5es genitourin\u00e1rias e pododermatites.&nbsp;<\/span><br style=\"font-family: tahoma;font-size: 12px\"><span style=\"font-family: tahoma;font-size: 12px\">Em su\u00ednos, o produto \u00e9 indicado para o tratamento de infec\u00e7\u00f5es respirat\u00f3rias, enterites, meningoencefalite e infec\u00e7\u00f5es genitourinarias.&nbsp;<\/span><br style=\"font-family: tahoma;font-size: 12px\"><br style=\"font-family: tahoma;font-size: 12px\"><span style=\"font-family: tahoma;font-size: 12px\">Caracter\u00edsticas e Benef\u00edcios&nbsp;<\/span><br style=\"font-family: tahoma;font-size: 12px\"><span style=\"font-family: tahoma;font-size: 12px\">O ceftiofur \u00e9 uma cefalosporina de 3\u00aa gera\u00e7\u00e3o resistente \u00e0 destrui\u00e7\u00e3o por muitas bact\u00e9rias que inativam determinados antibi\u00f3ticos. Como o produto n\u00e3o \u00e9 excretado pela gl\u00e2ndula mam\u00e1ria, os animais podem ser tratados sem a necessidade de descarte do leite.&nbsp;<\/span><br style=\"font-family: tahoma;font-size: 12px\"><br style=\"font-family: tahoma;font-size: 12px\"><span style=\"font-family: tahoma;font-size: 12px\">Posologia e Modo de Usar&nbsp;<\/span><br style=\"font-family: tahoma;font-size: 12px\"><span style=\"font-family: tahoma;font-size: 12px\">O produto deve ser aplicado de acordo com as seguintes doses:&nbsp;<\/span><br style=\"font-family: tahoma;font-size: 12px\"><span style=\"font-family: tahoma;font-size: 12px\">Bovinos: 1 mL do produto para cada 50 kg de peso (1 mg\/kg), por via intramuscular ou subcut\u00e2nea, a cada 24 horas, em um total de 3 aplica\u00e7\u00f5es. A crit\u00e9rio do M\u00e9dico Veterin\u00e1rio, a dura\u00e7\u00e3o do tratamento poder\u00e1 se estender por mais 2 dias e as doses poder\u00e3o ser aumentadas se necess\u00e1rio.&nbsp;<\/span><br style=\"font-family: tahoma;font-size: 12px\"><span style=\"font-family: tahoma;font-size: 12px\">Su\u00ednos: 0,6 a 1 mL do produto para cada 10 kg de peso (3 a 5 mg\/kg), por via intramuscular, a cada 24 horas, durante 3 dias consecutivos.&nbsp;<\/span><br style=\"font-family: tahoma;font-size: 12px\"><br style=\"font-family: tahoma;font-size: 12px\"><span style=\"font-family: tahoma;font-size: 12px\">Per\u00edodo de Car\u00eancia&nbsp;<\/span><br style=\"font-family: tahoma;font-size: 12px\"><span style=\"font-family: tahoma;font-size: 12px\">Recomenda-se que os animais cuja carne seja destinada ao consumo humano somente sejam abatidos 2 dias ap\u00f3s a \u00faltima administra\u00e7\u00e3o do produto. O per\u00edodo de car\u00eancia para bezerros pr\u00e9-ruminantes n\u00e3o est\u00e1 estabelecido. O produto dispensa descarte do leite quando \u00e9 utilizado conforme as indica\u00e7\u00f5es de bula.&nbsp;<\/span><br style=\"font-family: tahoma;font-size: 12px\"><\/p>\n","protected":false},"excerpt":{"rendered":"<p>Cef-50 \u00e9 uma suspens\u00e3o pronta para uso \u00e0 base de ceftiofur, uma cefalosporina semissint\u00e9tica de terceira gera\u00e7\u00e3o. Seu mecanismo de a\u00e7\u00e3o \u00e9<\/p>\n","protected":false},"featured_media":16169,"template":"","meta":{"_acf_changed":false},"product_brand":[967],"product_cat":[170,164,194],"product_tag":[994,995],"class_list":{"0":"post-16168","1":"product","2":"type-product","3":"status-publish","4":"has-post-thumbnail","6":"product_brand-agener-uniao","7":"product_cat-anti-microbianos","8":"product_cat-bovinos-e-ovinos","9":"product_cat-todos-os-produtos","10":"product_tag-agener","11":"product_tag-uniao","13":"first","14":"instock","15":"purchasable","16":"product-type-simple"},"acf":[],"_links":{"self":[{"href":"https:\/\/vetsul.com\/index.php\/wp-json\/wp\/v2\/product\/16168","targetHints":{"allow":["GET"]}}],"collection":[{"href":"https:\/\/vetsul.com\/index.php\/wp-json\/wp\/v2\/product"}],"about":[{"href":"https:\/\/vetsul.com\/index.php\/wp-json\/wp\/v2\/types\/product"}],"wp:featuredmedia":[{"embeddable":true,"href":"https:\/\/vetsul.com\/index.php\/wp-json\/wp\/v2\/media\/16169"}],"wp:attachment":[{"href":"https:\/\/vetsul.com\/index.php\/wp-json\/wp\/v2\/media?parent=16168"}],"wp:term":[{"taxonomy":"product_brand","embeddable":true,"href":"https:\/\/vetsul.com\/index.php\/wp-json\/wp\/v2\/product_brand?post=16168"},{"taxonomy":"product_cat","embeddable":true,"href":"https:\/\/vetsul.com\/index.php\/wp-json\/wp\/v2\/product_cat?post=16168"},{"taxonomy":"product_tag","embeddable":true,"href":"https:\/\/vetsul.com\/index.php\/wp-json\/wp\/v2\/product_tag?post=16168"}],"curies":[{"name":"wp","href":"https:\/\/api.w.org\/{rel}","templated":true}]}}