{"id":16166,"date":"2018-01-02T09:57:49","date_gmt":"2018-01-02T11:57:49","guid":{"rendered":"http:\/\/35.194.95.18\/wp-admin\/?post_type=product&#038;p=16166"},"modified":"2025-08-09T10:36:39","modified_gmt":"2025-08-09T13:36:39","slug":"catosal-b12-100ml","status":"publish","type":"product","link":"https:\/\/vetsul.com\/index.php\/product\/catosal-b12-100ml\/","title":{"rendered":"Catosal B12 100ml"},"content":{"rendered":"<p><span style=\"font-family: tahoma; font-size: 12px;\">O composto fosf\u00f3rico, tal como o utilizado no Catosal, estimula os processos de assimila\u00e7\u00e3o no organismo e exerce, assim, uma atividade anab\u00f3lica. Por seu lado, a vitamina B 12 interv\u00e9m em diversas rea\u00e7\u00f5es metab\u00f3licas. Ambas as subst\u00e2ncias estimulam o metabolismo no seu conjunto, mas de maneira especial o metabolismo energ\u00e9tico.<\/span><\/p>\n<p><span style=\"font-family: tahoma; font-size: 12px;\">Composi\u00e7\u00e3o:<\/span><br style=\"font-family: tahoma; font-size: 12px;\"><span style=\"font-family: tahoma; font-size: 12px;\">\u00c1cido 1-(n-butilamino)-1-metiletil-fosf\u00f4nico&#8230;&#8230;&#8230;&#8230;&#8230;&#8230;&#8230;&#8230;&#8230;&#8230;&#8230;&#8230;&#8230;&#8230;&#8230;&#8230;.10 g<\/span><br style=\"font-family: tahoma; font-size: 12px;\"><span style=\"font-family: tahoma; font-size: 12px;\">Cianocobalamina (Vitamina B12)&#8230;&#8230;&#8230;&#8230;&#8230;&#8230;&#8230;&#8230;&#8230;&#8230;&#8230;&#8230;&#8230;&#8230;&#8230;&#8230;&#8230;&#8230;&#8230;&#8230;5000 \u00b5g<\/span><br style=\"font-family: tahoma; font-size: 12px;\"><span style=\"font-family: tahoma; font-size: 12px;\">Ve\u00edculo q.s.p&#8230;&#8230;&#8230;&#8230;&#8230;&#8230;&#8230;&#8230;&#8230;&#8230;&#8230;&#8230;&#8230;&#8230;&#8230;&#8230;&#8230;&#8230;&#8230;&#8230;&#8230;&#8230;&#8230;&#8230;&#8230;&#8230;&#8230;&#8230;&#8230;100 mL<\/span><br style=\"font-family: tahoma; font-size: 12px;\"><br style=\"font-family: tahoma; font-size: 12px;\"><span style=\"font-family: tahoma; font-size: 12px;\">100 mL da solu\u00e7\u00e3o cont\u00e9m 1,73 g de f\u00f3sforo.<\/span><br style=\"font-family: tahoma; font-size: 12px;\"><br style=\"font-family: tahoma; font-size: 12px;\"><span style=\"font-family: tahoma; font-size: 12px;\">Indica\u00e7\u00f5es:<\/span><br style=\"font-family: tahoma; font-size: 12px;\"><span style=\"font-family: tahoma; font-size: 12px;\">&#8211; Perturba\u00e7\u00f5es do metabolismo provocadas por alimenta\u00e7\u00e3o deficiente, condi\u00e7\u00f5es afisiol\u00f3gicas ou doen\u00e7as.&nbsp;<\/span><br style=\"font-family: tahoma; font-size: 12px;\"><span style=\"font-family: tahoma; font-size: 12px;\">&#8211; Perturba\u00e7\u00f5es do desenvolvimento e da alimenta\u00e7\u00e3o dos animais novos por afec\u00e7\u00f5es pr\u00f3prias da cria\u00e7\u00e3o.&nbsp;<\/span><br style=\"font-family: tahoma; font-size: 12px;\"><span style=\"font-family: tahoma; font-size: 12px;\">&#8211; Metafilaxia da esterilidade e de afec\u00e7\u00f5es puerperais, coadjuvante ao tratamento da esterilidade.&nbsp;<\/span><br style=\"font-family: tahoma; font-size: 12px;\"><span style=\"font-family: tahoma; font-size: 12px;\">&#8211; Tetania e paresia, como complemento da c\u00e1lcio e magnesioterapia.&nbsp;<\/span><br style=\"font-family: tahoma; font-size: 12px;\"><span style=\"font-family: tahoma; font-size: 12px;\">&#8211; Como t\u00f4nico, nos casos de esfor\u00e7o excessivo e esgotamento, para aumentar a for\u00e7a muscular nos animais saud\u00e1veis.<\/span><br style=\"font-family: tahoma; font-size: 12px;\"><br style=\"font-family: tahoma; font-size: 12px;\"><span style=\"font-family: tahoma; font-size: 12px;\">Modo de usar:<\/span><br style=\"font-family: tahoma; font-size: 12px;\"><span style=\"font-family: tahoma; font-size: 12px;\">Catosal\u00ae B12 pode ser administrado por via intravenosa, intramuscular ou subcut\u00e2nea.<\/span><br style=\"font-family: tahoma; font-size: 12px;\"><br style=\"font-family: tahoma; font-size: 12px;\"><span style=\"font-family: tahoma; font-size: 12px;\">Dosagens:<\/span><br style=\"font-family: tahoma; font-size: 12px;\"><span style=\"font-family: tahoma; font-size: 12px;\">Nos casos de doen\u00e7as agudas administra-se para:<\/span><br style=\"font-family: tahoma; font-size: 12px;\"><br style=\"font-family: tahoma; font-size: 12px;\"><span style=\"font-family: tahoma; font-size: 12px;\">equinos e bovinos adultos&#8230;&#8230;&#8230;&#8230;&#8230;&#8230;&#8230;&#8230;&#8230;&#8230;&#8230;&#8230;.5,0\t&#8211;\t25,0 mL<\/span><br style=\"font-family: tahoma; font-size: 12px;\"><span style=\"font-family: tahoma; font-size: 12px;\">potros, bezerros&#8230;&#8230;&#8230;&#8230;&#8230;&#8230;&#8230;&#8230;&#8230;&#8230;&#8230;&#8230;&#8230;&#8230;&#8230;&#8230;..5,0\t&#8211;\t12,0 mL<\/span><br style=\"font-family: tahoma; font-size: 12px;\"><span style=\"font-family: tahoma; font-size: 12px;\">ovinos, caprinos&#8230;&#8230;&#8230;&#8230;&#8230;&#8230;&#8230;&#8230;&#8230;&#8230;&#8230;&#8230;&#8230;&#8230;&#8230;&#8230;&#8230;2,5\t&#8211;\t5,0 mL<\/span><br style=\"font-family: tahoma; font-size: 12px;\"><span style=\"font-family: tahoma; font-size: 12px;\">cordeiros&#8230;&#8230;&#8230;&#8230;&#8230;&#8230;&#8230;&#8230;&#8230;&#8230;&#8230;&#8230;&#8230;&#8230;&#8230;&#8230;&#8230;&#8230;&#8230;&#8230;1,5\t&#8211;\t2,5 mL<\/span><br style=\"font-family: tahoma; font-size: 12px;\"><span style=\"font-family: tahoma; font-size: 12px;\">su\u00ednos&#8230;&#8230;&#8230;&#8230;&#8230;&#8230;&#8230;&#8230;&#8230;&#8230;&#8230;&#8230;&#8230;&#8230;&#8230;&#8230;&#8230;&#8230;&#8230;&#8230;&#8230;.2,5\t&#8211;\t10,0 mL<\/span><br style=\"font-family: tahoma; font-size: 12px;\"><span style=\"font-family: tahoma; font-size: 12px;\">leit\u00f5es&#8230;&#8230;&#8230;&#8230;&#8230;&#8230;&#8230;&#8230;&#8230;&#8230;&#8230;&#8230;&#8230;&#8230;&#8230;&#8230;&#8230;&#8230;&#8230;&#8230;&#8230;.1,0\t&#8211;\t2,5 mL<\/span><br style=\"font-family: tahoma; font-size: 12px;\"><span style=\"font-family: tahoma; font-size: 12px;\">c\u00e3es, gatos e animais de pele&#8230;&#8230;&#8230;&#8230;&#8230;&#8230;&#8230;&#8230;&#8230;&#8230;&#8230;0,5\t&#8211;\t5,0 mL<\/span><br style=\"font-family: tahoma; font-size: 12px;\"><span style=\"font-family: tahoma; font-size: 12px;\">aves dom\u00e9sticas&#8230;&#8230;&#8230;&#8230;&#8230;&#8230;&#8230;&#8230;&#8230;&#8230;&#8230;&#8230;&#8230;&#8230;&#8230;&#8230;&#8230;1,0 mL\t<\/span><br style=\"font-family: tahoma; font-size: 12px;\"><br style=\"font-family: tahoma; font-size: 12px;\"><span style=\"font-family: tahoma; font-size: 12px;\">Em caso de necessidade, repetir diariamente a inje\u00e7\u00e3o. Nos casos de doen\u00e7as cr\u00f4nicas, administra-se v\u00e1rias vezes, em intervalos de 3 a 5 dias, metade das doses acima indicadas. Catosal B12 pode ser administrado por via endovenosa, intramuscular ou subcut\u00e2nea.<\/span><br style=\"font-family: tahoma; font-size: 12px;\"><br style=\"font-family: tahoma; font-size: 12px;\"><span style=\"font-family: tahoma; font-size: 12px;\">Precau\u00e7\u00f5es:<\/span><br style=\"font-family: tahoma; font-size: 12px;\"><span style=\"font-family: tahoma; font-size: 12px;\">Conservar em local seco e fresco, ao abrigo da luz solar direta e fora do alcance de crian\u00e7as e animais dom\u00e9sticos.<\/span><br style=\"font-family: tahoma; font-size: 12px;\"><br style=\"font-family: tahoma; font-size: 12px;\"><span style=\"font-family: tahoma; font-size: 12px;\">Venda sob prescri\u00e7\u00e3o e aplica\u00e7\u00e3o sob orienta\u00e7\u00e3o do M\u00e9dico Veterin\u00e1rio<\/span><br style=\"font-family: tahoma; font-size: 12px;\"><br style=\"font-family: tahoma; font-size: 12px;\"><span style=\"font-family: tahoma; font-size: 12px;\">Apresenta\u00e7\u00e3o:<\/span><br style=\"font-family: tahoma; font-size: 12px;\"><span style=\"font-family: tahoma; font-size: 12px;\">Frasco contendo 100 mL.<\/span><span style=\"font-family: tahoma; font-size: 12px;\"><br \/><\/span><\/p>\n","protected":false},"excerpt":{"rendered":"<p>O composto fosf\u00f3rico, tal como o utilizado no Catosal, estimula os processos de assimila\u00e7\u00e3o no organismo e exerce, assim, uma atividade anab\u00f3lica.<\/p>\n","protected":false},"featured_media":16167,"template":"","meta":{"_acf_changed":false},"product_brand":[964],"product_cat":[164,163,173,178,194],"product_tag":[1019],"class_list":{"0":"post-16166","1":"product","2":"type-product","3":"status-publish","4":"has-post-thumbnail","6":"product_brand-bayer","7":"product_cat-bovinos-e-ovinos","8":"product_cat-equinos","9":"product_cat-suplementos-e-vitaminas","10":"product_cat-suplementos-e-vitaminas-2","11":"product_cat-todos-os-produtos","12":"product_tag-bayer","14":"first","15":"instock","16":"shipping-taxable","17":"purchasable","18":"product-type-simple"},"acf":[],"_links":{"self":[{"href":"https:\/\/vetsul.com\/index.php\/wp-json\/wp\/v2\/product\/16166","targetHints":{"allow":["GET"]}}],"collection":[{"href":"https:\/\/vetsul.com\/index.php\/wp-json\/wp\/v2\/product"}],"about":[{"href":"https:\/\/vetsul.com\/index.php\/wp-json\/wp\/v2\/types\/product"}],"wp:featuredmedia":[{"embeddable":true,"href":"https:\/\/vetsul.com\/index.php\/wp-json\/wp\/v2\/media\/16167"}],"wp:attachment":[{"href":"https:\/\/vetsul.com\/index.php\/wp-json\/wp\/v2\/media?parent=16166"}],"wp:term":[{"taxonomy":"product_brand","embeddable":true,"href":"https:\/\/vetsul.com\/index.php\/wp-json\/wp\/v2\/product_brand?post=16166"},{"taxonomy":"product_cat","embeddable":true,"href":"https:\/\/vetsul.com\/index.php\/wp-json\/wp\/v2\/product_cat?post=16166"},{"taxonomy":"product_tag","embeddable":true,"href":"https:\/\/vetsul.com\/index.php\/wp-json\/wp\/v2\/product_tag?post=16166"}],"curies":[{"name":"wp","href":"https:\/\/api.w.org\/{rel}","templated":true}]}}