{"id":16164,"date":"2018-01-02T09:54:21","date_gmt":"2018-01-02T11:54:21","guid":{"rendered":"http:\/\/35.194.95.18\/wp-admin\/?post_type=product&#038;p=16164"},"modified":"2025-04-08T11:11:19","modified_gmt":"2025-04-08T14:11:19","slug":"catofos-b12-100ml","status":"publish","type":"product","link":"https:\/\/vetsul.com\/index.php\/product\/catofos-b12-100ml\/","title":{"rendered":"Catofos B12 100ml"},"content":{"rendered":"<h3 style=\"margin-right: 0px; margin-bottom: 0px; margin-left: 0px; padding: 0px; border: 0px; outline: none; list-style: none; color: rgb(93, 93, 93); font-family: Roboto, sans-serif; text-align: justify;\"><strong style=\"margin: 0px; padding: 0px; border: 0px; outline: none; list-style: none;\">F\u00f3rmula<\/strong><\/h3>\n<p style=\"margin-bottom: 15px; padding: 0px; border: 0px; outline: none; list-style: none; color: rgb(83, 83, 83); font-size: 12px; font-family: Roboto, sans-serif; text-align: justify;\">Cada 100 mL do produto cont\u00e9m:<br style=\"margin: 0px; padding: 0px; border: 0px; outline: none; list-style: none;\">Butafosfan: 10 g<br style=\"margin: 0px; padding: 0px; border: 0px; outline: none; list-style: none;\">Cianocobalamina (Vitamina B12): 0,005 g<br style=\"margin: 0px; padding: 0px; border: 0px; outline: none; list-style: none;\">Ve\u00edculo q.s.p.: 100 mL<\/p>\n<h3 style=\"margin-right: 0px; margin-bottom: 0px; margin-left: 0px; padding: 0px; border: 0px; outline: none; list-style: none; color: rgb(93, 93, 93); font-family: Roboto, sans-serif; text-align: justify;\"><strong style=\"margin: 0px; padding: 0px; border: 0px; outline: none; list-style: none;\">Modo de uso e dosagem<\/strong><\/h3>\n<p style=\"margin-bottom: 15px; padding: 0px; border: 0px; outline: none; list-style: none; color: rgb(83, 83, 83); font-size: 12px; font-family: Roboto, sans-serif; text-align: justify;\">O Catof\u00f3s\u00ae B12 deve ser administrado nas seguintes doses, pelas vias intramuscular, intravenosa ou subcut\u00e2nea, uma vez ao dia, por at\u00e9 duas semanas. As doses podem ser alteradas a crit\u00e9rio do M\u00e9dico Veterin\u00e1rio:<\/p>\n<p style=\"margin-bottom: 15px; padding: 0px; border: 0px; outline: none; list-style: none; color: rgb(83, 83, 83); font-size: 12px; font-family: Roboto, sans-serif; text-align: justify;\">Bovinos e equinos adultos: 5 a 25 mL<br style=\"margin: 0px; padding: 0px; border: 0px; outline: none; list-style: none;\">Bezerros e potros: 5 a 12 mL<br style=\"margin: 0px; padding: 0px; border: 0px; outline: none; list-style: none;\">Su\u00ednos: 2,5 a 10 mL<br style=\"margin: 0px; padding: 0px; border: 0px; outline: none; list-style: none;\">Leit\u00f5es: 1 a 2,5 mL<br style=\"margin: 0px; padding: 0px; border: 0px; outline: none; list-style: none;\">Ovinos e Caprinos: 2,5 a 5 mL<br style=\"margin: 0px; padding: 0px; border: 0px; outline: none; list-style: none;\">Cordeiros: 1,5 a 2,5 mL<\/p>\n","protected":false},"excerpt":{"rendered":"<p>F\u00f3rmula Cada 100 mL do produto cont\u00e9m:Butafosfan: 10 gCianocobalamina (Vitamina B12): 0,005 gVe\u00edculo q.s.p.: 100 mL Modo de uso e dosagem O<\/p>\n","protected":false},"featured_media":16165,"template":"","meta":{"_acf_changed":false},"product_brand":[957],"product_cat":[173,178],"product_tag":[797],"class_list":{"0":"post-16164","1":"product","2":"type-product","3":"status-publish","4":"has-post-thumbnail","6":"product_brand-j-a-saude-animal","7":"product_cat-suplementos-e-vitaminas","8":"product_cat-suplementos-e-vitaminas-2","9":"product_tag-ja-saude-animal","11":"first","12":"outofstock","13":"purchasable","14":"product-type-simple"},"acf":[],"_links":{"self":[{"href":"https:\/\/vetsul.com\/index.php\/wp-json\/wp\/v2\/product\/16164","targetHints":{"allow":["GET"]}}],"collection":[{"href":"https:\/\/vetsul.com\/index.php\/wp-json\/wp\/v2\/product"}],"about":[{"href":"https:\/\/vetsul.com\/index.php\/wp-json\/wp\/v2\/types\/product"}],"wp:featuredmedia":[{"embeddable":true,"href":"https:\/\/vetsul.com\/index.php\/wp-json\/wp\/v2\/media\/16165"}],"wp:attachment":[{"href":"https:\/\/vetsul.com\/index.php\/wp-json\/wp\/v2\/media?parent=16164"}],"wp:term":[{"taxonomy":"product_brand","embeddable":true,"href":"https:\/\/vetsul.com\/index.php\/wp-json\/wp\/v2\/product_brand?post=16164"},{"taxonomy":"product_cat","embeddable":true,"href":"https:\/\/vetsul.com\/index.php\/wp-json\/wp\/v2\/product_cat?post=16164"},{"taxonomy":"product_tag","embeddable":true,"href":"https:\/\/vetsul.com\/index.php\/wp-json\/wp\/v2\/product_tag?post=16164"}],"curies":[{"name":"wp","href":"https:\/\/api.w.org\/{rel}","templated":true}]}}