{"id":16152,"date":"2018-01-02T09:13:20","date_gmt":"2018-01-02T11:13:20","guid":{"rendered":"http:\/\/35.194.95.18\/wp-admin\/?post_type=product&#038;p=16152"},"modified":"2025-04-03T16:12:14","modified_gmt":"2025-04-03T19:12:14","slug":"capstar-57-mg-6-comprimidos","status":"publish","type":"product","link":"https:\/\/vetsul.com\/index.php\/product\/capstar-57-mg-6-comprimidos\/","title":{"rendered":"CAPSTAR 57 MG &#8211; 6 comprimidos"},"content":{"rendered":"<p><span style=\"font-family: tahoma; font-size: 12px;\">Capstar \u00e9 um tratamento oral de r\u00e1pida a\u00e7\u00e3o nas infesta\u00e7\u00f5es de pulgas em c\u00e3es.<\/span><br style=\"font-family: tahoma; font-size: 12px;\" \/><br style=\"font-family: tahoma; font-size: 12px;\" \/><span style=\"font-family: tahoma; font-size: 12px;\">Capstar \u00e0 base de Nitenpiram, um dos mais eficazes princ\u00edpios ativos utilizados no combate \u00e0s pulgas adultas em c\u00e3es, causa a morte instant\u00e2nea desses insetos, em animais com mais de quatro semanas de idade.<\/span><br style=\"font-family: tahoma; font-size: 12px;\" \/><br style=\"font-family: tahoma; font-size: 12px;\" \/><span style=\"font-family: tahoma; font-size: 12px;\">Devido \u00e0 sua grande rapidez de a\u00e7\u00e3o, Capstar \u00e9 o produto ideal para um al\u00edvio r\u00e1pido numa infesta\u00e7\u00e3o de pulgas adultas em seu animal. Uma \u00fanica dose do produto \u00e9 suficiente, seja qual for o grau da infesta\u00e7\u00e3o.<\/span><br style=\"font-family: tahoma; font-size: 12px;\" \/><br style=\"font-family: tahoma; font-size: 12px;\" \/><span style=\"font-family: tahoma; font-size: 12px;\">Capstar deve ser readministrado sempre que as pulgas adultas reaparecerem. Apresenta ampla vantagem de seguran\u00e7a e efic\u00e1cia de 100{bad89740ab836af8afd78adf22d5854117f226b234e4f8ee83a0ac8d28f68ffc} no controle de pulgas.<\/span><br style=\"font-family: tahoma; font-size: 12px;\" \/><br style=\"font-family: tahoma; font-size: 12px;\" \/><span style=\"font-family: tahoma; font-size: 12px;\">N\u00e3o recomendado para ser administrado em filhotes de c\u00e3es com menos do que quatro semanas de vida.<\/span><\/p>\n<p><span style=\"font-family: tahoma; font-size: 12px;\">F\u00f3rmula:<\/span><br style=\"font-family: tahoma; font-size: 12px;\" \/><span style=\"font-family: tahoma; font-size: 12px;\">Cada 100 mg cont\u00e9m:<\/span><br style=\"font-family: tahoma; font-size: 12px;\" \/><span style=\"font-family: tahoma; font-size: 12px;\">Nitenpiram &#8230;&#8230;&#8230;&#8230;&#8230;&#8230;&#8230;&#8230;&#8230;&#8230;&#8230;&#8230;&#8230;&#8230;&#8230;&#8230;&#8230;&#8230;&#8230;&#8230;&#8230;&#8230;&#8230;&#8230;&#8230;&#8230;&#8230;.. 11,4 mg<\/span><br style=\"font-family: tahoma; font-size: 12px;\" \/><span style=\"font-family: tahoma; font-size: 12px;\">Excipiente q.s.p. &#8230;&#8230;&#8230;&#8230;&#8230;&#8230;&#8230;&#8230;&#8230;&#8230;&#8230;&#8230;&#8230;&#8230;&#8230;&#8230;&#8230;&#8230;&#8230;&#8230;&#8230;&#8230;&#8230;&#8230;. 100,0 mg<\/span><br style=\"font-family: tahoma; font-size: 12px;\" \/><br style=\"font-family: tahoma; font-size: 12px;\" \/><span style=\"font-family: tahoma; font-size: 12px;\">Indica\u00e7\u00f5es:<\/span><br style=\"font-family: tahoma; font-size: 12px;\" \/><span style=\"font-family: tahoma; font-size: 12px;\">CAPSTAR \u00e9 indicado em todos os casos em que se deseja uma r\u00e1pida e segura elimina\u00e7\u00e3o das pulgas adultas, que estejam infestando c\u00e3es e gatos com mais de quatro semanas de idade.<\/span><br style=\"font-family: tahoma; font-size: 12px;\" \/><span style=\"font-family: tahoma; font-size: 12px;\">A infesta\u00e7\u00e3o de pulgas e doen\u00e7as correlacionadas est\u00e3o entre as principais causas da visita de propriet\u00e1rios de c\u00e3es e gatos \u00e0 cl\u00ednica veterin\u00e1ria. Uma grande quantidade de produtos est\u00e3o dispon\u00edveis hoje para o tratamento da infesta\u00e7\u00e3o de pulgas em c\u00e3es e gatos. Embora a maioria deles seja capaz de oferecer bons resultados, a percep\u00e7\u00e3o de sua efic\u00e1cia \u00e9 relativamente baixa, devido a aplica\u00e7\u00e3o inadequada ou ao relativo baixo efeito knock-down frente a infesta\u00e7\u00f5es mais severas.<\/span><br style=\"font-family: tahoma; font-size: 12px;\" \/><span style=\"font-family: tahoma; font-size: 12px;\">CAPSTAR \u00e9 um produto formulado a base de NITENPIRAM, um inseticida pertencente ao grupo das Nitroenaminas. Nitenpiram \u00e9 um adulticida indicado para o controle de pulgas, que oferece um r\u00e1pido knock-down, associado a um conveniente modo de usar, a via oral. CAPSTAR apresenta ampla vantagem de seguran\u00e7a e efic\u00e1cia de 100{bad89740ab836af8afd78adf22d5854117f226b234e4f8ee83a0ac8d28f68ffc} no controle de pulgas. Devido a sua r\u00e1pida elimina\u00e7\u00e3o \u00e9 o produto ideal para ser utilizado em combina\u00e7\u00e3o com reguladores de crescimento de insetos, ou em circunst\u00e2ncias onde seja requerido o controle imediato da infesta\u00e7\u00e3o.<\/span><br style=\"font-family: tahoma; font-size: 12px;\" \/><br style=\"font-family: tahoma; font-size: 12px;\" \/><span style=\"font-family: tahoma; font-size: 12px;\">Propriedades e Mecanismo de A\u00e7\u00e3o:<\/span><br style=\"font-family: tahoma; font-size: 12px;\" \/><span style=\"font-family: tahoma; font-size: 12px;\">CAPSTAR \u00e9 formulado na forma de comprimidos de cor branca, ligeiramente amarelados, biconvexos, de bordas arredondadas, o que facilita a administra\u00e7\u00e3o.<\/span><br style=\"font-family: tahoma; font-size: 12px;\" \/><span style=\"font-family: tahoma; font-size: 12px;\">NITENPIRAM, ingrediente ativo do CAPSTAR, atua bloqueando os receptores nicot\u00ednicos da acetilcolina, provocando a paralise dos insetos e sua morte. N\u00e3o interfere com a acetilcolinesterase.<\/span><br style=\"font-family: tahoma; font-size: 12px;\" \/><span style=\"font-family: tahoma; font-size: 12px;\">Ap\u00f3s a administra\u00e7\u00e3o oral dos comprimidos, NITENPIRAM \u00e9 rapidamente absorvido a partir do trato gastrintestinal. As concentra\u00e7\u00f5es sang\u00fc\u00edneas m\u00e1ximas s\u00e3o alcan\u00e7adas entre 15 minutos a uma hora ap\u00f3s a administra\u00e7\u00e3o.<\/span><br style=\"font-family: tahoma; font-size: 12px;\" \/><span style=\"font-family: tahoma; font-size: 12px;\">Mais de 90{bad89740ab836af8afd78adf22d5854117f226b234e4f8ee83a0ac8d28f68ffc} do princ\u00edpio ativo \u00e9 eliminado por via urin\u00e1ria, dentro de 24 horas, em c\u00e3es e em 72 horas em gatos, principalmente na forma de mol\u00e9cula n\u00e3o metabolizada.\u00a0<\/span><br style=\"font-family: tahoma; font-size: 12px;\" \/><span style=\"font-family: tahoma; font-size: 12px;\">As pulgas que se alimentarem de sangue de animais tratados com CAPSTAR, na dose de 1 mg\/kg de peso corporal, apresentam uma mortalidade de 100{bad89740ab836af8afd78adf22d5854117f226b234e4f8ee83a0ac8d28f68ffc}. Estudos demonstram que as pulgas come\u00e7am a cair do hospedeiro de 30 a 60 minutos ap\u00f3s a administra\u00e7\u00e3o do produto.<\/span><br style=\"font-family: tahoma; font-size: 12px;\" \/><br style=\"font-family: tahoma; font-size: 12px;\" \/><span style=\"font-family: tahoma; font-size: 12px;\">Dosagem:<\/span><br style=\"font-family: tahoma; font-size: 12px;\" \/><span style=\"font-family: tahoma; font-size: 12px;\">A dose a administrar de CAPSTAR \u00e9 de 1 mg\/kg de peso corporal ao dia, ou de acordo com a seguinte recomenda\u00e7\u00e3o:<\/span><br style=\"font-family: tahoma; font-size: 12px;\" \/><span style=\"font-family: tahoma; font-size: 12px;\">&#8211; GATOS &#8211; 01 (um) comprimido de 11,4 mg ao dia.<\/span><br style=\"font-family: tahoma; font-size: 12px;\" \/><span style=\"font-family: tahoma; font-size: 12px;\">&#8211; C\u00c3ES &#8211; Animais com at\u00e9 11,4 kg = 1 (um) comprimido de 11,4 mg ao dia<\/span><br style=\"font-family: tahoma; font-size: 12px;\" \/><span style=\"font-family: tahoma; font-size: 12px;\">Animais com peso de 11,4 a 57 kg = 1 (um) comprimido de 57 mg ao dia<\/span><br style=\"font-family: tahoma; font-size: 12px;\" \/><span style=\"font-family: tahoma; font-size: 12px;\">OBS:<\/span><br style=\"font-family: tahoma; font-size: 12px;\" \/><span style=\"font-family: tahoma; font-size: 12px;\">&#8211; O per\u00edodo de uso depender\u00e1 do n\u00edvel de infesta\u00e7\u00e3o. N\u00e3o h\u00e1 necessidade de aplicar mais de uma dose di\u00e1ria.<\/span><br style=\"font-family: tahoma; font-size: 12px;\" \/><span style=\"font-family: tahoma; font-size: 12px;\">&#8211; O M\u00e9dico Veterin\u00e1rio orientar\u00e1 o tempo de uso do produto, bem como o intervalo entre as administra\u00e7\u00f5es..<\/span><br style=\"font-family: tahoma; font-size: 12px;\" \/><span style=\"font-family: tahoma; font-size: 12px;\">&#8211; CAPSTAR pode ser administrado em c\u00e3es gestantes e lactantes.<\/span><br style=\"font-family: tahoma; font-size: 12px;\" \/><br style=\"font-family: tahoma; font-size: 12px;\" \/><span style=\"font-family: tahoma; font-size: 12px;\">Ambientes Infestantes<\/span><br style=\"font-family: tahoma; font-size: 12px;\" \/><span style=\"font-family: tahoma; font-size: 12px;\">&#8211; Em estabelecimentos de banho e tosa &#8211; para evitar que os animais voltem \u00e0s resid\u00eancias infestados, uma \u00fanica dose, administrada logo que o animal chega ao estabelecimento \u00e9 suficiente.<\/span><br style=\"font-family: tahoma; font-size: 12px;\" \/><span style=\"font-family: tahoma; font-size: 12px;\">&#8211; Animais que est\u00e3o expostos a infesta\u00e7\u00f5es espor\u00e1dicas &#8211; animais sujeitos a desafios espor\u00e1dicos, tais como: viagens, exposi\u00e7\u00f5es, etc., a administra\u00e7\u00e3o de uma dose di\u00e1ria durante o tempo em que perdurar o desafio, evitar\u00e1 a ocorr\u00eancia de infesta\u00e7\u00f5es severas e preju\u00edzos para a sa\u00fade do animal.\u00a0<\/span><br style=\"font-family: tahoma; font-size: 12px;\" \/><br style=\"font-family: tahoma; font-size: 12px;\" \/><span style=\"font-family: tahoma; font-size: 12px;\">Controle Estrat\u00e9gico Integrado<\/span><br style=\"font-family: tahoma; font-size: 12px;\" \/><span style=\"font-family: tahoma; font-size: 12px;\">&#8211; Em casos de controle de infesta\u00e7\u00f5es j\u00e1 estabelecidas &#8211; devido \u00e0 variabilidade do n\u00edvel de infesta\u00e7\u00e3o nas diferentes regi\u00f5es clim\u00e1ticas, a dura\u00e7\u00e3o e freq\u00fc\u00eancia dos tratamentos requeridos podem variar consideravelmente. Para melhores resultados, o tratamento com CAPSTAR pode ser associado com IDIs (Inibidores do Desenvolvimento de Insetos) ou RDIs (Reguladores do Desenvolvimento de Insetos), CAPSTAR age matando rapidamente as pulgas adultas no animal, enquanto que, os IDIs e RDIs impedem o desenvolvimento de ovos e larvas no ambiente, evitando a forma\u00e7\u00e3o de fontes permanentes de reinfesta\u00e7\u00e3o. Este tratamento estrat\u00e9gico oferece os melhores resultados aos donos dos animais, garantindo, a curto prazo, o controle de pulgas no animal e no ambiente.<\/span><br style=\"font-family: tahoma; font-size: 12px;\" \/><br style=\"font-family: tahoma; font-size: 12px;\" \/><span style=\"font-family: tahoma; font-size: 12px;\">Administra\u00e7\u00e3o:<\/span><br style=\"font-family: tahoma; font-size: 12px;\" \/><span style=\"font-family: tahoma; font-size: 12px;\">CAPSTAR deve ser administrado numa \u00fanica dose, por via oral, sempre que se observar pulgas infestando os c\u00e3es e gatos. As pulgas adultas s\u00e3o rapidamente eliminadas (no m\u00e1ximo em seis horas) ap\u00f3s a administra\u00e7\u00e3o do produto. N\u00e3o existe nenhuma recomenda\u00e7\u00e3o de regime alimentar para a administra\u00e7\u00e3o de CAPSTAR, podendo ser junto com alimentos ou n\u00e3o.<\/span><br style=\"font-family: tahoma; font-size: 12px;\" \/><span style=\"font-family: tahoma; font-size: 12px;\">O produto pode ser usado nas mais variadas situa\u00e7\u00f5es de infesta\u00e7\u00e3o de pulgas em c\u00e3es e gatos.<\/span><br style=\"font-family: tahoma; font-size: 12px;\" \/><br style=\"font-family: tahoma; font-size: 12px;\" \/><span style=\"font-family: tahoma; font-size: 12px;\">Precau\u00e7\u00f5es:<\/span><br style=\"font-family: tahoma; font-size: 12px;\" \/><span style=\"font-family: tahoma; font-size: 12px;\">Contra-Indica\u00e7\u00f5es<\/span><br style=\"font-family: tahoma; font-size: 12px;\" \/><span style=\"font-family: tahoma; font-size: 12px;\">N\u00e3o existem contra-indica\u00e7\u00f5es conhecidas ou rea\u00e7\u00f5es adversas \u00e0 administra\u00e7\u00e3o do produto, bem como, n\u00e3o \u00e9 conhecida incompatibilidade com outros compostos indicados para o controle de pulgas.<\/span><br style=\"font-family: tahoma; font-size: 12px;\" \/><br style=\"font-family: tahoma; font-size: 12px;\" \/><span style=\"font-family: tahoma; font-size: 12px;\">Tolerabilidade\u00a0<\/span><br style=\"font-family: tahoma; font-size: 12px;\" \/><span style=\"font-family: tahoma; font-size: 12px;\">Estudos de seguran\u00e7a foram realizados tendo como base a dose m\u00ednima de 1 mg\/kg, tanto para c\u00e3es como para gatos.\u00a0<\/span><br style=\"font-family: tahoma; font-size: 12px;\" \/><span style=\"font-family: tahoma; font-size: 12px;\">N\u00e3o se observaram sintomas de intoxica\u00e7\u00e3o nos ensaios com ninhada de gatos de 8 e 16 semanas de idade, bem como com filhotes de c\u00e3es de 7 e 16 semanas de idade, que receberam diariamente, durante duas semanas, aproximadamente 5 vezes a dose recomendada. Sintomas adversos foram observados quando se dobrou estes n\u00edveis de dosagem, manifestados pela passagem de fezes moles e exacerba\u00e7\u00e3o na freq\u00fc\u00eancia do ato de lamber-se. Estes sintomas s\u00e3o de curta dura\u00e7\u00e3o, desaparecendo cerca de 8 horas ap\u00f3s a administra\u00e7\u00e3o do produto.<\/span><br style=\"font-family: tahoma; font-size: 12px;\" \/><span style=\"font-family: tahoma; font-size: 12px;\">NITEMPIRAM tem demonstrado ser bem tolerado quando administrado a c\u00e3es e gatos para elimina\u00e7\u00e3o de pulgas adultas.<\/span><br style=\"font-family: tahoma; font-size: 12px;\" \/><br style=\"font-family: tahoma; font-size: 12px;\" \/><span style=\"font-family: tahoma; font-size: 12px;\">Precau\u00e7\u00f5es<\/span><br style=\"font-family: tahoma; font-size: 12px;\" \/><span style=\"font-family: tahoma; font-size: 12px;\">Recomenda-se n\u00e3o administrar a filhotes de c\u00e3es ou gatos com menos de quatro semanas de vida.\u00a0<\/span><br style=\"font-family: tahoma; font-size: 12px;\" \/><span style=\"font-family: tahoma; font-size: 12px;\">Conservar o produto em local seco e ao abrigo da luz solar direta, em temperatura inferior a 25\u00baC, fora do alcan\u00e7e de crian\u00e7as e animais dom\u00e9sticos.<\/span><br style=\"font-family: tahoma; font-size: 12px;\" \/><br style=\"font-family: tahoma; font-size: 12px;\" \/><span style=\"font-family: tahoma; font-size: 12px;\">Apresenta\u00e7\u00e3o:<\/span><br style=\"font-family: tahoma; font-size: 12px;\" \/><span style=\"font-family: tahoma; font-size: 12px;\">Blister de alum\u00ednio contendo 6 comprimidos, acondicionados em cartelas contendo 1 ou 2 blisters com 6 comprimidos de 11,4 mg ou 57 mg<\/span><br style=\"font-family: tahoma; font-size: 12px;\" \/><br style=\"font-family: tahoma; font-size: 12px;\" \/><span style=\"font-family: tahoma; font-size: 12px;\">Classe Terap\u00eautica:<\/span><br style=\"font-family: tahoma; font-size: 12px;\" \/><span style=\"font-family: tahoma; font-size: 12px;\">ECTOPARASITICIDAS (ANTI-PARASIT\u00c1RIOS)<\/span><br style=\"font-family: tahoma; font-size: 12px;\" \/><br style=\"font-family: tahoma; font-size: 12px;\" \/><span style=\"font-family: tahoma; font-size: 12px;\">Princ\u00edpio(s) Ativo(s):<\/span><br style=\"font-family: tahoma; font-size: 12px;\" \/><span style=\"font-family: tahoma; font-size: 12px;\">NITEMPIRAM<\/span><br style=\"font-family: tahoma; font-size: 12px;\" \/><br style=\"font-family: tahoma; font-size: 12px;\" \/><span style=\"font-family: tahoma; font-size: 12px;\">Registro no Minist\u00e9rio da Agricultura, Pecu\u00e1ria e Abastecimento:<\/span><br style=\"font-family: tahoma; font-size: 12px;\" \/><span style=\"font-family: tahoma; font-size: 12px;\">6.842 em 12\/04\/1999<\/span><br style=\"font-family: tahoma; font-size: 12px;\" \/><br style=\"font-family: tahoma; font-size: 12px;\" \/><span style=\"font-family: tahoma; font-size: 12px;\">Respons\u00e1vel T\u00e9cnico:<\/span><br style=\"font-family: tahoma; font-size: 12px;\" \/><span style=\"font-family: tahoma; font-size: 12px;\">Denis Frota Daflon &#8211; CRMV: SP 23802<\/span><br style=\"font-family: tahoma; font-size: 12px;\" \/><br style=\"font-family: tahoma; font-size: 12px;\" \/><span style=\"font-family: tahoma; font-size: 12px;\">Servi\u00e7o de Atendimento ao Consumidor:<\/span><br style=\"font-family: tahoma; font-size: 12px;\" \/><span style=\"font-family: tahoma; font-size: 12px;\">0800 888 8280<\/span><span style=\"font-family: tahoma; font-size: 12px;\"><br \/>\n<\/span><\/p>\n","protected":false},"excerpt":{"rendered":"<p>Capstar \u00e9 um tratamento oral de r\u00e1pida a\u00e7\u00e3o nas infesta\u00e7\u00f5es de pulgas em c\u00e3es.Capstar \u00e0 base de Nitenpiram, um dos mais eficazes<\/p>\n","protected":false},"featured_media":16153,"template":"","meta":{"_acf_changed":false},"product_brand":[],"product_cat":[165,194,184],"product_tag":[1073],"class_list":{"0":"post-16152","1":"product","2":"type-product","3":"status-publish","4":"has-post-thumbnail","6":"product_cat-pet","7":"product_cat-todos-os-produtos","8":"product_cat-vermifugos-e-carrapaticidas-2","9":"product_tag-novartis","11":"first","12":"instock","13":"purchasable","14":"product-type-simple"},"acf":[],"_links":{"self":[{"href":"https:\/\/vetsul.com\/index.php\/wp-json\/wp\/v2\/product\/16152","targetHints":{"allow":["GET"]}}],"collection":[{"href":"https:\/\/vetsul.com\/index.php\/wp-json\/wp\/v2\/product"}],"about":[{"href":"https:\/\/vetsul.com\/index.php\/wp-json\/wp\/v2\/types\/product"}],"wp:featuredmedia":[{"embeddable":true,"href":"https:\/\/vetsul.com\/index.php\/wp-json\/wp\/v2\/media\/16153"}],"wp:attachment":[{"href":"https:\/\/vetsul.com\/index.php\/wp-json\/wp\/v2\/media?parent=16152"}],"wp:term":[{"taxonomy":"product_brand","embeddable":true,"href":"https:\/\/vetsul.com\/index.php\/wp-json\/wp\/v2\/product_brand?post=16152"},{"taxonomy":"product_cat","embeddable":true,"href":"https:\/\/vetsul.com\/index.php\/wp-json\/wp\/v2\/product_cat?post=16152"},{"taxonomy":"product_tag","embeddable":true,"href":"https:\/\/vetsul.com\/index.php\/wp-json\/wp\/v2\/product_tag?post=16152"}],"curies":[{"name":"wp","href":"https:\/\/api.w.org\/{rel}","templated":true}]}}