{"id":16142,"date":"2017-12-29T16:37:53","date_gmt":"2017-12-29T18:37:53","guid":{"rendered":"http:\/\/35.194.95.18\/wp-admin\/?post_type=product&#038;p=16142"},"modified":"2025-08-09T10:36:39","modified_gmt":"2025-08-09T13:36:39","slug":"calfon-500ml","status":"publish","type":"product","link":"https:\/\/vetsul.com\/index.php\/product\/calfon-500ml\/","title":{"rendered":"Calfon 500ml"},"content":{"rendered":"<h1 style=\"margin-bottom: 20px;padding: 0px;font-size: 20px;, Arial, sans-serif;font-weight: bold;line-height: 24px\">Calfon<span style=\"margin: 0px;padding: 0px;font-size: 15px;line-height: 0;vertical-align: baseline\">\u00ae<\/span><\/h1>\n<h2 style=\"margin: 20px 0px 10px;padding: 0px;, Arial, sans-serif;font-weight: bold;line-height: 16px;font-size: 15px\">\n<p style=\"margin-bottom: 15px;padding: 0px;font-size: 13px;font-weight: 400\">Vaca em p\u00e9, produ\u00e7\u00e3o em alta.<\/p>\n<p style=\"margin-bottom: 15px;padding: 0px;font-size: 13px;font-weight: 400\"><b style=\"margin: 0px;padding: 0px\">Calfon<span style=\"margin: 0px;padding: 0px;font-size: 9.75px;line-height: 0;vertical-align: baseline\">\u00ae<\/span><\/b>&nbsp;\u00e9 um t\u00f4nico, restaurador org\u00e2nico e antit\u00f3xico injet\u00e1vel \u00e0 base de c\u00e1lcio, magn\u00e9sio e butafosfana (f\u00f3sforo org\u00e2nico)<\/p>\n<\/h2>\n<h2 style=\"margin: 20px 0px 10px;padding: 0px;, Arial, sans-serif;font-weight: bold;line-height: 16px;font-size: 15px\">Composi\u00e7\u00e3o:<\/h2>\n<p class=\"recuo\" style=\"margin-bottom: 15px;padding: 0px 0px 0px 20px;, Arial, sans-serif\">Cada 100mL&nbsp;cont\u00e9m:<br style=\"margin: 0px;padding: 0px\">Gluconato de C\u00e1lcio&#8230;&#8230;&#8230;&#8230;&#8230;&#8230;&#8230;&#8230;&#8230;&#8230;20,00g<br style=\"margin: 0px;padding: 0px\">Cloreto de Magn\u00e9sio 6 H20&#8230;&#8230;&#8230;&#8230;&#8230;&#8230;.6,00g<br style=\"margin: 0px;padding: 0px\">Butafosfana&#8230;&#8230;&#8230;&#8230;&#8230;&#8230;&#8230;&#8230;&#8230;&#8230;&#8230;&#8230;&#8230;&#8230;&#8230;0,40g<br style=\"margin: 0px;padding: 0px\">Ve\u00edculo q.s.p&#8230;&#8230;&#8230;&#8230;&#8230;&#8230;&#8230;&#8230;&#8230;&#8230;&#8230;&#8230;.100,00mL<\/p>\n<h2 style=\"margin: 20px 0px 10px;padding: 0px;, Arial, sans-serif;font-weight: bold;line-height: 16px;font-size: 15px\">Indica\u00e7\u00f5es:<\/h2>\n<p class=\"recuo\" style=\"margin-bottom: 15px;padding: 0px 0px 0px 20px;, Arial, sans-serif\">Paresias, paralisias e tetanias hipocalc\u00eamicas antes, durante e ap\u00f3s o parto e durante a lacta\u00e7\u00e3o (febre vitular, ecl\u00e2mpsia), tetania das pastagens, tetania de viagem (c\u00e2imbras), estados al\u00e9rgicos, urtic\u00e1ria, intoxica\u00e7\u00f5es, exantema, p\u00farpura hemorr\u00e1gica, hemoglobin\u00faria e hemorragias. Perturba\u00e7\u00f5es do metabolismo mineral (defici\u00eancia de Ca, P e Mg) e Aceton\u00faria.<\/p>\n<h2 style=\"margin: 20px 0px 10px;padding: 0px;, Arial, sans-serif;font-weight: bold;line-height: 16px;font-size: 15px\">Modo de usar\/Dosagens:<\/h2>\n<div class=\"recuo\" style=\"margin: 0px;padding: 0px 0px 0px 20px;, Arial, sans-serif\">\n<ul class=\"lista recuo noPadding\" style=\"margin-right: 0px;margin-bottom: 15px;margin-left: 0px;padding-left: 20px;padding-top: 0px !important;padding-right: 0px !important;padding-bottom: 0px !important\">\n<li style=\"margin: 0px;padding: 0px 0px 5px;clear: both\">Equinos e bovinos adultos&#8230;&#8230;&#8230;&#8230;&#8230;&#8230;&#8230;&#8230;&#8230;&#8230;&#8230;&#8230;&#8230;&#8230;&#8230;200mL<\/li>\n<li style=\"margin: 0px;padding: 0px 0px 5px;clear: both\">Potros, bezerros, ovinos,caprinos, su\u00ednos&#8230;&#8230;&#8230;&#8230;..20 &#8211; 30mL<\/li>\n<li style=\"margin: 0px;padding: 0px 0px 5px;clear: both\">Leit\u00f5es&#8230;&#8230;&#8230;&#8230;&#8230;&#8230;&#8230;&#8230;&#8230;&#8230;&#8230;&#8230;&#8230;&#8230;&#8230;&#8230;&#8230;&#8230;&#8230;&#8230;&#8230;&#8230;&#8230;&#8230;&#8230;..2 &#8211; 4mL<\/li>\n<\/ul>\n<p style=\"margin-bottom: 15px;padding: 0px\">O m\u00e9todo mais aconselh\u00e1vel \u00e9 aplicar a metade da dose lentamente por via intravenosa e a outra parte por via subcut\u00e2nea, distribu\u00eddas em diversos pontos. Em casos graves (por exemplo, paralisias e paresias relacionadas ao parto), a dose pode ser repetida duas ou tr\u00eas vezes ao dia, at\u00e9 a remiss\u00e3o dos sintomas. No caso de su\u00ednos, deve-se dar prefer\u00eancia a aplica\u00e7\u00e3o subcut\u00e2nea, pois as vias intravenosa e intramuscular s\u00e3o contraindicadas. Em animais pequenos pode-se tamb\u00e9m aplicar por via intramuscular.<\/p>\n<\/div>\n<h2 style=\"margin: 20px 0px 10px;padding: 0px;, Arial, sans-serif;font-weight: bold;line-height: 16px;font-size: 15px\">Apresenta\u00e7\u00f5es:<\/h2>\n<p class=\"recuo\" style=\"margin-bottom: 15px;padding: 0px 0px 0px 20px;, Arial, sans-serif\">Frascos-ampola de 200mL e 500mL.<\/p>\n","protected":false},"excerpt":{"rendered":"<p>Calfon\u00ae Vaca em p\u00e9, produ\u00e7\u00e3o em alta. Calfon\u00ae&nbsp;\u00e9 um t\u00f4nico, restaurador org\u00e2nico e antit\u00f3xico injet\u00e1vel \u00e0 base de c\u00e1lcio, magn\u00e9sio e butafosfana<\/p>\n","protected":false},"featured_media":16143,"template":"","meta":{"_acf_changed":false},"product_brand":[964],"product_cat":[164,163,173,178,194],"product_tag":[1019],"class_list":{"0":"post-16142","1":"product","2":"type-product","3":"status-publish","4":"has-post-thumbnail","6":"product_brand-bayer","7":"product_cat-bovinos-e-ovinos","8":"product_cat-equinos","9":"product_cat-suplementos-e-vitaminas","10":"product_cat-suplementos-e-vitaminas-2","11":"product_cat-todos-os-produtos","12":"product_tag-bayer","14":"first","15":"instock","16":"shipping-taxable","17":"purchasable","18":"product-type-simple"},"acf":[],"_links":{"self":[{"href":"https:\/\/vetsul.com\/index.php\/wp-json\/wp\/v2\/product\/16142","targetHints":{"allow":["GET"]}}],"collection":[{"href":"https:\/\/vetsul.com\/index.php\/wp-json\/wp\/v2\/product"}],"about":[{"href":"https:\/\/vetsul.com\/index.php\/wp-json\/wp\/v2\/types\/product"}],"wp:featuredmedia":[{"embeddable":true,"href":"https:\/\/vetsul.com\/index.php\/wp-json\/wp\/v2\/media\/16143"}],"wp:attachment":[{"href":"https:\/\/vetsul.com\/index.php\/wp-json\/wp\/v2\/media?parent=16142"}],"wp:term":[{"taxonomy":"product_brand","embeddable":true,"href":"https:\/\/vetsul.com\/index.php\/wp-json\/wp\/v2\/product_brand?post=16142"},{"taxonomy":"product_cat","embeddable":true,"href":"https:\/\/vetsul.com\/index.php\/wp-json\/wp\/v2\/product_cat?post=16142"},{"taxonomy":"product_tag","embeddable":true,"href":"https:\/\/vetsul.com\/index.php\/wp-json\/wp\/v2\/product_tag?post=16142"}],"curies":[{"name":"wp","href":"https:\/\/api.w.org\/{rel}","templated":true}]}}