{"id":16138,"date":"2017-12-29T16:29:33","date_gmt":"2017-12-29T18:29:33","guid":{"rendered":"http:\/\/35.194.95.18\/wp-admin\/?post_type=product&#038;p=16138"},"modified":"2025-08-09T10:36:39","modified_gmt":"2025-08-09T13:36:39","slug":"calciotrat-oral-1-000-ml","status":"publish","type":"product","link":"https:\/\/vetsul.com\/index.php\/product\/calciotrat-oral-1-000-ml\/","title":{"rendered":"Calciotrat ORAL 1.000 ML"},"content":{"rendered":"<p><span style=\"font-family: Roboto, sans-serif; font-size: 12px; text-align: justify;\">Calciotrat SM\u00a0\u00e9 indicado para descalcifica\u00e7\u00e3o em geral, raquitismo febre vitular ou febre do leite, dist\u00farbios do metabolismo c\u00e1lcio-f\u00f3sforo e no auxilio \u00e0 consolida\u00e7\u00e3o do tecido \u00f3sseo e dentes, estimulante do apetite e t\u00f4nico energ\u00e9tico.<\/span><\/p>\n<p><strong style=\"margin: 0px; padding: 0px; border: 0px; font-family: Roboto, sans-serif; font-size: 12px; text-align: justify;\">F\u00f3rmula:<\/strong><br style=\"margin: 0px; padding: 0px; border: 0px; font-family: Roboto, sans-serif; font-size: 12px; text-align: justify;\" \/><br style=\"margin: 0px; padding: 0px; border: 0px; font-family: Roboto, sans-serif; font-size: 12px; text-align: justify;\" \/><span style=\"font-family: Roboto, sans-serif; font-size: 12px; text-align: justify;\">Cada 100mL de\u00a0Calciotrat SM\u00a0cont\u00e9m:<\/span><br style=\"margin: 0px; padding: 0px; border: 0px; font-family: Roboto, sans-serif; font-size: 12px; text-align: justify;\" \/><span style=\"font-family: Roboto, sans-serif; font-size: 12px; text-align: justify;\">Gluconato de C\u00e1lcio &#8211; 2,50g<\/span><br style=\"margin: 0px; padding: 0px; border: 0px; font-family: Roboto, sans-serif; font-size: 12px; text-align: justify;\" \/><span style=\"font-family: Roboto, sans-serif; font-size: 12px; text-align: justify;\">Fosfato Tricalcio &#8211; 2,5g<\/span><br style=\"margin: 0px; padding: 0px; border: 0px; font-family: Roboto, sans-serif; font-size: 12px; text-align: justify;\" \/><span style=\"font-family: Roboto, sans-serif; font-size: 12px; text-align: justify;\">Vitamina A &#8211; 25000UI<\/span><br style=\"margin: 0px; padding: 0px; border: 0px; font-family: Roboto, sans-serif; font-size: 12px; text-align: justify;\" \/><span style=\"font-family: Roboto, sans-serif; font-size: 12px; text-align: justify;\">Vitamina B12 &#8211; 500mcg<\/span><br style=\"margin: 0px; padding: 0px; border: 0px; font-family: Roboto, sans-serif; font-size: 12px; text-align: justify;\" \/><span style=\"font-family: Roboto, sans-serif; font-size: 12px; text-align: justify;\">Vitamina D3 &#8211; 40000UI<\/span><span style=\"font-family: Roboto, sans-serif; font-size: 12px; text-align: justify;\"><br \/>\n<\/span><\/p>\n","protected":false},"excerpt":{"rendered":"<p>Calciotrat SM\u00a0\u00e9 indicado para descalcifica\u00e7\u00e3o em geral, raquitismo febre vitular ou febre do leite, dist\u00farbios do metabolismo c\u00e1lcio-f\u00f3sforo e no auxilio \u00e0<\/p>\n","protected":false},"featured_media":17885,"template":"","meta":{"_acf_changed":false},"product_brand":[],"product_cat":[173,178],"product_tag":[997],"class_list":{"0":"post-16138","1":"product","2":"type-product","3":"status-publish","4":"has-post-thumbnail","6":"product_cat-suplementos-e-vitaminas","7":"product_cat-suplementos-e-vitaminas-2","8":"product_tag-sm","10":"first","11":"instock","12":"purchasable","13":"product-type-simple"},"acf":[],"_links":{"self":[{"href":"https:\/\/vetsul.com\/index.php\/wp-json\/wp\/v2\/product\/16138","targetHints":{"allow":["GET"]}}],"collection":[{"href":"https:\/\/vetsul.com\/index.php\/wp-json\/wp\/v2\/product"}],"about":[{"href":"https:\/\/vetsul.com\/index.php\/wp-json\/wp\/v2\/types\/product"}],"wp:featuredmedia":[{"embeddable":true,"href":"https:\/\/vetsul.com\/index.php\/wp-json\/wp\/v2\/media\/17885"}],"wp:attachment":[{"href":"https:\/\/vetsul.com\/index.php\/wp-json\/wp\/v2\/media?parent=16138"}],"wp:term":[{"taxonomy":"product_brand","embeddable":true,"href":"https:\/\/vetsul.com\/index.php\/wp-json\/wp\/v2\/product_brand?post=16138"},{"taxonomy":"product_cat","embeddable":true,"href":"https:\/\/vetsul.com\/index.php\/wp-json\/wp\/v2\/product_cat?post=16138"},{"taxonomy":"product_tag","embeddable":true,"href":"https:\/\/vetsul.com\/index.php\/wp-json\/wp\/v2\/product_tag?post=16138"}],"curies":[{"name":"wp","href":"https:\/\/api.w.org\/{rel}","templated":true}]}}