{"id":16114,"date":"2017-12-29T14:30:08","date_gmt":"2017-12-29T16:30:08","guid":{"rendered":"http:\/\/35.194.95.18\/wp-admin\/?post_type=product&#038;p=16114"},"modified":"2025-02-24T16:28:31","modified_gmt":"2025-02-24T19:28:31","slug":"braite-abrilhantador-500ml-c-aplicador-winner-horse","status":"publish","type":"product","link":"https:\/\/vetsul.com\/index.php\/product\/braite-abrilhantador-500ml-c-aplicador-winner-horse\/","title":{"rendered":"BRAITE ABRILHANTADOR 500ML C\/APLICADOR WINNER HORSE"},"content":{"rendered":"<p style=\"border: 0px; padding: 0px; position: relative; z-index: 0; background-image: none; background-position: initial; background-size: initial; background-repeat: initial; background-attachment: initial; background-origin: initial; background-clip: initial; margin-top: 5px; margin-bottom: 0px; width: auto; color: rgb(85, 85, 85); font-size: 12px; line-height: 20px;\">Apresenta\u00e7\u00e3o: 500ml c\/ aplicador<\/p>\n<p style=\"border: 0px; padding: 0px; position: relative; z-index: 0; background-image: none; background-position: initial; background-size: initial; background-repeat: initial; background-attachment: initial; background-origin: initial; background-clip: initial; margin-top: 5px; margin-bottom: 0px; width: auto; color: rgb(85, 85, 85); font-size: 12px; line-height: 20px;\">Frasco com Spray &#8211; Edi\u00e7\u00e3o Comemorativa<\/p>\n<p style=\"border: 0px; padding: 0px; position: relative; z-index: 0; background-image: none; background-position: initial; background-size: initial; background-repeat: initial; background-attachment: initial; background-origin: initial; background-clip: initial; margin-top: 5px; margin-bottom: 0px; width: auto; color: rgb(85, 85, 85); font-size: 12px; line-height: 20px; text-align: center;\">&nbsp;<\/p>\n<p style=\"border: 0px; padding: 0px; position: relative; z-index: 0; background-image: none; background-position: initial; background-size: initial; background-repeat: initial; background-attachment: initial; background-origin: initial; background-clip: initial; margin-bottom: 0px; width: auto; font-family: Arial, Helvetica, sans-serif; color: rgb(47, 47, 47); font-size: 12px; line-height: 16.2px;\"><strong>Braite Abrilhantador&nbsp;<\/strong>desembara\u00e7a, protege, amacia, d\u00e1 brilho a crina, cauda e pelagem. Facilita a escova\u00e7\u00e3o, impede a ader\u00eancia de poeira e serragem. Indicado para eq\u00fcinos, bovinos e c\u00e3es. N\u00e3o \u00e9 \u00f3leo nem creme rinse.<\/p>\n<p style=\"border: 0px; padding: 0px; position: relative; z-index: 0; background-image: none; background-position: initial; background-size: initial; background-repeat: initial; background-attachment: initial; background-origin: initial; background-clip: initial; margin-bottom: 0px; width: auto; font-family: Arial, Helvetica, sans-serif; color: rgb(47, 47, 47); font-size: 12px; line-height: 16.2px;\">Produz um excelente brilho<\/p>\n<p style=\"border: 0px; padding: 0px; position: relative; z-index: 0; background-image: none; background-position: initial; background-size: initial; background-repeat: initial; background-attachment: initial; background-origin: initial; background-clip: initial; margin-bottom: 0px; width: auto; font-family: Arial, Helvetica, sans-serif; color: rgb(47, 47, 47); font-size: 12px; line-height: 16.2px;\">Desembara\u00e7a e fortalece a crina e a cauda<\/p>\n<p style=\"border: 0px; padding: 0px; position: relative; z-index: 0; background-image: none; background-position: initial; background-size: initial; background-repeat: initial; background-attachment: initial; background-origin: initial; background-clip: initial; margin-bottom: 0px; width: auto; font-family: Arial, Helvetica, sans-serif; color: rgb(47, 47, 47); font-size: 12px; line-height: 16.2px;\">Economia de horas na prepara\u00e7\u00e3o de animais para exposi\u00e7\u00e3o e leil\u00f5es<\/p>\n<p style=\"border: 0px; padding: 0px; position: relative; z-index: 0; background-image: none; background-position: initial; background-size: initial; background-repeat: initial; background-attachment: initial; background-origin: initial; background-clip: initial; margin-bottom: 0px; width: auto; font-family: Arial, Helvetica, sans-serif; color: rgb(47, 47, 47); font-size: 12px; line-height: 16.2px;\">&nbsp;<\/p>\n<p style=\"border: 0px; padding: 0px; position: relative; z-index: 0; background-image: none; background-position: initial; background-size: initial; background-repeat: initial; background-attachment: initial; background-origin: initial; background-clip: initial; margin-bottom: 0px; width: auto; font-family: Arial, Helvetica, sans-serif; color: rgb(47, 47, 47); font-size: 12px; line-height: 16.2px;\"><strong style=\"margin: 0px; padding: 0px;\">Recomenda\u00e7\u00f5es:<\/strong>&nbsp;<\/p>\n<p style=\"border: 0px; padding: 0px; position: relative; z-index: 0; background-image: none; background-position: initial; background-size: initial; background-repeat: initial; background-attachment: initial; background-origin: initial; background-clip: initial; margin-bottom: 0px; width: auto; font-family: Arial, Helvetica, sans-serif; color: rgb(47, 47, 47); font-size: 12px; line-height: 16.2px;\">Lave e enx\u00e1gue bem o animal. Remova o excesso de \u00e1gua e em seguida pulverize pequena quantidade de Braite Abrilhantador, espalhe e escove. Deixe secar completamente antes de encilhar o animal. Uma aplica\u00e7\u00e3o semanal \u00e9 o suficiente.Em caso de hipersensibilidade ao produto, descontinuar o uso.N\u00e3o usar na regi\u00e3o da sela para evitar que arreios mal colocados deslizem e caiam.<\/p>\n","protected":false},"excerpt":{"rendered":"<p>Apresenta\u00e7\u00e3o: 500ml c\/ aplicador Frasco com Spray &#8211; Edi\u00e7\u00e3o Comemorativa &nbsp; Braite Abrilhantador&nbsp;desembara\u00e7a, protege, amacia, d\u00e1 brilho a crina, cauda e pelagem.<\/p>\n","protected":false},"featured_media":16115,"template":"","meta":{"_acf_changed":false},"product_brand":[],"product_cat":[164,163,166,194],"product_tag":[],"class_list":{"0":"post-16114","1":"product","2":"type-product","3":"status-publish","4":"has-post-thumbnail","6":"product_cat-bovinos-e-ovinos","7":"product_cat-equinos","8":"product_cat-equipamentos-utensilios-e-materiais-hospitalares","9":"product_cat-todos-os-produtos","11":"first","12":"instock","13":"shipping-taxable","14":"purchasable","15":"product-type-simple"},"acf":[],"_links":{"self":[{"href":"https:\/\/vetsul.com\/index.php\/wp-json\/wp\/v2\/product\/16114","targetHints":{"allow":["GET"]}}],"collection":[{"href":"https:\/\/vetsul.com\/index.php\/wp-json\/wp\/v2\/product"}],"about":[{"href":"https:\/\/vetsul.com\/index.php\/wp-json\/wp\/v2\/types\/product"}],"wp:featuredmedia":[{"embeddable":true,"href":"https:\/\/vetsul.com\/index.php\/wp-json\/wp\/v2\/media\/16115"}],"wp:attachment":[{"href":"https:\/\/vetsul.com\/index.php\/wp-json\/wp\/v2\/media?parent=16114"}],"wp:term":[{"taxonomy":"product_brand","embeddable":true,"href":"https:\/\/vetsul.com\/index.php\/wp-json\/wp\/v2\/product_brand?post=16114"},{"taxonomy":"product_cat","embeddable":true,"href":"https:\/\/vetsul.com\/index.php\/wp-json\/wp\/v2\/product_cat?post=16114"},{"taxonomy":"product_tag","embeddable":true,"href":"https:\/\/vetsul.com\/index.php\/wp-json\/wp\/v2\/product_tag?post=16114"}],"curies":[{"name":"wp","href":"https:\/\/api.w.org\/{rel}","templated":true}]}}