{"id":16112,"date":"2017-12-29T14:24:58","date_gmt":"2017-12-29T16:24:58","guid":{"rendered":"http:\/\/35.194.95.18\/wp-admin\/?post_type=product&#038;p=16112"},"modified":"2025-02-07T16:00:03","modified_gmt":"2025-02-07T19:00:03","slug":"bovguard-5lt","status":"publish","type":"product","link":"https:\/\/vetsul.com\/index.php\/product\/bovguard-5lt\/","title":{"rendered":"Bovguard 5lt"},"content":{"rendered":"<p><strong style=\"margin: 0px; padding: 0px; border: 0px; outline: none; list-style: none; color: rgb(93, 93, 93); font-family: Roboto, sans-serif; font-size: 12px; text-align: justify;\">F\u00d3RMULA:<\/strong><br style=\"margin: 0px; padding: 0px; border: 0px; outline: none; list-style: none; color: rgb(93, 93, 93); font-family: Roboto, sans-serif; font-size: 12px; text-align: justify;\"><br style=\"margin: 0px; padding: 0px; border: 0px; outline: none; list-style: none; color: rgb(93, 93, 93); font-family: Roboto, sans-serif; font-size: 12px; text-align: justify;\"><span style=\"color: rgb(93, 93, 93); font-family: Roboto, sans-serif; font-size: 12px; text-align: justify;\">Cada 100ml, contem:<\/span><br style=\"margin: 0px; padding: 0px; border: 0px; outline: none; list-style: none; color: rgb(93, 93, 93); font-family: Roboto, sans-serif; font-size: 12px; text-align: justify;\"><span style=\"color: rgb(93, 93, 93); font-family: Roboto, sans-serif; font-size: 12px; text-align: justify;\">Fipronil &#8230;&#8230;&#8230;&#8230;&#8230;&#8230;&#8230;&#8230;&#8230;&#8230;&#8230;&#8230;&#8230;&#8230;&#8230;&#8230;&#8230;.. 1,00g<\/span><br style=\"margin: 0px; padding: 0px; border: 0px; outline: none; list-style: none; color: rgb(93, 93, 93); font-family: Roboto, sans-serif; font-size: 12px; text-align: justify;\"><span style=\"color: rgb(93, 93, 93); font-family: Roboto, sans-serif; font-size: 12px; text-align: justify;\">Ve\u00edculo q.s.p. &#8230;&#8230;&#8230;&#8230;&#8230;&#8230;&#8230;&#8230;&#8230;&#8230;&#8230;&#8230;&#8230;&#8230;100,00ml<\/span><br style=\"margin: 0px; padding: 0px; border: 0px; outline: none; list-style: none; color: rgb(93, 93, 93); font-family: Roboto, sans-serif; font-size: 12px; text-align: justify;\"><br style=\"margin: 0px; padding: 0px; border: 0px; outline: none; list-style: none; color: rgb(93, 93, 93); font-family: Roboto, sans-serif; font-size: 12px; text-align: justify;\"><strong style=\"margin: 0px; padding: 0px; border: 0px; outline: none; list-style: none; color: rgb(93, 93, 93); font-family: Roboto, sans-serif; font-size: 12px; text-align: justify;\">INDICA\u00c7\u00d5ES:<\/strong><br style=\"margin: 0px; padding: 0px; border: 0px; outline: none; list-style: none; color: rgb(93, 93, 93); font-family: Roboto, sans-serif; font-size: 12px; text-align: justify;\"><br style=\"margin: 0px; padding: 0px; border: 0px; outline: none; list-style: none; color: rgb(93, 93, 93); font-family: Roboto, sans-serif; font-size: 12px; text-align: justify;\"><span style=\"color: rgb(93, 93, 93); font-family: Roboto, sans-serif; font-size: 12px; text-align: justify;\">O Bovguard \u00e9 um ectoparasiticida pour-on \u00e0 base de Fipronil (1{bad89740ab836af8afd78adf22d5854117f226b234e4f8ee83a0ac8d28f68ffc}), indicado para o tratamento e preven\u00e7\u00e3o dos principais ectoparasitas de bovinos jovens e adultos.<\/span><br style=\"margin: 0px; padding: 0px; border: 0px; outline: none; list-style: none; color: rgb(93, 93, 93); font-family: Roboto, sans-serif; font-size: 12px; text-align: justify;\"><span style=\"color: rgb(93, 93, 93); font-family: Roboto, sans-serif; font-size: 12px; text-align: justify;\">Um produto altamente eficaz para o controle de carrapato, berne, mosca-do-chifre e mi\u00edase\/bicheira dos bovinos, possuindo a\u00e7\u00e3o:<\/span><br style=\"margin: 0px; padding: 0px; border: 0px; outline: none; list-style: none; color: rgb(93, 93, 93); font-family: Roboto, sans-serif; font-size: 12px; text-align: justify;\"><br style=\"margin: 0px; padding: 0px; border: 0px; outline: none; list-style: none; color: rgb(93, 93, 93); font-family: Roboto, sans-serif; font-size: 12px; text-align: justify;\"><span style=\"color: rgb(93, 93, 93); font-family: Roboto, sans-serif; font-size: 12px; text-align: justify;\">&#8211; CARRAPATICIDA: Controla as infesta\u00e7\u00f5es dos bovinos pelo carrapato Rhipicephalus (Boophilus) micropus, elimina\u00e7\u00e3o dos carrapatos adultos machos e f\u00eameas, ninfas e larvas, atingindo sua culmin\u00e2ncia na primeira semana ap\u00f3s a sua aplica\u00e7\u00e3o. Interfere tamb\u00e9m na oviposi\u00e7\u00e3o, impedindo a postura de ovos f\u00e9rteis, colaborando com o controle estrat\u00e9gico no ambiente de cria\u00e7\u00e3o;<\/span><br style=\"margin: 0px; padding: 0px; border: 0px; outline: none; list-style: none; color: rgb(93, 93, 93); font-family: Roboto, sans-serif; font-size: 12px; text-align: justify;\"><br style=\"margin: 0px; padding: 0px; border: 0px; outline: none; list-style: none; color: rgb(93, 93, 93); font-family: Roboto, sans-serif; font-size: 12px; text-align: justify;\"><strong style=\"margin: 0px; padding: 0px; border: 0px; outline: none; list-style: none; color: rgb(93, 93, 93); font-family: Roboto, sans-serif; font-size: 12px; text-align: justify;\">&#8211; BERNICIDA:<\/strong><span style=\"color: rgb(93, 93, 93); font-family: Roboto, sans-serif; font-size: 12px; text-align: justify;\">&nbsp;Elimina as larvas de Dermatobia hominis (bernes) j\u00e1 instalados no animal e exerce tamb\u00e9m a\u00e7\u00e3o profil\u00e1tica impedindo de larvas de 1\u00ba est\u00e1gio. Possui efic\u00e1cia comprovador por estudos cl\u00ednicos de 100{bad89740ab836af8afd78adf22d5854117f226b234e4f8ee83a0ac8d28f68ffc} por at\u00e9 28 dias (4 semanas) da aplica\u00e7\u00e3o;<\/span><br style=\"margin: 0px; padding: 0px; border: 0px; outline: none; list-style: none; color: rgb(93, 93, 93); font-family: Roboto, sans-serif; font-size: 12px; text-align: justify;\"><br style=\"margin: 0px; padding: 0px; border: 0px; outline: none; list-style: none; color: rgb(93, 93, 93); font-family: Roboto, sans-serif; font-size: 12px; text-align: justify;\"><strong style=\"margin: 0px; padding: 0px; border: 0px; outline: none; list-style: none; color: rgb(93, 93, 93); font-family: Roboto, sans-serif; font-size: 12px; text-align: justify;\">&#8211; MOSQUICIDA:<\/strong><span style=\"color: rgb(93, 93, 93); font-family: Roboto, sans-serif; font-size: 12px; text-align: justify;\">&nbsp;Controla as infesta\u00e7\u00f5es por Haematobia irritans (mosca-do-chifre) dos animais em aproximadamente 100{bad89740ab836af8afd78adf22d5854117f226b234e4f8ee83a0ac8d28f68ffc} dos casos na primeira semana ap\u00f3s a aplica\u00e7\u00e3o;<\/span><br style=\"margin: 0px; padding: 0px; border: 0px; outline: none; list-style: none; color: rgb(93, 93, 93); font-family: Roboto, sans-serif; font-size: 12px; text-align: justify;\"><br style=\"margin: 0px; padding: 0px; border: 0px; outline: none; list-style: none; color: rgb(93, 93, 93); font-family: Roboto, sans-serif; font-size: 12px; text-align: justify;\"><strong style=\"margin: 0px; padding: 0px; border: 0px; outline: none; list-style: none; color: rgb(93, 93, 93); font-family: Roboto, sans-serif; font-size: 12px; text-align: justify;\">&#8211; MI\u00cdASE<\/strong><span style=\"color: rgb(93, 93, 93); font-family: Roboto, sans-serif; font-size: 12px; text-align: justify;\">: 100{bad89740ab836af8afd78adf22d5854117f226b234e4f8ee83a0ac8d28f68ffc} efetivo no controle das mi\u00edases causadas por larvas L1 de Cochliomyia hominivorax (bicheira).<\/span><br style=\"margin: 0px; padding: 0px; border: 0px; outline: none; list-style: none; color: rgb(93, 93, 93); font-family: Roboto, sans-serif; font-size: 12px; text-align: justify;\"><br style=\"margin: 0px; padding: 0px; border: 0px; outline: none; list-style: none; color: rgb(93, 93, 93); font-family: Roboto, sans-serif; font-size: 12px; text-align: justify;\"><br style=\"margin: 0px; padding: 0px; border: 0px; outline: none; list-style: none; color: rgb(93, 93, 93); font-family: Roboto, sans-serif; font-size: 12px; text-align: justify;\"><strong style=\"margin: 0px; padding: 0px; border: 0px; outline: none; list-style: none; color: rgb(93, 93, 93); font-family: Roboto, sans-serif; font-size: 12px; text-align: justify;\">MODO DE A\u00c7\u00c3O:<\/strong><br style=\"margin: 0px; padding: 0px; border: 0px; outline: none; list-style: none; color: rgb(93, 93, 93); font-family: Roboto, sans-serif; font-size: 12px; text-align: justify;\"><br style=\"margin: 0px; padding: 0px; border: 0px; outline: none; list-style: none; color: rgb(93, 93, 93); font-family: Roboto, sans-serif; font-size: 12px; text-align: justify;\"><span style=\"color: rgb(93, 93, 93); font-family: Roboto, sans-serif; font-size: 12px; text-align: justify;\">O mecanismo de a\u00e7\u00e3o do Fipronil consiste no bloqueio dos canais de \u00edon cloreto, regulados pelo \u00e1cido gama-aminobut\u00edrico (GABA), interferindo assim com a neuromodula\u00e7\u00e3o dos insetos, levando os parasitas \u00e0 morte por hiperexcita\u00e7\u00e3o neural e paralisia severa.<\/span><br style=\"margin: 0px; padding: 0px; border: 0px; outline: none; list-style: none; color: rgb(93, 93, 93); font-family: Roboto, sans-serif; font-size: 12px; text-align: justify;\"><br style=\"margin: 0px; padding: 0px; border: 0px; outline: none; list-style: none; color: rgb(93, 93, 93); font-family: Roboto, sans-serif; font-size: 12px; text-align: justify;\"><strong style=\"margin: 0px; padding: 0px; border: 0px; outline: none; list-style: none; color: rgb(93, 93, 93); font-family: Roboto, sans-serif; font-size: 12px; text-align: justify;\">POSOLOGIA E MODO DE USAR:<\/strong><br style=\"margin: 0px; padding: 0px; border: 0px; outline: none; list-style: none; color: rgb(93, 93, 93); font-family: Roboto, sans-serif; font-size: 12px; text-align: justify;\"><br style=\"margin: 0px; padding: 0px; border: 0px; outline: none; list-style: none; color: rgb(93, 93, 93); font-family: Roboto, sans-serif; font-size: 12px; text-align: justify;\"><span style=\"color: rgb(93, 93, 93); font-family: Roboto, sans-serif; font-size: 12px; text-align: justify;\">Realizar a aplica\u00e7\u00e3o t\u00f3pica (pour-on) de 1ml\/10kg de peso vivo, equivalente a 1mg de Fipronil por quilo de peso vivo.<\/span><br style=\"margin: 0px; padding: 0px; border: 0px; outline: none; list-style: none; color: rgb(93, 93, 93); font-family: Roboto, sans-serif; font-size: 12px; text-align: justify;\"><span style=\"color: rgb(93, 93, 93); font-family: Roboto, sans-serif; font-size: 12px; text-align: justify;\">A dose recomendada deve ver administrada ao longo da linha mediana dorsal do animal, do pesco\u00e7o at\u00e9 a inser\u00e7\u00e3o da cauda, utilizando-se a embalagem auto-dosadora do produto ou pistola dosadora.<\/span><br style=\"margin: 0px; padding: 0px; border: 0px; outline: none; list-style: none; color: rgb(93, 93, 93); font-family: Roboto, sans-serif; font-size: 12px; text-align: justify;\"><span style=\"color: rgb(93, 93, 93); font-family: Roboto, sans-serif; font-size: 12px; text-align: justify;\">O produto deve ser aplicado em dose \u00fanica.<\/span><br style=\"margin: 0px; padding: 0px; border: 0px; outline: none; list-style: none; color: rgb(93, 93, 93); font-family: Roboto, sans-serif; font-size: 12px; text-align: justify;\"><br style=\"margin: 0px; padding: 0px; border: 0px; outline: none; list-style: none; color: rgb(93, 93, 93); font-family: Roboto, sans-serif; font-size: 12px; text-align: justify;\"><strong style=\"margin: 0px; padding: 0px; border: 0px; outline: none; list-style: none; color: rgb(93, 93, 93); font-family: Roboto, sans-serif; font-size: 12px; text-align: justify;\">PRECAU\u00c7\u00d5ES:<\/strong><br style=\"margin: 0px; padding: 0px; border: 0px; outline: none; list-style: none; color: rgb(93, 93, 93); font-family: Roboto, sans-serif; font-size: 12px; text-align: justify;\"><br style=\"margin: 0px; padding: 0px; border: 0px; outline: none; list-style: none; color: rgb(93, 93, 93); font-family: Roboto, sans-serif; font-size: 12px; text-align: justify;\"><span style=\"color: rgb(93, 93, 93); font-family: Roboto, sans-serif; font-size: 12px; text-align: justify;\">&#8211; Usar a luva pl\u00e1stica que acompanha o produto;<\/span><br style=\"margin: 0px; padding: 0px; border: 0px; outline: none; list-style: none; color: rgb(93, 93, 93); font-family: Roboto, sans-serif; font-size: 12px; text-align: justify;\"><span style=\"color: rgb(93, 93, 93); font-family: Roboto, sans-serif; font-size: 12px; text-align: justify;\">&#8211; Evitar a aplica\u00e7\u00e3o do produto quando h\u00e1 previs\u00e3o de chuva imediata;<\/span><br style=\"margin: 0px; padding: 0px; border: 0px; outline: none; list-style: none; color: rgb(93, 93, 93); font-family: Roboto, sans-serif; font-size: 12px; text-align: justify;\"><span style=\"color: rgb(93, 93, 93); font-family: Roboto, sans-serif; font-size: 12px; text-align: justify;\">&#8211; N\u00e3o realizar a aplica\u00e7\u00e3o do produto durante as horas mais quentes do dia;<\/span><br style=\"margin: 0px; padding: 0px; border: 0px; outline: none; list-style: none; color: rgb(93, 93, 93); font-family: Roboto, sans-serif; font-size: 12px; text-align: justify;\"><span style=\"color: rgb(93, 93, 93); font-family: Roboto, sans-serif; font-size: 12px; text-align: justify;\">&#8211; N\u00e3o aplicar o produto sobre o animal molhado;<\/span><br style=\"margin: 0px; padding: 0px; border: 0px; outline: none; list-style: none; color: rgb(93, 93, 93); font-family: Roboto, sans-serif; font-size: 12px; text-align: justify;\"><span style=\"color: rgb(93, 93, 93); font-family: Roboto, sans-serif; font-size: 12px; text-align: justify;\">&#8211; O produto n\u00e3o deve ser aplicado sobre \u00e1reas da pele que apresentem feridas;<\/span><br style=\"margin: 0px; padding: 0px; border: 0px; outline: none; list-style: none; color: rgb(93, 93, 93); font-family: Roboto, sans-serif; font-size: 12px; text-align: justify;\"><span style=\"color: rgb(93, 93, 93); font-family: Roboto, sans-serif; font-size: 12px; text-align: justify;\">&#8211; N\u00e3o incinerar as embalagens vazias ou com o produto;<\/span><br style=\"margin: 0px; padding: 0px; border: 0px; outline: none; list-style: none; color: rgb(93, 93, 93); font-family: Roboto, sans-serif; font-size: 12px; text-align: justify;\"><span style=\"color: rgb(93, 93, 93); font-family: Roboto, sans-serif; font-size: 12px; text-align: justify;\">&#8211; N\u00e3o fumar, n\u00e3o comer e n\u00e3o beber durante a administra\u00e7\u00e3o do produto;<\/span><br style=\"margin: 0px; padding: 0px; border: 0px; outline: none; list-style: none; color: rgb(93, 93, 93); font-family: Roboto, sans-serif; font-size: 12px; text-align: justify;\"><span style=\"color: rgb(93, 93, 93); font-family: Roboto, sans-serif; font-size: 12px; text-align: justify;\">&#8211; Mantenha o produto afastado do calor\/fa\u00edsca\/chama aberta\/superf\u00edcies quentes;<\/span><br style=\"margin: 0px; padding: 0px; border: 0px; outline: none; list-style: none; color: rgb(93, 93, 93); font-family: Roboto, sans-serif; font-size: 12px; text-align: justify;\"><span style=\"color: rgb(93, 93, 93); font-family: Roboto, sans-serif; font-size: 12px; text-align: justify;\">&#8211; N\u00e3o guardar ou administrar junto de alimentos, bebidas, medicamentos, produtos de higiene e dom\u00e9sticos;<\/span><br style=\"margin: 0px; padding: 0px; border: 0px; outline: none; list-style: none; color: rgb(93, 93, 93); font-family: Roboto, sans-serif; font-size: 12px; text-align: justify;\"><span style=\"color: rgb(93, 93, 93); font-family: Roboto, sans-serif; font-size: 12px; text-align: justify;\">&#8211; N\u00e3o jogar as embalagens vazias ou restos do produto em mananciais, lagos ou rios, pois o produto \u00e9 t\u00f3xico para peixes;<\/span><br style=\"margin: 0px; padding: 0px; border: 0px; outline: none; list-style: none; color: rgb(93, 93, 93); font-family: Roboto, sans-serif; font-size: 12px; text-align: justify;\"><span style=\"color: rgb(93, 93, 93); font-family: Roboto, sans-serif; font-size: 12px; text-align: justify;\">&#8211; Evitar a inala\u00e7\u00e3o e contato do produto com a pele, olhos e mucosas do corpo humano. No caso de acidentes ocasionais, lavar as partes afetadas v\u00e1rias vezes com \u00e1gua e sab\u00e3o;<\/span><br style=\"margin: 0px; padding: 0px; border: 0px; outline: none; list-style: none; color: rgb(93, 93, 93); font-family: Roboto, sans-serif; font-size: 12px; text-align: justify;\"><span style=\"color: rgb(93, 93, 93); font-family: Roboto, sans-serif; font-size: 12px; text-align: justify;\">&#8211; Lavar as m\u00e3os ap\u00f3s a utiliza\u00e7\u00e3o do produto;<\/span><br style=\"margin: 0px; padding: 0px; border: 0px; outline: none; list-style: none; color: rgb(93, 93, 93); font-family: Roboto, sans-serif; font-size: 12px; text-align: justify;\"><span style=\"color: rgb(93, 93, 93); font-family: Roboto, sans-serif; font-size: 12px; text-align: justify;\">&#8211; N\u00e3o reutilizar as embalagens vazias;<\/span><br style=\"margin: 0px; padding: 0px; border: 0px; outline: none; list-style: none; color: rgb(93, 93, 93); font-family: Roboto, sans-serif; font-size: 12px; text-align: justify;\"><span style=\"color: rgb(93, 93, 93); font-family: Roboto, sans-serif; font-size: 12px; text-align: justify;\">&#8211; Ap\u00f3s a abertura do frasco, o produto deve ser utilizado em at\u00e9 6 meses;<\/span><br style=\"margin: 0px; padding: 0px; border: 0px; outline: none; list-style: none; color: rgb(93, 93, 93); font-family: Roboto, sans-serif; font-size: 12px; text-align: justify;\"><br style=\"margin: 0px; padding: 0px; border: 0px; outline: none; list-style: none; color: rgb(93, 93, 93); font-family: Roboto, sans-serif; font-size: 12px; text-align: justify;\"><strong style=\"margin: 0px; padding: 0px; border: 0px; outline: none; list-style: none; color: rgb(93, 93, 93); font-family: Roboto, sans-serif; font-size: 12px; text-align: justify;\">INTOXICA\u00c7\u00c3O E SUPERDOSAGEM NOS ANIMAIS:<\/strong><br style=\"margin: 0px; padding: 0px; border: 0px; outline: none; list-style: none; color: rgb(93, 93, 93); font-family: Roboto, sans-serif; font-size: 12px; text-align: justify;\"><br style=\"margin: 0px; padding: 0px; border: 0px; outline: none; list-style: none; color: rgb(93, 93, 93); font-family: Roboto, sans-serif; font-size: 12px; text-align: justify;\"><span style=\"color: rgb(93, 93, 93); font-family: Roboto, sans-serif; font-size: 12px; text-align: justify;\">O Fipronil apresenta a\u00e7\u00e3o seletiva para artr\u00f3podes, desta forma, n\u00e3o \u00e9 considerado um produto t\u00f3xico para os animais. No entanto, as intoxica\u00e7\u00f5es s\u00e3o observadas a partir de derivados do pr\u00f3prio Fipronil, que, em contato com \u00e1gua de PH alcalino e irradia\u00e7\u00e3o solar, da origem a tr\u00eas outros compostos de maior toxicidade sobre artr\u00f3podes e animais dom\u00e9sticos (sulfone, sulfide e dessulfinil). Estes, por sua vez, possuem grande espectro de a\u00e7\u00e3o e poder levar rapidamente os animais \u00e0 \u00f3bito. Nas doses recomendadas o medicamento \u00e9 bem tolerado pelo organismo dos animais, n\u00e3o apresentando efeitos adversos de relev\u00e2ncia.<\/span><\/p>\n","protected":false},"excerpt":{"rendered":"<p>F\u00d3RMULA:Cada 100ml, contem:Fipronil &#8230;&#8230;&#8230;&#8230;&#8230;&#8230;&#8230;&#8230;&#8230;&#8230;&#8230;&#8230;&#8230;&#8230;&#8230;&#8230;&#8230;.. 1,00gVe\u00edculo q.s.p. &#8230;&#8230;&#8230;&#8230;&#8230;&#8230;&#8230;&#8230;&#8230;&#8230;&#8230;&#8230;&#8230;&#8230;100,00mlINDICA\u00c7\u00d5ES:O Bovguard \u00e9 um ectoparasiticida pour-on \u00e0 base de Fipronil (1{bad89740ab836af8afd78adf22d5854117f226b234e4f8ee83a0ac8d28f68ffc}), indicado para o tratamento e<\/p>\n","protected":false},"featured_media":16113,"template":"","meta":{"_acf_changed":false},"product_brand":[1002],"product_cat":[164,194,167],"product_tag":[1003],"class_list":{"0":"post-16112","1":"product","2":"type-product","3":"status-publish","4":"has-post-thumbnail","6":"product_brand-vallee","7":"product_cat-bovinos-e-ovinos","8":"product_cat-todos-os-produtos","9":"product_cat-vermifugos-e-carrapaticidas","10":"product_tag-vallee","12":"first","13":"outofstock","14":"shipping-taxable","15":"purchasable","16":"product-type-simple"},"acf":[],"_links":{"self":[{"href":"https:\/\/vetsul.com\/index.php\/wp-json\/wp\/v2\/product\/16112","targetHints":{"allow":["GET"]}}],"collection":[{"href":"https:\/\/vetsul.com\/index.php\/wp-json\/wp\/v2\/product"}],"about":[{"href":"https:\/\/vetsul.com\/index.php\/wp-json\/wp\/v2\/types\/product"}],"wp:featuredmedia":[{"embeddable":true,"href":"https:\/\/vetsul.com\/index.php\/wp-json\/wp\/v2\/media\/16113"}],"wp:attachment":[{"href":"https:\/\/vetsul.com\/index.php\/wp-json\/wp\/v2\/media?parent=16112"}],"wp:term":[{"taxonomy":"product_brand","embeddable":true,"href":"https:\/\/vetsul.com\/index.php\/wp-json\/wp\/v2\/product_brand?post=16112"},{"taxonomy":"product_cat","embeddable":true,"href":"https:\/\/vetsul.com\/index.php\/wp-json\/wp\/v2\/product_cat?post=16112"},{"taxonomy":"product_tag","embeddable":true,"href":"https:\/\/vetsul.com\/index.php\/wp-json\/wp\/v2\/product_tag?post=16112"}],"curies":[{"name":"wp","href":"https:\/\/api.w.org\/{rel}","templated":true}]}}