{"id":16108,"date":"2017-12-29T14:16:40","date_gmt":"2017-12-29T16:16:40","guid":{"rendered":"http:\/\/35.194.95.18\/wp-admin\/?post_type=product&#038;p=16108"},"modified":"2025-02-07T16:00:03","modified_gmt":"2025-02-07T19:00:03","slug":"botu-vital","status":"publish","type":"product","link":"https:\/\/vetsul.com\/index.php\/product\/botu-vital\/","title":{"rendered":"Botu Vital"},"content":{"rendered":"<div class=\"cmsms_quotes quote_grid quote_two\" style=\"background-image: initial; background-position: initial; background-size: initial; background-repeat: initial; background-attachment: initial; background-origin: initial; background-clip: initial; border: 0px; margin: 0px 0px 20px; padding: 0px; vertical-align: baseline; outline: none; position: relative; overflow: hidden;\">\n<div class=\"quotes_list\" style=\"background: transparent; border-width: 0px 0px 4px; border-top-style: initial; border-right-style: initial; border-bottom-style: solid; border-left-style: initial; border-top-color: initial; border-right-color: initial; border-bottom-color: rgb(247, 247, 247); border-left-color: initial; border-image: initial; margin: 0px 0px -2px; padding: 0px; vertical-align: baseline; outline: none; width: 487.328px; overflow: hidden;\">\n<div class=\"cmsms_quote\" style=\"background: transparent; border: 0px; margin: 0px; padding: 30px; vertical-align: baseline; outline: none; float: left; width: 243.656px;\">\n<article class=\"cmsms_quote_inner\" style=\"overflow: hidden; text-align: center;\">\n<div class=\"quote_content_wrap\" style=\"background: transparent; border: 0px; margin: 0px; padding: 0px; vertical-align: baseline; outline: none; text-align: left; overflow: hidden;\">\n<div class=\"quote_content\" style=\"background: transparent; border: 0px; margin: 0px 0px 15px; padding: 0px; vertical-align: baseline; outline: none;\">\n<p style=\"background-image: initial; background-position: initial; background-size: initial; background-repeat: initial; background-attachment: initial; background-origin: initial; background-clip: initial; border: 0px; margin-bottom: 0px; padding: 0px 0px 18px; vertical-align: baseline; outline: none;\"><font color=\"#838383\" face=\"Droid Sans, Calibri, AppleGothic, MgOpen Modata, sans-serif\"><span style=\"font-size: 14px;\">Diluente para avalia\u00e7\u00e3o esperm\u00e1tica a base de Eosina e Nigrosina, que possibilita a an\u00e1lise das patologias esperm\u00e1ticas, bem como a visualiza\u00e7\u00e3o da integridade de membrana plasm\u00e1tica em microscopia de luz, objetiva de imers\u00e3o 100x.<\/span><\/font><\/p>\n<p style=\"background-image: initial; background-position: initial; background-size: initial; background-repeat: initial; background-attachment: initial; background-origin: initial; background-clip: initial; border: 0px; margin-bottom: 0px; padding: 0px 0px 18px; vertical-align: baseline; outline: none;\"><font color=\"#838383\" face=\"Droid Sans, Calibri, AppleGothic, MgOpen Modata, sans-serif\"><span style=\"font-size: 14px;\">Possibilita a an\u00e1lise das<\/span><\/font><\/p>\n<p style=\"background-image: initial; background-position: initial; background-size: initial; background-repeat: initial; background-attachment: initial; background-origin: initial; background-clip: initial; border: 0px; margin-bottom: 0px; padding: 0px 0px 18px; vertical-align: baseline; outline: none;\"><font color=\"#838383\" face=\"Droid Sans, Calibri, AppleGothic, MgOpen Modata, sans-serif\"><span style=\"font-size: 14px;\">patologias esperm\u00e1ticas<\/span><\/font><\/p>\n<p style=\"background-image: initial; background-position: initial; background-size: initial; background-repeat: initial; background-attachment: initial; background-origin: initial; background-clip: initial; border: 0px; margin-bottom: 0px; padding: 0px 0px 18px; vertical-align: baseline; outline: none;\"><font color=\"#838383\" face=\"Droid Sans, Calibri, AppleGothic, MgOpen Modata, sans-serif\"><span style=\"font-size: 14px;\">Diluente para avalia\u00e7\u00e3o<\/span><\/font><\/p>\n<p style=\"background-image: initial; background-position: initial; background-size: initial; background-repeat: initial; background-attachment: initial; background-origin: initial; background-clip: initial; border: 0px; margin-bottom: 0px; padding: 0px 0px 18px; vertical-align: baseline; outline: none;\"><font color=\"#838383\" face=\"Droid Sans, Calibri, AppleGothic, MgOpen Modata, sans-serif\"><span style=\"font-size: 14px;\">esperm\u00e1tica a base de<\/span><\/font><\/p>\n<p style=\"background-image: initial; background-position: initial; background-size: initial; background-repeat: initial; background-attachment: initial; background-origin: initial; background-clip: initial; border: 0px; margin-bottom: 0px; padding: 0px 0px 18px; vertical-align: baseline; outline: none;\"><font color=\"#838383\" face=\"Droid Sans, Calibri, AppleGothic, MgOpen Modata, sans-serif\"><span style=\"font-size: 14px;\">Eosina e Nigrosina<\/span><\/font><\/p>\n<p style=\"background-image: initial; background-position: initial; background-size: initial; background-repeat: initial; background-attachment: initial; background-origin: initial; background-clip: initial; border: 0px; margin-bottom: 0px; padding: 0px 0px 18px; vertical-align: baseline; outline: none; color: rgb(131, 131, 131); font-family: &quot;Droid Sans&quot;, Calibri, AppleGothic, &quot;MgOpen Modata&quot;, sans-serif;\"><strong style=\"background: transparent; border: 0px; margin: 0px; padding: 0px; vertical-align: baseline; outline: none;\"><span style=\"font-size: 14px;\">MODO DE USAR:<\/span><\/strong><\/p>\n<p style=\"background-image: initial; background-position: initial; background-size: initial; background-repeat: initial; background-attachment: initial; background-origin: initial; background-clip: initial; border: 0px; margin-bottom: 0px; padding: 0px 0px 18px; vertical-align: baseline; outline: none; color: rgb(131, 131, 131); font-family: &quot;Droid Sans&quot;, Calibri, AppleGothic, &quot;MgOpen Modata&quot;, sans-serif;\"><span style=\"font-size: 14px;\">1. Sobre uma das extremidades da l\u00e2mina deposite 1 gota de s\u00eamen fresco (livre de diluente) e 1 gota de BotuVital;<\/span><\/p>\n<p style=\"background-image: initial; background-position: initial; background-size: initial; background-repeat: initial; background-attachment: initial; background-origin: initial; background-clip: initial; border: 0px; margin-bottom: 0px; padding: 0px 0px 18px; vertical-align: baseline; outline: none; color: rgb(131, 131, 131); font-family: &quot;Droid Sans&quot;, Calibri, AppleGothic, &quot;MgOpen Modata&quot;, sans-serif;\"><span style=\"font-size: 14px;\">2. Homogenize as gotas at\u00e9 obter uma mistura com colora\u00e7\u00e3o uniforme;<\/span><\/p>\n<p style=\"background-image: initial; background-position: initial; background-size: initial; background-repeat: initial; background-attachment: initial; background-origin: initial; background-clip: initial; border: 0px; margin-bottom: 0px; padding: 0px 0px 18px; vertical-align: baseline; outline: none; color: rgb(131, 131, 131); font-family: &quot;Droid Sans&quot;, Calibri, AppleGothic, &quot;MgOpen Modata&quot;, sans-serif;\"><span style=\"font-size: 14px;\">3. Realize esfrega\u00e7o com aux\u00edlio de outra l\u00e2mina, distendendo levemente a mistura uniforme, a fim de obter esfrega\u00e7o bem grosso e escuro e n\u00e3o provocar inj\u00farias mec\u00e2nicas aos espermatozoides, conforme o esquema abaixo:<\/span><\/p>\n<p style=\"background-image: initial; background-position: initial; background-size: initial; background-repeat: initial; background-attachment: initial; background-origin: initial; background-clip: initial; border: 0px; margin-bottom: 0px; padding: 0px 0px 18px; vertical-align: baseline; outline: none; color: rgb(131, 131, 131); font-family: &quot;Droid Sans&quot;, Calibri, AppleGothic, &quot;MgOpen Modata&quot;, sans-serif;\">\n<p style=\"background-image: initial; background-position: initial; background-size: initial; background-repeat: initial; background-attachment: initial; background-origin: initial; background-clip: initial; border: 0px; margin-bottom: 0px; padding: 0px 0px 18px; vertical-align: baseline; outline: none; color: rgb(131, 131, 131); font-family: &quot;Droid Sans&quot;, Calibri, AppleGothic, &quot;MgOpen Modata&quot;, sans-serif;\"><span style=\"font-size: 14px;\">4. Aguarde 5 minutos para que a mistura seque;<\/span><\/p>\n<p style=\"background-image: initial; background-position: initial; background-size: initial; background-repeat: initial; background-attachment: initial; background-origin: initial; background-clip: initial; border: 0px; margin-bottom: 0px; padding: 0px 0px 18px; vertical-align: baseline; outline: none; color: rgb(131, 131, 131); font-family: &quot;Droid Sans&quot;, Calibri, AppleGothic, &quot;MgOpen Modata&quot;, sans-serif;\"><span style=\"font-size: 14px;\">5. Fa\u00e7a a leitura em microscopia de luz, em aumento de 100x (imers\u00e3o);<\/span><\/p>\n<p style=\"background-image: initial; background-position: initial; background-size: initial; background-repeat: initial; background-attachment: initial; background-origin: initial; background-clip: initial; border: 0px; margin-bottom: 0px; padding: 0px 0px 18px; vertical-align: baseline; outline: none; color: rgb(131, 131, 131); font-family: &quot;Droid Sans&quot;, Calibri, AppleGothic, &quot;MgOpen Modata&quot;, sans-serif;\"><span style=\"font-size: 14px;\">6. Contar 200 espermatozoides para aferi\u00e7\u00e3o das patologias esperm\u00e1ticas, juntamente com os corados e n\u00e3o corados:<\/span><\/p>\n<p style=\"background-image: initial; background-position: initial; background-size: initial; background-repeat: initial; background-attachment: initial; background-origin: initial; background-clip: initial; border: 0px; margin-bottom: 0px; padding: 0px 0px 18px; vertical-align: baseline; outline: none; color: rgb(131, 131, 131); font-family: &quot;Droid Sans&quot;, Calibri, AppleGothic, &quot;MgOpen Modata&quot;, sans-serif;\"><span style=\"font-size: 14px;\">\u2022Espermatozoides corados em rosa apresentam membrana plasm\u00e1tica lesada;<\/span><\/p>\n<p style=\"background-image: initial; background-position: initial; background-size: initial; background-repeat: initial; background-attachment: initial; background-origin: initial; background-clip: initial; border: 0px; margin-bottom: 0px; padding: 0px 0px 18px; vertical-align: baseline; outline: none; color: rgb(131, 131, 131); font-family: &quot;Droid Sans&quot;, Calibri, AppleGothic, &quot;MgOpen Modata&quot;, sans-serif;\"><span style=\"font-size: 14px;\">\u2022Espermatozoides com aus\u00eancia de colora\u00e7\u00e3o apresentam membrana plasm\u00e1tica \u00edntegra.<\/span><\/p>\n<\/div>\n<\/div>\n<\/article>\n<\/div>\n<\/div>\n<\/div>\n","protected":false},"excerpt":{"rendered":"<p>Diluente para avalia\u00e7\u00e3o esperm\u00e1tica a base de Eosina e Nigrosina, que possibilita a an\u00e1lise das patologias esperm\u00e1ticas, bem como a visualiza\u00e7\u00e3o da<\/p>\n","protected":false},"featured_media":16109,"template":"","meta":{"_acf_changed":false},"product_brand":[953],"product_cat":[163,177,194],"product_tag":[986],"class_list":{"0":"post-16108","1":"product","2":"type-product","3":"status-publish","4":"has-post-thumbnail","6":"product_brand-botupharma","7":"product_cat-equinos","8":"product_cat-reproducao-2","9":"product_cat-todos-os-produtos","10":"product_tag-botupharma","12":"first","13":"outofstock","14":"purchasable","15":"product-type-simple"},"acf":[],"_links":{"self":[{"href":"https:\/\/vetsul.com\/index.php\/wp-json\/wp\/v2\/product\/16108","targetHints":{"allow":["GET"]}}],"collection":[{"href":"https:\/\/vetsul.com\/index.php\/wp-json\/wp\/v2\/product"}],"about":[{"href":"https:\/\/vetsul.com\/index.php\/wp-json\/wp\/v2\/types\/product"}],"wp:featuredmedia":[{"embeddable":true,"href":"https:\/\/vetsul.com\/index.php\/wp-json\/wp\/v2\/media\/16109"}],"wp:attachment":[{"href":"https:\/\/vetsul.com\/index.php\/wp-json\/wp\/v2\/media?parent=16108"}],"wp:term":[{"taxonomy":"product_brand","embeddable":true,"href":"https:\/\/vetsul.com\/index.php\/wp-json\/wp\/v2\/product_brand?post=16108"},{"taxonomy":"product_cat","embeddable":true,"href":"https:\/\/vetsul.com\/index.php\/wp-json\/wp\/v2\/product_cat?post=16108"},{"taxonomy":"product_tag","embeddable":true,"href":"https:\/\/vetsul.com\/index.php\/wp-json\/wp\/v2\/product_tag?post=16108"}],"curies":[{"name":"wp","href":"https:\/\/api.w.org\/{rel}","templated":true}]}}