{"id":16105,"date":"2017-12-29T14:13:04","date_gmt":"2017-12-29T16:13:04","guid":{"rendered":"http:\/\/35.194.95.18\/wp-admin\/?post_type=product&#038;p=16105"},"modified":"2025-02-07T16:00:03","modified_gmt":"2025-02-07T19:00:03","slug":"vagina-artificial-completa","status":"publish","type":"product","link":"https:\/\/vetsul.com\/index.php\/product\/vagina-artificial-completa\/","title":{"rendered":"Vagina Artificial Completa"},"content":{"rendered":"<p style=\"background-image: initial; background-position: initial; background-size: initial; background-repeat: initial; background-attachment: initial; background-origin: initial; background-clip: initial; border: 0px; margin-bottom: 0px; padding: 0px 0px 18px; vertical-align: baseline; outline: none; color: rgb(131, 131, 131); font-family: &quot;Droid Sans&quot;, Calibri, AppleGothic, &quot;MgOpen Modata&quot;, sans-serif;\"><span style=\"background: transparent; border: 0px; margin: 0px; padding: 0px; vertical-align: baseline; outline: none; color: rgb(0, 0, 255);\">O KIT DA VAGINA ARTIFICIAL \u00c9 COMPOSTO POR:<\/span><\/p>\n<p style=\"background-image: initial; background-position: initial; background-size: initial; background-repeat: initial; background-attachment: initial; background-origin: initial; background-clip: initial; border: 0px; margin-bottom: 0px; padding: 0px 0px 18px; vertical-align: baseline; outline: none; color: rgb(131, 131, 131); font-family: &quot;Droid Sans&quot;, Calibri, AppleGothic, &quot;MgOpen Modata&quot;, sans-serif;\">\u2022 Tubo r\u00edgido de alta resist\u00eancia com pintura em poliuretano, com torneira de entrada de \u00e1gua que possibilita tamb\u00e9m a insufla\u00e7\u00e3o de ar, diminuindo o peso final da vagina. O tubo r\u00edgido possui um design anat\u00f4mico para maior conforto do garanh\u00e3o durante a conheita do s\u00eamen.<\/p>\n<p style=\"background-image: initial; background-position: initial; background-size: initial; background-repeat: initial; background-attachment: initial; background-origin: initial; background-clip: initial; border: 0px; margin-bottom: 0px; padding: 0px 0px 18px; vertical-align: baseline; outline: none; color: rgb(131, 131, 131); font-family: &quot;Droid Sans&quot;, Calibri, AppleGothic, &quot;MgOpen Modata&quot;, sans-serif;\">\u2022 Mucosa de l\u00e1tex com espessura de 1,2 mm apresentando alta durabilidade.<\/p>\n<p style=\"background-image: initial; background-position: initial; background-size: initial; background-repeat: initial; background-attachment: initial; background-origin: initial; background-clip: initial; border: 0px; margin-bottom: 0px; padding: 0px 0px 18px; vertical-align: baseline; outline: none; color: rgb(131, 131, 131); font-family: &quot;Droid Sans&quot;, Calibri, AppleGothic, &quot;MgOpen Modata&quot;, sans-serif;\">\u2022 Mucosa pl\u00e1stica descart\u00e1vel para maior higiene durante a colheita.<\/p>\n<p style=\"background-image: initial; background-position: initial; background-size: initial; background-repeat: initial; background-attachment: initial; background-origin: initial; background-clip: initial; border: 0px; margin-bottom: 0px; padding: 0px 0px 18px; vertical-align: baseline; outline: none; color: rgb(131, 131, 131); font-family: &quot;Droid Sans&quot;, Calibri, AppleGothic, &quot;MgOpen Modata&quot;, sans-serif;\">\u2022 Copo coletor revestido com poliuretano, isot\u00e9rmico e protegido de raios solares, conferindo prote\u00e7\u00e3o ideal aos espermatozoides rec\u00e9m colhidos.<\/p>\n<p style=\"background-image: initial; background-position: initial; background-size: initial; background-repeat: initial; background-attachment: initial; background-origin: initial; background-clip: initial; border: 0px; margin-bottom: 0px; padding: 0px 0px 18px; vertical-align: baseline; outline: none; color: rgb(131, 131, 131); font-family: &quot;Droid Sans&quot;, Calibri, AppleGothic, &quot;MgOpen Modata&quot;, sans-serif;\">\u2022 Camisinhas reutiliz\u00e1veis que permitem otimiza\u00e7\u00e3o do uso do copo coletor e mat\u00e9m a higiene deste, durante o procedimento de colheita.<\/p>\n","protected":false},"excerpt":{"rendered":"<p>O KIT DA VAGINA ARTIFICIAL \u00c9 COMPOSTO POR: \u2022 Tubo r\u00edgido de alta resist\u00eancia com pintura em poliuretano, com torneira de entrada<\/p>\n","protected":false},"featured_media":16106,"template":"","meta":{"_acf_changed":false},"product_brand":[953],"product_cat":[200,163,166,177],"product_tag":[986],"class_list":{"0":"post-16105","1":"product","2":"type-product","3":"status-publish","4":"has-post-thumbnail","6":"product_brand-botupharma","7":"product_cat-agropecuaria-equipamentos","8":"product_cat-equinos","9":"product_cat-equipamentos-utensilios-e-materiais-hospitalares","10":"product_cat-reproducao-2","11":"product_tag-botupharma","13":"first","14":"outofstock","15":"purchasable","16":"product-type-simple"},"acf":[],"_links":{"self":[{"href":"https:\/\/vetsul.com\/index.php\/wp-json\/wp\/v2\/product\/16105","targetHints":{"allow":["GET"]}}],"collection":[{"href":"https:\/\/vetsul.com\/index.php\/wp-json\/wp\/v2\/product"}],"about":[{"href":"https:\/\/vetsul.com\/index.php\/wp-json\/wp\/v2\/types\/product"}],"wp:featuredmedia":[{"embeddable":true,"href":"https:\/\/vetsul.com\/index.php\/wp-json\/wp\/v2\/media\/16106"}],"wp:attachment":[{"href":"https:\/\/vetsul.com\/index.php\/wp-json\/wp\/v2\/media?parent=16105"}],"wp:term":[{"taxonomy":"product_brand","embeddable":true,"href":"https:\/\/vetsul.com\/index.php\/wp-json\/wp\/v2\/product_brand?post=16105"},{"taxonomy":"product_cat","embeddable":true,"href":"https:\/\/vetsul.com\/index.php\/wp-json\/wp\/v2\/product_cat?post=16105"},{"taxonomy":"product_tag","embeddable":true,"href":"https:\/\/vetsul.com\/index.php\/wp-json\/wp\/v2\/product_tag?post=16105"}],"curies":[{"name":"wp","href":"https:\/\/api.w.org\/{rel}","templated":true}]}}