{"id":16103,"date":"2017-12-29T14:08:48","date_gmt":"2017-12-29T16:08:48","guid":{"rendered":"http:\/\/35.194.95.18\/wp-admin\/?post_type=product&#038;p=16103"},"modified":"2025-02-07T16:00:03","modified_gmt":"2025-02-07T19:00:03","slug":"tubo-rigido-para-vagina-artificial-botupharma","status":"publish","type":"product","link":"https:\/\/vetsul.com\/index.php\/product\/tubo-rigido-para-vagina-artificial-botupharma\/","title":{"rendered":"Tubo R\u00edgido para Vagina Artificial-Botupharma"},"content":{"rendered":"<p><span style=\"color: rgb(131, 131, 131); font-family: &quot;Droid Sans&quot;, Calibri, AppleGothic, &quot;MgOpen Modata&quot;, sans-serif;\">\u2022 Tubo r\u00edgido de alta resist\u00eancia com pintura em poliuretano, com torneira de entrada de \u00e1gua que possibilita tamb\u00e9m a insufla\u00e7\u00e3o de ar, diminuindo o peso final da vagina. O tubo r\u00edgido possui um design anat\u00f4mico para maior conforto do garanh\u00e3o durante a conheita do s\u00eamen.<\/span><\/p>\n","protected":false},"excerpt":{"rendered":"<p>\u2022 Tubo r\u00edgido de alta resist\u00eancia com pintura em poliuretano, com torneira de entrada de \u00e1gua que possibilita tamb\u00e9m a insufla\u00e7\u00e3o de<\/p>\n","protected":false},"featured_media":16104,"template":"","meta":{"_acf_changed":false},"product_brand":[953],"product_cat":[163,166,177,178,194],"product_tag":[],"class_list":{"0":"post-16103","1":"product","2":"type-product","3":"status-publish","4":"has-post-thumbnail","6":"product_brand-botupharma","7":"product_cat-equinos","8":"product_cat-equipamentos-utensilios-e-materiais-hospitalares","9":"product_cat-reproducao-2","10":"product_cat-suplementos-e-vitaminas-2","11":"product_cat-todos-os-produtos","13":"first","14":"instock","15":"purchasable","16":"product-type-simple"},"acf":[],"_links":{"self":[{"href":"https:\/\/vetsul.com\/index.php\/wp-json\/wp\/v2\/product\/16103","targetHints":{"allow":["GET"]}}],"collection":[{"href":"https:\/\/vetsul.com\/index.php\/wp-json\/wp\/v2\/product"}],"about":[{"href":"https:\/\/vetsul.com\/index.php\/wp-json\/wp\/v2\/types\/product"}],"wp:featuredmedia":[{"embeddable":true,"href":"https:\/\/vetsul.com\/index.php\/wp-json\/wp\/v2\/media\/16104"}],"wp:attachment":[{"href":"https:\/\/vetsul.com\/index.php\/wp-json\/wp\/v2\/media?parent=16103"}],"wp:term":[{"taxonomy":"product_brand","embeddable":true,"href":"https:\/\/vetsul.com\/index.php\/wp-json\/wp\/v2\/product_brand?post=16103"},{"taxonomy":"product_cat","embeddable":true,"href":"https:\/\/vetsul.com\/index.php\/wp-json\/wp\/v2\/product_cat?post=16103"},{"taxonomy":"product_tag","embeddable":true,"href":"https:\/\/vetsul.com\/index.php\/wp-json\/wp\/v2\/product_tag?post=16103"}],"curies":[{"name":"wp","href":"https:\/\/api.w.org\/{rel}","templated":true}]}}