{"id":16097,"date":"2017-12-29T13:59:41","date_gmt":"2017-12-29T15:59:41","guid":{"rendered":"http:\/\/35.194.95.18\/wp-admin\/?post_type=product&#038;p=16097"},"modified":"2025-02-07T16:00:03","modified_gmt":"2025-02-07T19:00:03","slug":"spermfilter","status":"publish","type":"product","link":"https:\/\/vetsul.com\/index.php\/product\/spermfilter\/","title":{"rendered":"SpermFilter"},"content":{"rendered":"<p style=\"background-image: initial; background-position: initial; background-size: initial; background-repeat: initial; background-attachment: initial; background-origin: initial; background-clip: initial; border: 0px; margin-bottom: 0px; padding: 0px 0px 18px; vertical-align: baseline; outline: none; color: rgb(131, 131, 131); font-family: &quot;Droid Sans&quot;, Calibri, AppleGothic, &quot;MgOpen Modata&quot;, sans-serif;\"><span style=\"background: transparent; border: 0px; margin: 0px; padding: 0px; vertical-align: baseline; outline: none; font-size: 14pt;\">Filtro para Concentrar Espermatozoides<\/span><\/p>\n<p style=\"background-image: initial; background-position: initial; background-size: initial; background-repeat: initial; background-attachment: initial; background-origin: initial; background-clip: initial; border: 0px; margin-bottom: 0px; padding: 0px 0px 18px; vertical-align: baseline; outline: none; color: rgb(131, 131, 131); font-family: &quot;Droid Sans&quot;, Calibri, AppleGothic, &quot;MgOpen Modata&quot;, sans-serif;\"><span style=\"background: transparent; border: 0px; margin: 0px; padding: 0px; vertical-align: baseline; outline: none; font-size: 14pt;\">Filtro de membrana sint\u00e9tica, com porosidade que permite a passagem do plasma seminal e bact\u00e9rias, retendo apenas os espermatozoides.<\/span><\/p>\n<p style=\"background-image: initial; background-position: initial; background-size: initial; background-repeat: initial; background-attachment: initial; background-origin: initial; background-clip: initial; border: 0px; margin-bottom: 0px; padding: 0px 0px 18px; vertical-align: baseline; outline: none; color: rgb(131, 131, 131); font-family: &quot;Droid Sans&quot;, Calibri, AppleGothic, &quot;MgOpen Modata&quot;, sans-serif;\"><span style=\"background: transparent; border: 0px; margin: 0px; padding: 0px; vertical-align: baseline; outline: none; font-size: 14pt;\"><span style=\"background-image: initial; background-position: initial; background-size: initial; background-repeat: initial; background-attachment: initial; background-origin: initial; background-clip: initial; border: 0px; margin: 0px; padding: 0px; vertical-align: baseline; outline: none; font-size: 13px; color: rgb(51, 204, 204);\">INFORMA\u00c7\u00d5ES ADICIONAIS:<\/span><br style=\"font-size: 13px;\"><span style=\"font-size: 13px;\">O Filtro elimina a necessidade do uso de centr\u00edfuga, sendo menos lesivo aos espermatozoides quando comparado com a centrifuga\u00e7\u00e3o usualmente utilizada para concentrar espermatozoides.<\/span><br \/><\/span><\/p>\n","protected":false},"excerpt":{"rendered":"<p>Filtro para Concentrar Espermatozoides Filtro de membrana sint\u00e9tica, com porosidade que permite a passagem do plasma seminal e bact\u00e9rias, retendo apenas os<\/p>\n","protected":false},"featured_media":16098,"template":"","meta":{"_acf_changed":false},"product_brand":[],"product_cat":[166,177],"product_tag":[],"class_list":{"0":"post-16097","1":"product","2":"type-product","3":"status-publish","4":"has-post-thumbnail","6":"product_cat-equipamentos-utensilios-e-materiais-hospitalares","7":"product_cat-reproducao-2","9":"first","10":"instock","11":"purchasable","12":"product-type-simple"},"acf":[],"_links":{"self":[{"href":"https:\/\/vetsul.com\/index.php\/wp-json\/wp\/v2\/product\/16097","targetHints":{"allow":["GET"]}}],"collection":[{"href":"https:\/\/vetsul.com\/index.php\/wp-json\/wp\/v2\/product"}],"about":[{"href":"https:\/\/vetsul.com\/index.php\/wp-json\/wp\/v2\/types\/product"}],"wp:featuredmedia":[{"embeddable":true,"href":"https:\/\/vetsul.com\/index.php\/wp-json\/wp\/v2\/media\/16098"}],"wp:attachment":[{"href":"https:\/\/vetsul.com\/index.php\/wp-json\/wp\/v2\/media?parent=16097"}],"wp:term":[{"taxonomy":"product_brand","embeddable":true,"href":"https:\/\/vetsul.com\/index.php\/wp-json\/wp\/v2\/product_brand?post=16097"},{"taxonomy":"product_cat","embeddable":true,"href":"https:\/\/vetsul.com\/index.php\/wp-json\/wp\/v2\/product_cat?post=16097"},{"taxonomy":"product_tag","embeddable":true,"href":"https:\/\/vetsul.com\/index.php\/wp-json\/wp\/v2\/product_tag?post=16097"}],"curies":[{"name":"wp","href":"https:\/\/api.w.org\/{rel}","templated":true}]}}