{"id":16094,"date":"2017-12-29T13:44:46","date_gmt":"2017-12-29T15:44:46","guid":{"rendered":"http:\/\/35.194.95.18\/wp-admin\/?post_type=product&#038;p=16094"},"modified":"2025-04-03T16:12:08","modified_gmt":"2025-04-03T19:12:08","slug":"botu-semen-special","status":"publish","type":"product","link":"https:\/\/vetsul.com\/index.php\/product\/botu-semen-special\/","title":{"rendered":"Botu S\u00eamen Special"},"content":{"rendered":"<h4 style=\"background-image: initial;background-position: initial;background-size: initial;background-attachment: initial;border: 0px;margin-right: 0px;margin-bottom: 18px;margin-left: 0px;padding: 0px;vertical-align: baseline;font-weight: 600;, sans-serif;font-size: 18px;line-height: 22px\">Diluente especialmente desenvolvido para garanh\u00f5es, sens\u00edveis ao processo de refrigera\u00e7\u00e3o de s\u00eamen. Sua composi\u00e7\u00e3o \u00e9 baseada na adi\u00e7\u00e3o de lip\u00eddeos essenciais para manuten\u00e7\u00e3o da estabilidade da membrana plasm\u00e1tica dos espermatozoides durante o processo de refrigera\u00e7\u00e3o.<\/h4>\n<p style=\"background-image: initial;background-position: initial;background-size: initial;background-attachment: initial;border: 0px;margin-bottom: 0px;padding: 0px 0px 18px;vertical-align: baseline;, sans-serif\"><strong style=\"background: transparent;border: 0px;margin: 0px;padding: 0px;vertical-align: baseline\">APRESENTA\u00c7\u00c3O:<\/strong><br \/>Caixa com 10 Frascos diluentes e 10 Sach\u00eas<\/p>\n","protected":false},"excerpt":{"rendered":"<p>Diluente especialmente desenvolvido para garanh\u00f5es, sens\u00edveis ao processo de refrigera\u00e7\u00e3o de s\u00eamen. Sua composi\u00e7\u00e3o \u00e9 baseada na adi\u00e7\u00e3o de lip\u00eddeos essenciais para<\/p>\n","protected":false},"featured_media":16095,"template":"","meta":{"_acf_changed":false},"product_brand":[953],"product_cat":[177],"product_tag":[986],"class_list":{"0":"post-16094","1":"product","2":"type-product","3":"status-publish","4":"has-post-thumbnail","6":"product_brand-botupharma","7":"product_cat-reproducao-2","8":"product_tag-botupharma","10":"first","11":"instock","12":"purchasable","13":"product-type-simple"},"acf":[],"_links":{"self":[{"href":"https:\/\/vetsul.com\/index.php\/wp-json\/wp\/v2\/product\/16094","targetHints":{"allow":["GET"]}}],"collection":[{"href":"https:\/\/vetsul.com\/index.php\/wp-json\/wp\/v2\/product"}],"about":[{"href":"https:\/\/vetsul.com\/index.php\/wp-json\/wp\/v2\/types\/product"}],"wp:featuredmedia":[{"embeddable":true,"href":"https:\/\/vetsul.com\/index.php\/wp-json\/wp\/v2\/media\/16095"}],"wp:attachment":[{"href":"https:\/\/vetsul.com\/index.php\/wp-json\/wp\/v2\/media?parent=16094"}],"wp:term":[{"taxonomy":"product_brand","embeddable":true,"href":"https:\/\/vetsul.com\/index.php\/wp-json\/wp\/v2\/product_brand?post=16094"},{"taxonomy":"product_cat","embeddable":true,"href":"https:\/\/vetsul.com\/index.php\/wp-json\/wp\/v2\/product_cat?post=16094"},{"taxonomy":"product_tag","embeddable":true,"href":"https:\/\/vetsul.com\/index.php\/wp-json\/wp\/v2\/product_tag?post=16094"}],"curies":[{"name":"wp","href":"https:\/\/api.w.org\/{rel}","templated":true}]}}