{"id":16077,"date":"2017-12-29T11:22:08","date_gmt":"2017-12-29T13:22:08","guid":{"rendered":"http:\/\/35.194.95.18\/wp-admin\/?post_type=product&#038;p=16077"},"modified":"2025-08-09T10:36:39","modified_gmt":"2025-08-09T13:36:39","slug":"botumix-revitalize","status":"publish","type":"product","link":"https:\/\/vetsul.com\/index.php\/product\/botumix-revitalize\/","title":{"rendered":"Botumix Revitalize"},"content":{"rendered":"<h2 style=\"background-image: initial;background-position: initial;background-size: initial;background-attachment: initial;border: 0px;margin-right: 0px;margin-bottom: 18px;margin-left: 0px;padding: 0px;vertical-align: baseline;font-family: Montserrat, Calibri, AppleGothic, 'MgOpen Modata', sans-serif;font-size: 30px;line-height: 36px;color: #444444;text-align: justify\"><span style=\"background: transparent;border: 0px;margin: 0px;padding: 0px;vertical-align: baseline;color: #ff6600;font-size: 14px\"><em style=\"background: transparent;border: 0px;margin: 0px;padding: 0px;vertical-align: baseline\">\u201cEnergia e Vigor\u201d<\/em><\/span><\/h2>\n<h4 style=\"background-image: initial;background-position: initial;background-size: initial;background-attachment: initial;border: 0px;margin-right: 0px;margin-bottom: 18px;margin-left: 0px;padding: 0px;vertical-align: baseline;font-weight: 600;font-family: 'Open Sans', Calibri, AppleGothic, 'MgOpen Modata', sans-serif;font-size: 18px;line-height: 22px;color: #444444;text-align: justify\"><span style=\"font-size: 14px\">\u201c<\/span><strong style=\"background: transparent;border: 0px;margin: 0px;padding: 0px;vertical-align: baseline\"><span style=\"font-size: 14px\">Botumix Revitalize<\/span><\/strong><span style=\"font-size: 14px\">\u00a0<\/span><span style=\"font-size: 14px\">\u00e9 um suplemento alimentar que combina a energia fornecida por carboidratos, vitaminas, minerais e amino\u00e1cidos para o pleno funcionamento do organismo de equinos, bovinos, pequenos ruminantes e su\u00ednos. Possui em sua formula\u00e7\u00e3o L-Lisina, Maltodextrina e Vitamina C, componentes altamente indicados para animais convalescentes\u201d.<\/span><\/h4>\n<p style=\"background-image: initial;background-position: initial;background-size: initial;background-attachment: initial;border: 0px;margin-bottom: 0px;padding: 0px 0px 18px;vertical-align: baseline;color: #838383;font-family: 'Droid Sans', Calibri, AppleGothic, 'MgOpen Modata', sans-serif\"><span style=\"background: transparent;border: 0px;margin: 0px;padding: 0px;vertical-align: baseline;font-family: helvetica, arial, sans-serif;font-size: 14px;color: #ff6600\">L-Lisina<\/span><\/p>\n<p style=\"background-image: initial;background-position: initial;background-size: initial;background-attachment: initial;border: 0px;margin-bottom: 0px;padding: 0px 0px 18px;vertical-align: baseline;color: #838383;font-family: 'Droid Sans', Calibri, AppleGothic, 'MgOpen Modata', sans-serif\"><span style=\"background: transparent;border: 0px;margin: 0px;padding: 0px;vertical-align: baseline;font-family: helvetica, arial, sans-serif;font-size: 14px;color: #ff6600\">Vitamina C<\/span><\/p>\n<p style=\"background-image: initial;background-position: initial;background-size: initial;background-attachment: initial;border: 0px;margin-bottom: 0px;padding: 0px 0px 18px;vertical-align: baseline;color: #838383;font-family: 'Droid Sans', Calibri, AppleGothic, 'MgOpen Modata', sans-serif\"><span style=\"background: transparent;border: 0px;margin: 0px;padding: 0px;vertical-align: baseline;font-family: helvetica, arial, sans-serif;font-size: 14px;color: #ff6600\">Maltodextrina<\/span><\/p>\n<p style=\"background-image: initial;background-position: initial;background-size: initial;background-attachment: initial;border: 0px;margin-bottom: 0px;padding: 0px 0px 18px;vertical-align: baseline;color: #838383;font-family: 'Droid Sans', Calibri, AppleGothic, 'MgOpen Modata', sans-serif\"><img loading=\"lazy\" decoding=\"async\" class=\"alignnone wp-image-3928 size-full\" style=\"color: transparent;height: auto;font-size: 0px;margin-bottom: 18px\" src=\"http:\/\/site1389353500.hospedagemdesites.ws\/wp-content\/uploads\/2016\/11\/botumix02.jpg\" width=\"268\" height=\"73\" \/><br \/>\n<span style=\"background: transparent;border: 0px;margin: 0px;padding: 0px;vertical-align: baseline;font-size: 14px\">Suplemento mineral e vitam\u00ednico para equinos, bovinos, ovinos, su\u00ednos e caprinos<\/span><\/p>\n<p style=\"background-image: initial;background-position: initial;background-size: initial;background-attachment: initial;border: 0px;margin-bottom: 0px;padding: 0px 0px 18px;vertical-align: baseline;color: #838383;font-family: 'Droid Sans', Calibri, AppleGothic, 'MgOpen Modata', sans-serif\"><strong style=\"background: transparent;border: 0px;margin: 0px;padding: 0px;vertical-align: baseline\"><span style=\"font-size: 14px\">Apresenta\u00e7\u00e3o:<\/span><\/strong><br \/>\n<span style=\"font-size: 14px\">Embalagem contendo 1,5 L\u00a0<\/span><\/p>\n<p style=\"background-image: initial;background-position: initial;background-size: initial;background-attachment: initial;border: 0px;margin-bottom: 0px;padding: 0px 0px 18px;vertical-align: baseline;color: #838383;font-family: 'Droid Sans', Calibri, AppleGothic, 'MgOpen Modata', sans-serif\"><span style=\"background: transparent;border: 0px;margin: 0px;padding: 0px;vertical-align: baseline;color: #ff6600\">INDICA\u00c7\u00c3O DE USO:<\/span><br \/>\nSuplementa\u00e7\u00e3o de vitaminas, minerais e amino\u00e1cidos indicado para equinos, bovinos, pequenos ruminantes e su\u00ednos.<\/p>\n<p style=\"background-image: initial;background-position: initial;background-size: initial;background-attachment: initial;border: 0px;margin-bottom: 0px;padding: 0px 0px 18px;vertical-align: baseline;color: #838383;font-family: 'Droid Sans', Calibri, AppleGothic, 'MgOpen Modata', sans-serif\"><span style=\"background: transparent;border: 0px;margin: 0px;padding: 0px;vertical-align: baseline;color: #ff6600\">MODO DE USAR:<\/span><br \/>\nFornecer diariamente por via oral.<br \/>\nDoses: Equ\u00eddeos e bovinos adultos: 25 a 50 mL<br \/>\nao dia.<br \/>\nOvinos e caprinos adultos, potros e bezerros rec\u00e9m nascidos: 12 a 25 mL ao dia.<br \/>\nPotros, bezerros e p\u00f4neis: 20 a 40 mL ao dia.<br \/>\nCabritos, cordeiros e leit\u00f5es: 2 mL ao dia.<br \/>\nSu\u00ednos adultos: 6 a 12 mL ao dia.<\/p>\n<p style=\"background-image: initial;background-position: initial;background-size: initial;background-attachment: initial;border: 0px;margin-bottom: 0px;padding: 0px 0px 18px;vertical-align: baseline;color: #838383;font-family: 'Droid Sans', Calibri, AppleGothic, 'MgOpen Modata', sans-serif\">AGITE ANTES DE USAR<\/p>\n<p style=\"background-image: initial;background-position: initial;background-size: initial;background-attachment: initial;border: 0px;margin-bottom: 0px;padding: 0px 0px 18px;vertical-align: baseline;color: #838383;font-family: 'Droid Sans', Calibri, AppleGothic, 'MgOpen Modata', sans-serif\">NO DOPPING<\/p>\n","protected":false},"excerpt":{"rendered":"<p>\u201cEnergia e Vigor\u201d \u201cBotumix Revitalize\u00a0\u00e9 um suplemento alimentar que combina a energia fornecida por carboidratos, vitaminas, minerais e amino\u00e1cidos para o pleno<\/p>\n","protected":false},"featured_media":17675,"template":"","meta":{"_acf_changed":false},"product_brand":[953],"product_cat":[163,178,194],"product_tag":[986],"class_list":{"0":"post-16077","1":"product","2":"type-product","3":"status-publish","4":"has-post-thumbnail","6":"product_brand-botupharma","7":"product_cat-equinos","8":"product_cat-suplementos-e-vitaminas-2","9":"product_cat-todos-os-produtos","10":"product_tag-botupharma","12":"first","13":"instock","14":"shipping-taxable","15":"purchasable","16":"product-type-simple"},"acf":[],"_links":{"self":[{"href":"https:\/\/vetsul.com\/index.php\/wp-json\/wp\/v2\/product\/16077","targetHints":{"allow":["GET"]}}],"collection":[{"href":"https:\/\/vetsul.com\/index.php\/wp-json\/wp\/v2\/product"}],"about":[{"href":"https:\/\/vetsul.com\/index.php\/wp-json\/wp\/v2\/types\/product"}],"wp:featuredmedia":[{"embeddable":true,"href":"https:\/\/vetsul.com\/index.php\/wp-json\/wp\/v2\/media\/17675"}],"wp:attachment":[{"href":"https:\/\/vetsul.com\/index.php\/wp-json\/wp\/v2\/media?parent=16077"}],"wp:term":[{"taxonomy":"product_brand","embeddable":true,"href":"https:\/\/vetsul.com\/index.php\/wp-json\/wp\/v2\/product_brand?post=16077"},{"taxonomy":"product_cat","embeddable":true,"href":"https:\/\/vetsul.com\/index.php\/wp-json\/wp\/v2\/product_cat?post=16077"},{"taxonomy":"product_tag","embeddable":true,"href":"https:\/\/vetsul.com\/index.php\/wp-json\/wp\/v2\/product_tag?post=16077"}],"curies":[{"name":"wp","href":"https:\/\/api.w.org\/{rel}","templated":true}]}}