{"id":16073,"date":"2017-12-29T10:47:05","date_gmt":"2017-12-29T12:47:05","guid":{"rendered":"http:\/\/35.194.95.18\/wp-admin\/?post_type=product&#038;p=16073"},"modified":"2025-02-07T16:21:20","modified_gmt":"2025-02-07T19:21:20","slug":"botumix-red-up","status":"publish","type":"product","link":"https:\/\/vetsul.com\/index.php\/product\/botumix-red-up\/","title":{"rendered":"Botumix Red UP"},"content":{"rendered":"<h2 style=\"background-image: initial; background-position: initial; background-size: initial; background-repeat: initial; background-attachment: initial; background-origin: initial; background-clip: initial; border: 0px; margin-right: 0px; margin-bottom: 18px; margin-left: 0px; padding: 0px; vertical-align: baseline; outline: none; font-family: Montserrat, Calibri, AppleGothic, 'MgOpen Modata', sans-serif; font-size: 30px; line-height: 36px; color: #444444; text-align: justify;\"><em style=\"background: transparent; border: 0px; margin: 0px; padding: 0px; vertical-align: baseline; outline: none;\"><span style=\"background: transparent; border: 0px; margin: 0px; padding: 0px; vertical-align: baseline; outline: none; color: #ff0000; font-size: 14px;\">\u201cFor\u00e7a Extra\u201d<\/span><\/em><\/h2>\n<h4 style=\"background-image: initial; background-position: initial; background-size: initial; background-repeat: initial; background-attachment: initial; background-origin: initial; background-clip: initial; border: 0px; margin-right: 0px; margin-bottom: 18px; margin-left: 0px; padding: 0px; vertical-align: baseline; outline: none; font-weight: 600; font-family: 'Open Sans', Calibri, AppleGothic, 'MgOpen Modata', sans-serif; font-size: 18px; line-height: 22px; color: #444444; text-align: justify;\"><span style=\"font-size: 14px;\">A realiza\u00e7\u00e3o de atividades f\u00edsicas gera uma maior demanda de oxig\u00eanio e nutrientes. Diante disso,<\/span><span style=\"font-size: 14px;\">\u00a0<\/span><strong style=\"background: transparent; border: 0px; margin: 0px; padding: 0px; vertical-align: baseline; outline: none;\"><span style=\"font-size: 14px;\">Botumix Red Up<\/span><\/strong><span style=\"font-size: 14px;\">\u00a0<\/span><span style=\"font-size: 14px;\">\u00e9 um suplemento vitam\u00ednico, mineral e amino\u00e1cido indicado para equ\u00eddeos, pequenos ruminantes e su\u00ednos. Possui em sua formula\u00e7\u00e3o \u00c1cido F\u00f3lico, Ferro e Vitamina B12, componentes altamente indicados para animais sob condi\u00e7\u00f5es de estresse ambiental e em treinamento atl\u00e9tico.<\/span><\/h4>\n<p style=\"background-image: initial; background-position: initial; background-size: initial; background-repeat: initial; background-attachment: initial; background-origin: initial; background-clip: initial; border: 0px; margin-bottom: 0px; padding: 0px 0px 18px; vertical-align: baseline; outline: none; color: #838383; font-family: 'Droid Sans', Calibri, AppleGothic, 'MgOpen Modata', sans-serif;\"><span style=\"background: transparent; border: 0px; margin: 0px; padding: 0px; vertical-align: baseline; outline: none; font-family: helvetica, arial, sans-serif; color: #ff0000; font-size: 14px;\">Ferro<\/span><\/p>\n<p style=\"background-image: initial; background-position: initial; background-size: initial; background-repeat: initial; background-attachment: initial; background-origin: initial; background-clip: initial; border: 0px; margin-bottom: 0px; padding: 0px 0px 18px; vertical-align: baseline; outline: none; color: #838383; font-family: 'Droid Sans', Calibri, AppleGothic, 'MgOpen Modata', sans-serif;\"><span style=\"background: transparent; border: 0px; margin: 0px; padding: 0px; vertical-align: baseline; outline: none; font-family: helvetica, arial, sans-serif; color: #ff0000; font-size: 14px;\">\u00c1cido F\u00f3lico<\/span><\/p>\n<p style=\"background-image: initial; background-position: initial; background-size: initial; background-repeat: initial; background-attachment: initial; background-origin: initial; background-clip: initial; border: 0px; margin-bottom: 0px; padding: 0px 0px 18px; vertical-align: baseline; outline: none; color: #838383; font-family: 'Droid Sans', Calibri, AppleGothic, 'MgOpen Modata', sans-serif;\"><span style=\"background: transparent; border: 0px; margin: 0px; padding: 0px; vertical-align: baseline; outline: none; font-family: helvetica, arial, sans-serif; color: #ff0000; font-size: 14px;\">Vitamina B12<\/span><\/p>\n<p style=\"background-image: initial; background-position: initial; background-size: initial; background-repeat: initial; background-attachment: initial; background-origin: initial; background-clip: initial; border: 0px; margin-bottom: 0px; padding: 0px 0px 18px; vertical-align: baseline; outline: none; color: #838383; font-family: 'Droid Sans', Calibri, AppleGothic, 'MgOpen Modata', sans-serif;\"><img loading=\"lazy\" decoding=\"async\" class=\"alignnone size-full wp-image-3928\" style=\"display: inline-block; color: transparent; height: auto; font-size: 0px; max-width: 100{bad89740ab836af8afd78adf22d5854117f226b234e4f8ee83a0ac8d28f68ffc}; image-rendering: -webkit-optimize-contrast; margin-bottom: 18px;\" src=\"http:\/\/botupharma.com.br\/wp-content\/uploads\/2016\/11\/botumix02.jpg\" alt=\"\" width=\"268\" height=\"73\" \/><\/p>\n<p style=\"background-image: initial; background-position: initial; background-size: initial; background-repeat: initial; background-attachment: initial; background-origin: initial; background-clip: initial; border: 0px; margin-bottom: 0px; padding: 0px 0px 18px; vertical-align: baseline; outline: none; color: #838383; font-family: 'Droid Sans', Calibri, AppleGothic, 'MgOpen Modata', sans-serif;\"><span style=\"background: transparent; border: 0px; margin: 0px; padding: 0px; vertical-align: baseline; outline: none; font-size: 14px;\">Suplemento vitam\u00ednico, mineral e amino\u00e1cido para alimenta\u00e7\u00e3o animal<\/span><\/p>\n<p style=\"background-image: initial; background-position: initial; background-size: initial; background-repeat: initial; background-attachment: initial; background-origin: initial; background-clip: initial; border: 0px; margin-bottom: 0px; padding: 0px 0px 18px; vertical-align: baseline; outline: none; color: #838383; font-family: 'Droid Sans', Calibri, AppleGothic, 'MgOpen Modata', sans-serif;\">Apresenta\u00e7\u00e3o:<br \/>\nEmbalagem contendo 1,5 L<\/p>\n<p style=\"background-image: initial; background-position: initial; background-size: initial; background-repeat: initial; background-attachment: initial; background-origin: initial; background-clip: initial; border: 0px; margin-bottom: 0px; padding: 0px 0px 18px; vertical-align: baseline; outline: none; color: #838383; font-family: 'Droid Sans', Calibri, AppleGothic, 'MgOpen Modata', sans-serif;\"><span style=\"background: transparent; border: 0px; margin: 0px; padding: 0px; vertical-align: baseline; outline: none; color: #ff0000;\">INDICA\u00c7\u00c3O DE USO:<\/span><br \/>\nSuplemento vitam\u00ednico, mineral e amino\u00e1cido indicado para equ\u00eddeos, pequenos ruminantes e su\u00ednos.<\/p>\n<p style=\"background-image: initial; background-position: initial; background-size: initial; background-repeat: initial; background-attachment: initial; background-origin: initial; background-clip: initial; border: 0px; margin-bottom: 0px; padding: 0px 0px 18px; vertical-align: baseline; outline: none; color: #838383; font-family: 'Droid Sans', Calibri, AppleGothic, 'MgOpen Modata', sans-serif;\"><span style=\"background: transparent; border: 0px; margin: 0px; padding: 0px; vertical-align: baseline; outline: none; color: #ff0000;\">MODO DE USAR:<\/span><br \/>\nFornecer diariamente por via oral.<br \/>\nDoses: Equ\u00eddeos adultos: 20 mL ao dia. \u00ad<br \/>\nPotros Neonatos: 10 mL ao dia.<br \/>\nPotros e p\u00f4neis: 15 mL ao dia.<br \/>\nOvinos e Caprinos adultos: 10 mL ao dia. \u00ad<br \/>\nSu\u00ednos adultos: 5 mL ao dia.<br \/>\nCordeiros, Cabritos e Leit\u00f5es: 1 mL ao dia.<\/p>\n<p style=\"background-image: initial; background-position: initial; background-size: initial; background-repeat: initial; background-attachment: initial; background-origin: initial; background-clip: initial; border: 0px; margin-bottom: 0px; padding: 0px 0px 18px; vertical-align: baseline; outline: none; color: #838383; font-family: 'Droid Sans', Calibri, AppleGothic, 'MgOpen Modata', sans-serif;\">AGITAR BEM ANTES DE USAR.<\/p>\n<p style=\"background-image: initial; background-position: initial; background-size: initial; background-repeat: initial; background-attachment: initial; background-origin: initial; background-clip: initial; border: 0px; margin-bottom: 0px; padding: 0px 0px 18px; vertical-align: baseline; outline: none; color: #838383; font-family: 'Droid Sans', Calibri, AppleGothic, 'MgOpen Modata', sans-serif;\">NO DOPPING<\/p>\n","protected":false},"excerpt":{"rendered":"<p>\u201cFor\u00e7a Extra\u201d A realiza\u00e7\u00e3o de atividades f\u00edsicas gera uma maior demanda de oxig\u00eanio e nutrientes. Diante disso,\u00a0Botumix Red Up\u00a0\u00e9 um suplemento vitam\u00ednico,<\/p>\n","protected":false},"featured_media":17678,"template":"","meta":{"_acf_changed":false},"product_brand":[953],"product_cat":[163,178,194],"product_tag":[986],"class_list":{"0":"post-16073","1":"product","2":"type-product","3":"status-publish","4":"has-post-thumbnail","6":"product_brand-botupharma","7":"product_cat-equinos","8":"product_cat-suplementos-e-vitaminas-2","9":"product_cat-todos-os-produtos","10":"product_tag-botupharma","12":"first","13":"outofstock","14":"shipping-taxable","15":"purchasable","16":"product-type-simple"},"acf":[],"_links":{"self":[{"href":"https:\/\/vetsul.com\/index.php\/wp-json\/wp\/v2\/product\/16073","targetHints":{"allow":["GET"]}}],"collection":[{"href":"https:\/\/vetsul.com\/index.php\/wp-json\/wp\/v2\/product"}],"about":[{"href":"https:\/\/vetsul.com\/index.php\/wp-json\/wp\/v2\/types\/product"}],"wp:featuredmedia":[{"embeddable":true,"href":"https:\/\/vetsul.com\/index.php\/wp-json\/wp\/v2\/media\/17678"}],"wp:attachment":[{"href":"https:\/\/vetsul.com\/index.php\/wp-json\/wp\/v2\/media?parent=16073"}],"wp:term":[{"taxonomy":"product_brand","embeddable":true,"href":"https:\/\/vetsul.com\/index.php\/wp-json\/wp\/v2\/product_brand?post=16073"},{"taxonomy":"product_cat","embeddable":true,"href":"https:\/\/vetsul.com\/index.php\/wp-json\/wp\/v2\/product_cat?post=16073"},{"taxonomy":"product_tag","embeddable":true,"href":"https:\/\/vetsul.com\/index.php\/wp-json\/wp\/v2\/product_tag?post=16073"}],"curies":[{"name":"wp","href":"https:\/\/api.w.org\/{rel}","templated":true}]}}