{"id":16067,"date":"2017-12-29T10:37:06","date_gmt":"2017-12-29T12:37:06","guid":{"rendered":"http:\/\/35.194.95.18\/wp-admin\/?post_type=product&#038;p=16067"},"modified":"2025-04-03T16:12:08","modified_gmt":"2025-04-03T19:12:08","slug":"botumix-neonato","status":"publish","type":"product","link":"https:\/\/vetsul.com\/index.php\/product\/botumix-neonato\/","title":{"rendered":"Botumix Neonato"},"content":{"rendered":"<h3 style=\"background-image: initial; background-position: initial; background-size: initial; background-repeat: initial; background-attachment: initial; background-origin: initial; background-clip: initial; border: 0px; margin-right: 0px; margin-bottom: 18px; margin-left: 0px; padding: 0px; vertical-align: baseline; outline: none; font-family: Montserrat, Calibri, AppleGothic, 'MgOpen Modata', sans-serif; font-size: 24px; line-height: 36px; color: #444444; text-align: justify;\"><span style=\"background: transparent; border: 0px; margin: 0px; padding: 0px; vertical-align: baseline; outline: none; color: #800080; font-size: 14px;\">\u201cO Primeiro Passo de um Futuro Campe\u00e3o\u201d<\/span><\/h3>\n<h4 style=\"background-image: initial; background-position: initial; background-size: initial; background-repeat: initial; background-attachment: initial; background-origin: initial; background-clip: initial; border: 0px; margin-right: 0px; margin-bottom: 18px; margin-left: 0px; padding: 0px; vertical-align: baseline; outline: none; font-weight: 600; font-family: 'Open Sans', Calibri, AppleGothic, 'MgOpen Modata', sans-serif; font-size: 18px; line-height: 22px; color: #444444; text-align: justify;\"><span style=\"font-size: 14px;\">\u201c<\/span><strong style=\"background: transparent; border: 0px; margin: 0px; padding: 0px; vertical-align: baseline; outline: none;\"><span style=\"font-size: 14px;\">Botumix Neonato<\/span><\/strong><span style=\"font-size: 14px;\">\u00a0<\/span><span style=\"font-size: 14px;\">foi desenvolvido especialmente para um futuro campe\u00e3o. \u00c9 um suplemento alimentar que combina vitaminas, minerais quelatados, amino\u00e1cidos, antioxidantes e lip\u00eddeos, como \u00c1cido F\u00f3lico, L-Glutamina e Vitamina A, de forma a fornecer os nutrientes necess\u00e1rios para animais rec\u00e9m-nascidos\u201d.<\/span><\/h4>\n<p style=\"background-image: initial; background-position: initial; background-size: initial; background-repeat: initial; background-attachment: initial; background-origin: initial; background-clip: initial; border: 0px; margin-bottom: 0px; padding: 0px 0px 18px; vertical-align: baseline; outline: none; color: #838383; font-family: 'Droid Sans', Calibri, AppleGothic, 'MgOpen Modata', sans-serif;\"><span style=\"background: transparent; border: 0px; margin: 0px; padding: 0px; vertical-align: baseline; outline: none; font-family: helvetica, arial, sans-serif; font-size: 14px; color: #993366;\">L-Glutamina<\/span><\/p>\n<p style=\"background-image: initial; background-position: initial; background-size: initial; background-repeat: initial; background-attachment: initial; background-origin: initial; background-clip: initial; border: 0px; margin-bottom: 0px; padding: 0px 0px 18px; vertical-align: baseline; outline: none; color: #838383; font-family: 'Droid Sans', Calibri, AppleGothic, 'MgOpen Modata', sans-serif;\"><span style=\"background: transparent; border: 0px; margin: 0px; padding: 0px; vertical-align: baseline; outline: none; font-family: helvetica, arial, sans-serif; font-size: 14px; color: #800080;\">Vitamina A<\/span><\/p>\n<p style=\"background-image: initial; background-position: initial; background-size: initial; background-repeat: initial; background-attachment: initial; background-origin: initial; background-clip: initial; border: 0px; margin-bottom: 0px; padding: 0px 0px 18px; vertical-align: baseline; outline: none; color: #838383; font-family: 'Droid Sans', Calibri, AppleGothic, 'MgOpen Modata', sans-serif;\"><span style=\"background: transparent; border: 0px; margin: 0px; padding: 0px; vertical-align: baseline; outline: none; font-family: helvetica, arial, sans-serif; font-size: 14px; color: #800080;\">\u00c1cido F\u00f3lico<\/span><\/p>\n<p style=\"background-image: initial; background-position: initial; background-size: initial; background-repeat: initial; background-attachment: initial; background-origin: initial; background-clip: initial; border: 0px; margin-bottom: 0px; padding: 0px 0px 18px; vertical-align: baseline; outline: none; color: #838383; font-family: 'Droid Sans', Calibri, AppleGothic, 'MgOpen Modata', sans-serif;\"><span style=\"background: transparent; border: 0px; margin: 0px; padding: 0px; vertical-align: baseline; outline: none; font-size: 14px;\">Suplemento vitam\u00ednico, mineral e amino\u00e1cido para equinos<\/span><\/p>\n<p style=\"background-image: initial; background-position: initial; background-size: initial; background-repeat: initial; background-attachment: initial; background-origin: initial; background-clip: initial; border: 0px; margin-bottom: 0px; padding: 0px 0px 18px; vertical-align: baseline; outline: none; color: #838383; font-family: 'Droid Sans', Calibri, AppleGothic, 'MgOpen Modata', sans-serif;\"><span style=\"background: transparent; border: 0px; margin: 0px; padding: 0px; vertical-align: baseline; outline: none; font-size: 12pt;\"><strong style=\"background: transparent; border: 0px; margin: 0px; padding: 0px; vertical-align: baseline; outline: none;\"><span style=\"font-size: 14px;\">Apresenta\u00e7\u00e3o:<\/span><\/strong><span style=\"font-size: 14px;\">\u00a0<\/span><\/span><span style=\"background: transparent; border: 0px; margin: 0px; padding: 0px; vertical-align: baseline; outline: none; font-size: 14px;\">43 g<\/span><\/p>\n<h2 style=\"background-image: initial; background-position: initial; background-size: initial; background-repeat: initial; background-attachment: initial; background-origin: initial; background-clip: initial; border: 0px; margin-right: 0px; margin-bottom: 18px; margin-left: 0px; padding: 0px; vertical-align: baseline; outline: none; font-family: Montserrat, Calibri, AppleGothic, 'MgOpen Modata', sans-serif; font-size: 24px; line-height: 36px; color: #444444; position: relative;\">Descri\u00e7\u00e3o do produto<\/h2>\n<p style=\"background-image: initial; background-position: initial; background-size: initial; background-repeat: initial; background-attachment: initial; background-origin: initial; background-clip: initial; border: 0px; margin-bottom: 0px; padding: 0px 0px 18px; vertical-align: baseline; outline: none; color: #838383; font-family: 'Droid Sans', Calibri, AppleGothic, 'MgOpen Modata', sans-serif;\">\n<div id=\"cmsms_row_5a4636536716a\" class=\"cmsms_row cmsms_color_scheme_default\" style=\"background-image: initial; background-position: initial; background-size: initial; background-repeat: initial; background-attachment: initial; background-origin: initial; background-clip: initial; border: 0px; margin: 0px; padding: 0px; vertical-align: baseline; outline: none; width: 872px; position: relative; color: #838383; font-family: 'Droid Sans', Calibri, AppleGothic, 'MgOpen Modata', sans-serif;\">\n<div class=\"cmsms_row_outer_parent\" style=\"background: transparent; border: 0px; margin: 0px; padding: 0.1px 0px; vertical-align: baseline; outline: none; width: 872px; position: relative;\">\n<div class=\"cmsms_row_outer\" style=\"background: transparent; border: 0px; margin: 0px; padding: 0px; vertical-align: baseline; outline: none; width: 872px; position: relative;\">\n<div class=\"cmsms_row_inner\" style=\"background: transparent; border: 0px; margin: 0px auto; padding: 0px; vertical-align: baseline; outline: none; position: relative; width: 872px;\">\n<div class=\"cmsms_row_margin cmsms_11\" style=\"background: transparent; border: 0px; margin: 0px -18.0469px; padding: 0px; vertical-align: baseline; outline: none; position: relative;\">\n<div class=\"cmsms_column one_first\" style=\"background: transparent; border: 0px; margin: 0px 18.1563px; padding: 0px; vertical-align: baseline; outline: none; position: relative; min-height: 1px; float: none; width: 871.766px; clear: both;\">\n<div class=\"cmsms_text\" style=\"background: transparent; border: 0px; margin: 0px; padding: 0px; vertical-align: baseline; outline: none;\">\n<p style=\"background: transparent; border: 0px; margin-bottom: 0px; padding: 0px 0px 18px; vertical-align: baseline; outline: none;\"><span style=\"background: transparent; border: 0px; margin: 0px; padding: 0px; vertical-align: baseline; outline: none; color: #800080;\">INDICA\u00c7\u00c3O DE USO:<br \/>\n<span style=\"background: transparent; border: 0px; margin: 0px; padding: 0px; vertical-align: baseline; outline: none; color: #000000;\">Botumix Neonato \u00e9 um suplemento a base de vitaminas, minerais quelatados, amino\u00e1cidos, antioxidantes, lip\u00eddeos indicado para neonatos e potros em amamenta\u00e7\u00e3o.<\/span><\/span><\/p>\n<p style=\"background: transparent; border: 0px; margin-bottom: 0px; padding: 0px 0px 18px; vertical-align: baseline; outline: none;\"><span style=\"background: transparent; border: 0px; margin: 0px; padding: 0px; vertical-align: baseline; outline: none; color: #800080;\">MODO DE USAR:<\/span><br \/>\nFornecer por via oral.<br \/>\nNeonatos: 1 Seringa via oral 6 horas ap\u00f3s a primeira mamada e repetir a administra\u00e7\u00e3o ap\u00f3s 24 horas.<br \/>\nAnimais debilitados: seguir a administra\u00e7\u00e3o de 1 seringa via oral a cada 24 horas, por 7 dias ou segundo prescri\u00e7\u00e3o do M\u00e9dico Veterin\u00e1rio.<\/p>\n<\/div>\n<\/div>\n<\/div>\n<\/div>\n<\/div>\n<\/div>\n<\/div>\n","protected":false},"excerpt":{"rendered":"<p>\u201cO Primeiro Passo de um Futuro Campe\u00e3o\u201d \u201cBotumix Neonato\u00a0foi desenvolvido especialmente para um futuro campe\u00e3o. \u00c9 um suplemento alimentar que combina vitaminas,<\/p>\n","protected":false},"featured_media":17682,"template":"","meta":{"_acf_changed":false},"product_brand":[953],"product_cat":[163,178,194],"product_tag":[986],"class_list":{"0":"post-16067","1":"product","2":"type-product","3":"status-publish","4":"has-post-thumbnail","6":"product_brand-botupharma","7":"product_cat-equinos","8":"product_cat-suplementos-e-vitaminas-2","9":"product_cat-todos-os-produtos","10":"product_tag-botupharma","12":"first","13":"instock","14":"shipping-taxable","15":"purchasable","16":"product-type-simple"},"acf":[],"_links":{"self":[{"href":"https:\/\/vetsul.com\/index.php\/wp-json\/wp\/v2\/product\/16067","targetHints":{"allow":["GET"]}}],"collection":[{"href":"https:\/\/vetsul.com\/index.php\/wp-json\/wp\/v2\/product"}],"about":[{"href":"https:\/\/vetsul.com\/index.php\/wp-json\/wp\/v2\/types\/product"}],"wp:featuredmedia":[{"embeddable":true,"href":"https:\/\/vetsul.com\/index.php\/wp-json\/wp\/v2\/media\/17682"}],"wp:attachment":[{"href":"https:\/\/vetsul.com\/index.php\/wp-json\/wp\/v2\/media?parent=16067"}],"wp:term":[{"taxonomy":"product_brand","embeddable":true,"href":"https:\/\/vetsul.com\/index.php\/wp-json\/wp\/v2\/product_brand?post=16067"},{"taxonomy":"product_cat","embeddable":true,"href":"https:\/\/vetsul.com\/index.php\/wp-json\/wp\/v2\/product_cat?post=16067"},{"taxonomy":"product_tag","embeddable":true,"href":"https:\/\/vetsul.com\/index.php\/wp-json\/wp\/v2\/product_tag?post=16067"}],"curies":[{"name":"wp","href":"https:\/\/api.w.org\/{rel}","templated":true}]}}